{"id":2143,"date":"2025-11-18T08:30:26","date_gmt":"2025-11-18T08:30:26","guid":{"rendered":"https:\/\/www.youmushiguang.com\/?post_type=product&#038;p=2143"},"modified":"2025-11-25T06:49:26","modified_gmt":"2025-11-25T06:49:26","slug":"wholesale-hot-pot-restaurant-tables-and-chairs","status":"publish","type":"product","link":"https:\/\/www.youmushiguang.com\/fr\/product\/wholesale-hot-pot-restaurant-tables-and-chairs\/","title":{"rendered":"Vente en gros de tables et chaises pour restaurants de fondue chinoise de style sud-asiatique"},"content":{"rendered":"<div class=\"wp-block-columns is-layout-flex wp-container-core-columns-is-layout-9d6595d7 wp-block-columns-is-layout-flex\">\n<div class=\"wp-block-column is-layout-flow wp-block-column-is-layout-flow\" style=\"flex-basis:25%\"><\/div>\n\n\n\n<div class=\"wp-block-column is-layout-flow wp-block-column-is-layout-flow\" style=\"flex-basis:50%\">\n<figure class=\"wp-block-image size-full\"><img decoding=\"async\" width=\"750\" height=\"2524\" src=\"https:\/\/www.youmushiguang.com\/wp-content\/uploads\/2025\/11\/1-1.png\" alt=\"\" class=\"wp-image-2157\" srcset=\"https:\/\/www.youmushiguang.com\/wp-content\/uploads\/2025\/11\/1-1.png 750w, https:\/\/www.youmushiguang.com\/wp-content\/uploads\/2025\/11\/1-1-89x300.png 89w, https:\/\/www.youmushiguang.com\/wp-content\/uploads\/2025\/11\/1-1-4x12.png 4w, https:\/\/www.youmushiguang.com\/wp-content\/uploads\/2025\/11\/1-1-600x2019.png 600w\" sizes=\"(max-width: 750px) 100vw, 750px\" \/><\/figure>\n\n\n\n<figure class=\"wp-block-image size-full\"><img decoding=\"async\" width=\"750\" height=\"2407\" src=\"https:\/\/www.youmushiguang.com\/wp-content\/uploads\/2025\/11\/2-3.png\" alt=\"\" class=\"wp-image-2160\" srcset=\"https:\/\/www.youmushiguang.com\/wp-content\/uploads\/2025\/11\/2-3.png 750w, https:\/\/www.youmushiguang.com\/wp-content\/uploads\/2025\/11\/2-3-4x12.png 4w, https:\/\/www.youmushiguang.com\/wp-content\/uploads\/2025\/11\/2-3-600x1926.png 600w\" sizes=\"(max-width: 750px) 100vw, 750px\" \/><\/figure>\n\n\n\n<figure class=\"wp-block-image size-full\"><img decoding=\"async\" width=\"750\" height=\"2520\" src=\"https:\/\/www.youmushiguang.com\/wp-content\/uploads\/2025\/11\/3-4.png\" alt=\"\" class=\"wp-image-2165\" srcset=\"https:\/\/www.youmushiguang.com\/wp-content\/uploads\/2025\/11\/3-4.png 750w, https:\/\/www.youmushiguang.com\/wp-content\/uploads\/2025\/11\/3-4-89x300.png 89w, https:\/\/www.youmushiguang.com\/wp-content\/uploads\/2025\/11\/3-4-4x12.png 4w, https:\/\/www.youmushiguang.com\/wp-content\/uploads\/2025\/11\/3-4-600x2016.png 600w\" sizes=\"(max-width: 750px) 100vw, 750px\" \/><\/figure>\n\n\n\n<figure class=\"wp-block-image size-full\"><img decoding=\"async\" width=\"750\" height=\"1441\" src=\"https:\/\/www.youmushiguang.com\/wp-content\/uploads\/2025\/11\/4-2.png\" alt=\"\" class=\"wp-image-2154\" srcset=\"https:\/\/www.youmushiguang.com\/wp-content\/uploads\/2025\/11\/4-2.png 750w, https:\/\/www.youmushiguang.com\/wp-content\/uploads\/2025\/11\/4-2-156x300.png 156w, https:\/\/www.youmushiguang.com\/wp-content\/uploads\/2025\/11\/4-2-6x12.png 6w, https:\/\/www.youmushiguang.com\/wp-content\/uploads\/2025\/11\/4-2-600x1153.png 600w\" sizes=\"(max-width: 750px) 100vw, 750px\" \/><\/figure>\n<\/div>\n\n\n\n<div class=\"wp-block-column is-layout-flow wp-block-column-is-layout-flow\" style=\"flex-basis:25%\"><\/div>\n<\/div>\n\n\n\n<pre class=\"wp-block-preformatted\"><br><\/pre>\n\n\n\n<p><\/p>","protected":false},"excerpt":{"rendered":"<p>Wholesale hot pot restaurant furniture, hot pot restaurant table and chair sets combine a simple and modern design with a sturdy and durable solid wood structure, making them ideal for commercial projects. Featuring skin-friendly fabric cushions, high-density foam seats, and a robust construction, they provide a lasting and comfortable dining experience for busy restaurants.<\/p>\n<p>We are one of the most professional <a href=\"https:\/\/www.youmushiguang.com\/fr\/product-category\/wholesale-restaurant-furniture\/wholesale-hot-pot-restaurant-furniture\/\" target=\"_blank\" rel=\"noopener\"><strong>hot pot restaurant furniture manufacturers<\/strong><\/a> in Guangdong, China, providing comprehensive OEM and ODM services with a five-year after-sales support. Contact us now!<\/p>\n<h2>Sp\u00e9cifications du mobilier de restaurant pour hot pot<\/h2>\n<table style=\"border-collapse: collapse; width: 501.02pt;\" border=\"0\" width=\"668\" cellspacing=\"0\" cellpadding=\"0\">\n<tbody>\n<tr style=\"height: 13.50pt;\">\n<td class=\"et2\" style=\"height: 13.50pt; width: 107.25pt;\" width=\"143\" height=\"18\">Mod\u00e8le<\/td>\n<td class=\"et3\" style=\"width: 393.75pt;\" width=\"525\">1655<\/td>\n<\/tr>\n<tr style=\"height: 13.50pt;\">\n<td class=\"et2\" style=\"height: 13.50pt; width: 107.25pt;\" width=\"143\" height=\"18\">Cat\u00e9gorie<\/td>\n<td class=\"et3\" style=\"width: 393.75pt;\" width=\"525\">Mobilier pour les restaurants de hot pot<\/td>\n<\/tr>\n<tr style=\"height: 13.50pt;\">\n<td class=\"et2\" style=\"height: 13.50pt; width: 107.25pt;\" width=\"143\" height=\"18\">Nom du produit<\/td>\n<td class=\"et3\" style=\"width: 393.75pt;\" width=\"525\">Tables et chaises pour fondue chinoise<\/td>\n<\/tr>\n<tr style=\"height: 27.00pt;\">\n<td class=\"et2\" style=\"height: 27.00pt; width: 107.25pt;\" width=\"143\" height=\"36\">Options de personnalisation<\/td>\n<td class=\"et3\" style=\"width: 393.75pt;\" width=\"525\">Style\/couleur\/taille\/mati\u00e8re<\/td>\n<\/tr>\n<tr style=\"height: 13.50pt;\">\n<td class=\"et2\" style=\"height: 13.50pt; width: 107.25pt;\" width=\"143\" height=\"18\">Tableau<\/td>\n<td class=\"et3\" style=\"width: 393.75pt;\" width=\"525\">Solid wood veneer tabletop + high-quality hardware legs<\/td>\n<\/tr>\n<tr style=\"height: 27.00pt;\">\n<td class=\"et2\" style=\"height: 27.00pt; width: 107.25pt;\" width=\"143\" height=\"36\">Pr\u00e9sident<\/td>\n<td class=\"et3\" style=\"width: 393.75pt;\" width=\"525\">Cadre en bois massif + cuir nappa \u00e9cologique + mousse r\u00e9siliente de haute densit\u00e9<\/td>\n<\/tr>\n<tr style=\"height: 27.00pt;\">\n<td class=\"et2\" style=\"height: 27.00pt; width: 107.25pt;\" width=\"143\" height=\"36\">Cabine<\/td>\n<td class=\"et3\" style=\"width: 393.75pt;\" width=\"525\">Cadre en bois massif multicouche + cuir Nappa \u00e9cologique + mousse r\u00e9siliente haute densit\u00e9<\/td>\n<\/tr>\n<tr style=\"height: 27.00pt;\">\n<td class=\"et2\" style=\"height: 27.00pt; width: 107.25pt;\" width=\"143\" height=\"36\">Sc\u00e8ne d'application<\/td>\n<td class=\"et3\" style=\"width: 393.75pt;\" width=\"525\">Restaurants \/ restaurants \u00e0 fondue chinoise \/ restaurants barbecue<\/td>\n<\/tr>\n<tr style=\"height: 13.50pt;\">\n<td class=\"et2\" style=\"height: 13.50pt; width: 107.25pt;\" width=\"143\" height=\"18\">Couleur<\/td>\n<td class=\"et3\" style=\"width: 393.75pt;\" width=\"525\">Noyer\/Blanc cass\u00e9 (personnalisable)<\/td>\n<\/tr>\n<tr style=\"height: 13.50pt;\">\n<td class=\"et2\" style=\"height: 13.50pt; width: 107.25pt;\" width=\"143\" height=\"18\">Mat\u00e9riau<\/td>\n<td class=\"et3\" style=\"width: 393.75pt;\" width=\"525\">Bois massif\/contreplaqu\u00e9\/m\u00e9tal\/cuir\/\u00e9ponge<\/td>\n<\/tr>\n<tr style=\"height: 13.50pt;\">\n<td class=\"et2\" style=\"height: 13.50pt; width: 107.25pt;\" width=\"143\" height=\"18\">Style<\/td>\n<td class=\"et3\" style=\"width: 393.75pt;\" width=\"525\">Style de l'Asie du Sud-Est<\/td>\n<\/tr>\n<\/tbody>\n<\/table>\n<p>&nbsp;<\/p>\n<p>&nbsp;<\/p>\n<p>&nbsp;<\/p>\n<p>\n<script src=\"chrome-extension:\/\/fpelahbljekknahkcaegamhcndkfpfnc\/iFrame.js\" type=\"text\/javascript\"><\/script><\/p>","protected":false},"featured_media":2149,"comment_status":"closed","ping_status":"closed","template":"","meta":{"_acf_changed":true},"product_brand":[],"product_cat":[35,24],"product_tag":[],"class_list":{"0":"post-2143","1":"product","2":"type-product","3":"status-publish","4":"has-post-thumbnail","6":"product_cat-wholesale-hot-pot-restaurant-furniture","7":"product_cat-wholesale-restaurant-furniture","9":"first","10":"instock","11":"shipping-taxable","12":"product-type-simple"},"acf":[],"_links":{"self":[{"href":"https:\/\/www.youmushiguang.com\/fr\/wp-json\/wp\/v2\/product\/2143","targetHints":{"allow":["GET"]}}],"collection":[{"href":"https:\/\/www.youmushiguang.com\/fr\/wp-json\/wp\/v2\/product"}],"about":[{"href":"https:\/\/www.youmushiguang.com\/fr\/wp-json\/wp\/v2\/types\/product"}],"replies":[{"embeddable":true,"href":"https:\/\/www.youmushiguang.com\/fr\/wp-json\/wp\/v2\/comments?post=2143"}],"wp:featuredmedia":[{"embeddable":true,"href":"https:\/\/www.youmushiguang.com\/fr\/wp-json\/wp\/v2\/media\/2149"}],"wp:attachment":[{"href":"https:\/\/www.youmushiguang.com\/fr\/wp-json\/wp\/v2\/media?parent=2143"}],"wp:term":[{"taxonomy":"product_brand","embeddable":true,"href":"https:\/\/www.youmushiguang.com\/fr\/wp-json\/wp\/v2\/product_brand?post=2143"},{"taxonomy":"product_cat","embeddable":true,"href":"https:\/\/www.youmushiguang.com\/fr\/wp-json\/wp\/v2\/product_cat?post=2143"},{"taxonomy":"product_tag","embeddable":true,"href":"https:\/\/www.youmushiguang.com\/fr\/wp-json\/wp\/v2\/product_tag?post=2143"}],"curies":[{"name":"wp","href":"https:\/\/api.w.org\/{rel}","templated":true}]}}