{"id":2259,"date":"2025-11-26T12:13:35","date_gmt":"2025-11-26T12:13:35","guid":{"rendered":"https:\/\/www.youmushiguang.com\/?post_type=product&#038;p=2259"},"modified":"2025-11-28T00:56:11","modified_gmt":"2025-11-28T00:56:11","slug":"wholesale-hot-pot-tables-and-chairs-in-retro-style","status":"publish","type":"product","link":"https:\/\/www.youmushiguang.com\/fr\/product\/wholesale-hot-pot-tables-and-chairs-in-retro-style\/","title":{"rendered":"Vente en gros de tables et chaises de style r\u00e9tro pour fondue chinoise"},"content":{"rendered":"<div class=\"wp-block-columns is-layout-flex wp-container-core-columns-is-layout-9d6595d7 wp-block-columns-is-layout-flex\">\n<div class=\"wp-block-column is-layout-flow wp-block-column-is-layout-flow\" style=\"flex-basis:25%\"><\/div>\n\n\n\n<div class=\"wp-block-column is-layout-flow wp-block-column-is-layout-flow\" style=\"flex-basis:50%\">\n<figure class=\"wp-block-image size-full\"><img decoding=\"async\" width=\"750\" height=\"2527\" src=\"https:\/\/www.youmushiguang.com\/wp-content\/uploads\/2025\/11\/1-6.png\" alt=\"\" class=\"wp-image-2272\" srcset=\"https:\/\/www.youmushiguang.com\/wp-content\/uploads\/2025\/11\/1-6.png 750w, https:\/\/www.youmushiguang.com\/wp-content\/uploads\/2025\/11\/1-6-89x300.png 89w, https:\/\/www.youmushiguang.com\/wp-content\/uploads\/2025\/11\/1-6-4x12.png 4w, https:\/\/www.youmushiguang.com\/wp-content\/uploads\/2025\/11\/1-6-600x2022.png 600w\" sizes=\"(max-width: 750px) 100vw, 750px\" \/><\/figure>\n\n\n\n<figure class=\"wp-block-image size-full\"><img decoding=\"async\" width=\"750\" height=\"2408\" src=\"https:\/\/www.youmushiguang.com\/wp-content\/uploads\/2025\/11\/2-7.png\" alt=\"\" class=\"wp-image-2273\" srcset=\"https:\/\/www.youmushiguang.com\/wp-content\/uploads\/2025\/11\/2-7.png 750w, https:\/\/www.youmushiguang.com\/wp-content\/uploads\/2025\/11\/2-7-93x300.png 93w, https:\/\/www.youmushiguang.com\/wp-content\/uploads\/2025\/11\/2-7-4x12.png 4w, https:\/\/www.youmushiguang.com\/wp-content\/uploads\/2025\/11\/2-7-600x1926.png 600w\" sizes=\"(max-width: 750px) 100vw, 750px\" \/><\/figure>\n\n\n\n<figure class=\"wp-block-image size-full\"><img decoding=\"async\" width=\"750\" height=\"2525\" src=\"https:\/\/www.youmushiguang.com\/wp-content\/uploads\/2025\/11\/3-8.png\" alt=\"\" class=\"wp-image-2274\" srcset=\"https:\/\/www.youmushiguang.com\/wp-content\/uploads\/2025\/11\/3-8.png 750w, https:\/\/www.youmushiguang.com\/wp-content\/uploads\/2025\/11\/3-8-89x300.png 89w, https:\/\/www.youmushiguang.com\/wp-content\/uploads\/2025\/11\/3-8-4x12.png 4w, https:\/\/www.youmushiguang.com\/wp-content\/uploads\/2025\/11\/3-8-600x2020.png 600w\" sizes=\"(max-width: 750px) 100vw, 750px\" \/><\/figure>\n\n\n\n<figure class=\"wp-block-image size-full\"><img decoding=\"async\" width=\"750\" height=\"1775\" src=\"https:\/\/www.youmushiguang.com\/wp-content\/uploads\/2025\/11\/4-7.png\" alt=\"\" class=\"wp-image-2275\" srcset=\"https:\/\/www.youmushiguang.com\/wp-content\/uploads\/2025\/11\/4-7.png 750w, https:\/\/www.youmushiguang.com\/wp-content\/uploads\/2025\/11\/4-7-127x300.png 127w, https:\/\/www.youmushiguang.com\/wp-content\/uploads\/2025\/11\/4-7-5x12.png 5w, https:\/\/www.youmushiguang.com\/wp-content\/uploads\/2025\/11\/4-7-600x1420.png 600w\" sizes=\"(max-width: 750px) 100vw, 750px\" \/><\/figure>\n<\/div>\n\n\n\n<div class=\"wp-block-column is-layout-flow wp-block-column-is-layout-flow\" style=\"flex-basis:25%\"><\/div>\n<\/div>\n\n\n\n<p><\/p>","protected":false},"excerpt":{"rendered":"<div id=\"tw-container\" class=\"nev7se\" data-cp=\"1\" data-nnttsvi=\"1\" data-sletp=\"false\" data-sm=\"1\" data-ssbp=\"false\" data-sugg-time=\"500\" data-sugg-url=\"https:\/\/clients1.google.com\/complete\/search\" data-uilc=\"zh-CN\" data-vil=\",af,af-ZA,am,am-ET,ar-EG,ar-AE,ar-KW,ar-QA,ar,ar-IL,ar-JO,ar-LB,ar-PS,az,az-AZ,bg,bg-BG,bn,bn-BD,bn-IN,ca,ca-es,cs,cs-CZ,de,de-DE,de-CH,de-AT,de-LI,en,en-US,en-CA,en-AU,en-NZ,en-GB,en-IN,en-KE,en-TZ,en-NG,en-GH,en-PH,en-ZA,es,es-ES,es-AR,es-UY,es-419,es-BO,es-CL,es-CR,es-CO,es-DO,es-EC,es-GT,es-HN,es-NI,es-PA,es-PE,es-PR,es-PY,es-SV,es-VE,es-MX,es-US,eu,eu-ES,fi,fi-FI,fr,fr-FR,fr-CH,fr-BE,gl,gl-ES,gu,gu-IN,he,he-IL,iw,iw-IL,hu,hu-HU,hy,hy-AM,id,id-ID,is,is-IS,it,it-IT,it-CH,ja,ja-JP,jv,jv-ID,ka,ka-GE,km,km-KH,kn,kn-IN,ko,ko-KR,la,lo,lo-LA,lv,lv-LV,ml,ml-IN,mr,mr-IN,ms,ms-MY,nl,nl-NL,nb,nb-NO,ne,ne-NP,pl,pl-PL,pt,pt-BR,pt-PT,ro,ro-RO,ru,ru-RU,si-LK,sk,sk-SK,sr,sr-RS,su,su-ID,sv,sv-SE,sw,sw-TZ,sw-KE,ta,ta-IN,ta-SG,ta-LK,ta-MY,te,te-IN,tr,tr-TR,ur,ur-PK,ur-IN,yue,yue-HK,yue-Hant-HK,zh-HK,zh,zh-CN,zh-cmn,zh-cmn-CN,zh-Hans,zh-Hans-CN,zh-cmn-Hans,zh-cmn-Hans-CN,cmn-CN,cmn-Hans,cmn-Hans-CN,zh-TW,zh-Hant-TW,cmn-TW,cmn-Hant-TW,zh-cmn-TW,zh-cmn-Hant-TW,zu,zu-ZA,hi,hi-IN,tl,tl-PH,pa,pa-IN\">\n<div id=\"tw-ob\" class=\"tw-src-ltr\">\n<div class=\"oSioSc\">\n<div id=\"tw-target\">\n<div id=\"kAz1tf\" class=\"g9WsWb PZPZlf\" data-attrid=\"tw-targetArea\" data-entityname=\"Google Translate\">\n<div id=\"tw-target-text-container\" class=\"tw-ta-container tw-nfl\" role=\"text\">\n<p id=\"tw-target-text\" class=\"tw-data-text tw-text-large tw-ta\" dir=\"ltr\" role=\"text\" data-placeholder=\"\u7ffb\u8bd1\" data-ved=\"2ahUKEwic3pDMtI-RAxVpOTQIHSodKGAQ3ewLegQIDBAV\" aria-label=\"Nous vendons en gros du mobilier pour restaurants sp\u00e9cialis\u00e9s dans les fondues chinoises. Nos tables sont \u00e9quip\u00e9es de plaques \u00e0 induction int\u00e9gr\u00e9es afin de r\u00e9pondre aux divers besoins de nos clients, ce qui en fait un choix id\u00e9al pour les restaurants sp\u00e9cialis\u00e9s dans les fondues chinoises. Nos banquettes et chaises sont dot\u00e9es d&#039;une structure en bois robuste, garantissant leur durabilit\u00e9 et leur forte capacit\u00e9 de charge. La personnalisation des mat\u00e9riaux et des dimensions est disponible pour toutes les tables et chaises.\"><span class=\"Y2IQFc\" lang=\"en\">Nous <a href=\"https:\/\/www.youmushiguang.com\/fr\/product-category\/wholesale-restaurant-furniture\/wholesale-hot-pot-restaurant-furniture\/\" target=\"_blank\" rel=\"noopener\"><strong>meubles de restaurant pour hot pot en gros<\/strong><\/a>. Nos tables de restaurant sont \u00e9quip\u00e9es de plaques \u00e0 induction int\u00e9gr\u00e9es afin de r\u00e9pondre aux divers besoins de nos clients, ce qui en fait un choix id\u00e9al pour les restaurants proposant des fondues chinoises. Nos banquettes et chaises sont dot\u00e9es d'une structure en bois robuste, garantissant leur durabilit\u00e9 et leur capacit\u00e9 de charge \u00e9lev\u00e9e. Tous nos mod\u00e8les de tables et chaises peuvent \u00eatre personnalis\u00e9s en termes de mat\u00e9riaux et de dimensions.<\/span><\/p>\n<\/div>\n<\/div>\n<\/div>\n<\/div>\n<\/div>\n<\/div>\n<h2>Sp\u00e9cifications du mobilier des restaurants Hot Pot<\/h2>\n<table width=\"668\">\n<tbody>\n<tr>\n<td width=\"143\">Mod\u00e8le<\/td>\n<td width=\"525\">1664<\/td>\n<\/tr>\n<tr>\n<td width=\"143\">Cat\u00e9gorie<\/td>\n<td width=\"525\">mobilier pour restaurants \u00e0 fondue chinoise<\/td>\n<\/tr>\n<tr>\n<td width=\"143\">Nom du produit<\/td>\n<td width=\"525\">Tables et chaises pour fondue chinoise<\/td>\n<\/tr>\n<tr>\n<td width=\"143\">Options de personnalisation<\/td>\n<td width=\"525\">Style\/couleur\/taille\/mati\u00e8re<\/td>\n<\/tr>\n<tr>\n<td width=\"143\">Tableau<\/td>\n<td width=\"525\">Bois + pierre fritt\u00e9e<\/td>\n<\/tr>\n<tr>\n<td width=\"143\">Pr\u00e9sident<\/td>\n<td width=\"525\">Cadre en bois massif\u00a0<\/td>\n<\/tr>\n<tr>\n<td width=\"143\">Cabine<\/td>\n<td width=\"525\">Cadre en bois massif multicouche + cuir Nappa \u00e9cologique + mousse r\u00e9siliente haute densit\u00e9<\/td>\n<\/tr>\n<tr>\n<td width=\"143\">Sc\u00e8ne d'application<\/td>\n<td width=\"525\">Restaurants \/ restaurants \u00e0 fondue chinoise \/ restaurants barbecue<\/td>\n<\/tr>\n<tr>\n<td width=\"143\">Couleur<\/td>\n<td width=\"525\">Noyer\/Blanc cass\u00e9 (personnalisable)<\/td>\n<\/tr>\n<tr>\n<td width=\"143\">Mat\u00e9riau<\/td>\n<td width=\"525\">Bois massif\/contreplaqu\u00e9\/m\u00e9tal\/cuir<\/td>\n<\/tr>\n<tr>\n<td width=\"143\">Style<\/td>\n<td width=\"525\">style r\u00e9tro<\/td>\n<\/tr>\n<\/tbody>\n<\/table>\n<p>&nbsp;<\/p>\n<p>&nbsp;<\/p>\n<p>\n<script src=\"chrome-extension:\/\/fpelahbljekknahkcaegamhcndkfpfnc\/iFrame.js\" type=\"text\/javascript\"><\/script><\/p>","protected":false},"featured_media":2260,"comment_status":"closed","ping_status":"closed","template":"","meta":{"_acf_changed":false},"product_brand":[],"product_cat":[24,35],"product_tag":[],"class_list":{"0":"post-2259","1":"product","2":"type-product","3":"status-publish","4":"has-post-thumbnail","6":"product_cat-wholesale-restaurant-furniture","7":"product_cat-wholesale-hot-pot-restaurant-furniture","9":"first","10":"instock","11":"shipping-taxable","12":"product-type-simple"},"acf":[],"_links":{"self":[{"href":"https:\/\/www.youmushiguang.com\/fr\/wp-json\/wp\/v2\/product\/2259","targetHints":{"allow":["GET"]}}],"collection":[{"href":"https:\/\/www.youmushiguang.com\/fr\/wp-json\/wp\/v2\/product"}],"about":[{"href":"https:\/\/www.youmushiguang.com\/fr\/wp-json\/wp\/v2\/types\/product"}],"replies":[{"embeddable":true,"href":"https:\/\/www.youmushiguang.com\/fr\/wp-json\/wp\/v2\/comments?post=2259"}],"wp:featuredmedia":[{"embeddable":true,"href":"https:\/\/www.youmushiguang.com\/fr\/wp-json\/wp\/v2\/media\/2260"}],"wp:attachment":[{"href":"https:\/\/www.youmushiguang.com\/fr\/wp-json\/wp\/v2\/media?parent=2259"}],"wp:term":[{"taxonomy":"product_brand","embeddable":true,"href":"https:\/\/www.youmushiguang.com\/fr\/wp-json\/wp\/v2\/product_brand?post=2259"},{"taxonomy":"product_cat","embeddable":true,"href":"https:\/\/www.youmushiguang.com\/fr\/wp-json\/wp\/v2\/product_cat?post=2259"},{"taxonomy":"product_tag","embeddable":true,"href":"https:\/\/www.youmushiguang.com\/fr\/wp-json\/wp\/v2\/product_tag?post=2259"}],"curies":[{"name":"wp","href":"https:\/\/api.w.org\/{rel}","templated":true}]}}