{"id":2583,"date":"2025-12-05T13:35:24","date_gmt":"2025-12-05T13:35:24","guid":{"rendered":"https:\/\/www.youmushiguang.com\/?post_type=product&#038;p=2583"},"modified":"2026-01-23T06:13:00","modified_gmt":"2026-01-23T06:13:00","slug":"bulk-themed-restaurant-furniture","status":"publish","type":"product","link":"https:\/\/www.youmushiguang.com\/fr\/product\/bulk-themed-restaurant-furniture\/","title":{"rendered":"Wholesale Themed Restaurant Furniture &#8211; Eye-Catching and Durable Table and Creative Webbing Chair Sets"},"content":{"rendered":"<div class=\"wp-block-columns is-layout-flex wp-container-core-columns-is-layout-9d6595d7 wp-block-columns-is-layout-flex\">\n<div class=\"wp-block-column is-layout-flow wp-block-column-is-layout-flow\" style=\"flex-basis:25%\"><\/div>\n\n\n\n<div class=\"wp-block-column is-layout-flow wp-block-column-is-layout-flow\" style=\"flex-basis:50%\">\n<figure class=\"wp-block-image size-full\"><img decoding=\"async\" width=\"750\" height=\"2437\" src=\"https:\/\/www.youmushiguang.com\/wp-content\/uploads\/2025\/12\/1-5-1.webp\" alt=\"\" class=\"wp-image-4757\" srcset=\"https:\/\/www.youmushiguang.com\/wp-content\/uploads\/2025\/12\/1-5-1.webp 750w, https:\/\/www.youmushiguang.com\/wp-content\/uploads\/2025\/12\/1-5-1-92x300.webp 92w, https:\/\/www.youmushiguang.com\/wp-content\/uploads\/2025\/12\/1-5-1-4x12.webp 4w, https:\/\/www.youmushiguang.com\/wp-content\/uploads\/2025\/12\/1-5-1-600x1950.webp 600w\" sizes=\"(max-width: 750px) 100vw, 750px\" \/><\/figure>\n\n\n\n<figure class=\"wp-block-image size-full\"><img decoding=\"async\" width=\"750\" height=\"2414\" src=\"https:\/\/www.youmushiguang.com\/wp-content\/uploads\/2025\/12\/2-6-1.webp\" alt=\"\" class=\"wp-image-4758\" srcset=\"https:\/\/www.youmushiguang.com\/wp-content\/uploads\/2025\/12\/2-6-1.webp 750w, https:\/\/www.youmushiguang.com\/wp-content\/uploads\/2025\/12\/2-6-1-93x300.webp 93w, https:\/\/www.youmushiguang.com\/wp-content\/uploads\/2025\/12\/2-6-1-4x12.webp 4w, https:\/\/www.youmushiguang.com\/wp-content\/uploads\/2025\/12\/2-6-1-600x1931.webp 600w\" sizes=\"(max-width: 750px) 100vw, 750px\" \/><\/figure>\n\n\n\n<figure class=\"wp-block-image size-full\"><img decoding=\"async\" width=\"750\" height=\"2583\" src=\"https:\/\/www.youmushiguang.com\/wp-content\/uploads\/2025\/12\/3-6-1.webp\" alt=\"\" class=\"wp-image-4759\" srcset=\"https:\/\/www.youmushiguang.com\/wp-content\/uploads\/2025\/12\/3-6-1.webp 750w, https:\/\/www.youmushiguang.com\/wp-content\/uploads\/2025\/12\/3-6-1-87x300.webp 87w, https:\/\/www.youmushiguang.com\/wp-content\/uploads\/2025\/12\/3-6-1-600x2066.webp 600w\" sizes=\"(max-width: 750px) 100vw, 750px\" \/><\/figure>\n\n\n\n<figure class=\"wp-block-image size-full\"><img decoding=\"async\" width=\"750\" height=\"2428\" src=\"https:\/\/www.youmushiguang.com\/wp-content\/uploads\/2025\/12\/4-6-1.webp\" alt=\"\" class=\"wp-image-4760\" srcset=\"https:\/\/www.youmushiguang.com\/wp-content\/uploads\/2025\/12\/4-6-1.webp 750w, https:\/\/www.youmushiguang.com\/wp-content\/uploads\/2025\/12\/4-6-1-93x300.webp 93w, https:\/\/www.youmushiguang.com\/wp-content\/uploads\/2025\/12\/4-6-1-4x12.webp 4w, https:\/\/www.youmushiguang.com\/wp-content\/uploads\/2025\/12\/4-6-1-600x1942.webp 600w\" sizes=\"(max-width: 750px) 100vw, 750px\" \/><\/figure>\n<\/div>\n\n\n\n<div class=\"wp-block-column is-layout-flow wp-block-column-is-layout-flow\" style=\"flex-basis:25%\"><\/div>\n<\/div>\n\n\n\n<p><\/p>","protected":false},"excerpt":{"rendered":"<div id=\"tw-container\" class=\"nev7se\" data-cp=\"1\" data-nnttsvi=\"1\" data-sletp=\"false\" data-sm=\"1\" data-ssbp=\"false\" data-sugg-time=\"500\" data-sugg-url=\"https:\/\/clients1.google.com\/complete\/search\" data-uilc=\"zh-CN\" data-vil=\",af,af-ZA,am,am-ET,ar-EG,ar-AE,ar-KW,ar-QA,ar,ar-IL,ar-JO,ar-LB,ar-PS,az,az-AZ,bg,bg-BG,bn,bn-BD,bn-IN,ca,ca-es,cs,cs-CZ,de,de-DE,de-CH,de-AT,de-LI,en,en-US,en-CA,en-AU,en-NZ,en-GB,en-IN,en-KE,en-TZ,en-NG,en-GH,en-PH,en-ZA,es,es-ES,es-AR,es-UY,es-419,es-BO,es-CL,es-CR,es-CO,es-DO,es-EC,es-GT,es-HN,es-NI,es-PA,es-PE,es-PR,es-PY,es-SV,es-VE,es-MX,es-US,eu,eu-ES,fi,fi-FI,fr,fr-FR,fr-CH,fr-BE,gl,gl-ES,gu,gu-IN,he,he-IL,iw,iw-IL,hu,hu-HU,hy,hy-AM,id,id-ID,is,is-IS,it,it-IT,it-CH,ja,ja-JP,jv,jv-ID,ka,ka-GE,km,km-KH,kn,kn-IN,ko,ko-KR,la,lo,lo-LA,lv,lv-LV,ml,ml-IN,mr,mr-IN,ms,ms-MY,nl,nl-NL,nb,nb-NO,ne,ne-NP,pl,pl-PL,pt,pt-BR,pt-PT,ro,ro-RO,ru,ru-RU,si-LK,sk,sk-SK,sr,sr-RS,su,su-ID,sv,sv-SE,sw,sw-TZ,sw-KE,ta,ta-IN,ta-SG,ta-LK,ta-MY,te,te-IN,tr,tr-TR,ur,ur-PK,ur-IN,yue,yue-HK,yue-Hant-HK,zh-HK,zh,zh-CN,zh-cmn,zh-cmn-CN,zh-Hans,zh-Hans-CN,zh-cmn-Hans,zh-cmn-Hans-CN,cmn-CN,cmn-Hans,cmn-Hans-CN,zh-TW,zh-Hant-TW,cmn-TW,cmn-Hant-TW,zh-cmn-TW,zh-cmn-Hant-TW,zu,zu-ZA,hi,hi-IN,tl,tl-PH,pa,pa-IN\">\n<div id=\"tw-ob\" class=\"tw-src-ltr\">\n<div class=\"oSioSc\">\n<div id=\"tw-target\">\n<div id=\"kAz1tf\" class=\"g9WsWb PZPZlf\" data-attrid=\"tw-targetArea\" data-entityname=\"Google Translate\">\n<div id=\"tw-target-text-container\" class=\"tw-ta-container tw-nfl\" role=\"text\">\n<div class=\"tw-ta-container tw-nfl\" role=\"text\">\n<p>Wholesale themed restaurant furniture suitable for commercial spaces. This series of restaurant furniture selects veneered sintered stone tabletops and warm solid wood cores, and through subtle webbing chair design, breaks the monotony of traditional commercial themed restaurant furniture. Bulk orders are welcome. Contact us now!<\/p>\n<\/div>\n<\/div>\n<\/div>\n<\/div>\n<\/div>\n<\/div>\n<\/div>\n<h2>Specifications of Themed Restaurant Furniture<span style=\"font-size: 16px;\">\u00a0 \u00a0<br \/><\/span><\/h2>\n<table width=\"668\">\n<tbody>\n<tr>\n<td width=\"143\">Mod\u00e8le<\/td>\n<td width=\"525\">1570<\/td>\n<\/tr>\n<tr>\n<td width=\"143\">Cat\u00e9gorie<\/td>\n<td width=\"525\">Restaurant\u00a0 Furniture<\/td>\n<\/tr>\n<tr>\n<td width=\"143\">Nom du produit<\/td>\n<td width=\"525\">\u00a0Tables et chaises de restaurant<\/td>\n<\/tr>\n<tr>\n<td width=\"143\">Options de personnalisation<\/td>\n<td width=\"525\">Style\/couleur\/taille\/mati\u00e8re<\/td>\n<\/tr>\n<tr>\n<td width=\"143\">Tableau<\/td>\n<td width=\"525\">Solid wood veneered sintered stone tabletop+ High-Quality Metal Frame<\/td>\n<\/tr>\n<tr>\n<td width=\"143\">Pr\u00e9sident<\/td>\n<td width=\"525\">Solid Wood Frame + Saddle leather<\/td>\n<\/tr>\n<tr>\n<td width=\"143\">Cabine<\/td>\n<td width=\"525\">Cadre en bois massif multicouche + cuir Nappa \u00e9cologique + mousse r\u00e9siliente haute densit\u00e9<\/td>\n<\/tr>\n<tr>\n<td width=\"143\">Sc\u00e8ne d'application<\/td>\n<td width=\"525\">Restaurant de th\u00e9 \/ Restaurant occidental \/ Restaurant<\/td>\n<\/tr>\n<tr>\n<td width=\"143\">Couleur<\/td>\n<td width=\"525\">Noyer\/Blanc cass\u00e9 (personnalisable)<\/td>\n<\/tr>\n<tr>\n<td width=\"143\">Mat\u00e9riau<\/td>\n<td width=\"525\">Bois massif\/contreplaqu\u00e9\/m\u00e9tal\/cuir\/\u00e9ponge<\/td>\n<\/tr>\n<tr>\n<td width=\"143\">Style<\/td>\n<td width=\"525\">retro<\/td>\n<\/tr>\n<\/tbody>\n<\/table>\n<p>\n<script src=\"chrome-extension:\/\/fpelahbljekknahkcaegamhcndkfpfnc\/iFrame.js\" type=\"text\/javascript\"><\/script><\/p>","protected":false},"featured_media":2566,"comment_status":"closed","ping_status":"closed","template":"","meta":{"_acf_changed":true},"product_brand":[],"product_cat":[24,39,46],"product_tag":[],"class_list":{"0":"post-2583","1":"product","2":"type-product","3":"status-publish","4":"has-post-thumbnail","6":"product_cat-wholesale-restaurant-furniture","7":"product_cat-wholesale-western-restaurant-furniture","8":"product_cat-modern-restaurant-furniture","10":"first","11":"instock","12":"shipping-taxable","13":"product-type-simple"},"acf":[],"_links":{"self":[{"href":"https:\/\/www.youmushiguang.com\/fr\/wp-json\/wp\/v2\/product\/2583","targetHints":{"allow":["GET"]}}],"collection":[{"href":"https:\/\/www.youmushiguang.com\/fr\/wp-json\/wp\/v2\/product"}],"about":[{"href":"https:\/\/www.youmushiguang.com\/fr\/wp-json\/wp\/v2\/types\/product"}],"replies":[{"embeddable":true,"href":"https:\/\/www.youmushiguang.com\/fr\/wp-json\/wp\/v2\/comments?post=2583"}],"wp:featuredmedia":[{"embeddable":true,"href":"https:\/\/www.youmushiguang.com\/fr\/wp-json\/wp\/v2\/media\/2566"}],"wp:attachment":[{"href":"https:\/\/www.youmushiguang.com\/fr\/wp-json\/wp\/v2\/media?parent=2583"}],"wp:term":[{"taxonomy":"product_brand","embeddable":true,"href":"https:\/\/www.youmushiguang.com\/fr\/wp-json\/wp\/v2\/product_brand?post=2583"},{"taxonomy":"product_cat","embeddable":true,"href":"https:\/\/www.youmushiguang.com\/fr\/wp-json\/wp\/v2\/product_cat?post=2583"},{"taxonomy":"product_tag","embeddable":true,"href":"https:\/\/www.youmushiguang.com\/fr\/wp-json\/wp\/v2\/product_tag?post=2583"}],"curies":[{"name":"wp","href":"https:\/\/api.w.org\/{rel}","templated":true}]}}