{"id":3164,"date":"2026-01-26T15:20:52","date_gmt":"2026-01-26T15:20:52","guid":{"rendered":"https:\/\/www.youmushiguang.com\/?post_type=product&#038;p=3164"},"modified":"2026-01-26T15:21:13","modified_gmt":"2026-01-26T15:21:13","slug":"bulk-hot-pot-restaurant-furniture-supply-2","status":"publish","type":"product","link":"https:\/\/www.youmushiguang.com\/fr\/product\/bulk-hot-pot-restaurant-furniture-supply-2\/","title":{"rendered":"Meubles de restaurant pour hot pot en gros Style asiatique du sud-est - Fabricant de meubles de restaurant"},"content":{"rendered":"<div class=\"wp-block-columns is-layout-flex wp-container-core-columns-is-layout-9d6595d7 wp-block-columns-is-layout-flex\">\n<div class=\"wp-block-column is-layout-flow wp-block-column-is-layout-flow\" style=\"flex-basis:25%\"><\/div>\n\n\n\n<div class=\"wp-block-column is-layout-flow wp-block-column-is-layout-flow\" style=\"flex-basis:50%\">\n<figure class=\"wp-block-image size-full\"><img decoding=\"async\" width=\"750\" height=\"2496\" src=\"https:\/\/www.youmushiguang.com\/wp-content\/uploads\/2025\/12\/1652-1-1_1-2.webp\" alt=\"\" class=\"wp-image-3170\" srcset=\"https:\/\/www.youmushiguang.com\/wp-content\/uploads\/2025\/12\/1652-1-1_1-2.webp 750w, https:\/\/www.youmushiguang.com\/wp-content\/uploads\/2025\/12\/1652-1-1_1-2-90x300.webp 90w, https:\/\/www.youmushiguang.com\/wp-content\/uploads\/2025\/12\/1652-1-1_1-2-4x12.webp 4w, https:\/\/www.youmushiguang.com\/wp-content\/uploads\/2025\/12\/1652-1-1_1-2-600x1997.webp 600w\" sizes=\"(max-width: 750px) 100vw, 750px\" \/><\/figure>\n\n\n\n<figure class=\"wp-block-image size-full\"><img decoding=\"async\" width=\"750\" height=\"2780\" src=\"https:\/\/www.youmushiguang.com\/wp-content\/uploads\/2025\/12\/1652-1-1-1.webp\" alt=\"\" class=\"wp-image-3171\" srcset=\"https:\/\/www.youmushiguang.com\/wp-content\/uploads\/2025\/12\/1652-1-1-1.webp 750w, https:\/\/www.youmushiguang.com\/wp-content\/uploads\/2025\/12\/1652-1-1-1-81x300.webp 81w, https:\/\/www.youmushiguang.com\/wp-content\/uploads\/2025\/12\/1652-1-1-1-3x12.webp 3w, https:\/\/www.youmushiguang.com\/wp-content\/uploads\/2025\/12\/1652-1-1-1-600x2224.webp 600w\" sizes=\"(max-width: 750px) 100vw, 750px\" \/><\/figure>\n\n\n\n<figure class=\"wp-block-image size-full\"><img decoding=\"async\" width=\"750\" height=\"1384\" src=\"https:\/\/www.youmushiguang.com\/wp-content\/uploads\/2025\/12\/1652-1-2-2.webp\" alt=\"\" class=\"wp-image-3173\" srcset=\"https:\/\/www.youmushiguang.com\/wp-content\/uploads\/2025\/12\/1652-1-2-2.webp 750w, https:\/\/www.youmushiguang.com\/wp-content\/uploads\/2025\/12\/1652-1-2-2-163x300.webp 163w, https:\/\/www.youmushiguang.com\/wp-content\/uploads\/2025\/12\/1652-1-2-2-7x12.webp 7w, https:\/\/www.youmushiguang.com\/wp-content\/uploads\/2025\/12\/1652-1-2-2-600x1107.webp 600w\" sizes=\"(max-width: 750px) 100vw, 750px\" \/><\/figure>\n\n\n\n<figure class=\"wp-block-image size-full\"><img decoding=\"async\" width=\"750\" height=\"1732\" src=\"https:\/\/www.youmushiguang.com\/wp-content\/uploads\/2025\/12\/1652-1-3-1.webp\" alt=\"\" class=\"wp-image-3172\" srcset=\"https:\/\/www.youmushiguang.com\/wp-content\/uploads\/2025\/12\/1652-1-3-1.webp 750w, https:\/\/www.youmushiguang.com\/wp-content\/uploads\/2025\/12\/1652-1-3-1-130x300.webp 130w, https:\/\/www.youmushiguang.com\/wp-content\/uploads\/2025\/12\/1652-1-3-1-5x12.webp 5w, https:\/\/www.youmushiguang.com\/wp-content\/uploads\/2025\/12\/1652-1-3-1-600x1386.webp 600w\" sizes=\"(max-width: 750px) 100vw, 750px\" \/><\/figure>\n<\/div>\n\n\n\n<div class=\"wp-block-column is-layout-flow wp-block-column-is-layout-flow\" style=\"flex-basis:25%\"><\/div>\n<\/div>\n\n\n\n<p><\/p>","protected":false},"excerpt":{"rendered":"<p>Am\u00e9liorez votre restaurant avec notre ensemble de meubles pour hot pot de premi\u00e8re qualit\u00e9. En tant que professionnel <a href=\"https:\/\/www.youmushiguang.com\/fr\/product-category\/wholesale-restaurant-furniture\/\" target=\"_blank\" rel=\"noopener\"><strong>fabricant de restaurants de marmites chaudes<\/strong><\/a>, Nous offrons des prix tr\u00e8s comp\u00e9titifs en direct de l'usine, des options de personnalisation flexibles et un approvisionnement stable en vrac pour soutenir les grands projets et les expansions de franchises. Contactez-nous d\u00e8s aujourd'hui pour obtenir un devis.<\/p>\n<h2>Sp\u00e9cifications du mobilier de restaurant pour hot pot<\/h2>\n<table style=\"border-collapse: collapse; width: 555.02pt;\" border=\"0\" width=\"740\" cellspacing=\"0\" cellpadding=\"0\">\n<tbody>\n<tr style=\"height: 13.50pt;\">\n<td class=\"et2\" style=\"height: 13.50pt; width: 132.75pt;\" width=\"177\" height=\"18\">Objet<\/td>\n<td class=\"et2\" style=\"width: 422.25pt;\" width=\"563\">D\u00e9tails<\/td>\n<\/tr>\n<tr style=\"height: 13.50pt;\">\n<td class=\"et2\" style=\"height: 13.50pt; width: 132.75pt;\" width=\"177\" height=\"18\">Mod\u00e8le<\/td>\n<td class=\"et3\" style=\"width: 422.25pt;\" width=\"563\">1653<\/td>\n<\/tr>\n<tr style=\"height: 13.50pt;\">\n<td class=\"et2\" style=\"height: 13.50pt; width: 132.75pt;\" width=\"177\" height=\"18\">Cat\u00e9gorie<\/td>\n<td class=\"et3\" style=\"width: 422.25pt;\" width=\"563\">Mobilier pour les restaurants de hot pot<\/td>\n<\/tr>\n<tr style=\"height: 13.50pt;\">\n<td class=\"et2\" style=\"height: 13.50pt; width: 132.75pt;\" width=\"177\" height=\"18\">Nom du produit<\/td>\n<td class=\"et3\" style=\"width: 422.25pt;\" width=\"563\">Tables et chaises pour fondue chinoise<\/td>\n<\/tr>\n<tr style=\"height: 27.00pt;\">\n<td class=\"et2\" style=\"height: 27.00pt; width: 132.75pt;\" width=\"177\" height=\"36\">Options de personnalisation<\/td>\n<td class=\"et3\" style=\"width: 422.25pt;\" width=\"563\">Style \/ Couleur \/ Taille \/ Mati\u00e8re<\/td>\n<\/tr>\n<tr style=\"height: 13.50pt;\">\n<td class=\"et2\" style=\"height: 13.50pt; width: 132.75pt;\" width=\"177\" height=\"18\">Tableau<\/td>\n<td class=\"et3\" style=\"width: 422.25pt;\" width=\"563\">\n<p id=\"tw-target-text\" class=\"tw-data-text tw-text-large tw-ta\" dir=\"ltr\" role=\"text\" data-placeholder=\"\u7ffb\u8bd1\" data-ved=\"2ahUKEwigrKS076-RAxXyFjQIHaQVC4oQ3ewLegQIDBAW\" aria-label=\"\u8bd1\u6587\uff1aTable en bois massif avec placage en pierre + pieds de table en m\u00e9tal de haute qualit\u00e9\"><span class=\"Y2IQFc\" lang=\"en\">Plateau en bois massif avec placage en pierre + pieds de table en m\u00e9tal de haute qualit\u00e9<\/span><\/p>\n<\/td>\n<\/tr>\n<tr style=\"height: 27.00pt;\">\n<td class=\"et2\" style=\"height: 27.00pt; width: 132.75pt;\" width=\"177\" height=\"36\">Pr\u00e9sident<\/td>\n<td class=\"et3\" style=\"width: 422.25pt;\" width=\"563\">Cadre en bois massif + cuir nappa \u00e9cologique + mousse r\u00e9siliente de haute densit\u00e9<\/td>\n<\/tr>\n<tr style=\"height: 27.00pt;\">\n<td class=\"et2\" style=\"height: 27.00pt; width: 132.75pt;\" width=\"177\" height=\"36\">Cabine<\/td>\n<td class=\"et3\" style=\"width: 422.25pt;\" width=\"563\">Cadre en bois massif multicouche + cuir Nappa \u00e9cologique + mousse r\u00e9siliente haute densit\u00e9<\/td>\n<\/tr>\n<tr style=\"height: 13.50pt;\">\n<td class=\"et2\" style=\"height: 13.50pt; width: 132.75pt;\" width=\"177\" height=\"18\">Application<\/td>\n<td class=\"et3\" style=\"width: 422.25pt;\" width=\"563\">Restaurants \/ Restaurants hot pot \/ Restaurants barbecue<\/td>\n<\/tr>\n<tr style=\"height: 13.50pt;\">\n<td class=\"et2\" style=\"height: 13.50pt; width: 132.75pt;\" width=\"177\" height=\"18\">Sc\u00e8ne<\/td>\n<td class=\"et3\" style=\"width: 422.25pt;\" width=\"563\">Restaurants \/ Restaurants hot pot \/ Restaurants barbecue<\/td>\n<\/tr>\n<tr style=\"height: 13.50pt;\">\n<td class=\"et2\" style=\"height: 13.50pt; width: 132.75pt;\" width=\"177\" height=\"18\">Couleur<\/td>\n<td class=\"et3\" style=\"width: 422.25pt;\" width=\"563\">Noyer \/ Blanc cass\u00e9 (personnalisable)<\/td>\n<\/tr>\n<tr style=\"height: 13.50pt;\">\n<td class=\"et2\" style=\"height: 13.50pt; width: 132.75pt;\" width=\"177\" height=\"18\">Mat\u00e9riau<\/td>\n<td class=\"et3\" style=\"width: 422.25pt;\" width=\"563\">Bois massif \/ Contreplaqu\u00e9 \/ M\u00e9tal \/ Cuir \/ \u00c9ponge<\/td>\n<\/tr>\n<tr style=\"height: 13.50pt;\">\n<td class=\"et2\" style=\"height: 13.50pt; width: 132.75pt;\" width=\"177\" height=\"18\">Style<\/td>\n<td class=\"et3\" style=\"width: 422.25pt;\" width=\"563\">Style de l'Asie du Sud-Est<\/td>\n<\/tr>\n<\/tbody>\n<\/table>\n<p>&nbsp;<\/p>\n<p>&nbsp;<\/p>\n<p>\n<script src=\"chrome-extension:\/\/fpelahbljekknahkcaegamhcndkfpfnc\/iFrame.js\" type=\"text\/javascript\"><\/script><\/p>","protected":false},"featured_media":3165,"comment_status":"closed","ping_status":"closed","template":"","meta":{"_acf_changed":true},"product_brand":[],"product_cat":[35,24],"product_tag":[],"class_list":{"0":"post-3164","1":"product","2":"type-product","3":"status-publish","4":"has-post-thumbnail","6":"product_cat-wholesale-hot-pot-restaurant-furniture","7":"product_cat-wholesale-restaurant-furniture","9":"first","10":"instock","11":"shipping-taxable","12":"product-type-simple"},"acf":[],"_links":{"self":[{"href":"https:\/\/www.youmushiguang.com\/fr\/wp-json\/wp\/v2\/product\/3164","targetHints":{"allow":["GET"]}}],"collection":[{"href":"https:\/\/www.youmushiguang.com\/fr\/wp-json\/wp\/v2\/product"}],"about":[{"href":"https:\/\/www.youmushiguang.com\/fr\/wp-json\/wp\/v2\/types\/product"}],"replies":[{"embeddable":true,"href":"https:\/\/www.youmushiguang.com\/fr\/wp-json\/wp\/v2\/comments?post=3164"}],"wp:featuredmedia":[{"embeddable":true,"href":"https:\/\/www.youmushiguang.com\/fr\/wp-json\/wp\/v2\/media\/3165"}],"wp:attachment":[{"href":"https:\/\/www.youmushiguang.com\/fr\/wp-json\/wp\/v2\/media?parent=3164"}],"wp:term":[{"taxonomy":"product_brand","embeddable":true,"href":"https:\/\/www.youmushiguang.com\/fr\/wp-json\/wp\/v2\/product_brand?post=3164"},{"taxonomy":"product_cat","embeddable":true,"href":"https:\/\/www.youmushiguang.com\/fr\/wp-json\/wp\/v2\/product_cat?post=3164"},{"taxonomy":"product_tag","embeddable":true,"href":"https:\/\/www.youmushiguang.com\/fr\/wp-json\/wp\/v2\/product_tag?post=3164"}],"curies":[{"name":"wp","href":"https:\/\/api.w.org\/{rel}","templated":true}]}}