{"id":3178,"date":"2025-12-10T02:22:15","date_gmt":"2025-12-10T02:22:15","guid":{"rendered":"https:\/\/www.youmushiguang.com\/?post_type=product&#038;p=3178"},"modified":"2025-12-10T09:33:25","modified_gmt":"2025-12-10T09:33:25","slug":"wholesale-japanese-wabi-sabi-style-rattan-coffee-shop-table-and-chair-set","status":"publish","type":"product","link":"https:\/\/www.youmushiguang.com\/fr\/product\/wholesale-japanese-wabi-sabi-style-rattan-coffee-shop-table-and-chair-set\/","title":{"rendered":"Wholesale Japanese Wabi-Sabi Style Rattan Coffee Shop Table and Chair Set"},"content":{"rendered":"<div class=\"wp-block-columns is-layout-flex wp-container-core-columns-is-layout-9d6595d7 wp-block-columns-is-layout-flex\">\n<div class=\"wp-block-column is-layout-flow wp-block-column-is-layout-flow\" style=\"flex-basis:25%\"><\/div>\n\n\n\n<div class=\"wp-block-column is-layout-flow wp-block-column-is-layout-flow\" style=\"flex-basis:50%\">\n<figure class=\"wp-block-image size-full\"><img decoding=\"async\" width=\"790\" height=\"2666\" src=\"https:\/\/www.youmushiguang.com\/wp-content\/uploads\/2025\/12\/1081-\u8be6\u60c5-1.webp\" alt=\"\" class=\"wp-image-3187\" srcset=\"https:\/\/www.youmushiguang.com\/wp-content\/uploads\/2025\/12\/1081-\u8be6\u60c5-1.webp 790w, https:\/\/www.youmushiguang.com\/wp-content\/uploads\/2025\/12\/1081-\u8be6\u60c5-1-89x300.webp 89w, https:\/\/www.youmushiguang.com\/wp-content\/uploads\/2025\/12\/1081-\u8be6\u60c5-1-768x2592.webp 768w, https:\/\/www.youmushiguang.com\/wp-content\/uploads\/2025\/12\/1081-\u8be6\u60c5-1-4x12.webp 4w, https:\/\/www.youmushiguang.com\/wp-content\/uploads\/2025\/12\/1081-\u8be6\u60c5-1-600x2025.webp 600w\" sizes=\"(max-width: 790px) 100vw, 790px\" \/><\/figure>\n\n\n\n<figure class=\"wp-block-image size-full\"><img decoding=\"async\" width=\"790\" height=\"2958\" src=\"https:\/\/www.youmushiguang.com\/wp-content\/uploads\/2025\/12\/1081-\u8be6\u60c5-2.webp\" alt=\"\" class=\"wp-image-3188\" srcset=\"https:\/\/www.youmushiguang.com\/wp-content\/uploads\/2025\/12\/1081-\u8be6\u60c5-2.webp 790w, https:\/\/www.youmushiguang.com\/wp-content\/uploads\/2025\/12\/1081-\u8be6\u60c5-2-80x300.webp 80w, https:\/\/www.youmushiguang.com\/wp-content\/uploads\/2025\/12\/1081-\u8be6\u60c5-2-768x2876.webp 768w, https:\/\/www.youmushiguang.com\/wp-content\/uploads\/2025\/12\/1081-\u8be6\u60c5-2-3x12.webp 3w, https:\/\/www.youmushiguang.com\/wp-content\/uploads\/2025\/12\/1081-\u8be6\u60c5-2-600x2247.webp 600w\" sizes=\"(max-width: 790px) 100vw, 790px\" \/><\/figure>\n\n\n\n<figure class=\"wp-block-image size-full\"><img decoding=\"async\" width=\"790\" height=\"2904\" src=\"https:\/\/www.youmushiguang.com\/wp-content\/uploads\/2025\/12\/1081-\u8be6\u60c5-3.webp\" alt=\"\" class=\"wp-image-3189\" srcset=\"https:\/\/www.youmushiguang.com\/wp-content\/uploads\/2025\/12\/1081-\u8be6\u60c5-3.webp 790w, https:\/\/www.youmushiguang.com\/wp-content\/uploads\/2025\/12\/1081-\u8be6\u60c5-3-82x300.webp 82w, https:\/\/www.youmushiguang.com\/wp-content\/uploads\/2025\/12\/1081-\u8be6\u60c5-3-768x2823.webp 768w, https:\/\/www.youmushiguang.com\/wp-content\/uploads\/2025\/12\/1081-\u8be6\u60c5-3-3x12.webp 3w, https:\/\/www.youmushiguang.com\/wp-content\/uploads\/2025\/12\/1081-\u8be6\u60c5-3-600x2206.webp 600w\" sizes=\"(max-width: 790px) 100vw, 790px\" \/><\/figure>\n\n\n\n<figure class=\"wp-block-image size-full\"><img decoding=\"async\" width=\"790\" height=\"1475\" src=\"https:\/\/www.youmushiguang.com\/wp-content\/uploads\/2025\/12\/1081-\u8be6\u60c5-4.webp\" alt=\"\" class=\"wp-image-3190\" srcset=\"https:\/\/www.youmushiguang.com\/wp-content\/uploads\/2025\/12\/1081-\u8be6\u60c5-4.webp 790w, https:\/\/www.youmushiguang.com\/wp-content\/uploads\/2025\/12\/1081-\u8be6\u60c5-4-161x300.webp 161w, https:\/\/www.youmushiguang.com\/wp-content\/uploads\/2025\/12\/1081-\u8be6\u60c5-4-768x1434.webp 768w, https:\/\/www.youmushiguang.com\/wp-content\/uploads\/2025\/12\/1081-\u8be6\u60c5-4-6x12.webp 6w, https:\/\/www.youmushiguang.com\/wp-content\/uploads\/2025\/12\/1081-\u8be6\u60c5-4-600x1120.webp 600w\" sizes=\"(max-width: 790px) 100vw, 790px\" \/><\/figure>\n\n\n\n<figure class=\"wp-block-image size-full\"><img decoding=\"async\" width=\"790\" height=\"2582\" src=\"https:\/\/www.youmushiguang.com\/wp-content\/uploads\/2025\/12\/1081-\u8be6\u60c5-5.webp\" alt=\"\" class=\"wp-image-3191\" srcset=\"https:\/\/www.youmushiguang.com\/wp-content\/uploads\/2025\/12\/1081-\u8be6\u60c5-5.webp 790w, https:\/\/www.youmushiguang.com\/wp-content\/uploads\/2025\/12\/1081-\u8be6\u60c5-5-92x300.webp 92w, https:\/\/www.youmushiguang.com\/wp-content\/uploads\/2025\/12\/1081-\u8be6\u60c5-5-768x2510.webp 768w, https:\/\/www.youmushiguang.com\/wp-content\/uploads\/2025\/12\/1081-\u8be6\u60c5-5-4x12.webp 4w, https:\/\/www.youmushiguang.com\/wp-content\/uploads\/2025\/12\/1081-\u8be6\u60c5-5-600x1961.webp 600w\" sizes=\"(max-width: 790px) 100vw, 790px\" \/><\/figure>\n<\/div>\n\n\n\n<div class=\"wp-block-column is-layout-flow wp-block-column-is-layout-flow\" style=\"flex-basis:25%\"><\/div>\n<\/div>\n\n\n\n<p><\/p>","protected":false},"excerpt":{"rendered":"<div id=\"tw-container\" class=\"nev7se\" data-cp=\"1\" data-nnttsvi=\"1\" data-sletp=\"false\" data-sm=\"1\" data-ssbp=\"false\" data-sugg-time=\"500\" data-sugg-url=\"https:\/\/clients1.google.com\/complete\/search\" data-uilc=\"zh-CN\" data-vil=\",af,af-ZA,am,am-ET,ar-EG,ar-AE,ar-KW,ar-QA,ar,ar-IL,ar-JO,ar-LB,ar-PS,az,az-AZ,bg,bg-BG,bn,bn-BD,bn-IN,ca,ca-es,cs,cs-CZ,de,de-DE,de-CH,de-AT,de-LI,en,en-US,en-CA,en-AU,en-NZ,en-GB,en-IN,en-KE,en-TZ,en-NG,en-GH,en-PH,en-ZA,es,es-ES,es-AR,es-UY,es-419,es-BO,es-CL,es-CR,es-CO,es-DO,es-EC,es-GT,es-HN,es-NI,es-PA,es-PE,es-PR,es-PY,es-SV,es-VE,es-MX,es-US,eu,eu-ES,fi,fi-FI,fr,fr-FR,fr-CH,fr-BE,gl,gl-ES,gu,gu-IN,he,he-IL,iw,iw-IL,hu,hu-HU,hy,hy-AM,id,id-ID,is,is-IS,it,it-IT,it-CH,ja,ja-JP,jv,jv-ID,ka,ka-GE,km,km-KH,kn,kn-IN,ko,ko-KR,la,lo,lo-LA,lv,lv-LV,ml,ml-IN,mr,mr-IN,ms,ms-MY,nl,nl-NL,nb,nb-NO,ne,ne-NP,pl,pl-PL,pt,pt-BR,pt-PT,ro,ro-RO,ru,ru-RU,si-LK,sk,sk-SK,sr,sr-RS,su,su-ID,sv,sv-SE,sw,sw-TZ,sw-KE,ta,ta-IN,ta-SG,ta-LK,ta-MY,te,te-IN,tr,tr-TR,ur,ur-PK,ur-IN,yue,yue-HK,yue-Hant-HK,zh-HK,zh,zh-CN,zh-cmn,zh-cmn-CN,zh-Hans,zh-Hans-CN,zh-cmn-Hans,zh-cmn-Hans-CN,cmn-CN,cmn-Hans,cmn-Hans-CN,zh-TW,zh-Hant-TW,cmn-TW,cmn-Hant-TW,zh-cmn-TW,zh-cmn-Hant-TW,zu,zu-ZA,hi,hi-IN,tl,tl-PH,pa,pa-IN\">\n<div id=\"tw-ob\" class=\"tw-src-ltr\">\n<div class=\"oSioSc\">\n<div id=\"tw-target\">\n<div id=\"kAz1tf\" class=\"g9WsWb PZPZlf\" data-attrid=\"tw-targetArea\" data-entityname=\"Google Translate\">\n<div id=\"tw-target-text-container\" class=\"tw-ta-container tw-nfl\" role=\"text\">\n<div class=\"tw-ta-container tw-nfl\" role=\"text\">\n<p>We welcome bulk orders for our coffee table and chair sets. These armchairs feature thick, upholstered cushions for exceptional comfort and are available in custom colors. The metal frame is designed for high-traffic environments, ensuring years of reliable use and minimal maintenance costs. Contact us for a quote.<\/p>\n<\/div>\n<\/div>\n<\/div>\n<\/div>\n<\/div>\n<\/div>\n<\/div>\n<h2>Specifications of Coffee Shop Lounge Furniture<\/h2>\n<table width=\"668\">\n<tbody>\n<tr>\n<td width=\"143\">Mod\u00e8le<\/td>\n<td width=\"525\">1801<\/td>\n<\/tr>\n<tr>\n<td width=\"143\">Cat\u00e9gorie<\/td>\n<td width=\"525\">Meubles pour caf\u00e9s<\/td>\n<\/tr>\n<tr>\n<td width=\"143\">Nom du produit<\/td>\n<td width=\"525\">Tables et chaises de caf\u00e9<\/td>\n<\/tr>\n<tr>\n<td width=\"143\">Options de personnalisation<\/td>\n<td width=\"525\">Style\/couleur\/taille\/mati\u00e8re<\/td>\n<\/tr>\n<tr>\n<td width=\"143\">Tableau<\/td>\n<td width=\"525\">Plateau de table en contreplaqu\u00e9 de bois massif multicouche avec finition en placage + cadre en m\u00e9tal de haute qualit\u00e9<\/td>\n<\/tr>\n<tr>\n<td width=\"143\">\n<p>Pr\u00e9sident<\/p>\n<\/td>\n<td width=\"525\">\n<p id=\"tw-target-text\" class=\"tw-data-text tw-text-large tw-ta\" dir=\"ltr\" role=\"text\" data-placeholder=\"\u7ffb\u8bd1\" data-ved=\"2ahUKEwiny42x3KyRAxUyFzQIHU5LCvcQ3ewLegQIDBAV\" aria-label=\"\u8bd1\u6587\uff1aCadre m\u00e9tallique + contreplaqu\u00e9 multicouche\"><span class=\"Y2IQFc\" lang=\"en\">Metal frame +Solid wood woven rattan <\/span><span class=\"Y2IQFc\" lang=\"en\">+ high-density sponge + premium leather<\/span><\/p>\n<\/td>\n<\/tr>\n<tr>\n<td width=\"143\">Sc\u00e8ne d'application<\/td>\n<td width=\"525\">caf\u00e9 \/ Coffee shop\/ BAR<\/td>\n<\/tr>\n<tr>\n<td width=\"143\">Couleur<\/td>\n<td width=\"525\">Noyer\/Blanc cass\u00e9 (personnalisable)<\/td>\n<\/tr>\n<tr>\n<td width=\"143\">Mat\u00e9riau<\/td>\n<td width=\"525\">Bois massif\/contreplaqu\u00e9\/m\u00e9tal\/cuir\/\u00e9ponge<\/td>\n<\/tr>\n<tr>\n<td width=\"143\">\n<p>style<\/p>\n<\/td>\n<td width=\"525\">\n<p id=\"tw-target-text\" class=\"tw-data-text tw-text-large tw-ta\" dir=\"ltr\" role=\"text\" data-placeholder=\"\u7ffb\u8bd1\" data-ved=\"2ahUKEwiny42x3KyRAxUyFzQIHU5LCvcQ3ewLegQIDBAV\" aria-label=\"\u8bd1\u6587\uff1amoderne\">Wabi-Sabi<\/p>\n<\/td>\n<\/tr>\n<\/tbody>\n<\/table>\n<p>&nbsp;<\/p>\n<p>&nbsp;<\/p>\n<p>\n<script src=\"chrome-extension:\/\/fpelahbljekknahkcaegamhcndkfpfnc\/iFrame.js\" type=\"text\/javascript\"><\/script><\/p>","protected":false},"featured_media":3179,"comment_status":"closed","ping_status":"closed","template":"","meta":{"_acf_changed":false},"product_brand":[],"product_cat":[20],"product_tag":[],"class_list":{"0":"post-3178","1":"product","2":"type-product","3":"status-publish","4":"has-post-thumbnail","6":"product_cat-wholesale-cafe-furniture","8":"first","9":"instock","10":"shipping-taxable","11":"product-type-simple"},"acf":[],"_links":{"self":[{"href":"https:\/\/www.youmushiguang.com\/fr\/wp-json\/wp\/v2\/product\/3178","targetHints":{"allow":["GET"]}}],"collection":[{"href":"https:\/\/www.youmushiguang.com\/fr\/wp-json\/wp\/v2\/product"}],"about":[{"href":"https:\/\/www.youmushiguang.com\/fr\/wp-json\/wp\/v2\/types\/product"}],"replies":[{"embeddable":true,"href":"https:\/\/www.youmushiguang.com\/fr\/wp-json\/wp\/v2\/comments?post=3178"}],"wp:featuredmedia":[{"embeddable":true,"href":"https:\/\/www.youmushiguang.com\/fr\/wp-json\/wp\/v2\/media\/3179"}],"wp:attachment":[{"href":"https:\/\/www.youmushiguang.com\/fr\/wp-json\/wp\/v2\/media?parent=3178"}],"wp:term":[{"taxonomy":"product_brand","embeddable":true,"href":"https:\/\/www.youmushiguang.com\/fr\/wp-json\/wp\/v2\/product_brand?post=3178"},{"taxonomy":"product_cat","embeddable":true,"href":"https:\/\/www.youmushiguang.com\/fr\/wp-json\/wp\/v2\/product_cat?post=3178"},{"taxonomy":"product_tag","embeddable":true,"href":"https:\/\/www.youmushiguang.com\/fr\/wp-json\/wp\/v2\/product_tag?post=3178"}],"curies":[{"name":"wp","href":"https:\/\/api.w.org\/{rel}","templated":true}]}}