{"id":3515,"date":"2025-12-13T03:54:24","date_gmt":"2025-12-13T03:54:24","guid":{"rendered":"https:\/\/www.youmushiguang.com\/?post_type=product&#038;p=3515"},"modified":"2026-01-23T03:55:06","modified_gmt":"2026-01-23T03:55:06","slug":"retro-style-table-and-chair-set-for-cafe-and-music-restaurant","status":"publish","type":"product","link":"https:\/\/www.youmushiguang.com\/fr\/product\/retro-style-table-and-chair-set-for-cafe-and-music-restaurant\/","title":{"rendered":"Tables et chaises pour bars, caf\u00e9s et restaurants musicaux - vente en gros"},"content":{"rendered":"<div class=\"wp-block-columns is-layout-flex wp-container-core-columns-is-layout-9d6595d7 wp-block-columns-is-layout-flex\">\n<div class=\"wp-block-column is-layout-flow wp-block-column-is-layout-flow\" style=\"flex-basis:25%\"><\/div>\n\n\n\n<div class=\"wp-block-column is-layout-flow wp-block-column-is-layout-flow\" style=\"flex-basis:50%\">\n<figure class=\"wp-block-image size-full\"><img decoding=\"async\" width=\"790\" height=\"2109\" src=\"https:\/\/www.youmushiguang.com\/wp-content\/uploads\/2025\/12\/120-2-1.webp\" alt=\"\" class=\"wp-image-3526\" srcset=\"https:\/\/www.youmushiguang.com\/wp-content\/uploads\/2025\/12\/120-2-1.webp 790w, https:\/\/www.youmushiguang.com\/wp-content\/uploads\/2025\/12\/120-2-1-112x300.webp 112w, https:\/\/www.youmushiguang.com\/wp-content\/uploads\/2025\/12\/120-2-1-768x2050.webp 768w, https:\/\/www.youmushiguang.com\/wp-content\/uploads\/2025\/12\/120-2-1-4x12.webp 4w, https:\/\/www.youmushiguang.com\/wp-content\/uploads\/2025\/12\/120-2-1-600x1602.webp 600w\" sizes=\"(max-width: 790px) 100vw, 790px\" \/><\/figure>\n\n\n\n<figure class=\"wp-block-image size-full\"><img decoding=\"async\" width=\"790\" height=\"2239\" src=\"https:\/\/www.youmushiguang.com\/wp-content\/uploads\/2025\/12\/120-2-2.webp\" alt=\"\" class=\"wp-image-3527\" srcset=\"https:\/\/www.youmushiguang.com\/wp-content\/uploads\/2025\/12\/120-2-2.webp 790w, https:\/\/www.youmushiguang.com\/wp-content\/uploads\/2025\/12\/120-2-2-106x300.webp 106w, https:\/\/www.youmushiguang.com\/wp-content\/uploads\/2025\/12\/120-2-2-768x2177.webp 768w, https:\/\/www.youmushiguang.com\/wp-content\/uploads\/2025\/12\/120-2-2-4x12.webp 4w, https:\/\/www.youmushiguang.com\/wp-content\/uploads\/2025\/12\/120-2-2-600x1701.webp 600w\" sizes=\"(max-width: 790px) 100vw, 790px\" \/><\/figure>\n\n\n\n<figure class=\"wp-block-image size-full\"><img decoding=\"async\" width=\"790\" height=\"2391\" src=\"https:\/\/www.youmushiguang.com\/wp-content\/uploads\/2025\/12\/120-2-3.webp\" alt=\"\" class=\"wp-image-3528\" srcset=\"https:\/\/www.youmushiguang.com\/wp-content\/uploads\/2025\/12\/120-2-3.webp 790w, https:\/\/www.youmushiguang.com\/wp-content\/uploads\/2025\/12\/120-2-3-99x300.webp 99w, https:\/\/www.youmushiguang.com\/wp-content\/uploads\/2025\/12\/120-2-3-768x2324.webp 768w, https:\/\/www.youmushiguang.com\/wp-content\/uploads\/2025\/12\/120-2-3-4x12.webp 4w, https:\/\/www.youmushiguang.com\/wp-content\/uploads\/2025\/12\/120-2-3-600x1816.webp 600w\" sizes=\"(max-width: 790px) 100vw, 790px\" \/><\/figure>\n\n\n\n<figure class=\"wp-block-image size-full\"><img decoding=\"async\" width=\"790\" height=\"2542\" src=\"https:\/\/www.youmushiguang.com\/wp-content\/uploads\/2025\/12\/120-2-4.webp\" alt=\"\" class=\"wp-image-3529\" srcset=\"https:\/\/www.youmushiguang.com\/wp-content\/uploads\/2025\/12\/120-2-4.webp 790w, https:\/\/www.youmushiguang.com\/wp-content\/uploads\/2025\/12\/120-2-4-93x300.webp 93w, https:\/\/www.youmushiguang.com\/wp-content\/uploads\/2025\/12\/120-2-4-768x2471.webp 768w, https:\/\/www.youmushiguang.com\/wp-content\/uploads\/2025\/12\/120-2-4-4x12.webp 4w, https:\/\/www.youmushiguang.com\/wp-content\/uploads\/2025\/12\/120-2-4-600x1931.webp 600w\" sizes=\"(max-width: 790px) 100vw, 790px\" \/><\/figure>\n<\/div>\n\n\n\n<div class=\"wp-block-column is-layout-flow wp-block-column-is-layout-flow\" style=\"flex-basis:25%\"><\/div>\n<\/div>\n\n\n\n<p><\/p>","protected":false},"excerpt":{"rendered":"<div id=\"tw-container\" class=\"nev7se\" data-cp=\"1\" data-nnttsvi=\"1\" data-sletp=\"false\" data-sm=\"1\" data-ssbp=\"false\" data-sugg-time=\"500\" data-sugg-url=\"https:\/\/clients1.google.com\/complete\/search\" data-uilc=\"zh-CN\" data-vil=\",af,af-ZA,am,am-ET,ar-EG,ar-AE,ar-KW,ar-QA,ar,ar-IL,ar-JO,ar-LB,ar-PS,az,az-AZ,bg,bg-BG,bn,bn-BD,bn-IN,ca,ca-es,cs,cs-CZ,de,de-DE,de-CH,de-AT,de-LI,en,en-US,en-CA,en-AU,en-NZ,en-GB,en-IN,en-KE,en-TZ,en-NG,en-GH,en-PH,en-ZA,es,es-ES,es-AR,es-UY,es-419,es-BO,es-CL,es-CR,es-CO,es-DO,es-EC,es-GT,es-HN,es-NI,es-PA,es-PE,es-PR,es-PY,es-SV,es-VE,es-MX,es-US,eu,eu-ES,fi,fi-FI,fr,fr-FR,fr-CH,fr-BE,gl,gl-ES,gu,gu-IN,he,he-IL,iw,iw-IL,hu,hu-HU,hy,hy-AM,id,id-ID,is,is-IS,it,it-IT,it-CH,ja,ja-JP,jv,jv-ID,ka,ka-GE,km,km-KH,kn,kn-IN,ko,ko-KR,la,lo,lo-LA,lv,lv-LV,ml,ml-IN,mr,mr-IN,ms,ms-MY,nl,nl-NL,nb,nb-NO,ne,ne-NP,pl,pl-PL,pt,pt-BR,pt-PT,ro,ro-RO,ru,ru-RU,si-LK,sk,sk-SK,sr,sr-RS,su,su-ID,sv,sv-SE,sw,sw-TZ,sw-KE,ta,ta-IN,ta-SG,ta-LK,ta-MY,te,te-IN,tr,tr-TR,ur,ur-PK,ur-IN,yue,yue-HK,yue-Hant-HK,zh-HK,zh,zh-CN,zh-cmn,zh-cmn-CN,zh-Hans,zh-Hans-CN,zh-cmn-Hans,zh-cmn-Hans-CN,cmn-CN,cmn-Hans,cmn-Hans-CN,zh-TW,zh-Hant-TW,cmn-TW,cmn-Hant-TW,zh-cmn-TW,zh-cmn-Hant-TW,zu,zu-ZA,hi,hi-IN,tl,tl-PH,pa,pa-IN\">\n<div id=\"tw-ob\" class=\"tw-src-ltr\">\n<div class=\"oSioSc\">\n<div id=\"tw-target\">\n<div id=\"kAz1tf\" class=\"g9WsWb PZPZlf\" data-attrid=\"tw-targetArea\" data-entityname=\"Google Translate\">\n<div id=\"tw-target-text-container\" class=\"tw-ta-container tw-nfl\" role=\"text\">\n<div class=\"tw-ta-container tw-nfl\" role=\"text\">\n<p>Nous vous invitons \u00e0 acheter nos meubles de restaurant en gros. Cet ensemble table et chaise de restaurant pr\u00e9sente un style simple et \u00e9l\u00e9gant. La table basse ronde maximise l'espace tout en favorisant l'interaction sociale, ce qui en fait un choix id\u00e9al pour les caf\u00e9s, les restaurants musicaux et autres espaces d\u00e9contract\u00e9s. Contactez-nous pour un devis.<\/p>\n<\/div>\n<\/div>\n<\/div>\n<\/div>\n<\/div>\n<\/div>\n<\/div>\n<h2>Sp\u00e9cifications du mobilier de restaurant<\/h2>\n<table width=\"668\">\n<tbody>\n<tr>\n<td width=\"143\">Mod\u00e8le<\/td>\n<td width=\"525\">120-1<\/td>\n<\/tr>\n<tr>\n<td width=\"143\">Cat\u00e9gorie<\/td>\n<td width=\"525\">Mobilier de restaurant<\/td>\n<\/tr>\n<tr>\n<td width=\"143\">Nom du produit<\/td>\n<td width=\"525\">Tables et chaises de restaurant<\/td>\n<\/tr>\n<tr>\n<td width=\"143\">Options de personnalisation<\/td>\n<td width=\"525\">Style\/couleur\/taille\/mati\u00e8re<\/td>\n<\/tr>\n<tr>\n<td width=\"143\">Tableau<\/td>\n<td width=\"525\">Plateau en contreplaqu\u00e9 multicouche + Pieds de table en m\u00e9tal de haute qualit\u00e9<\/td>\n<\/tr>\n<tr>\n<td width=\"143\">Pr\u00e9sident<\/td>\n<td width=\"525\">Cadre m\u00e9tallique + cuir Nappa de qualit\u00e9 sup\u00e9rieure + mousse haute densit\u00e9<\/td>\n<\/tr>\n<tr>\n<td width=\"143\">Cabine<\/td>\n<td width=\"525\">Cadre en contreplaqu\u00e9 multicouche + rev\u00eatement en cuir de premi\u00e8re qualit\u00e9\u00a0<\/td>\n<\/tr>\n<tr>\n<td width=\"143\">Sc\u00e8ne d'application<\/td>\n<td width=\"525\">Restaurant\/restaurant \u00e0 th\u00e8me\u00a0<\/td>\n<\/tr>\n<tr>\n<td width=\"143\">Couleur<\/td>\n<td width=\"525\">Noyer\/Blanc cass\u00e9 (personnalisable)<\/td>\n<\/tr>\n<tr>\n<td width=\"143\">Mat\u00e9riau<\/td>\n<td width=\"525\">Bois massif\/contreplaqu\u00e9\/m\u00e9tal\/cuir\/\u00e9ponge<\/td>\n<\/tr>\n<tr>\n<td width=\"143\">Style<\/td>\n<td width=\"525\">R\u00e9tro<\/td>\n<\/tr>\n<\/tbody>\n<\/table>\n<p>&nbsp;<\/p>\n<p>&nbsp;<\/p>\n<p>\n<script src=\"chrome-extension:\/\/fpelahbljekknahkcaegamhcndkfpfnc\/iFrame.js\" type=\"text\/javascript\"><\/script><\/p>","protected":false},"featured_media":3516,"comment_status":"closed","ping_status":"closed","template":"","meta":{"_acf_changed":true},"product_brand":[],"product_cat":[20,24,36,42,44],"product_tag":[],"class_list":{"0":"post-3515","1":"product","2":"type-product","3":"status-publish","4":"has-post-thumbnail","6":"product_cat-wholesale-cafe-furniture","7":"product_cat-wholesale-restaurant-furniture","8":"product_cat-wholesale-coffee-shop-restaurant-furniture","9":"product_cat-wholesale-dessert-shop-furniture","10":"product_cat-vintage-style-restaurant-furniture","12":"first","13":"instock","14":"shipping-taxable","15":"product-type-simple"},"acf":[],"_links":{"self":[{"href":"https:\/\/www.youmushiguang.com\/fr\/wp-json\/wp\/v2\/product\/3515","targetHints":{"allow":["GET"]}}],"collection":[{"href":"https:\/\/www.youmushiguang.com\/fr\/wp-json\/wp\/v2\/product"}],"about":[{"href":"https:\/\/www.youmushiguang.com\/fr\/wp-json\/wp\/v2\/types\/product"}],"replies":[{"embeddable":true,"href":"https:\/\/www.youmushiguang.com\/fr\/wp-json\/wp\/v2\/comments?post=3515"}],"wp:featuredmedia":[{"embeddable":true,"href":"https:\/\/www.youmushiguang.com\/fr\/wp-json\/wp\/v2\/media\/3516"}],"wp:attachment":[{"href":"https:\/\/www.youmushiguang.com\/fr\/wp-json\/wp\/v2\/media?parent=3515"}],"wp:term":[{"taxonomy":"product_brand","embeddable":true,"href":"https:\/\/www.youmushiguang.com\/fr\/wp-json\/wp\/v2\/product_brand?post=3515"},{"taxonomy":"product_cat","embeddable":true,"href":"https:\/\/www.youmushiguang.com\/fr\/wp-json\/wp\/v2\/product_cat?post=3515"},{"taxonomy":"product_tag","embeddable":true,"href":"https:\/\/www.youmushiguang.com\/fr\/wp-json\/wp\/v2\/product_tag?post=3515"}],"curies":[{"name":"wp","href":"https:\/\/api.w.org\/{rel}","templated":true}]}}