{"id":3821,"date":"2025-12-15T03:29:53","date_gmt":"2025-12-15T03:29:53","guid":{"rendered":"https:\/\/www.youmushiguang.com\/?post_type=product&#038;p=3821"},"modified":"2026-01-23T03:47:25","modified_gmt":"2026-01-23T03:47:25","slug":"wholesale-casual-restaurant-cafe-table-and-chair-sets","status":"publish","type":"product","link":"https:\/\/www.youmushiguang.com\/fr\/product\/wholesale-casual-restaurant-cafe-table-and-chair-sets\/","title":{"rendered":"Tables et chaises pour restaurants et caf\u00e9s en gros - Comprend des tables, des chaises et des canap\u00e9s durables."},"content":{"rendered":"<div class=\"wp-block-columns is-layout-flex wp-container-core-columns-is-layout-9d6595d7 wp-block-columns-is-layout-flex\">\n<div class=\"wp-block-column is-layout-flow wp-block-column-is-layout-flow\" style=\"flex-basis:25%\"><\/div>\n\n\n\n<div class=\"wp-block-column is-layout-flow wp-block-column-is-layout-flow\" style=\"flex-basis:50%\">\n<figure class=\"wp-block-image size-full\"><img decoding=\"async\" width=\"750\" height=\"1785\" src=\"https:\/\/www.youmushiguang.com\/wp-content\/uploads\/2025\/12\/437-2\u8be6\u60c5-1_1-1.webp\" alt=\"\" class=\"wp-image-3827\" srcset=\"https:\/\/www.youmushiguang.com\/wp-content\/uploads\/2025\/12\/437-2\u8be6\u60c5-1_1-1.webp 750w, https:\/\/www.youmushiguang.com\/wp-content\/uploads\/2025\/12\/437-2\u8be6\u60c5-1_1-1-126x300.webp 126w, https:\/\/www.youmushiguang.com\/wp-content\/uploads\/2025\/12\/437-2\u8be6\u60c5-1_1-1-5x12.webp 5w, https:\/\/www.youmushiguang.com\/wp-content\/uploads\/2025\/12\/437-2\u8be6\u60c5-1_1-1-600x1428.webp 600w\" sizes=\"(max-width: 750px) 100vw, 750px\" \/><\/figure>\n\n\n\n<figure class=\"wp-block-image size-full\"><img decoding=\"async\" width=\"750\" height=\"2008\" src=\"https:\/\/www.youmushiguang.com\/wp-content\/uploads\/2025\/12\/437-2\u8be6\u60c5-2-1.webp\" alt=\"\" class=\"wp-image-3828\" srcset=\"https:\/\/www.youmushiguang.com\/wp-content\/uploads\/2025\/12\/437-2\u8be6\u60c5-2-1.webp 750w, https:\/\/www.youmushiguang.com\/wp-content\/uploads\/2025\/12\/437-2\u8be6\u60c5-2-1-112x300.webp 112w, https:\/\/www.youmushiguang.com\/wp-content\/uploads\/2025\/12\/437-2\u8be6\u60c5-2-1-4x12.webp 4w, https:\/\/www.youmushiguang.com\/wp-content\/uploads\/2025\/12\/437-2\u8be6\u60c5-2-1-600x1606.webp 600w\" sizes=\"(max-width: 750px) 100vw, 750px\" \/><\/figure>\n\n\n\n<figure class=\"wp-block-image size-full\"><img decoding=\"async\" width=\"750\" height=\"708\" src=\"https:\/\/www.youmushiguang.com\/wp-content\/uploads\/2025\/12\/437-2\u8be6\u60c5-3.webp\" alt=\"\" class=\"wp-image-3829\" srcset=\"https:\/\/www.youmushiguang.com\/wp-content\/uploads\/2025\/12\/437-2\u8be6\u60c5-3.webp 750w, https:\/\/www.youmushiguang.com\/wp-content\/uploads\/2025\/12\/437-2\u8be6\u60c5-3-300x283.webp 300w, https:\/\/www.youmushiguang.com\/wp-content\/uploads\/2025\/12\/437-2\u8be6\u60c5-3-13x12.webp 13w, https:\/\/www.youmushiguang.com\/wp-content\/uploads\/2025\/12\/437-2\u8be6\u60c5-3-600x566.webp 600w\" sizes=\"(max-width: 750px) 100vw, 750px\" \/><\/figure>\n\n\n\n<figure class=\"wp-block-image size-full\"><img decoding=\"async\" width=\"750\" height=\"2012\" src=\"https:\/\/www.youmushiguang.com\/wp-content\/uploads\/2025\/12\/437-2\u8be6\u60c5-4.webp\" alt=\"\" class=\"wp-image-3830\" srcset=\"https:\/\/www.youmushiguang.com\/wp-content\/uploads\/2025\/12\/437-2\u8be6\u60c5-4.webp 750w, https:\/\/www.youmushiguang.com\/wp-content\/uploads\/2025\/12\/437-2\u8be6\u60c5-4-112x300.webp 112w, https:\/\/www.youmushiguang.com\/wp-content\/uploads\/2025\/12\/437-2\u8be6\u60c5-4-4x12.webp 4w, https:\/\/www.youmushiguang.com\/wp-content\/uploads\/2025\/12\/437-2\u8be6\u60c5-4-600x1610.webp 600w\" sizes=\"(max-width: 750px) 100vw, 750px\" \/><\/figure>\n\n\n\n<figure class=\"wp-block-image size-full\"><img decoding=\"async\" width=\"750\" height=\"1389\" src=\"https:\/\/www.youmushiguang.com\/wp-content\/uploads\/2025\/12\/437-2\u8be6\u60c5-5.webp\" alt=\"\" class=\"wp-image-3831\" srcset=\"https:\/\/www.youmushiguang.com\/wp-content\/uploads\/2025\/12\/437-2\u8be6\u60c5-5.webp 750w, https:\/\/www.youmushiguang.com\/wp-content\/uploads\/2025\/12\/437-2\u8be6\u60c5-5-162x300.webp 162w, https:\/\/www.youmushiguang.com\/wp-content\/uploads\/2025\/12\/437-2\u8be6\u60c5-5-6x12.webp 6w, https:\/\/www.youmushiguang.com\/wp-content\/uploads\/2025\/12\/437-2\u8be6\u60c5-5-600x1111.webp 600w\" sizes=\"(max-width: 750px) 100vw, 750px\" \/><\/figure>\n\n\n\n<figure class=\"wp-block-image size-full\"><img decoding=\"async\" width=\"750\" height=\"1400\" src=\"https:\/\/www.youmushiguang.com\/wp-content\/uploads\/2025\/12\/437-2\u8be6\u60c5-6.webp\" alt=\"\" class=\"wp-image-3832\" srcset=\"https:\/\/www.youmushiguang.com\/wp-content\/uploads\/2025\/12\/437-2\u8be6\u60c5-6.webp 750w, https:\/\/www.youmushiguang.com\/wp-content\/uploads\/2025\/12\/437-2\u8be6\u60c5-6-161x300.webp 161w, https:\/\/www.youmushiguang.com\/wp-content\/uploads\/2025\/12\/437-2\u8be6\u60c5-6-6x12.webp 6w, https:\/\/www.youmushiguang.com\/wp-content\/uploads\/2025\/12\/437-2\u8be6\u60c5-6-600x1120.webp 600w\" sizes=\"(max-width: 750px) 100vw, 750px\" \/><\/figure>\n<\/div>\n\n\n\n<div class=\"wp-block-column is-layout-flow wp-block-column-is-layout-flow\" style=\"flex-basis:25%\"><\/div>\n<\/div>\n\n\n\n<p><\/p>","protected":false},"excerpt":{"rendered":"<div id=\"tw-container\" class=\"nev7se\" data-cp=\"1\" data-nnttsvi=\"1\" data-sletp=\"false\" data-sm=\"1\" data-ssbp=\"false\" data-sugg-time=\"500\" data-sugg-url=\"https:\/\/clients1.google.com\/complete\/search\" data-uilc=\"zh-CN\" data-vil=\",af,af-ZA,am,am-ET,ar-EG,ar-AE,ar-KW,ar-QA,ar,ar-IL,ar-JO,ar-LB,ar-PS,az,az-AZ,bg,bg-BG,bn,bn-BD,bn-IN,ca,ca-es,cs,cs-CZ,de,de-DE,de-CH,de-AT,de-LI,en,en-US,en-CA,en-AU,en-NZ,en-GB,en-IN,en-KE,en-TZ,en-NG,en-GH,en-PH,en-ZA,es,es-ES,es-AR,es-UY,es-419,es-BO,es-CL,es-CR,es-CO,es-DO,es-EC,es-GT,es-HN,es-NI,es-PA,es-PE,es-PR,es-PY,es-SV,es-VE,es-MX,es-US,eu,eu-ES,fi,fi-FI,fr,fr-FR,fr-CH,fr-BE,gl,gl-ES,gu,gu-IN,he,he-IL,iw,iw-IL,hu,hu-HU,hy,hy-AM,id,id-ID,is,is-IS,it,it-IT,it-CH,ja,ja-JP,jv,jv-ID,ka,ka-GE,km,km-KH,kn,kn-IN,ko,ko-KR,la,lo,lo-LA,lv,lv-LV,ml,ml-IN,mr,mr-IN,ms,ms-MY,nl,nl-NL,nb,nb-NO,ne,ne-NP,pl,pl-PL,pt,pt-BR,pt-PT,ro,ro-RO,ru,ru-RU,si-LK,sk,sk-SK,sr,sr-RS,su,su-ID,sv,sv-SE,sw,sw-TZ,sw-KE,ta,ta-IN,ta-SG,ta-LK,ta-MY,te,te-IN,tr,tr-TR,ur,ur-PK,ur-IN,yue,yue-HK,yue-Hant-HK,zh-HK,zh,zh-CN,zh-cmn,zh-cmn-CN,zh-Hans,zh-Hans-CN,zh-cmn-Hans,zh-cmn-Hans-CN,cmn-CN,cmn-Hans,cmn-Hans-CN,zh-TW,zh-Hant-TW,cmn-TW,cmn-Hant-TW,zh-cmn-TW,zh-cmn-Hant-TW,zu,zu-ZA,hi,hi-IN,tl,tl-PH,pa,pa-IN\">\n<div id=\"tw-ob\" class=\"tw-src-ltr\">\n<div class=\"oSioSc\">\n<div id=\"tw-target\">\n<div id=\"kAz1tf\" class=\"g9WsWb PZPZlf\" data-attrid=\"tw-targetArea\" data-entityname=\"Google Translate\">\n<div id=\"tw-target-text-container\" class=\"tw-ta-container tw-nfl\" role=\"text\">\n<div class=\"tw-ta-container tw-nfl\" role=\"text\">\n<p>Meubles de salle \u00e0 manger d\u00e9contract\u00e9e en gros - ensembles complets avec tables, chaises, banquettes et canap\u00e9s. Construit avec <strong data-start=\"240\" data-end=\"272\">fer robuste et bois de qualit\u00e9 sup\u00e9rieure<\/strong>, Les tables \u00e0 langer, con\u00e7ues pour le confort, la durabilit\u00e9 et le style dans les caf\u00e9s et les restaurants. Id\u00e9al pour les commandes en gros et les mises en page personnalisables.<\/p>\n<p>Notre mobilier de restaurant est id\u00e9al pour les commandes en gros et peut \u00eatre personnalis\u00e9 par les fabricants d'\u00e9quipement d'origine (OEM) et les fabricants d'\u00e9quipement d'origine (ODM). En tant que <a href=\"https:\/\/www.youmushiguang.com\/fr\/product-category\/wholesale-restaurant-furniture\/\" target=\"_blank\" rel=\"noopener\"><strong>fabricant de mobilier de restaurant<\/strong><\/a>, Nous proposons une grande vari\u00e9t\u00e9 de finitions, de tailles et de mat\u00e9riaux pour vous aider \u00e0 cr\u00e9er le style de magasin id\u00e9al. Contactez-nous pour un devis.<\/p>\n<\/div>\n<\/div>\n<\/div>\n<\/div>\n<\/div>\n<\/div>\n<\/div>\n<h2>Sp\u00e9cifications de l'ensemble de mobilier de restaurant vintage<\/h2>\n<table width=\"668\">\n<tbody>\n<tr>\n<td width=\"143\">Mod\u00e8le<\/td>\n<td width=\"525\">437-2<\/td>\n<\/tr>\n<tr>\n<td width=\"143\">Cat\u00e9gorie<\/td>\n<td width=\"525\">Mobilier de restaurant<\/td>\n<\/tr>\n<tr>\n<td width=\"143\">Nom du produit<\/td>\n<td width=\"525\">Tables et chaises de restaurant<\/td>\n<\/tr>\n<tr>\n<td width=\"143\">Options de personnalisation<\/td>\n<td width=\"525\">Style\/couleur\/taille\/mati\u00e8re<\/td>\n<\/tr>\n<tr>\n<td width=\"143\">Tableau<\/td>\n<td width=\"525\">Plateau en contreplaqu\u00e9 multicouche + Pieds de table en m\u00e9tal de haute qualit\u00e9<\/td>\n<\/tr>\n<tr>\n<td width=\"143\">Pr\u00e9sident<\/td>\n<td width=\"525\">Cadre m\u00e9tallique + cuir Nappa de qualit\u00e9 sup\u00e9rieure + mousse haute densit\u00e9<\/td>\n<\/tr>\n<tr>\n<td width=\"143\">Cabine<\/td>\n<td width=\"525\">Cadre en contreplaqu\u00e9 multicouche + rev\u00eatement en cuir de premi\u00e8re qualit\u00e9\u00a0<\/td>\n<\/tr>\n<tr>\n<td width=\"143\">Sc\u00e8ne d'application<\/td>\n<td width=\"525\">Restaurant\/restaurant \u00e0 th\u00e8me\u00a0<\/td>\n<\/tr>\n<tr>\n<td width=\"143\">Couleur<\/td>\n<td width=\"525\">Noyer\/Blanc cass\u00e9 (personnalisable)<\/td>\n<\/tr>\n<tr>\n<td width=\"143\">Mat\u00e9riau<\/td>\n<td width=\"525\">Bois massif\/contreplaqu\u00e9\/m\u00e9tal\/cuir\/\u00e9ponge<\/td>\n<\/tr>\n<tr>\n<td width=\"143\">Style<\/td>\n<td width=\"525\">R\u00e9tro<\/td>\n<\/tr>\n<\/tbody>\n<\/table>\n<p>&nbsp;<\/p>\n<p>&nbsp;<\/p>\n<p>&nbsp;<\/p>\n<p>&nbsp;<\/p>\n<p>&nbsp;<\/p>\n<p>\n<script src=\"chrome-extension:\/\/fpelahbljekknahkcaegamhcndkfpfnc\/iFrame.js\" type=\"text\/javascript\"><\/script><\/p>","protected":false},"featured_media":3822,"comment_status":"closed","ping_status":"closed","template":"","meta":{"_acf_changed":true},"product_brand":[],"product_cat":[20,24,36,42],"product_tag":[],"class_list":{"0":"post-3821","1":"product","2":"type-product","3":"status-publish","4":"has-post-thumbnail","6":"product_cat-wholesale-cafe-furniture","7":"product_cat-wholesale-restaurant-furniture","8":"product_cat-wholesale-coffee-shop-restaurant-furniture","9":"product_cat-wholesale-dessert-shop-furniture","11":"first","12":"instock","13":"shipping-taxable","14":"product-type-simple"},"acf":[],"_links":{"self":[{"href":"https:\/\/www.youmushiguang.com\/fr\/wp-json\/wp\/v2\/product\/3821","targetHints":{"allow":["GET"]}}],"collection":[{"href":"https:\/\/www.youmushiguang.com\/fr\/wp-json\/wp\/v2\/product"}],"about":[{"href":"https:\/\/www.youmushiguang.com\/fr\/wp-json\/wp\/v2\/types\/product"}],"replies":[{"embeddable":true,"href":"https:\/\/www.youmushiguang.com\/fr\/wp-json\/wp\/v2\/comments?post=3821"}],"wp:featuredmedia":[{"embeddable":true,"href":"https:\/\/www.youmushiguang.com\/fr\/wp-json\/wp\/v2\/media\/3822"}],"wp:attachment":[{"href":"https:\/\/www.youmushiguang.com\/fr\/wp-json\/wp\/v2\/media?parent=3821"}],"wp:term":[{"taxonomy":"product_brand","embeddable":true,"href":"https:\/\/www.youmushiguang.com\/fr\/wp-json\/wp\/v2\/product_brand?post=3821"},{"taxonomy":"product_cat","embeddable":true,"href":"https:\/\/www.youmushiguang.com\/fr\/wp-json\/wp\/v2\/product_cat?post=3821"},{"taxonomy":"product_tag","embeddable":true,"href":"https:\/\/www.youmushiguang.com\/fr\/wp-json\/wp\/v2\/product_tag?post=3821"}],"curies":[{"name":"wp","href":"https:\/\/api.w.org\/{rel}","templated":true}]}}