{"id":3835,"date":"2026-02-24T07:00:04","date_gmt":"2026-02-24T07:00:04","guid":{"rendered":"https:\/\/www.youmushiguang.com\/?post_type=product&#038;p=3835"},"modified":"2026-02-24T07:03:42","modified_gmt":"2026-02-24T07:03:42","slug":"industrial-style-restaurant-and-cafe-furniture-sets","status":"publish","type":"product","link":"https:\/\/www.youmushiguang.com\/fr\/product\/industrial-style-restaurant-and-cafe-furniture-sets\/","title":{"rendered":"Ensemble de meubles de restaurant et de caf\u00e9 en bois de qualit\u00e9 commerciale de style industriel"},"content":{"rendered":"<div class=\"wp-block-columns is-layout-flex wp-container-core-columns-is-layout-9d6595d7 wp-block-columns-is-layout-flex\">\n<div class=\"wp-block-column is-layout-flow wp-block-column-is-layout-flow\" style=\"flex-basis:25%\"><\/div>\n\n\n\n<div class=\"wp-block-column is-layout-flow wp-block-column-is-layout-flow\" style=\"flex-basis:50%\">\n<figure class=\"wp-block-image size-full\"><img decoding=\"async\" width=\"750\" height=\"336\" src=\"https:\/\/www.youmushiguang.com\/wp-content\/uploads\/2025\/12\/438-1-1_1.webp\" alt=\"\" class=\"wp-image-3849\" srcset=\"https:\/\/www.youmushiguang.com\/wp-content\/uploads\/2025\/12\/438-1-1_1.webp 750w, https:\/\/www.youmushiguang.com\/wp-content\/uploads\/2025\/12\/438-1-1_1-300x134.webp 300w, https:\/\/www.youmushiguang.com\/wp-content\/uploads\/2025\/12\/438-1-1_1-18x8.webp 18w, https:\/\/www.youmushiguang.com\/wp-content\/uploads\/2025\/12\/438-1-1_1-600x269.webp 600w\" sizes=\"(max-width: 750px) 100vw, 750px\" \/><\/figure>\n\n\n\n<figure class=\"wp-block-image size-full\"><img decoding=\"async\" width=\"800\" height=\"800\" src=\"https:\/\/www.youmushiguang.com\/wp-content\/uploads\/2025\/12\/438-1-2.webp\" alt=\"\" class=\"wp-image-3850\" srcset=\"https:\/\/www.youmushiguang.com\/wp-content\/uploads\/2025\/12\/438-1-2.webp 800w, https:\/\/www.youmushiguang.com\/wp-content\/uploads\/2025\/12\/438-1-2-300x300.webp 300w, https:\/\/www.youmushiguang.com\/wp-content\/uploads\/2025\/12\/438-1-2-150x150.webp 150w, https:\/\/www.youmushiguang.com\/wp-content\/uploads\/2025\/12\/438-1-2-768x768.webp 768w, https:\/\/www.youmushiguang.com\/wp-content\/uploads\/2025\/12\/438-1-2-12x12.webp 12w, https:\/\/www.youmushiguang.com\/wp-content\/uploads\/2025\/12\/438-1-2-600x600.webp 600w, https:\/\/www.youmushiguang.com\/wp-content\/uploads\/2025\/12\/438-1-2-100x100.webp 100w\" sizes=\"(max-width: 800px) 100vw, 800px\" \/><\/figure>\n\n\n\n<figure class=\"wp-block-image size-full\"><img decoding=\"async\" width=\"750\" height=\"1385\" src=\"https:\/\/www.youmushiguang.com\/wp-content\/uploads\/2025\/12\/438-1-2_1.webp\" alt=\"\" class=\"wp-image-3851\" srcset=\"https:\/\/www.youmushiguang.com\/wp-content\/uploads\/2025\/12\/438-1-2_1.webp 750w, https:\/\/www.youmushiguang.com\/wp-content\/uploads\/2025\/12\/438-1-2_1-162x300.webp 162w, https:\/\/www.youmushiguang.com\/wp-content\/uploads\/2025\/12\/438-1-2_1-6x12.webp 6w, https:\/\/www.youmushiguang.com\/wp-content\/uploads\/2025\/12\/438-1-2_1-600x1108.webp 600w\" sizes=\"(max-width: 750px) 100vw, 750px\" \/><\/figure>\n\n\n\n<figure class=\"wp-block-image size-full\"><img decoding=\"async\" width=\"800\" height=\"800\" src=\"https:\/\/www.youmushiguang.com\/wp-content\/uploads\/2025\/12\/438-1-3.webp\" alt=\"\" class=\"wp-image-3852\" srcset=\"https:\/\/www.youmushiguang.com\/wp-content\/uploads\/2025\/12\/438-1-3.webp 800w, https:\/\/www.youmushiguang.com\/wp-content\/uploads\/2025\/12\/438-1-3-300x300.webp 300w, https:\/\/www.youmushiguang.com\/wp-content\/uploads\/2025\/12\/438-1-3-150x150.webp 150w, https:\/\/www.youmushiguang.com\/wp-content\/uploads\/2025\/12\/438-1-3-768x768.webp 768w, https:\/\/www.youmushiguang.com\/wp-content\/uploads\/2025\/12\/438-1-3-12x12.webp 12w, https:\/\/www.youmushiguang.com\/wp-content\/uploads\/2025\/12\/438-1-3-600x600.webp 600w, https:\/\/www.youmushiguang.com\/wp-content\/uploads\/2025\/12\/438-1-3-100x100.webp 100w\" sizes=\"(max-width: 800px) 100vw, 800px\" \/><\/figure>\n\n\n\n<figure class=\"wp-block-image size-full\"><img decoding=\"async\" width=\"750\" height=\"380\" src=\"https:\/\/www.youmushiguang.com\/wp-content\/uploads\/2025\/12\/438-1-3_1.webp\" alt=\"\" class=\"wp-image-3853\" srcset=\"https:\/\/www.youmushiguang.com\/wp-content\/uploads\/2025\/12\/438-1-3_1.webp 750w, https:\/\/www.youmushiguang.com\/wp-content\/uploads\/2025\/12\/438-1-3_1-300x152.webp 300w, https:\/\/www.youmushiguang.com\/wp-content\/uploads\/2025\/12\/438-1-3_1-18x9.webp 18w, https:\/\/www.youmushiguang.com\/wp-content\/uploads\/2025\/12\/438-1-3_1-600x304.webp 600w\" sizes=\"(max-width: 750px) 100vw, 750px\" \/><\/figure>\n\n\n\n<figure class=\"wp-block-image size-full\"><img decoding=\"async\" width=\"800\" height=\"800\" src=\"https:\/\/www.youmushiguang.com\/wp-content\/uploads\/2025\/12\/438-1-4.webp\" alt=\"\" class=\"wp-image-3854\" srcset=\"https:\/\/www.youmushiguang.com\/wp-content\/uploads\/2025\/12\/438-1-4.webp 800w, https:\/\/www.youmushiguang.com\/wp-content\/uploads\/2025\/12\/438-1-4-300x300.webp 300w, https:\/\/www.youmushiguang.com\/wp-content\/uploads\/2025\/12\/438-1-4-150x150.webp 150w, https:\/\/www.youmushiguang.com\/wp-content\/uploads\/2025\/12\/438-1-4-768x768.webp 768w, https:\/\/www.youmushiguang.com\/wp-content\/uploads\/2025\/12\/438-1-4-12x12.webp 12w, https:\/\/www.youmushiguang.com\/wp-content\/uploads\/2025\/12\/438-1-4-600x600.webp 600w, https:\/\/www.youmushiguang.com\/wp-content\/uploads\/2025\/12\/438-1-4-100x100.webp 100w\" sizes=\"(max-width: 800px) 100vw, 800px\" \/><\/figure>\n\n\n\n<figure class=\"wp-block-image size-full\"><img decoding=\"async\" width=\"750\" height=\"708\" src=\"https:\/\/www.youmushiguang.com\/wp-content\/uploads\/2025\/12\/438-1-4_1.webp\" alt=\"\" class=\"wp-image-3855\" srcset=\"https:\/\/www.youmushiguang.com\/wp-content\/uploads\/2025\/12\/438-1-4_1.webp 750w, https:\/\/www.youmushiguang.com\/wp-content\/uploads\/2025\/12\/438-1-4_1-300x283.webp 300w, https:\/\/www.youmushiguang.com\/wp-content\/uploads\/2025\/12\/438-1-4_1-13x12.webp 13w, https:\/\/www.youmushiguang.com\/wp-content\/uploads\/2025\/12\/438-1-4_1-600x566.webp 600w\" sizes=\"(max-width: 750px) 100vw, 750px\" \/><\/figure>\n\n\n\n<figure class=\"wp-block-image size-full\"><img decoding=\"async\" width=\"750\" height=\"1989\" src=\"https:\/\/www.youmushiguang.com\/wp-content\/uploads\/2025\/12\/438-1-5_1.webp\" alt=\"\" class=\"wp-image-3856\" srcset=\"https:\/\/www.youmushiguang.com\/wp-content\/uploads\/2025\/12\/438-1-5_1.webp 750w, https:\/\/www.youmushiguang.com\/wp-content\/uploads\/2025\/12\/438-1-5_1-113x300.webp 113w, https:\/\/www.youmushiguang.com\/wp-content\/uploads\/2025\/12\/438-1-5_1-5x12.webp 5w, https:\/\/www.youmushiguang.com\/wp-content\/uploads\/2025\/12\/438-1-5_1-600x1591.webp 600w\" sizes=\"(max-width: 750px) 100vw, 750px\" \/><\/figure>\n\n\n\n<figure class=\"wp-block-image size-full\"><img decoding=\"async\" width=\"750\" height=\"2036\" src=\"https:\/\/www.youmushiguang.com\/wp-content\/uploads\/2025\/12\/438-1-6_1.webp\" alt=\"\" class=\"wp-image-3857\" srcset=\"https:\/\/www.youmushiguang.com\/wp-content\/uploads\/2025\/12\/438-1-6_1.webp 750w, https:\/\/www.youmushiguang.com\/wp-content\/uploads\/2025\/12\/438-1-6_1-111x300.webp 111w, https:\/\/www.youmushiguang.com\/wp-content\/uploads\/2025\/12\/438-1-6_1-4x12.webp 4w, https:\/\/www.youmushiguang.com\/wp-content\/uploads\/2025\/12\/438-1-6_1-600x1629.webp 600w\" sizes=\"(max-width: 750px) 100vw, 750px\" \/><\/figure>\n\n\n\n<figure class=\"wp-block-image size-full\"><img decoding=\"async\" width=\"750\" height=\"1402\" src=\"https:\/\/www.youmushiguang.com\/wp-content\/uploads\/2025\/12\/438-1-7_1.webp\" alt=\"\" class=\"wp-image-3858\" srcset=\"https:\/\/www.youmushiguang.com\/wp-content\/uploads\/2025\/12\/438-1-7_1.webp 750w, https:\/\/www.youmushiguang.com\/wp-content\/uploads\/2025\/12\/438-1-7_1-160x300.webp 160w, https:\/\/www.youmushiguang.com\/wp-content\/uploads\/2025\/12\/438-1-7_1-6x12.webp 6w, https:\/\/www.youmushiguang.com\/wp-content\/uploads\/2025\/12\/438-1-7_1-600x1122.webp 600w\" sizes=\"(max-width: 750px) 100vw, 750px\" \/><\/figure>\n<\/div>\n\n\n\n<div class=\"wp-block-column is-layout-flow wp-block-column-is-layout-flow\" style=\"flex-basis:25%\"><\/div>\n<\/div>\n\n\n\n<p><\/p>","protected":false},"excerpt":{"rendered":"<div id=\"tw-container\" class=\"nev7se\" data-cp=\"1\" data-nnttsvi=\"1\" data-sletp=\"false\" data-sm=\"1\" data-ssbp=\"false\" data-sugg-time=\"500\" data-sugg-url=\"https:\/\/clients1.google.com\/complete\/search\" data-uilc=\"zh-CN\" data-vil=\",af,af-ZA,am,am-ET,ar-EG,ar-AE,ar-KW,ar-QA,ar,ar-IL,ar-JO,ar-LB,ar-PS,az,az-AZ,bg,bg-BG,bn,bn-BD,bn-IN,ca,ca-es,cs,cs-CZ,de,de-DE,de-CH,de-AT,de-LI,en,en-US,en-CA,en-AU,en-NZ,en-GB,en-IN,en-KE,en-TZ,en-NG,en-GH,en-PH,en-ZA,es,es-ES,es-AR,es-UY,es-419,es-BO,es-CL,es-CR,es-CO,es-DO,es-EC,es-GT,es-HN,es-NI,es-PA,es-PE,es-PR,es-PY,es-SV,es-VE,es-MX,es-US,eu,eu-ES,fi,fi-FI,fr,fr-FR,fr-CH,fr-BE,gl,gl-ES,gu,gu-IN,he,he-IL,iw,iw-IL,hu,hu-HU,hy,hy-AM,id,id-ID,is,is-IS,it,it-IT,it-CH,ja,ja-JP,jv,jv-ID,ka,ka-GE,km,km-KH,kn,kn-IN,ko,ko-KR,la,lo,lo-LA,lv,lv-LV,ml,ml-IN,mr,mr-IN,ms,ms-MY,nl,nl-NL,nb,nb-NO,ne,ne-NP,pl,pl-PL,pt,pt-BR,pt-PT,ro,ro-RO,ru,ru-RU,si-LK,sk,sk-SK,sr,sr-RS,su,su-ID,sv,sv-SE,sw,sw-TZ,sw-KE,ta,ta-IN,ta-SG,ta-LK,ta-MY,te,te-IN,tr,tr-TR,ur,ur-PK,ur-IN,yue,yue-HK,yue-Hant-HK,zh-HK,zh,zh-CN,zh-cmn,zh-cmn-CN,zh-Hans,zh-Hans-CN,zh-cmn-Hans,zh-cmn-Hans-CN,cmn-CN,cmn-Hans,cmn-Hans-CN,zh-TW,zh-Hant-TW,cmn-TW,cmn-Hant-TW,zh-cmn-TW,zh-cmn-Hant-TW,zu,zu-ZA,hi,hi-IN,tl,tl-PH,pa,pa-IN\">\n<div id=\"tw-ob\" class=\"tw-src-ltr\">\n<div class=\"oSioSc\">\n<div id=\"tw-target\">\n<div id=\"kAz1tf\" class=\"g9WsWb PZPZlf\" data-attrid=\"tw-targetArea\" data-entityname=\"Google Translate\">\n<div id=\"tw-target-text-container\" class=\"tw-ta-container tw-nfl\" role=\"text\">\n<div class=\"tw-ta-container tw-nfl\" role=\"text\">\n<p>Elevate your dining space with our industrial style chair and table set, perfect for fast food restaurants, cafes, bistros, bubble tea shops, and dessert shops. We offer OEM and ODM customization services and solutions to optimize your restaurant&#8217;s space layout. Bulk supply available. Contact us for a quote.<\/p>\n<\/div>\n<\/div>\n<\/div>\n<\/div>\n<\/div>\n<\/div>\n<\/div>\n<h2>Sp\u00e9cifications de l'ensemble table et chaise de style industriel<\/h2>\n<table width=\"668\">\n<tbody>\n<tr>\n<td width=\"143\">Mod\u00e8le<\/td>\n<td width=\"525\">438-1<\/td>\n<\/tr>\n<tr>\n<td width=\"143\">Cat\u00e9gorie<\/td>\n<td width=\"525\">Mobilier de restaurant<\/td>\n<\/tr>\n<tr>\n<td width=\"143\">Nom du produit<\/td>\n<td width=\"525\">Tables et chaises de restaurant<\/td>\n<\/tr>\n<tr>\n<td width=\"143\">Options de personnalisation<\/td>\n<td width=\"525\">Style\/couleur\/taille\/mati\u00e8re<\/td>\n<\/tr>\n<tr>\n<td width=\"143\">Tableau<\/td>\n<td width=\"525\">Plateau en contreplaqu\u00e9 multicouche + Pieds de table en m\u00e9tal de haute qualit\u00e9<\/td>\n<\/tr>\n<tr>\n<td width=\"143\">Pr\u00e9sident<\/td>\n<td width=\"525\">Cadre m\u00e9tallique + cuir Nappa de qualit\u00e9 sup\u00e9rieure + mousse haute densit\u00e9<\/td>\n<\/tr>\n<tr>\n<td width=\"143\">Cabine<\/td>\n<td width=\"525\">Cadre en contreplaqu\u00e9 multicouche + rev\u00eatement en cuir de premi\u00e8re qualit\u00e9\u00a0<\/td>\n<\/tr>\n<tr>\n<td width=\"143\">Sc\u00e8ne d'application<\/td>\n<td width=\"525\">Restaurant\/restaurant \u00e0 th\u00e8me\u00a0<\/td>\n<\/tr>\n<tr>\n<td width=\"143\">Couleur<\/td>\n<td width=\"525\">Noyer\/Blanc cass\u00e9 (personnalisable)<\/td>\n<\/tr>\n<tr>\n<td width=\"143\">Mat\u00e9riau<\/td>\n<td width=\"525\">Bois massif\/contreplaqu\u00e9\/m\u00e9tal\/cuir\/\u00e9ponge<\/td>\n<\/tr>\n<tr>\n<td width=\"143\">Style<\/td>\n<td width=\"525\">R\u00e9tro<\/td>\n<\/tr>\n<\/tbody>\n<\/table>\n<p>&nbsp;<\/p>\n<p>&nbsp;<\/p>\n<p>&nbsp;<\/p>\n<p>&nbsp;<\/p>\n<p>&nbsp;<\/p>\n<p>&nbsp;<\/p>\n<p>\n<script src=\"chrome-extension:\/\/fpelahbljekknahkcaegamhcndkfpfnc\/iFrame.js\" type=\"text\/javascript\"><\/script><\/p>","protected":false},"featured_media":3836,"comment_status":"closed","ping_status":"closed","template":"","meta":{"_acf_changed":true},"product_brand":[],"product_cat":[20,24,36,47],"product_tag":[],"class_list":{"0":"post-3835","1":"product","2":"type-product","3":"status-publish","4":"has-post-thumbnail","6":"product_cat-wholesale-cafe-furniture","7":"product_cat-wholesale-restaurant-furniture","8":"product_cat-wholesale-coffee-shop-restaurant-furniture","9":"product_cat-industrial-style-restaurant-furniture","11":"first","12":"instock","13":"shipping-taxable","14":"product-type-simple"},"acf":[],"_links":{"self":[{"href":"https:\/\/www.youmushiguang.com\/fr\/wp-json\/wp\/v2\/product\/3835","targetHints":{"allow":["GET"]}}],"collection":[{"href":"https:\/\/www.youmushiguang.com\/fr\/wp-json\/wp\/v2\/product"}],"about":[{"href":"https:\/\/www.youmushiguang.com\/fr\/wp-json\/wp\/v2\/types\/product"}],"replies":[{"embeddable":true,"href":"https:\/\/www.youmushiguang.com\/fr\/wp-json\/wp\/v2\/comments?post=3835"}],"wp:featuredmedia":[{"embeddable":true,"href":"https:\/\/www.youmushiguang.com\/fr\/wp-json\/wp\/v2\/media\/3836"}],"wp:attachment":[{"href":"https:\/\/www.youmushiguang.com\/fr\/wp-json\/wp\/v2\/media?parent=3835"}],"wp:term":[{"taxonomy":"product_brand","embeddable":true,"href":"https:\/\/www.youmushiguang.com\/fr\/wp-json\/wp\/v2\/product_brand?post=3835"},{"taxonomy":"product_cat","embeddable":true,"href":"https:\/\/www.youmushiguang.com\/fr\/wp-json\/wp\/v2\/product_cat?post=3835"},{"taxonomy":"product_tag","embeddable":true,"href":"https:\/\/www.youmushiguang.com\/fr\/wp-json\/wp\/v2\/product_tag?post=3835"}],"curies":[{"name":"wp","href":"https:\/\/api.w.org\/{rel}","templated":true}]}}