{"id":3989,"date":"2025-12-18T02:55:58","date_gmt":"2025-12-18T02:55:58","guid":{"rendered":"https:\/\/www.youmushiguang.com\/?post_type=product&#038;p=3989"},"modified":"2026-01-23T03:13:46","modified_gmt":"2026-01-23T03:13:46","slug":"wholesale-korean-style-casual-restaurant-cafe-table-and-chair-set","status":"publish","type":"product","link":"https:\/\/www.youmushiguang.com\/fr\/product\/wholesale-korean-style-casual-restaurant-cafe-table-and-chair-set\/","title":{"rendered":"Korean-style Casual Restaurant Cafe Table and Chair Sets &#8211; Directly Supplied by Our Factory"},"content":{"rendered":"<div class=\"wp-block-columns is-layout-flex wp-container-core-columns-is-layout-9d6595d7 wp-block-columns-is-layout-flex\">\n<div class=\"wp-block-column is-layout-flow wp-block-column-is-layout-flow\" style=\"flex-basis:25%\"><\/div>\n\n\n\n<div class=\"wp-block-column is-layout-flow wp-block-column-is-layout-flow\" style=\"flex-basis:50%\">\n<figure class=\"wp-block-image size-full\"><img decoding=\"async\" width=\"750\" height=\"389\" src=\"https:\/\/www.youmushiguang.com\/wp-content\/uploads\/2025\/12\/1-45.webp\" alt=\"\" class=\"wp-image-4000\" srcset=\"https:\/\/www.youmushiguang.com\/wp-content\/uploads\/2025\/12\/1-45.webp 750w, https:\/\/www.youmushiguang.com\/wp-content\/uploads\/2025\/12\/1-45-300x156.webp 300w, https:\/\/www.youmushiguang.com\/wp-content\/uploads\/2025\/12\/1-45-18x9.webp 18w, https:\/\/www.youmushiguang.com\/wp-content\/uploads\/2025\/12\/1-45-600x311.webp 600w\" sizes=\"(max-width: 750px) 100vw, 750px\" \/><\/figure>\n\n\n\n<figure class=\"wp-block-image size-full\"><img decoding=\"async\" width=\"750\" height=\"627\" src=\"https:\/\/www.youmushiguang.com\/wp-content\/uploads\/2025\/12\/2-48.webp\" alt=\"\" class=\"wp-image-4001\" srcset=\"https:\/\/www.youmushiguang.com\/wp-content\/uploads\/2025\/12\/2-48.webp 750w, https:\/\/www.youmushiguang.com\/wp-content\/uploads\/2025\/12\/2-48-300x251.webp 300w, https:\/\/www.youmushiguang.com\/wp-content\/uploads\/2025\/12\/2-48-14x12.webp 14w, https:\/\/www.youmushiguang.com\/wp-content\/uploads\/2025\/12\/2-48-600x502.webp 600w\" sizes=\"(max-width: 750px) 100vw, 750px\" \/><\/figure>\n\n\n\n<figure class=\"wp-block-image size-full\"><img decoding=\"async\" width=\"750\" height=\"1430\" src=\"https:\/\/www.youmushiguang.com\/wp-content\/uploads\/2025\/12\/3-44.webp\" alt=\"\" class=\"wp-image-4002\" srcset=\"https:\/\/www.youmushiguang.com\/wp-content\/uploads\/2025\/12\/3-44.webp 750w, https:\/\/www.youmushiguang.com\/wp-content\/uploads\/2025\/12\/3-44-157x300.webp 157w, https:\/\/www.youmushiguang.com\/wp-content\/uploads\/2025\/12\/3-44-6x12.webp 6w, https:\/\/www.youmushiguang.com\/wp-content\/uploads\/2025\/12\/3-44-600x1144.webp 600w\" sizes=\"(max-width: 750px) 100vw, 750px\" \/><\/figure>\n\n\n\n<figure class=\"wp-block-image size-full\"><img decoding=\"async\" width=\"750\" height=\"1004\" src=\"https:\/\/www.youmushiguang.com\/wp-content\/uploads\/2025\/12\/4-44.webp\" alt=\"\" class=\"wp-image-4003\" srcset=\"https:\/\/www.youmushiguang.com\/wp-content\/uploads\/2025\/12\/4-44.webp 750w, https:\/\/www.youmushiguang.com\/wp-content\/uploads\/2025\/12\/4-44-224x300.webp 224w, https:\/\/www.youmushiguang.com\/wp-content\/uploads\/2025\/12\/4-44-9x12.webp 9w, https:\/\/www.youmushiguang.com\/wp-content\/uploads\/2025\/12\/4-44-600x803.webp 600w\" sizes=\"(max-width: 750px) 100vw, 750px\" \/><\/figure>\n\n\n\n<figure class=\"wp-block-image size-full\"><img decoding=\"async\" width=\"750\" height=\"403\" src=\"https:\/\/www.youmushiguang.com\/wp-content\/uploads\/2025\/12\/5-28.webp\" alt=\"\" class=\"wp-image-4004\" srcset=\"https:\/\/www.youmushiguang.com\/wp-content\/uploads\/2025\/12\/5-28.webp 750w, https:\/\/www.youmushiguang.com\/wp-content\/uploads\/2025\/12\/5-28-300x161.webp 300w, https:\/\/www.youmushiguang.com\/wp-content\/uploads\/2025\/12\/5-28-18x10.webp 18w, https:\/\/www.youmushiguang.com\/wp-content\/uploads\/2025\/12\/5-28-600x322.webp 600w\" sizes=\"(max-width: 750px) 100vw, 750px\" \/><\/figure>\n\n\n\n<figure class=\"wp-block-image size-full\"><img decoding=\"async\" width=\"750\" height=\"1042\" src=\"https:\/\/www.youmushiguang.com\/wp-content\/uploads\/2025\/12\/6-18.webp\" alt=\"\" class=\"wp-image-4005\" srcset=\"https:\/\/www.youmushiguang.com\/wp-content\/uploads\/2025\/12\/6-18.webp 750w, https:\/\/www.youmushiguang.com\/wp-content\/uploads\/2025\/12\/6-18-216x300.webp 216w, https:\/\/www.youmushiguang.com\/wp-content\/uploads\/2025\/12\/6-18-9x12.webp 9w, https:\/\/www.youmushiguang.com\/wp-content\/uploads\/2025\/12\/6-18-600x834.webp 600w\" sizes=\"(max-width: 750px) 100vw, 750px\" \/><\/figure>\n\n\n\n<figure class=\"wp-block-image size-full\"><img decoding=\"async\" width=\"750\" height=\"927\" src=\"https:\/\/www.youmushiguang.com\/wp-content\/uploads\/2025\/12\/7-12.webp\" alt=\"\" class=\"wp-image-4006\" srcset=\"https:\/\/www.youmushiguang.com\/wp-content\/uploads\/2025\/12\/7-12.webp 750w, https:\/\/www.youmushiguang.com\/wp-content\/uploads\/2025\/12\/7-12-243x300.webp 243w, https:\/\/www.youmushiguang.com\/wp-content\/uploads\/2025\/12\/7-12-10x12.webp 10w, https:\/\/www.youmushiguang.com\/wp-content\/uploads\/2025\/12\/7-12-600x742.webp 600w\" sizes=\"(max-width: 750px) 100vw, 750px\" \/><\/figure>\n\n\n\n<figure class=\"wp-block-image size-full\"><img decoding=\"async\" width=\"750\" height=\"1994\" src=\"https:\/\/www.youmushiguang.com\/wp-content\/uploads\/2025\/12\/8-9.webp\" alt=\"\" class=\"wp-image-4007\" srcset=\"https:\/\/www.youmushiguang.com\/wp-content\/uploads\/2025\/12\/8-9.webp 750w, https:\/\/www.youmushiguang.com\/wp-content\/uploads\/2025\/12\/8-9-113x300.webp 113w, https:\/\/www.youmushiguang.com\/wp-content\/uploads\/2025\/12\/8-9-5x12.webp 5w, https:\/\/www.youmushiguang.com\/wp-content\/uploads\/2025\/12\/8-9-600x1595.webp 600w\" sizes=\"(max-width: 750px) 100vw, 750px\" \/><\/figure>\n\n\n\n<figure class=\"wp-block-image size-full\"><img decoding=\"async\" width=\"750\" height=\"1303\" src=\"https:\/\/www.youmushiguang.com\/wp-content\/uploads\/2025\/12\/9-8.webp\" alt=\"\" class=\"wp-image-4008\" srcset=\"https:\/\/www.youmushiguang.com\/wp-content\/uploads\/2025\/12\/9-8.webp 750w, https:\/\/www.youmushiguang.com\/wp-content\/uploads\/2025\/12\/9-8-173x300.webp 173w, https:\/\/www.youmushiguang.com\/wp-content\/uploads\/2025\/12\/9-8-7x12.webp 7w, https:\/\/www.youmushiguang.com\/wp-content\/uploads\/2025\/12\/9-8-600x1042.webp 600w\" sizes=\"(max-width: 750px) 100vw, 750px\" \/><\/figure>\n\n\n\n<figure class=\"wp-block-image size-full\"><img decoding=\"async\" width=\"750\" height=\"901\" src=\"https:\/\/www.youmushiguang.com\/wp-content\/uploads\/2025\/12\/10-9.webp\" alt=\"\" class=\"wp-image-4009\" srcset=\"https:\/\/www.youmushiguang.com\/wp-content\/uploads\/2025\/12\/10-9.webp 750w, https:\/\/www.youmushiguang.com\/wp-content\/uploads\/2025\/12\/10-9-250x300.webp 250w, https:\/\/www.youmushiguang.com\/wp-content\/uploads\/2025\/12\/10-9-10x12.webp 10w, https:\/\/www.youmushiguang.com\/wp-content\/uploads\/2025\/12\/10-9-600x721.webp 600w\" sizes=\"(max-width: 750px) 100vw, 750px\" \/><\/figure>\n\n\n\n<figure class=\"wp-block-image size-full\"><img decoding=\"async\" width=\"750\" height=\"1408\" src=\"https:\/\/www.youmushiguang.com\/wp-content\/uploads\/2025\/12\/11-5.webp\" alt=\"\" class=\"wp-image-4010\" srcset=\"https:\/\/www.youmushiguang.com\/wp-content\/uploads\/2025\/12\/11-5.webp 750w, https:\/\/www.youmushiguang.com\/wp-content\/uploads\/2025\/12\/11-5-160x300.webp 160w, https:\/\/www.youmushiguang.com\/wp-content\/uploads\/2025\/12\/11-5-6x12.webp 6w, https:\/\/www.youmushiguang.com\/wp-content\/uploads\/2025\/12\/11-5-600x1126.webp 600w\" sizes=\"(max-width: 750px) 100vw, 750px\" \/><\/figure>\n<\/div>\n\n\n\n<div class=\"wp-block-column is-layout-flow wp-block-column-is-layout-flow\" style=\"flex-basis:25%\"><\/div>\n<\/div>\n\n\n\n<p><\/p>","protected":false},"excerpt":{"rendered":"<div id=\"tw-container\" class=\"nev7se\" data-cp=\"1\" data-nnttsvi=\"1\" data-sletp=\"false\" data-sm=\"1\" data-ssbp=\"false\" data-sugg-time=\"500\" data-sugg-url=\"https:\/\/clients1.google.com\/complete\/search\" data-uilc=\"zh-CN\" data-vil=\",af,af-ZA,am,am-ET,ar-EG,ar-AE,ar-KW,ar-QA,ar,ar-IL,ar-JO,ar-LB,ar-PS,az,az-AZ,bg,bg-BG,bn,bn-BD,bn-IN,ca,ca-es,cs,cs-CZ,de,de-DE,de-CH,de-AT,de-LI,en,en-US,en-CA,en-AU,en-NZ,en-GB,en-IN,en-KE,en-TZ,en-NG,en-GH,en-PH,en-ZA,es,es-ES,es-AR,es-UY,es-419,es-BO,es-CL,es-CR,es-CO,es-DO,es-EC,es-GT,es-HN,es-NI,es-PA,es-PE,es-PR,es-PY,es-SV,es-VE,es-MX,es-US,eu,eu-ES,fi,fi-FI,fr,fr-FR,fr-CH,fr-BE,gl,gl-ES,gu,gu-IN,he,he-IL,iw,iw-IL,hu,hu-HU,hy,hy-AM,id,id-ID,is,is-IS,it,it-IT,it-CH,ja,ja-JP,jv,jv-ID,ka,ka-GE,km,km-KH,kn,kn-IN,ko,ko-KR,la,lo,lo-LA,lv,lv-LV,ml,ml-IN,mr,mr-IN,ms,ms-MY,nl,nl-NL,nb,nb-NO,ne,ne-NP,pl,pl-PL,pt,pt-BR,pt-PT,ro,ro-RO,ru,ru-RU,si-LK,sk,sk-SK,sr,sr-RS,su,su-ID,sv,sv-SE,sw,sw-TZ,sw-KE,ta,ta-IN,ta-SG,ta-LK,ta-MY,te,te-IN,tr,tr-TR,ur,ur-PK,ur-IN,yue,yue-HK,yue-Hant-HK,zh-HK,zh,zh-CN,zh-cmn,zh-cmn-CN,zh-Hans,zh-Hans-CN,zh-cmn-Hans,zh-cmn-Hans-CN,cmn-CN,cmn-Hans,cmn-Hans-CN,zh-TW,zh-Hant-TW,cmn-TW,cmn-Hant-TW,zh-cmn-TW,zh-cmn-Hant-TW,zu,zu-ZA,hi,hi-IN,tl,tl-PH,pa,pa-IN\">\n<div id=\"tw-ob\" class=\"tw-src-ltr\">\n<div class=\"oSioSc\">\n<div id=\"tw-target\">\n<div id=\"kAz1tf\" class=\"g9WsWb PZPZlf\" data-attrid=\"tw-targetArea\" data-entityname=\"Google Translate\">\n<div id=\"tw-target-text-container\" class=\"tw-ta-container tw-nfl\" role=\"text\">\n<div class=\"tw-ta-container tw-nfl\" role=\"text\">\n<p>We wholesale Korean-style casual restaurant and cafe table and chair sets. As a factory-direct supplier, we offer highly competitive wholesale prices, making it easy and economical to furnish multiple locations. We provide comprehensive OEM and ODM support, allowing you to customize materials, colors, sizes, and finishes to match your restaurant or cafe&#8217;s style and create a harmonious, comfortable dining environment.<\/p>\n<\/div>\n<\/div>\n<\/div>\n<\/div>\n<\/div>\n<\/div>\n<\/div>\n<h2>Specifications of\u00a0 Korean-style Casual Restaurant Cafe Table and Chair Set<\/h2>\n<table width=\"668\">\n<tbody>\n<tr>\n<td width=\"143\">Mod\u00e8le<\/td>\n<td width=\"525\">464<\/td>\n<\/tr>\n<tr>\n<td width=\"143\">Cat\u00e9gorie<\/td>\n<td width=\"525\">Mobilier de restaurant<\/td>\n<\/tr>\n<tr>\n<td width=\"143\">Nom du produit<\/td>\n<td width=\"525\">Tables et chaises de restaurant<\/td>\n<\/tr>\n<tr>\n<td width=\"143\">Options de personnalisation<\/td>\n<td width=\"525\">Style\/couleur\/taille\/mati\u00e8re<\/td>\n<\/tr>\n<tr>\n<td width=\"143\">Tableau<\/td>\n<td width=\"525\">Plateau en contreplaqu\u00e9 multicouche + Pieds de table en m\u00e9tal de haute qualit\u00e9<\/td>\n<\/tr>\n<tr>\n<td width=\"143\">Pr\u00e9sident<\/td>\n<td width=\"525\">Structure en m\u00e9tal + assise et dossier en bois.<\/td>\n<\/tr>\n<tr>\n<td width=\"143\">Cabine<\/td>\n<td width=\"525\">Cadre en contreplaqu\u00e9 multicouche + rev\u00eatement en cuir de premi\u00e8re qualit\u00e9\u00a0<\/td>\n<\/tr>\n<tr>\n<td width=\"143\">Sc\u00e8ne d'application<\/td>\n<td width=\"525\">Restaurant\/restaurant \u00e0 th\u00e8me\u00a0<\/td>\n<\/tr>\n<tr>\n<td width=\"143\">Couleur<\/td>\n<td width=\"525\">Noyer\/Blanc cass\u00e9 (personnalisable)<\/td>\n<\/tr>\n<tr>\n<td width=\"143\">Mat\u00e9riau<\/td>\n<td width=\"525\">Bois massif\/contreplaqu\u00e9\/m\u00e9tal\/cuir\/\u00e9ponge<\/td>\n<\/tr>\n<tr>\n<td width=\"143\">Style<\/td>\n<td width=\"525\">moderne<\/td>\n<\/tr>\n<\/tbody>\n<\/table>\n<p>&nbsp;<\/p>\n<p>&nbsp;<\/p>\n<p>&nbsp;<\/p>\n<p>&nbsp;<\/p>\n<p><script src=\"chrome-extension:\/\/fpelahbljekknahkcaegamhcndkfpfnc\/iFrame.js\" type=\"text\/javascript\"><\/script><\/p>","protected":false},"featured_media":3990,"comment_status":"closed","ping_status":"closed","template":"","meta":{"_acf_changed":true},"product_brand":[],"product_cat":[20,24,36,41],"product_tag":[],"class_list":{"0":"post-3989","1":"product","2":"type-product","3":"status-publish","4":"has-post-thumbnail","6":"product_cat-wholesale-cafe-furniture","7":"product_cat-wholesale-restaurant-furniture","8":"product_cat-wholesale-coffee-shop-restaurant-furniture","9":"product_cat-wholesale-korean-style-restaurant-furniture","11":"first","12":"instock","13":"shipping-taxable","14":"product-type-simple"},"acf":[],"_links":{"self":[{"href":"https:\/\/www.youmushiguang.com\/fr\/wp-json\/wp\/v2\/product\/3989","targetHints":{"allow":["GET"]}}],"collection":[{"href":"https:\/\/www.youmushiguang.com\/fr\/wp-json\/wp\/v2\/product"}],"about":[{"href":"https:\/\/www.youmushiguang.com\/fr\/wp-json\/wp\/v2\/types\/product"}],"replies":[{"embeddable":true,"href":"https:\/\/www.youmushiguang.com\/fr\/wp-json\/wp\/v2\/comments?post=3989"}],"wp:featuredmedia":[{"embeddable":true,"href":"https:\/\/www.youmushiguang.com\/fr\/wp-json\/wp\/v2\/media\/3990"}],"wp:attachment":[{"href":"https:\/\/www.youmushiguang.com\/fr\/wp-json\/wp\/v2\/media?parent=3989"}],"wp:term":[{"taxonomy":"product_brand","embeddable":true,"href":"https:\/\/www.youmushiguang.com\/fr\/wp-json\/wp\/v2\/product_brand?post=3989"},{"taxonomy":"product_cat","embeddable":true,"href":"https:\/\/www.youmushiguang.com\/fr\/wp-json\/wp\/v2\/product_cat?post=3989"},{"taxonomy":"product_tag","embeddable":true,"href":"https:\/\/www.youmushiguang.com\/fr\/wp-json\/wp\/v2\/product_tag?post=3989"}],"curies":[{"name":"wp","href":"https:\/\/api.w.org\/{rel}","templated":true}]}}