{"id":4033,"date":"2025-12-18T02:47:49","date_gmt":"2025-12-18T02:47:49","guid":{"rendered":"https:\/\/www.youmushiguang.com\/?post_type=product&#038;p=4033"},"modified":"2025-12-19T09:33:47","modified_gmt":"2025-12-19T09:33:47","slug":"wholesale-modern-and-minimalist-restaurant-and-cafe-furniture-set-oem-and-odm-support","status":"publish","type":"product","link":"https:\/\/www.youmushiguang.com\/fr\/product\/wholesale-modern-and-minimalist-restaurant-and-cafe-furniture-set-oem-and-odm-support\/","title":{"rendered":"Wholesale Modern and Minimalist Restaurant and Cafe Furniture Set \u2013 OEM and ODM Support"},"content":{"rendered":"<div class=\"wp-block-columns is-layout-flex wp-container-core-columns-is-layout-9d6595d7 wp-block-columns-is-layout-flex\">\n<div class=\"wp-block-column is-layout-flow wp-block-column-is-layout-flow\" style=\"flex-basis:25%\"><\/div>\n\n\n\n<div class=\"wp-block-column is-layout-flow wp-block-column-is-layout-flow\" style=\"flex-basis:50%\">\n<figure class=\"wp-block-image size-full\"><img decoding=\"async\" width=\"750\" height=\"1815\" src=\"https:\/\/www.youmushiguang.com\/wp-content\/uploads\/2025\/12\/483-2-\u8be6\u60c52-1.webp\" alt=\"\" class=\"wp-image-4044\" srcset=\"https:\/\/www.youmushiguang.com\/wp-content\/uploads\/2025\/12\/483-2-\u8be6\u60c52-1.webp 750w, https:\/\/www.youmushiguang.com\/wp-content\/uploads\/2025\/12\/483-2-\u8be6\u60c52-1-124x300.webp 124w, https:\/\/www.youmushiguang.com\/wp-content\/uploads\/2025\/12\/483-2-\u8be6\u60c52-1-5x12.webp 5w, https:\/\/www.youmushiguang.com\/wp-content\/uploads\/2025\/12\/483-2-\u8be6\u60c52-1-600x1452.webp 600w\" sizes=\"(max-width: 750px) 100vw, 750px\" \/><\/figure>\n\n\n\n<figure class=\"wp-block-image size-full\"><img decoding=\"async\" width=\"750\" height=\"1672\" src=\"https:\/\/www.youmushiguang.com\/wp-content\/uploads\/2025\/12\/483-2-\u8be6\u60c52-2.webp\" alt=\"\" class=\"wp-image-4045\" srcset=\"https:\/\/www.youmushiguang.com\/wp-content\/uploads\/2025\/12\/483-2-\u8be6\u60c52-2.webp 750w, https:\/\/www.youmushiguang.com\/wp-content\/uploads\/2025\/12\/483-2-\u8be6\u60c52-2-135x300.webp 135w, https:\/\/www.youmushiguang.com\/wp-content\/uploads\/2025\/12\/483-2-\u8be6\u60c52-2-5x12.webp 5w, https:\/\/www.youmushiguang.com\/wp-content\/uploads\/2025\/12\/483-2-\u8be6\u60c52-2-600x1338.webp 600w\" sizes=\"(max-width: 750px) 100vw, 750px\" \/><\/figure>\n\n\n\n<figure class=\"wp-block-image size-full\"><img decoding=\"async\" width=\"750\" height=\"947\" src=\"https:\/\/www.youmushiguang.com\/wp-content\/uploads\/2025\/12\/483-2-\u8be6\u60c52-3.webp\" alt=\"\" class=\"wp-image-4046\" srcset=\"https:\/\/www.youmushiguang.com\/wp-content\/uploads\/2025\/12\/483-2-\u8be6\u60c52-3.webp 750w, https:\/\/www.youmushiguang.com\/wp-content\/uploads\/2025\/12\/483-2-\u8be6\u60c52-3-238x300.webp 238w, https:\/\/www.youmushiguang.com\/wp-content\/uploads\/2025\/12\/483-2-\u8be6\u60c52-3-10x12.webp 10w, https:\/\/www.youmushiguang.com\/wp-content\/uploads\/2025\/12\/483-2-\u8be6\u60c52-3-600x758.webp 600w\" sizes=\"(max-width: 750px) 100vw, 750px\" \/><\/figure>\n\n\n\n<figure class=\"wp-block-image size-full\"><img decoding=\"async\" width=\"750\" height=\"1666\" src=\"https:\/\/www.youmushiguang.com\/wp-content\/uploads\/2025\/12\/483-2-\u8be6\u60c52-4.webp\" alt=\"\" class=\"wp-image-4047\" srcset=\"https:\/\/www.youmushiguang.com\/wp-content\/uploads\/2025\/12\/483-2-\u8be6\u60c52-4.webp 750w, https:\/\/www.youmushiguang.com\/wp-content\/uploads\/2025\/12\/483-2-\u8be6\u60c52-4-135x300.webp 135w, https:\/\/www.youmushiguang.com\/wp-content\/uploads\/2025\/12\/483-2-\u8be6\u60c52-4-5x12.webp 5w, https:\/\/www.youmushiguang.com\/wp-content\/uploads\/2025\/12\/483-2-\u8be6\u60c52-4-600x1333.webp 600w\" sizes=\"(max-width: 750px) 100vw, 750px\" \/><\/figure>\n\n\n\n<figure class=\"wp-block-image size-full\"><img decoding=\"async\" width=\"750\" height=\"1231\" src=\"https:\/\/www.youmushiguang.com\/wp-content\/uploads\/2025\/12\/483-2-\u8be6\u60c52-5.webp\" alt=\"\" class=\"wp-image-4048\" srcset=\"https:\/\/www.youmushiguang.com\/wp-content\/uploads\/2025\/12\/483-2-\u8be6\u60c52-5.webp 750w, https:\/\/www.youmushiguang.com\/wp-content\/uploads\/2025\/12\/483-2-\u8be6\u60c52-5-183x300.webp 183w, https:\/\/www.youmushiguang.com\/wp-content\/uploads\/2025\/12\/483-2-\u8be6\u60c52-5-7x12.webp 7w, https:\/\/www.youmushiguang.com\/wp-content\/uploads\/2025\/12\/483-2-\u8be6\u60c52-5-600x985.webp 600w\" sizes=\"(max-width: 750px) 100vw, 750px\" \/><\/figure>\n\n\n\n<figure class=\"wp-block-image size-full\"><img decoding=\"async\" width=\"750\" height=\"1139\" src=\"https:\/\/www.youmushiguang.com\/wp-content\/uploads\/2025\/12\/483-2-\u8be6\u60c52-6.webp\" alt=\"\" class=\"wp-image-4049\" srcset=\"https:\/\/www.youmushiguang.com\/wp-content\/uploads\/2025\/12\/483-2-\u8be6\u60c52-6.webp 750w, https:\/\/www.youmushiguang.com\/wp-content\/uploads\/2025\/12\/483-2-\u8be6\u60c52-6-198x300.webp 198w, https:\/\/www.youmushiguang.com\/wp-content\/uploads\/2025\/12\/483-2-\u8be6\u60c52-6-8x12.webp 8w, https:\/\/www.youmushiguang.com\/wp-content\/uploads\/2025\/12\/483-2-\u8be6\u60c52-6-600x911.webp 600w\" sizes=\"(max-width: 750px) 100vw, 750px\" \/><\/figure>\n\n\n\n<figure class=\"wp-block-image size-full\"><img decoding=\"async\" width=\"750\" height=\"1455\" src=\"https:\/\/www.youmushiguang.com\/wp-content\/uploads\/2025\/12\/483-2-\u8be6\u60c52-7.webp\" alt=\"\" class=\"wp-image-4050\" srcset=\"https:\/\/www.youmushiguang.com\/wp-content\/uploads\/2025\/12\/483-2-\u8be6\u60c52-7.webp 750w, https:\/\/www.youmushiguang.com\/wp-content\/uploads\/2025\/12\/483-2-\u8be6\u60c52-7-155x300.webp 155w, https:\/\/www.youmushiguang.com\/wp-content\/uploads\/2025\/12\/483-2-\u8be6\u60c52-7-6x12.webp 6w, https:\/\/www.youmushiguang.com\/wp-content\/uploads\/2025\/12\/483-2-\u8be6\u60c52-7-600x1164.webp 600w\" sizes=\"(max-width: 750px) 100vw, 750px\" \/><\/figure>\n<\/div>\n\n\n\n<div class=\"wp-block-column is-layout-flow wp-block-column-is-layout-flow\" style=\"flex-basis:25%\"><\/div>\n<\/div>\n\n\n\n<p><\/p>","protected":false},"excerpt":{"rendered":"<div id=\"tw-container\" class=\"nev7se\" data-cp=\"1\" data-nnttsvi=\"1\" data-sletp=\"false\" data-sm=\"1\" data-ssbp=\"false\" data-sugg-time=\"500\" data-sugg-url=\"https:\/\/clients1.google.com\/complete\/search\" data-uilc=\"zh-CN\" data-vil=\",af,af-ZA,am,am-ET,ar-EG,ar-AE,ar-KW,ar-QA,ar,ar-IL,ar-JO,ar-LB,ar-PS,az,az-AZ,bg,bg-BG,bn,bn-BD,bn-IN,ca,ca-es,cs,cs-CZ,de,de-DE,de-CH,de-AT,de-LI,en,en-US,en-CA,en-AU,en-NZ,en-GB,en-IN,en-KE,en-TZ,en-NG,en-GH,en-PH,en-ZA,es,es-ES,es-AR,es-UY,es-419,es-BO,es-CL,es-CR,es-CO,es-DO,es-EC,es-GT,es-HN,es-NI,es-PA,es-PE,es-PR,es-PY,es-SV,es-VE,es-MX,es-US,eu,eu-ES,fi,fi-FI,fr,fr-FR,fr-CH,fr-BE,gl,gl-ES,gu,gu-IN,he,he-IL,iw,iw-IL,hu,hu-HU,hy,hy-AM,id,id-ID,is,is-IS,it,it-IT,it-CH,ja,ja-JP,jv,jv-ID,ka,ka-GE,km,km-KH,kn,kn-IN,ko,ko-KR,la,lo,lo-LA,lv,lv-LV,ml,ml-IN,mr,mr-IN,ms,ms-MY,nl,nl-NL,nb,nb-NO,ne,ne-NP,pl,pl-PL,pt,pt-BR,pt-PT,ro,ro-RO,ru,ru-RU,si-LK,sk,sk-SK,sr,sr-RS,su,su-ID,sv,sv-SE,sw,sw-TZ,sw-KE,ta,ta-IN,ta-SG,ta-LK,ta-MY,te,te-IN,tr,tr-TR,ur,ur-PK,ur-IN,yue,yue-HK,yue-Hant-HK,zh-HK,zh,zh-CN,zh-cmn,zh-cmn-CN,zh-Hans,zh-Hans-CN,zh-cmn-Hans,zh-cmn-Hans-CN,cmn-CN,cmn-Hans,cmn-Hans-CN,zh-TW,zh-Hant-TW,cmn-TW,cmn-Hant-TW,zh-cmn-TW,zh-cmn-Hant-TW,zu,zu-ZA,hi,hi-IN,tl,tl-PH,pa,pa-IN\">\n<div id=\"tw-ob\" class=\"tw-src-ltr\">\n<div class=\"oSioSc\">\n<div id=\"tw-target\">\n<div id=\"kAz1tf\" class=\"g9WsWb PZPZlf\" data-attrid=\"tw-targetArea\" data-entityname=\"Google Translate\">\n<div class=\"tw-ta-container tw-nfl\" role=\"text\">\n<p>Our wholesale coffee shop tables and chairs can create a warm and comfortable atmosphere for your establishment. The sets include durable armchairs and sturdy tables, combining comfort and style, making them ideal for cafes, chain restaurants, and franchise businesses.<\/p>\n<p>En tant que <a href=\"https:\/\/www.youmushiguang.com\/fr\/product-category\/wholesale-restaurant-furniture\/\" target=\"_blank\" rel=\"noopener\"><strong>fabricant de mobilier de restaurant<\/strong><\/a>, we offer OEM and ODM services, allowing for customized designs, colors, and sizes to meet your specific needs. Welcome to contact us.<\/p>\n<\/div>\n<\/div>\n<\/div>\n<\/div>\n<\/div>\n<\/div>\n<h2>Sp\u00e9cifications du mobilier pour caf\u00e9s<\/h2>\n<table style=\"border-collapse: collapse; width: 600px; height: 310px;\" border=\"0\" width=\"668\" cellspacing=\"0\" cellpadding=\"0\">\n<tbody>\n<tr style=\"height: 13.50pt;\">\n<td class=\"et2\" style=\"height: 13.50pt; width: 107.25pt;\" width=\"143\" height=\"18\">Mod\u00e8le<\/td>\n<td class=\"et3\" style=\"width: 393.75pt;\" width=\"525\">483-2<\/td>\n<\/tr>\n<tr style=\"height: 13.50pt;\">\n<td class=\"et2\" style=\"height: 13.50pt; width: 107.25pt;\" width=\"143\" height=\"18\">Cat\u00e9gorie<\/td>\n<td class=\"et3\" style=\"width: 393.75pt;\" width=\"525\">Mobilier de caf\u00e9<\/td>\n<\/tr>\n<tr style=\"height: 13.50pt;\">\n<td class=\"et2\" style=\"height: 13.50pt; width: 107.25pt;\" width=\"143\" height=\"18\">Nom du produit<\/td>\n<td class=\"et3\" style=\"width: 393.75pt;\" width=\"525\">Tables et chaises de caf\u00e9<\/td>\n<\/tr>\n<tr style=\"height: 27.00pt;\">\n<td class=\"et2\" style=\"height: 27.00pt; width: 107.25pt;\" width=\"143\" height=\"36\">Options de personnalisation<\/td>\n<td class=\"et3\" style=\"width: 393.75pt;\" width=\"525\">Style\/couleur\/taille\/mati\u00e8re<\/td>\n<\/tr>\n<tr style=\"height: 13.50pt;\">\n<td class=\"et2\" style=\"height: 13.50pt; width: 107.25pt;\" width=\"143\" height=\"18\">Tableau<\/td>\n<td class=\"et3\" style=\"width: 393.75pt;\" width=\"525\">Bois + M\u00e9tal<\/td>\n<\/tr>\n<tr style=\"height: 27.00pt;\">\n<td class=\"et2\" style=\"height: 27.00pt; width: 107.25pt;\" width=\"143\" height=\"36\">Pr\u00e9sident<\/td>\n<td class=\"et3\" style=\"width: 393.75pt;\" width=\"525\">Bois + m\u00e9tal + cuir nappa \u00e9cologique + mousse r\u00e9siliente haute densit\u00e9<\/td>\n<\/tr>\n<tr style=\"height: 27.00pt;\">\n<td class=\"et2\" style=\"height: 27.00pt; width: 107.25pt;\" width=\"143\" height=\"36\">Sc\u00e8ne d'application<\/td>\n<td class=\"et3\" style=\"width: 393.75pt;\" width=\"525\">Restaurants\/ Caf\u00e9s\/ Caf\u00e9s-restaurants<\/td>\n<\/tr>\n<tr style=\"height: 13.50pt;\">\n<td class=\"et2\" style=\"height: 13.50pt; width: 107.25pt;\" width=\"143\" height=\"18\">Couleur<\/td>\n<td class=\"et3\" style=\"width: 393.75pt;\" width=\"525\">Noyer\/Blanc cass\u00e9 (personnalisable)<\/td>\n<\/tr>\n<tr style=\"height: 13.50pt;\">\n<td class=\"et2\" style=\"height: 13.50pt; width: 107.25pt;\" width=\"143\" height=\"18\">Mat\u00e9riau<\/td>\n<td class=\"et3\" style=\"width: 393.75pt;\" width=\"525\">Bois massif\/contreplaqu\u00e9\/m\u00e9tal\/cuir\/\u00e9ponge<\/td>\n<\/tr>\n<tr style=\"height: 13.50pt;\">\n<td class=\"et2\" style=\"height: 13.50pt; width: 107.25pt;\" width=\"143\" height=\"18\">Style<\/td>\n<td class=\"et3\" style=\"width: 393.75pt;\" width=\"525\">Design moderne<\/td>\n<\/tr>\n<\/tbody>\n<\/table>\n<p>&nbsp;<\/p>\n<p>&nbsp;<\/p>\n<p>\n<script src=\"chrome-extension:\/\/fpelahbljekknahkcaegamhcndkfpfnc\/iFrame.js\" type=\"text\/javascript\"><\/script><\/p>","protected":false},"featured_media":4034,"comment_status":"closed","ping_status":"closed","template":"","meta":{"_acf_changed":true},"product_brand":[],"product_cat":[20,24,36],"product_tag":[],"class_list":{"0":"post-4033","1":"product","2":"type-product","3":"status-publish","4":"has-post-thumbnail","6":"product_cat-wholesale-cafe-furniture","7":"product_cat-wholesale-restaurant-furniture","8":"product_cat-wholesale-coffee-shop-restaurant-furniture","10":"first","11":"instock","12":"shipping-taxable","13":"product-type-simple"},"acf":[],"_links":{"self":[{"href":"https:\/\/www.youmushiguang.com\/fr\/wp-json\/wp\/v2\/product\/4033","targetHints":{"allow":["GET"]}}],"collection":[{"href":"https:\/\/www.youmushiguang.com\/fr\/wp-json\/wp\/v2\/product"}],"about":[{"href":"https:\/\/www.youmushiguang.com\/fr\/wp-json\/wp\/v2\/types\/product"}],"replies":[{"embeddable":true,"href":"https:\/\/www.youmushiguang.com\/fr\/wp-json\/wp\/v2\/comments?post=4033"}],"wp:featuredmedia":[{"embeddable":true,"href":"https:\/\/www.youmushiguang.com\/fr\/wp-json\/wp\/v2\/media\/4034"}],"wp:attachment":[{"href":"https:\/\/www.youmushiguang.com\/fr\/wp-json\/wp\/v2\/media?parent=4033"}],"wp:term":[{"taxonomy":"product_brand","embeddable":true,"href":"https:\/\/www.youmushiguang.com\/fr\/wp-json\/wp\/v2\/product_brand?post=4033"},{"taxonomy":"product_cat","embeddable":true,"href":"https:\/\/www.youmushiguang.com\/fr\/wp-json\/wp\/v2\/product_cat?post=4033"},{"taxonomy":"product_tag","embeddable":true,"href":"https:\/\/www.youmushiguang.com\/fr\/wp-json\/wp\/v2\/product_tag?post=4033"}],"curies":[{"name":"wp","href":"https:\/\/api.w.org\/{rel}","templated":true}]}}