{"id":4192,"date":"2025-12-17T07:49:29","date_gmt":"2025-12-17T07:49:29","guid":{"rendered":"https:\/\/www.youmushiguang.com\/?post_type=product&#038;p=4192"},"modified":"2026-01-23T03:39:23","modified_gmt":"2026-01-23T03:39:23","slug":"wholesale-compact-cafe-table-and-chair-set-for-small-restaurants","status":"publish","type":"product","link":"https:\/\/www.youmushiguang.com\/fr\/product\/wholesale-compact-cafe-table-and-chair-set-for-small-restaurants\/","title":{"rendered":"Wholesale Compact Caf\u00e9 Table and Chair Set for Small Restaurants (ensemble de tables et de chaises pour petits restaurants)"},"content":{"rendered":"<div class=\"wp-block-columns is-layout-flex wp-container-core-columns-is-layout-9d6595d7 wp-block-columns-is-layout-flex\">\n<div class=\"wp-block-column is-layout-flow wp-block-column-is-layout-flow\" style=\"flex-basis:25%\"><\/div>\n\n\n\n<div class=\"wp-block-column is-layout-flow wp-block-column-is-layout-flow\" style=\"flex-basis:50%\">\n<figure class=\"wp-block-image size-full\"><img decoding=\"async\" width=\"790\" height=\"2419\" src=\"https:\/\/www.youmushiguang.com\/wp-content\/uploads\/2025\/12\/1-4.png\" alt=\"\" class=\"wp-image-4200\" srcset=\"https:\/\/www.youmushiguang.com\/wp-content\/uploads\/2025\/12\/1-4.png 790w, https:\/\/www.youmushiguang.com\/wp-content\/uploads\/2025\/12\/1-4-98x300.png 98w, https:\/\/www.youmushiguang.com\/wp-content\/uploads\/2025\/12\/1-4-768x2352.png 768w, https:\/\/www.youmushiguang.com\/wp-content\/uploads\/2025\/12\/1-4-4x12.png 4w, https:\/\/www.youmushiguang.com\/wp-content\/uploads\/2025\/12\/1-4-600x1837.png 600w\" sizes=\"(max-width: 790px) 100vw, 790px\" \/><\/figure>\n\n\n\n<figure class=\"wp-block-image size-full\"><img decoding=\"async\" width=\"790\" height=\"2588\" src=\"https:\/\/www.youmushiguang.com\/wp-content\/uploads\/2025\/12\/2-2.png\" alt=\"\" class=\"wp-image-4201\" srcset=\"https:\/\/www.youmushiguang.com\/wp-content\/uploads\/2025\/12\/2-2.png 790w, https:\/\/www.youmushiguang.com\/wp-content\/uploads\/2025\/12\/2-2-92x300.png 92w, https:\/\/www.youmushiguang.com\/wp-content\/uploads\/2025\/12\/2-2-768x2516.png 768w, https:\/\/www.youmushiguang.com\/wp-content\/uploads\/2025\/12\/2-2-4x12.png 4w, https:\/\/www.youmushiguang.com\/wp-content\/uploads\/2025\/12\/2-2-600x1966.png 600w\" sizes=\"(max-width: 790px) 100vw, 790px\" \/><\/figure>\n\n\n\n<figure class=\"wp-block-image size-full\"><img decoding=\"async\" width=\"790\" height=\"1399\" src=\"https:\/\/www.youmushiguang.com\/wp-content\/uploads\/2025\/12\/3-2.png\" alt=\"\" class=\"wp-image-4202\" srcset=\"https:\/\/www.youmushiguang.com\/wp-content\/uploads\/2025\/12\/3-2.png 790w, https:\/\/www.youmushiguang.com\/wp-content\/uploads\/2025\/12\/3-2-169x300.png 169w, https:\/\/www.youmushiguang.com\/wp-content\/uploads\/2025\/12\/3-2-768x1360.png 768w, https:\/\/www.youmushiguang.com\/wp-content\/uploads\/2025\/12\/3-2-7x12.png 7w, https:\/\/www.youmushiguang.com\/wp-content\/uploads\/2025\/12\/3-2-600x1063.png 600w\" sizes=\"(max-width: 790px) 100vw, 790px\" \/><\/figure>\n\n\n\n<figure class=\"wp-block-image size-full\"><img decoding=\"async\" width=\"790\" height=\"2845\" src=\"https:\/\/www.youmushiguang.com\/wp-content\/uploads\/2025\/12\/4-2.png\" alt=\"\" class=\"wp-image-4203\" srcset=\"https:\/\/www.youmushiguang.com\/wp-content\/uploads\/2025\/12\/4-2.png 790w, https:\/\/www.youmushiguang.com\/wp-content\/uploads\/2025\/12\/4-2-83x300.png 83w, https:\/\/www.youmushiguang.com\/wp-content\/uploads\/2025\/12\/4-2-768x2766.png 768w, https:\/\/www.youmushiguang.com\/wp-content\/uploads\/2025\/12\/4-2-3x12.png 3w, https:\/\/www.youmushiguang.com\/wp-content\/uploads\/2025\/12\/4-2-600x2161.png 600w\" sizes=\"(max-width: 790px) 100vw, 790px\" \/><\/figure>\n\n\n\n<figure class=\"wp-block-image size-full\"><img decoding=\"async\" width=\"790\" height=\"2529\" src=\"https:\/\/www.youmushiguang.com\/wp-content\/uploads\/2025\/12\/5.png\" alt=\"\" class=\"wp-image-4204\" srcset=\"https:\/\/www.youmushiguang.com\/wp-content\/uploads\/2025\/12\/5.png 790w, https:\/\/www.youmushiguang.com\/wp-content\/uploads\/2025\/12\/5-94x300.png 94w, https:\/\/www.youmushiguang.com\/wp-content\/uploads\/2025\/12\/5-768x2459.png 768w, https:\/\/www.youmushiguang.com\/wp-content\/uploads\/2025\/12\/5-4x12.png 4w, https:\/\/www.youmushiguang.com\/wp-content\/uploads\/2025\/12\/5-600x1921.png 600w\" sizes=\"(max-width: 790px) 100vw, 790px\" \/><\/figure>\n<\/div>\n\n\n\n<div class=\"wp-block-column is-layout-flow wp-block-column-is-layout-flow\" style=\"flex-basis:25%\"><\/div>\n<\/div>\n\n\n\n<p><\/p>","protected":false},"excerpt":{"rendered":"<div id=\"tw-container\" class=\"nev7se\" data-cp=\"1\" data-nnttsvi=\"1\" data-sletp=\"false\" data-sm=\"1\" data-ssbp=\"false\" data-sugg-time=\"500\" data-sugg-url=\"https:\/\/clients1.google.com\/complete\/search\" data-uilc=\"zh-CN\" data-vil=\",af,af-ZA,am,am-ET,ar-EG,ar-AE,ar-KW,ar-QA,ar,ar-IL,ar-JO,ar-LB,ar-PS,az,az-AZ,bg,bg-BG,bn,bn-BD,bn-IN,ca,ca-es,cs,cs-CZ,de,de-DE,de-CH,de-AT,de-LI,en,en-US,en-CA,en-AU,en-NZ,en-GB,en-IN,en-KE,en-TZ,en-NG,en-GH,en-PH,en-ZA,es,es-ES,es-AR,es-UY,es-419,es-BO,es-CL,es-CR,es-CO,es-DO,es-EC,es-GT,es-HN,es-NI,es-PA,es-PE,es-PR,es-PY,es-SV,es-VE,es-MX,es-US,eu,eu-ES,fi,fi-FI,fr,fr-FR,fr-CH,fr-BE,gl,gl-ES,gu,gu-IN,he,he-IL,iw,iw-IL,hu,hu-HU,hy,hy-AM,id,id-ID,is,is-IS,it,it-IT,it-CH,ja,ja-JP,jv,jv-ID,ka,ka-GE,km,km-KH,kn,kn-IN,ko,ko-KR,la,lo,lo-LA,lv,lv-LV,ml,ml-IN,mr,mr-IN,ms,ms-MY,nl,nl-NL,nb,nb-NO,ne,ne-NP,pl,pl-PL,pt,pt-BR,pt-PT,ro,ro-RO,ru,ru-RU,si-LK,sk,sk-SK,sr,sr-RS,su,su-ID,sv,sv-SE,sw,sw-TZ,sw-KE,ta,ta-IN,ta-SG,ta-LK,ta-MY,te,te-IN,tr,tr-TR,ur,ur-PK,ur-IN,yue,yue-HK,yue-Hant-HK,zh-HK,zh,zh-CN,zh-cmn,zh-cmn-CN,zh-Hans,zh-Hans-CN,zh-cmn-Hans,zh-cmn-Hans-CN,cmn-CN,cmn-Hans,cmn-Hans-CN,zh-TW,zh-Hant-TW,cmn-TW,cmn-Hant-TW,zh-cmn-TW,zh-cmn-Hant-TW,zu,zu-ZA,hi,hi-IN,tl,tl-PH,pa,pa-IN\">\n<div id=\"tw-ob\" class=\"tw-src-ltr\">\n<div class=\"oSioSc\">\n<div id=\"tw-target\">\n<div id=\"kAz1tf\" class=\"g9WsWb PZPZlf\" data-attrid=\"tw-targetArea\" data-entityname=\"Google Translate\">\n<div id=\"tw-target-text-container\" class=\"tw-ta-container tw-nfl\" role=\"text\">\n<div class=\"tw-ta-container tw-nfl\" role=\"text\">\n<p data-pm-slice=\"0 0 []\">Cet ensemble de tables et de chaises de caf\u00e9 en gros est con\u00e7u sp\u00e9cialement pour les petits restaurants et les espaces de restauration compacts. Avec sa table ronde minimaliste et ses chaises en bois massif, il cr\u00e9e une atmosph\u00e8re chaleureuse et accueillante tout en optimisant l'efficacit\u00e9 de l'espace. Veuillez nous contacter pour un devis.<\/p>\n<\/div>\n<\/div>\n<\/div>\n<\/div>\n<\/div>\n<\/div>\n<\/div>\n<h2>Sp\u00e9cifications de l'ensemble table et chaise Compact Caf\u00e9<\/h2>\n<table width=\"668\">\n<tbody>\n<tr>\n<td width=\"143\">Mod\u00e8le<\/td>\n<td width=\"525\">771-2<\/td>\n<\/tr>\n<tr>\n<td width=\"143\">Cat\u00e9gorie<\/td>\n<td width=\"525\">Meubles pour caf\u00e9s<\/td>\n<\/tr>\n<tr>\n<td width=\"143\">Nom du produit<\/td>\n<td width=\"525\">Tables et chaises de caf\u00e9<\/td>\n<\/tr>\n<tr>\n<td width=\"143\">Options de personnalisation<\/td>\n<td width=\"525\">Style\/couleur\/taille\/mati\u00e8re<\/td>\n<\/tr>\n<tr>\n<td width=\"143\">Tableau<\/td>\n<td width=\"525\">Plateau en contreplaqu\u00e9 multicouche + Pieds de table en m\u00e9tal de haute qualit\u00e9<\/td>\n<\/tr>\n<tr>\n<td width=\"143\">\n<p>Pr\u00e9sident<\/p>\n<\/td>\n<td width=\"525\">\n<p id=\"tw-target-text\" class=\"tw-data-text tw-text-large tw-ta\" dir=\"ltr\" role=\"text\" data-placeholder=\"\u7ffb\u8bd1\" data-ved=\"2ahUKEwiny42x3KyRAxUyFzQIHU5LCvcQ3ewLegQIDBAV\" aria-label=\"\u8bd1\u6587\uff1aCadre m\u00e9tallique + contreplaqu\u00e9 multicouche\">Cadre en bois massif + rotin tress\u00e9<\/p>\n<\/td>\n<\/tr>\n<tr>\n<td width=\"143\">Sc\u00e8ne d'application<\/td>\n<td width=\"525\">caf\u00e9 \/ Coffee shop\/ BAR<\/td>\n<\/tr>\n<tr>\n<td width=\"143\">Couleur<\/td>\n<td width=\"525\">Noyer\/Blanc cass\u00e9 (personnalisable)<\/td>\n<\/tr>\n<tr>\n<td width=\"143\">Mat\u00e9riau<\/td>\n<td width=\"525\">Bois massif\/contreplaqu\u00e9\/m\u00e9tal\/cuir\/\u00e9ponge<\/td>\n<\/tr>\n<tr>\n<td width=\"143\">\n<p>style<\/p>\n<\/td>\n<td width=\"525\">\n<p id=\"tw-target-text\" class=\"tw-data-text tw-text-large tw-ta\" dir=\"ltr\" role=\"text\" data-placeholder=\"\u7ffb\u8bd1\" data-ved=\"2ahUKEwiny42x3KyRAxUyFzQIHU5LCvcQ3ewLegQIDBAV\" aria-label=\"\u8bd1\u6587\uff1amoderne\">Wabi-Sabi<\/p>\n<\/td>\n<\/tr>\n<\/tbody>\n<\/table>\n<p>&nbsp;<\/p>\n<p>&nbsp;<\/p>\n<p>&nbsp;<\/p>\n<p>\n<script src=\"chrome-extension:\/\/fpelahbljekknahkcaegamhcndkfpfnc\/iFrame.js\" type=\"text\/javascript\"><\/script><\/p>","protected":false},"featured_media":4193,"comment_status":"closed","ping_status":"closed","template":"","meta":{"_acf_changed":true},"product_brand":[],"product_cat":[20,24,36,42,38],"product_tag":[],"class_list":{"0":"post-4192","1":"product","2":"type-product","3":"status-publish","4":"has-post-thumbnail","6":"product_cat-wholesale-cafe-furniture","7":"product_cat-wholesale-restaurant-furniture","8":"product_cat-wholesale-coffee-shop-restaurant-furniture","9":"product_cat-wholesale-dessert-shop-furniture","10":"product_cat-wholesale-japanese-style-restaurant-furniture","12":"first","13":"instock","14":"shipping-taxable","15":"product-type-simple"},"acf":[],"_links":{"self":[{"href":"https:\/\/www.youmushiguang.com\/fr\/wp-json\/wp\/v2\/product\/4192","targetHints":{"allow":["GET"]}}],"collection":[{"href":"https:\/\/www.youmushiguang.com\/fr\/wp-json\/wp\/v2\/product"}],"about":[{"href":"https:\/\/www.youmushiguang.com\/fr\/wp-json\/wp\/v2\/types\/product"}],"replies":[{"embeddable":true,"href":"https:\/\/www.youmushiguang.com\/fr\/wp-json\/wp\/v2\/comments?post=4192"}],"wp:featuredmedia":[{"embeddable":true,"href":"https:\/\/www.youmushiguang.com\/fr\/wp-json\/wp\/v2\/media\/4193"}],"wp:attachment":[{"href":"https:\/\/www.youmushiguang.com\/fr\/wp-json\/wp\/v2\/media?parent=4192"}],"wp:term":[{"taxonomy":"product_brand","embeddable":true,"href":"https:\/\/www.youmushiguang.com\/fr\/wp-json\/wp\/v2\/product_brand?post=4192"},{"taxonomy":"product_cat","embeddable":true,"href":"https:\/\/www.youmushiguang.com\/fr\/wp-json\/wp\/v2\/product_cat?post=4192"},{"taxonomy":"product_tag","embeddable":true,"href":"https:\/\/www.youmushiguang.com\/fr\/wp-json\/wp\/v2\/product_tag?post=4192"}],"curies":[{"name":"wp","href":"https:\/\/api.w.org\/{rel}","templated":true}]}}