{"id":4895,"date":"2025-12-24T07:12:18","date_gmt":"2025-12-24T07:12:18","guid":{"rendered":"https:\/\/www.youmushiguang.com\/?post_type=product&#038;p=4895"},"modified":"2026-01-23T06:24:23","modified_gmt":"2026-01-23T06:24:23","slug":"wholesale-commercial-table-and-chair-set-for-chinese-restaurant","status":"publish","type":"product","link":"https:\/\/www.youmushiguang.com\/fr\/product\/wholesale-commercial-table-and-chair-set-for-chinese-restaurant\/","title":{"rendered":"Wholesale Commercial Table and Chair Set &#8211; Suitable for Chinese, Japanese, and Korean Restaurants"},"content":{"rendered":"<div class=\"wp-block-columns is-layout-flex wp-container-core-columns-is-layout-9d6595d7 wp-block-columns-is-layout-flex\">\n<div class=\"wp-block-column is-layout-flow wp-block-column-is-layout-flow\" style=\"flex-basis:25%\"><\/div>\n\n\n\n<div class=\"wp-block-column is-layout-flow wp-block-column-is-layout-flow\" style=\"flex-basis:50%\">\n<figure class=\"wp-block-image size-full\"><img decoding=\"async\" width=\"750\" height=\"325\" src=\"https:\/\/www.youmushiguang.com\/wp-content\/uploads\/2025\/12\/305-1-1_1-1.webp\" alt=\"\" class=\"wp-image-4902\" srcset=\"https:\/\/www.youmushiguang.com\/wp-content\/uploads\/2025\/12\/305-1-1_1-1.webp 750w, https:\/\/www.youmushiguang.com\/wp-content\/uploads\/2025\/12\/305-1-1_1-1-300x130.webp 300w, https:\/\/www.youmushiguang.com\/wp-content\/uploads\/2025\/12\/305-1-1_1-1-18x8.webp 18w, https:\/\/www.youmushiguang.com\/wp-content\/uploads\/2025\/12\/305-1-1_1-1-600x260.webp 600w\" sizes=\"(max-width: 750px) 100vw, 750px\" \/><\/figure>\n\n\n\n<figure class=\"wp-block-image size-full\"><img decoding=\"async\" width=\"750\" height=\"647\" src=\"https:\/\/www.youmushiguang.com\/wp-content\/uploads\/2025\/12\/305-1-1.webp\" alt=\"\" class=\"wp-image-4903\" srcset=\"https:\/\/www.youmushiguang.com\/wp-content\/uploads\/2025\/12\/305-1-1.webp 750w, https:\/\/www.youmushiguang.com\/wp-content\/uploads\/2025\/12\/305-1-1-300x259.webp 300w, https:\/\/www.youmushiguang.com\/wp-content\/uploads\/2025\/12\/305-1-1-14x12.webp 14w, https:\/\/www.youmushiguang.com\/wp-content\/uploads\/2025\/12\/305-1-1-600x518.webp 600w\" sizes=\"(max-width: 750px) 100vw, 750px\" \/><\/figure>\n\n\n\n<figure class=\"wp-block-image size-full\"><img decoding=\"async\" width=\"750\" height=\"1173\" src=\"https:\/\/www.youmushiguang.com\/wp-content\/uploads\/2025\/12\/305-1-2_1.webp\" alt=\"\" class=\"wp-image-4904\" srcset=\"https:\/\/www.youmushiguang.com\/wp-content\/uploads\/2025\/12\/305-1-2_1.webp 750w, https:\/\/www.youmushiguang.com\/wp-content\/uploads\/2025\/12\/305-1-2_1-192x300.webp 192w, https:\/\/www.youmushiguang.com\/wp-content\/uploads\/2025\/12\/305-1-2_1-8x12.webp 8w, https:\/\/www.youmushiguang.com\/wp-content\/uploads\/2025\/12\/305-1-2_1-600x938.webp 600w\" sizes=\"(max-width: 750px) 100vw, 750px\" \/><\/figure>\n\n\n\n<figure class=\"wp-block-image size-full\"><img decoding=\"async\" width=\"750\" height=\"1621\" src=\"https:\/\/www.youmushiguang.com\/wp-content\/uploads\/2025\/12\/305-1-2.webp\" alt=\"\" class=\"wp-image-4905\" srcset=\"https:\/\/www.youmushiguang.com\/wp-content\/uploads\/2025\/12\/305-1-2.webp 750w, https:\/\/www.youmushiguang.com\/wp-content\/uploads\/2025\/12\/305-1-2-139x300.webp 139w, https:\/\/www.youmushiguang.com\/wp-content\/uploads\/2025\/12\/305-1-2-6x12.webp 6w, https:\/\/www.youmushiguang.com\/wp-content\/uploads\/2025\/12\/305-1-2-600x1297.webp 600w\" sizes=\"(max-width: 750px) 100vw, 750px\" \/><\/figure>\n\n\n\n<figure class=\"wp-block-image size-full\"><img decoding=\"async\" width=\"750\" height=\"1924\" src=\"https:\/\/www.youmushiguang.com\/wp-content\/uploads\/2025\/12\/305-1-3_1.webp\" alt=\"\" class=\"wp-image-4906\" srcset=\"https:\/\/www.youmushiguang.com\/wp-content\/uploads\/2025\/12\/305-1-3_1.webp 750w, https:\/\/www.youmushiguang.com\/wp-content\/uploads\/2025\/12\/305-1-3_1-117x300.webp 117w, https:\/\/www.youmushiguang.com\/wp-content\/uploads\/2025\/12\/305-1-3_1-5x12.webp 5w, https:\/\/www.youmushiguang.com\/wp-content\/uploads\/2025\/12\/305-1-3_1-600x1539.webp 600w\" sizes=\"(max-width: 750px) 100vw, 750px\" \/><\/figure>\n\n\n\n<figure class=\"wp-block-image size-full\"><img decoding=\"async\" width=\"750\" height=\"1129\" src=\"https:\/\/www.youmushiguang.com\/wp-content\/uploads\/2025\/12\/305-1-4.webp\" alt=\"\" class=\"wp-image-4907\" srcset=\"https:\/\/www.youmushiguang.com\/wp-content\/uploads\/2025\/12\/305-1-4.webp 750w, https:\/\/www.youmushiguang.com\/wp-content\/uploads\/2025\/12\/305-1-4-199x300.webp 199w, https:\/\/www.youmushiguang.com\/wp-content\/uploads\/2025\/12\/305-1-4-8x12.webp 8w, https:\/\/www.youmushiguang.com\/wp-content\/uploads\/2025\/12\/305-1-4-600x903.webp 600w\" sizes=\"(max-width: 750px) 100vw, 750px\" \/><\/figure>\n\n\n\n<figure class=\"wp-block-image size-full\"><img decoding=\"async\" width=\"750\" height=\"1003\" src=\"https:\/\/www.youmushiguang.com\/wp-content\/uploads\/2025\/12\/305-1-3.webp\" alt=\"\" class=\"wp-image-4908\" srcset=\"https:\/\/www.youmushiguang.com\/wp-content\/uploads\/2025\/12\/305-1-3.webp 750w, https:\/\/www.youmushiguang.com\/wp-content\/uploads\/2025\/12\/305-1-3-224x300.webp 224w, https:\/\/www.youmushiguang.com\/wp-content\/uploads\/2025\/12\/305-1-3-9x12.webp 9w, https:\/\/www.youmushiguang.com\/wp-content\/uploads\/2025\/12\/305-1-3-600x802.webp 600w\" sizes=\"(max-width: 750px) 100vw, 750px\" \/><\/figure>\n\n\n\n<figure class=\"wp-block-image size-full\"><img decoding=\"async\" width=\"750\" height=\"1596\" src=\"https:\/\/www.youmushiguang.com\/wp-content\/uploads\/2025\/12\/305-1-5.webp\" alt=\"\" class=\"wp-image-4909\" srcset=\"https:\/\/www.youmushiguang.com\/wp-content\/uploads\/2025\/12\/305-1-5.webp 750w, https:\/\/www.youmushiguang.com\/wp-content\/uploads\/2025\/12\/305-1-5-141x300.webp 141w, https:\/\/www.youmushiguang.com\/wp-content\/uploads\/2025\/12\/305-1-5-6x12.webp 6w, https:\/\/www.youmushiguang.com\/wp-content\/uploads\/2025\/12\/305-1-5-600x1277.webp 600w\" sizes=\"(max-width: 750px) 100vw, 750px\" \/><\/figure>\n\n\n\n<figure class=\"wp-block-image size-full\"><img decoding=\"async\" width=\"750\" height=\"869\" src=\"https:\/\/www.youmushiguang.com\/wp-content\/uploads\/2025\/12\/305-1-6.webp\" alt=\"\" class=\"wp-image-4910\" srcset=\"https:\/\/www.youmushiguang.com\/wp-content\/uploads\/2025\/12\/305-1-6.webp 750w, https:\/\/www.youmushiguang.com\/wp-content\/uploads\/2025\/12\/305-1-6-259x300.webp 259w, https:\/\/www.youmushiguang.com\/wp-content\/uploads\/2025\/12\/305-1-6-10x12.webp 10w, https:\/\/www.youmushiguang.com\/wp-content\/uploads\/2025\/12\/305-1-6-600x695.webp 600w\" sizes=\"(max-width: 750px) 100vw, 750px\" \/><\/figure>\n\n\n\n<figure class=\"wp-block-image size-full\"><img decoding=\"async\" width=\"750\" height=\"1797\" src=\"https:\/\/www.youmushiguang.com\/wp-content\/uploads\/2025\/12\/305-1-7.webp\" alt=\"\" class=\"wp-image-4911\" srcset=\"https:\/\/www.youmushiguang.com\/wp-content\/uploads\/2025\/12\/305-1-7.webp 750w, https:\/\/www.youmushiguang.com\/wp-content\/uploads\/2025\/12\/305-1-7-125x300.webp 125w, https:\/\/www.youmushiguang.com\/wp-content\/uploads\/2025\/12\/305-1-7-5x12.webp 5w, https:\/\/www.youmushiguang.com\/wp-content\/uploads\/2025\/12\/305-1-7-600x1438.webp 600w\" sizes=\"(max-width: 750px) 100vw, 750px\" \/><\/figure>\n<\/div>\n\n\n\n<div class=\"wp-block-column is-layout-flow wp-block-column-is-layout-flow\" style=\"flex-basis:25%\"><\/div>\n<\/div>\n\n\n\n<p><\/p>","protected":false},"excerpt":{"rendered":"<p>This wholesale table and chair set is ideal for Chinese, Japanese, and Korean restaurants. Crafted from durable FAS-grade ash wood and rubberwood, and featuring smooth Napa leather seats, this set offers lasting durability, ergonomic comfort, and easy maintenance. Contact us for a quote.<\/p>\n<h2>Sp\u00e9cifications du mobilier de restaurant<\/h2>\n<table style=\"border-collapse: collapse; width: 501.02pt;\" border=\"0\" width=\"668\" cellspacing=\"0\" cellpadding=\"0\">\n<tbody>\n<tr style=\"height: 13.50pt;\">\n<td class=\"et2\" style=\"height: 13.50pt; width: 107.25pt;\" width=\"143\" height=\"18\">Mod\u00e8le<\/td>\n<td class=\"et3\" style=\"width: 393.75pt;\" width=\"525\">305-1<\/td>\n<\/tr>\n<tr style=\"height: 13.50pt;\">\n<td class=\"et2\" style=\"height: 13.50pt; width: 107.25pt;\" width=\"143\" height=\"18\">Cat\u00e9gorie<\/td>\n<td class=\"et3\" style=\"width: 393.75pt;\" width=\"525\">Mobilier de restaurant<\/td>\n<\/tr>\n<tr style=\"height: 13.50pt;\">\n<td class=\"et2\" style=\"height: 13.50pt; width: 107.25pt;\" width=\"143\" height=\"18\">Nom du produit<\/td>\n<td class=\"et3\" style=\"width: 393.75pt;\" width=\"525\">Nouvelles tables et chaises de restaurant chinois<\/td>\n<\/tr>\n<tr style=\"height: 27.00pt;\">\n<td class=\"et2\" style=\"height: 27.00pt; width: 107.25pt;\" width=\"143\" height=\"36\">Options de personnalisation<\/td>\n<td class=\"et3\" style=\"width: 393.75pt;\" width=\"525\">Style\/couleur\/taille\/mati\u00e8re<\/td>\n<\/tr>\n<tr style=\"height: 27.00pt;\">\n<td class=\"et2\" style=\"height: 27.00pt; width: 107.25pt;\" width=\"143\" height=\"36\">Cabine<\/td>\n<td class=\"et3\" style=\"width: 393.75pt;\" width=\"525\">Cadre en bois massif multicouche + enveloppe en cuir Nappa doux pour la peau + \u00e9ponge de rebond \u00e0 haute densit\u00e9<\/td>\n<\/tr>\n<tr style=\"height: 27.00pt;\">\n<td class=\"et2\" style=\"height: 27.00pt; width: 107.25pt;\" width=\"143\" height=\"36\">Pr\u00e9sident<\/td>\n<td class=\"et3\" style=\"width: 393.75pt;\" width=\"525\">cadre en bois massif + enveloppe en cuir Nappa doux pour la peau + \u00e9ponge de rebond \u00e0 haute densit\u00e9 + rotin tress\u00e9<\/td>\n<\/tr>\n<tr style=\"height: 27.00pt;\">\n<td class=\"et2\" style=\"height: 27.00pt; width: 107.25pt;\" width=\"143\" height=\"36\">Tableau<\/td>\n<td class=\"et3\" style=\"width: 393.75pt;\" width=\"525\">Plateau de table en contreplaqu\u00e9 multicouche + pieds de table en quincaillerie de haute qualit\u00e9<\/td>\n<\/tr>\n<tr style=\"height: 27.00pt;\">\n<td class=\"et2\" style=\"height: 27.00pt; width: 107.25pt;\" width=\"143\" height=\"36\">Sc\u00e8ne d'application<\/td>\n<td class=\"et3\" style=\"width: 393.75pt;\" width=\"525\">restaurant\/restaurant \u00e0 th\u00e8me\/restaurant de th\u00e9\/restaurant Hunan<\/td>\n<\/tr>\n<tr style=\"height: 13.50pt;\">\n<td class=\"et2\" style=\"height: 13.50pt; width: 107.25pt;\" width=\"143\" height=\"18\">Couleur<\/td>\n<td class=\"et3\" style=\"width: 393.75pt;\" width=\"525\">Noyer\/vert (personnalisable)<\/td>\n<\/tr>\n<tr style=\"height: 13.50pt;\">\n<td class=\"et2\" style=\"height: 13.50pt; width: 107.25pt;\" width=\"143\" height=\"18\">Mat\u00e9riau<\/td>\n<td class=\"et3\" style=\"width: 393.75pt;\" width=\"525\">Contreplaqu\u00e9\/bois massif\/m\u00e9tal\/cuir\/\u00e9ponge<\/td>\n<\/tr>\n<tr style=\"height: 13.50pt;\">\n<td class=\"et2\" style=\"height: 13.50pt; width: 107.25pt;\" width=\"143\" height=\"18\">Style<\/td>\n<td class=\"et3\" style=\"width: 393.75pt;\" width=\"525\">Nouveau style chinois<\/td>\n<\/tr>\n<\/tbody>\n<\/table>\n<p>&nbsp;<\/p>\n<p>&nbsp;<\/p>\n<p>\n<script src=\"chrome-extension:\/\/fpelahbljekknahkcaegamhcndkfpfnc\/iFrame.js\" type=\"text\/javascript\"><\/script><\/p>","protected":false},"featured_media":4896,"comment_status":"closed","ping_status":"closed","template":"","meta":{"_acf_changed":true},"product_brand":[],"product_cat":[24,45],"product_tag":[],"class_list":{"0":"post-4895","1":"product","2":"type-product","3":"status-publish","4":"has-post-thumbnail","6":"product_cat-wholesale-restaurant-furniture","7":"product_cat-chinese-restaurant-furniture","9":"first","10":"instock","11":"shipping-taxable","12":"product-type-simple"},"acf":[],"_links":{"self":[{"href":"https:\/\/www.youmushiguang.com\/fr\/wp-json\/wp\/v2\/product\/4895","targetHints":{"allow":["GET"]}}],"collection":[{"href":"https:\/\/www.youmushiguang.com\/fr\/wp-json\/wp\/v2\/product"}],"about":[{"href":"https:\/\/www.youmushiguang.com\/fr\/wp-json\/wp\/v2\/types\/product"}],"replies":[{"embeddable":true,"href":"https:\/\/www.youmushiguang.com\/fr\/wp-json\/wp\/v2\/comments?post=4895"}],"wp:featuredmedia":[{"embeddable":true,"href":"https:\/\/www.youmushiguang.com\/fr\/wp-json\/wp\/v2\/media\/4896"}],"wp:attachment":[{"href":"https:\/\/www.youmushiguang.com\/fr\/wp-json\/wp\/v2\/media?parent=4895"}],"wp:term":[{"taxonomy":"product_brand","embeddable":true,"href":"https:\/\/www.youmushiguang.com\/fr\/wp-json\/wp\/v2\/product_brand?post=4895"},{"taxonomy":"product_cat","embeddable":true,"href":"https:\/\/www.youmushiguang.com\/fr\/wp-json\/wp\/v2\/product_cat?post=4895"},{"taxonomy":"product_tag","embeddable":true,"href":"https:\/\/www.youmushiguang.com\/fr\/wp-json\/wp\/v2\/product_tag?post=4895"}],"curies":[{"name":"wp","href":"https:\/\/api.w.org\/{rel}","templated":true}]}}