{"id":4912,"date":"2025-12-25T01:18:40","date_gmt":"2025-12-25T01:18:40","guid":{"rendered":"https:\/\/www.youmushiguang.com\/?post_type=product&#038;p=4912"},"modified":"2026-01-23T02:58:36","modified_gmt":"2026-01-23T02:58:36","slug":"bulk-chinese-restaurant-table-and-chair-set","status":"publish","type":"product","link":"https:\/\/www.youmushiguang.com\/fr\/product\/bulk-chinese-restaurant-table-and-chair-set\/","title":{"rendered":"Table et chaises pour restaurant chinois en vrac, restauration rapide"},"content":{"rendered":"<div class=\"wp-block-columns is-layout-flex wp-container-core-columns-is-layout-9d6595d7 wp-block-columns-is-layout-flex\">\n<div class=\"wp-block-column is-layout-flow wp-block-column-is-layout-flow\" style=\"flex-basis:25%\"><\/div>\n\n\n\n<div class=\"wp-block-column is-layout-flow wp-block-column-is-layout-flow\" style=\"flex-basis:50%\">\n<figure class=\"wp-block-image size-full\"><img decoding=\"async\" width=\"750\" height=\"325\" src=\"https:\/\/www.youmushiguang.com\/wp-content\/uploads\/2025\/12\/306-1-1.png\" alt=\"\" class=\"wp-image-4937\" srcset=\"https:\/\/www.youmushiguang.com\/wp-content\/uploads\/2025\/12\/306-1-1.png 750w, https:\/\/www.youmushiguang.com\/wp-content\/uploads\/2025\/12\/306-1-1-300x130.png 300w, https:\/\/www.youmushiguang.com\/wp-content\/uploads\/2025\/12\/306-1-1-18x8.png 18w, https:\/\/www.youmushiguang.com\/wp-content\/uploads\/2025\/12\/306-1-1-600x260.png 600w\" sizes=\"(max-width: 750px) 100vw, 750px\" \/><\/figure>\n\n\n\n<figure class=\"wp-block-image size-full\"><img decoding=\"async\" width=\"750\" height=\"647\" src=\"https:\/\/www.youmushiguang.com\/wp-content\/uploads\/2025\/12\/306-1-1.jpg\" alt=\"\" class=\"wp-image-4938\" srcset=\"https:\/\/www.youmushiguang.com\/wp-content\/uploads\/2025\/12\/306-1-1.jpg 750w, https:\/\/www.youmushiguang.com\/wp-content\/uploads\/2025\/12\/306-1-1-300x259.jpg 300w, https:\/\/www.youmushiguang.com\/wp-content\/uploads\/2025\/12\/306-1-1-14x12.jpg 14w, https:\/\/www.youmushiguang.com\/wp-content\/uploads\/2025\/12\/306-1-1-600x518.jpg 600w\" sizes=\"(max-width: 750px) 100vw, 750px\" \/><\/figure>\n\n\n\n<figure class=\"wp-block-image size-full\"><img decoding=\"async\" width=\"750\" height=\"1173\" src=\"https:\/\/www.youmushiguang.com\/wp-content\/uploads\/2025\/12\/306-1-2.png\" alt=\"\" class=\"wp-image-4939\" srcset=\"https:\/\/www.youmushiguang.com\/wp-content\/uploads\/2025\/12\/306-1-2.png 750w, https:\/\/www.youmushiguang.com\/wp-content\/uploads\/2025\/12\/306-1-2-192x300.png 192w, https:\/\/www.youmushiguang.com\/wp-content\/uploads\/2025\/12\/306-1-2-8x12.png 8w, https:\/\/www.youmushiguang.com\/wp-content\/uploads\/2025\/12\/306-1-2-600x938.png 600w\" sizes=\"(max-width: 750px) 100vw, 750px\" \/><\/figure>\n\n\n\n<figure class=\"wp-block-image size-full\"><img decoding=\"async\" width=\"750\" height=\"1621\" src=\"https:\/\/www.youmushiguang.com\/wp-content\/uploads\/2025\/12\/306-1-2.jpg\" alt=\"\" class=\"wp-image-4940\" srcset=\"https:\/\/www.youmushiguang.com\/wp-content\/uploads\/2025\/12\/306-1-2.jpg 750w, https:\/\/www.youmushiguang.com\/wp-content\/uploads\/2025\/12\/306-1-2-139x300.jpg 139w, https:\/\/www.youmushiguang.com\/wp-content\/uploads\/2025\/12\/306-1-2-6x12.jpg 6w, https:\/\/www.youmushiguang.com\/wp-content\/uploads\/2025\/12\/306-1-2-600x1297.jpg 600w\" sizes=\"(max-width: 750px) 100vw, 750px\" \/><\/figure>\n\n\n\n<figure class=\"wp-block-image size-full\"><img decoding=\"async\" width=\"750\" height=\"1924\" src=\"https:\/\/www.youmushiguang.com\/wp-content\/uploads\/2025\/12\/306-1-3.png\" alt=\"\" class=\"wp-image-4941\" srcset=\"https:\/\/www.youmushiguang.com\/wp-content\/uploads\/2025\/12\/306-1-3.png 750w, https:\/\/www.youmushiguang.com\/wp-content\/uploads\/2025\/12\/306-1-3-117x300.png 117w, https:\/\/www.youmushiguang.com\/wp-content\/uploads\/2025\/12\/306-1-3-5x12.png 5w, https:\/\/www.youmushiguang.com\/wp-content\/uploads\/2025\/12\/306-1-3-600x1539.png 600w\" sizes=\"(max-width: 750px) 100vw, 750px\" \/><\/figure>\n\n\n\n<figure class=\"wp-block-image size-full\"><img decoding=\"async\" width=\"750\" height=\"1129\" src=\"https:\/\/www.youmushiguang.com\/wp-content\/uploads\/2025\/12\/306-1-4.png\" alt=\"\" class=\"wp-image-4942\" srcset=\"https:\/\/www.youmushiguang.com\/wp-content\/uploads\/2025\/12\/306-1-4.png 750w, https:\/\/www.youmushiguang.com\/wp-content\/uploads\/2025\/12\/306-1-4-199x300.png 199w, https:\/\/www.youmushiguang.com\/wp-content\/uploads\/2025\/12\/306-1-4-8x12.png 8w, https:\/\/www.youmushiguang.com\/wp-content\/uploads\/2025\/12\/306-1-4-600x903.png 600w\" sizes=\"(max-width: 750px) 100vw, 750px\" \/><\/figure>\n\n\n\n<figure class=\"wp-block-image size-full\"><img decoding=\"async\" width=\"750\" height=\"1003\" src=\"https:\/\/www.youmushiguang.com\/wp-content\/uploads\/2025\/12\/306-1-3.jpg\" alt=\"\" class=\"wp-image-4943\" srcset=\"https:\/\/www.youmushiguang.com\/wp-content\/uploads\/2025\/12\/306-1-3.jpg 750w, https:\/\/www.youmushiguang.com\/wp-content\/uploads\/2025\/12\/306-1-3-224x300.jpg 224w, https:\/\/www.youmushiguang.com\/wp-content\/uploads\/2025\/12\/306-1-3-9x12.jpg 9w, https:\/\/www.youmushiguang.com\/wp-content\/uploads\/2025\/12\/306-1-3-600x802.jpg 600w\" sizes=\"(max-width: 750px) 100vw, 750px\" \/><\/figure>\n\n\n\n<figure class=\"wp-block-image size-full\"><img decoding=\"async\" width=\"750\" height=\"1596\" src=\"https:\/\/www.youmushiguang.com\/wp-content\/uploads\/2025\/12\/306-1-5.png\" alt=\"\" class=\"wp-image-4944\" srcset=\"https:\/\/www.youmushiguang.com\/wp-content\/uploads\/2025\/12\/306-1-5.png 750w, https:\/\/www.youmushiguang.com\/wp-content\/uploads\/2025\/12\/306-1-5-141x300.png 141w, https:\/\/www.youmushiguang.com\/wp-content\/uploads\/2025\/12\/306-1-5-6x12.png 6w, https:\/\/www.youmushiguang.com\/wp-content\/uploads\/2025\/12\/306-1-5-600x1277.png 600w\" sizes=\"(max-width: 750px) 100vw, 750px\" \/><\/figure>\n\n\n\n<figure class=\"wp-block-image size-full\"><img decoding=\"async\" width=\"750\" height=\"869\" src=\"https:\/\/www.youmushiguang.com\/wp-content\/uploads\/2025\/12\/306-1-6.png\" alt=\"\" class=\"wp-image-4946\" srcset=\"https:\/\/www.youmushiguang.com\/wp-content\/uploads\/2025\/12\/306-1-6.png 750w, https:\/\/www.youmushiguang.com\/wp-content\/uploads\/2025\/12\/306-1-6-259x300.png 259w, https:\/\/www.youmushiguang.com\/wp-content\/uploads\/2025\/12\/306-1-6-10x12.png 10w, https:\/\/www.youmushiguang.com\/wp-content\/uploads\/2025\/12\/306-1-6-600x695.png 600w\" sizes=\"(max-width: 750px) 100vw, 750px\" \/><\/figure>\n\n\n\n<figure class=\"wp-block-image size-full\"><img decoding=\"async\" width=\"750\" height=\"1797\" src=\"https:\/\/www.youmushiguang.com\/wp-content\/uploads\/2025\/12\/306-1-7.png\" alt=\"\" class=\"wp-image-4945\" srcset=\"https:\/\/www.youmushiguang.com\/wp-content\/uploads\/2025\/12\/306-1-7.png 750w, https:\/\/www.youmushiguang.com\/wp-content\/uploads\/2025\/12\/306-1-7-125x300.png 125w, https:\/\/www.youmushiguang.com\/wp-content\/uploads\/2025\/12\/306-1-7-5x12.png 5w, https:\/\/www.youmushiguang.com\/wp-content\/uploads\/2025\/12\/306-1-7-600x1438.png 600w\" sizes=\"(max-width: 750px) 100vw, 750px\" \/><\/figure>\n<\/div>\n\n\n\n<div class=\"wp-block-column is-layout-flow wp-block-column-is-layout-flow\" style=\"flex-basis:25%\"><\/div>\n<\/div>\n\n\n\n<p><\/p>","protected":false},"excerpt":{"rendered":"<p>Tables et chaises de restaurant en gros pour la restauration rapide et les restaurants chinois. Cet ensemble de meubles est sp\u00e9cialement con\u00e7u pour les restaurants chinois et les \u00e9tablissements de restauration rapide \u00e0 forte fr\u00e9quentation. Il allie durabilit\u00e9, confort et utilisation efficace de l'espace. En tant que <a href=\"https:\/\/www.youmushiguang.com\/fr\/product-category\/wholesale-restaurant-furniture\/\" target=\"_blank\" rel=\"noopener\"><strong>fabricant de mobilier de restaurant<\/strong><\/a>, Nous proposons une large gamme de tailles, de couleurs et de finitions pour le mobilier de restaurant en gros.<\/p>\n<h2>Sp\u00e9cifications du mobilier de restaurant<\/h2>\n<table style=\"border-collapse: collapse; width: 501.02pt;\" border=\"0\" width=\"668\" cellspacing=\"0\" cellpadding=\"0\">\n<tbody>\n<tr style=\"height: 13.50pt;\">\n<td class=\"et2\" style=\"height: 13.50pt; width: 107.25pt;\" width=\"143\" height=\"18\">Mod\u00e8le<\/td>\n<td class=\"et3\" style=\"width: 393.75pt;\" width=\"525\">306-2<\/td>\n<\/tr>\n<tr style=\"height: 13.50pt;\">\n<td class=\"et2\" style=\"height: 13.50pt; width: 107.25pt;\" width=\"143\" height=\"18\">Cat\u00e9gorie<\/td>\n<td class=\"et3\" style=\"width: 393.75pt;\" width=\"525\">Mobilier de restaurant<\/td>\n<\/tr>\n<tr style=\"height: 13.50pt;\">\n<td class=\"et2\" style=\"height: 13.50pt; width: 107.25pt;\" width=\"143\" height=\"18\">Nom du produit<\/td>\n<td class=\"et3\" style=\"width: 393.75pt;\" width=\"525\">Nouvelles tables et chaises de restaurant chinois<\/td>\n<\/tr>\n<tr style=\"height: 27.00pt;\">\n<td class=\"et2\" style=\"height: 27.00pt; width: 107.25pt;\" width=\"143\" height=\"36\">Options de personnalisation<\/td>\n<td class=\"et3\" style=\"width: 393.75pt;\" width=\"525\">Style\/couleur\/taille\/mati\u00e8re<\/td>\n<\/tr>\n<tr style=\"height: 27.00pt;\">\n<td class=\"et2\" style=\"height: 27.00pt; width: 107.25pt;\" width=\"143\" height=\"36\">Cabine<\/td>\n<td class=\"et3\" style=\"width: 393.75pt;\" width=\"525\">Cadre en bois massif multicouche + enveloppe en cuir Nappa doux pour la peau + \u00e9ponge de rebond \u00e0 haute densit\u00e9<\/td>\n<\/tr>\n<tr style=\"height: 27.00pt;\">\n<td class=\"et2\" style=\"height: 27.00pt; width: 107.25pt;\" width=\"143\" height=\"36\">Pr\u00e9sident<\/td>\n<td class=\"et3\" style=\"width: 393.75pt;\" width=\"525\">cadre en bois massif + enveloppe en cuir Nappa doux pour la peau + \u00e9ponge de rebond \u00e0 haute densit\u00e9 + rotin tress\u00e9<\/td>\n<\/tr>\n<tr style=\"height: 27.00pt;\">\n<td class=\"et2\" style=\"height: 27.00pt; width: 107.25pt;\" width=\"143\" height=\"36\">Tableau<\/td>\n<td class=\"et3\" style=\"width: 393.75pt;\" width=\"525\">Plateau de table en contreplaqu\u00e9 multicouche + pieds de table en quincaillerie de haute qualit\u00e9<\/td>\n<\/tr>\n<tr style=\"height: 27.00pt;\">\n<td class=\"et2\" style=\"height: 27.00pt; width: 107.25pt;\" width=\"143\" height=\"36\">Sc\u00e8ne d'application<\/td>\n<td class=\"et3\" style=\"width: 393.75pt;\" width=\"525\">restaurant\/restaurant \u00e0 th\u00e8me\/restaurant de th\u00e9\/restaurant Hunan<\/td>\n<\/tr>\n<tr style=\"height: 13.50pt;\">\n<td class=\"et2\" style=\"height: 13.50pt; width: 107.25pt;\" width=\"143\" height=\"18\">Couleur<\/td>\n<td class=\"et3\" style=\"width: 393.75pt;\" width=\"525\">Noyer\/vert (personnalisable)<\/td>\n<\/tr>\n<tr style=\"height: 13.50pt;\">\n<td class=\"et2\" style=\"height: 13.50pt; width: 107.25pt;\" width=\"143\" height=\"18\">Mat\u00e9riau<\/td>\n<td class=\"et3\" style=\"width: 393.75pt;\" width=\"525\">Contreplaqu\u00e9\/bois massif\/m\u00e9tal\/cuir\/\u00e9ponge<\/td>\n<\/tr>\n<tr style=\"height: 13.50pt;\">\n<td class=\"et2\" style=\"height: 13.50pt; width: 107.25pt;\" width=\"143\" height=\"18\">Style<\/td>\n<td class=\"et3\" style=\"width: 393.75pt;\" width=\"525\">Nouveau style chinois<\/td>\n<\/tr>\n<\/tbody>\n<\/table>\n<p>&nbsp;<\/p>\n<p>&nbsp;<\/p>\n<p>\n<script src=\"chrome-extension:\/\/fpelahbljekknahkcaegamhcndkfpfnc\/iFrame.js\" type=\"text\/javascript\"><\/script><\/p>","protected":false},"featured_media":4951,"comment_status":"closed","ping_status":"closed","template":"","meta":{"_acf_changed":true},"product_brand":[],"product_cat":[24,37,45],"product_tag":[],"class_list":{"0":"post-4912","1":"product","2":"type-product","3":"status-publish","4":"has-post-thumbnail","6":"product_cat-wholesale-restaurant-furniture","7":"product_cat-wholesale-fast-food-restaurant-furniture","8":"product_cat-chinese-restaurant-furniture","10":"first","11":"instock","12":"shipping-taxable","13":"product-type-simple"},"acf":[],"_links":{"self":[{"href":"https:\/\/www.youmushiguang.com\/fr\/wp-json\/wp\/v2\/product\/4912","targetHints":{"allow":["GET"]}}],"collection":[{"href":"https:\/\/www.youmushiguang.com\/fr\/wp-json\/wp\/v2\/product"}],"about":[{"href":"https:\/\/www.youmushiguang.com\/fr\/wp-json\/wp\/v2\/types\/product"}],"replies":[{"embeddable":true,"href":"https:\/\/www.youmushiguang.com\/fr\/wp-json\/wp\/v2\/comments?post=4912"}],"wp:featuredmedia":[{"embeddable":true,"href":"https:\/\/www.youmushiguang.com\/fr\/wp-json\/wp\/v2\/media\/4951"}],"wp:attachment":[{"href":"https:\/\/www.youmushiguang.com\/fr\/wp-json\/wp\/v2\/media?parent=4912"}],"wp:term":[{"taxonomy":"product_brand","embeddable":true,"href":"https:\/\/www.youmushiguang.com\/fr\/wp-json\/wp\/v2\/product_brand?post=4912"},{"taxonomy":"product_cat","embeddable":true,"href":"https:\/\/www.youmushiguang.com\/fr\/wp-json\/wp\/v2\/product_cat?post=4912"},{"taxonomy":"product_tag","embeddable":true,"href":"https:\/\/www.youmushiguang.com\/fr\/wp-json\/wp\/v2\/product_tag?post=4912"}],"curies":[{"name":"wp","href":"https:\/\/api.w.org\/{rel}","templated":true}]}}