{"id":5053,"date":"2025-12-29T00:55:19","date_gmt":"2025-12-29T00:55:19","guid":{"rendered":"https:\/\/www.youmushiguang.com\/?post_type=product&#038;p=5053"},"modified":"2026-01-23T02:32:46","modified_gmt":"2026-01-23T02:32:46","slug":"wholesale-southeast-asian-style-restaurant-table-and-chair-set","status":"publish","type":"product","link":"https:\/\/www.youmushiguang.com\/fr\/product\/wholesale-southeast-asian-style-restaurant-table-and-chair-set\/","title":{"rendered":"Wholesale Southeast Asian Style Thai Restaurant Rattan Table and Chair Sets"},"content":{"rendered":"<div class=\"wp-block-columns is-layout-flex wp-container-core-columns-is-layout-9d6595d7 wp-block-columns-is-layout-flex\">\n<div class=\"wp-block-column is-layout-flow wp-block-column-is-layout-flow\" style=\"flex-basis:25%\"><\/div>\n\n\n\n<div class=\"wp-block-column is-layout-flow wp-block-column-is-layout-flow\" style=\"flex-basis:50%\">\n<figure class=\"wp-block-image size-full\"><img decoding=\"async\" width=\"750\" height=\"325\" src=\"https:\/\/www.youmushiguang.com\/wp-content\/uploads\/2025\/12\/1-88.webp\" alt=\"\" class=\"wp-image-5055\" srcset=\"https:\/\/www.youmushiguang.com\/wp-content\/uploads\/2025\/12\/1-88.webp 750w, https:\/\/www.youmushiguang.com\/wp-content\/uploads\/2025\/12\/1-88-300x130.webp 300w, https:\/\/www.youmushiguang.com\/wp-content\/uploads\/2025\/12\/1-88-18x8.webp 18w, https:\/\/www.youmushiguang.com\/wp-content\/uploads\/2025\/12\/1-88-600x260.webp 600w\" sizes=\"(max-width: 750px) 100vw, 750px\" \/><\/figure>\n\n\n\n<figure class=\"wp-block-image size-full\"><img decoding=\"async\" width=\"750\" height=\"647\" src=\"https:\/\/www.youmushiguang.com\/wp-content\/uploads\/2025\/12\/2-94.webp\" alt=\"\" class=\"wp-image-5056\" srcset=\"https:\/\/www.youmushiguang.com\/wp-content\/uploads\/2025\/12\/2-94.webp 750w, https:\/\/www.youmushiguang.com\/wp-content\/uploads\/2025\/12\/2-94-300x259.webp 300w, https:\/\/www.youmushiguang.com\/wp-content\/uploads\/2025\/12\/2-94-14x12.webp 14w, https:\/\/www.youmushiguang.com\/wp-content\/uploads\/2025\/12\/2-94-600x518.webp 600w\" sizes=\"(max-width: 750px) 100vw, 750px\" \/><\/figure>\n\n\n\n<figure class=\"wp-block-image size-full\"><img decoding=\"async\" width=\"750\" height=\"1173\" src=\"https:\/\/www.youmushiguang.com\/wp-content\/uploads\/2025\/12\/3-87.webp\" alt=\"\" class=\"wp-image-5057\" srcset=\"https:\/\/www.youmushiguang.com\/wp-content\/uploads\/2025\/12\/3-87.webp 750w, https:\/\/www.youmushiguang.com\/wp-content\/uploads\/2025\/12\/3-87-192x300.webp 192w, https:\/\/www.youmushiguang.com\/wp-content\/uploads\/2025\/12\/3-87-8x12.webp 8w, https:\/\/www.youmushiguang.com\/wp-content\/uploads\/2025\/12\/3-87-600x938.webp 600w\" sizes=\"(max-width: 750px) 100vw, 750px\" \/><\/figure>\n\n\n\n<figure class=\"wp-block-image size-full\"><img decoding=\"async\" width=\"750\" height=\"1085\" src=\"https:\/\/www.youmushiguang.com\/wp-content\/uploads\/2025\/12\/4-81.webp\" alt=\"\" class=\"wp-image-5058\" srcset=\"https:\/\/www.youmushiguang.com\/wp-content\/uploads\/2025\/12\/4-81.webp 750w, https:\/\/www.youmushiguang.com\/wp-content\/uploads\/2025\/12\/4-81-207x300.webp 207w, https:\/\/www.youmushiguang.com\/wp-content\/uploads\/2025\/12\/4-81-8x12.webp 8w, https:\/\/www.youmushiguang.com\/wp-content\/uploads\/2025\/12\/4-81-600x868.webp 600w\" sizes=\"(max-width: 750px) 100vw, 750px\" \/><\/figure>\n\n\n\n<figure class=\"wp-block-image size-full\"><img decoding=\"async\" width=\"750\" height=\"1984\" src=\"https:\/\/www.youmushiguang.com\/wp-content\/uploads\/2025\/12\/5-52.webp\" alt=\"\" class=\"wp-image-5060\" srcset=\"https:\/\/www.youmushiguang.com\/wp-content\/uploads\/2025\/12\/5-52.webp 750w, https:\/\/www.youmushiguang.com\/wp-content\/uploads\/2025\/12\/5-52-113x300.webp 113w, https:\/\/www.youmushiguang.com\/wp-content\/uploads\/2025\/12\/5-52-5x12.webp 5w, https:\/\/www.youmushiguang.com\/wp-content\/uploads\/2025\/12\/5-52-600x1587.webp 600w\" sizes=\"(max-width: 750px) 100vw, 750px\" \/><\/figure>\n\n\n\n<figure class=\"wp-block-image size-full\"><img decoding=\"async\" width=\"750\" height=\"1077\" src=\"https:\/\/www.youmushiguang.com\/wp-content\/uploads\/2025\/12\/6-32.webp\" alt=\"\" class=\"wp-image-5061\" srcset=\"https:\/\/www.youmushiguang.com\/wp-content\/uploads\/2025\/12\/6-32.webp 750w, https:\/\/www.youmushiguang.com\/wp-content\/uploads\/2025\/12\/6-32-209x300.webp 209w, https:\/\/www.youmushiguang.com\/wp-content\/uploads\/2025\/12\/6-32-8x12.webp 8w, https:\/\/www.youmushiguang.com\/wp-content\/uploads\/2025\/12\/6-32-600x862.webp 600w\" sizes=\"(max-width: 750px) 100vw, 750px\" \/><\/figure>\n\n\n\n<figure class=\"wp-block-image size-full\"><img decoding=\"async\" width=\"750\" height=\"1011\" src=\"https:\/\/www.youmushiguang.com\/wp-content\/uploads\/2025\/12\/7-22.webp\" alt=\"\" class=\"wp-image-5062\" srcset=\"https:\/\/www.youmushiguang.com\/wp-content\/uploads\/2025\/12\/7-22.webp 750w, https:\/\/www.youmushiguang.com\/wp-content\/uploads\/2025\/12\/7-22-223x300.webp 223w, https:\/\/www.youmushiguang.com\/wp-content\/uploads\/2025\/12\/7-22-9x12.webp 9w, https:\/\/www.youmushiguang.com\/wp-content\/uploads\/2025\/12\/7-22-600x809.webp 600w\" sizes=\"(max-width: 750px) 100vw, 750px\" \/><\/figure>\n\n\n\n<figure class=\"wp-block-image size-full\"><img decoding=\"async\" width=\"750\" height=\"1596\" src=\"https:\/\/www.youmushiguang.com\/wp-content\/uploads\/2025\/12\/8-17.webp\" alt=\"\" class=\"wp-image-5064\" srcset=\"https:\/\/www.youmushiguang.com\/wp-content\/uploads\/2025\/12\/8-17.webp 750w, https:\/\/www.youmushiguang.com\/wp-content\/uploads\/2025\/12\/8-17-141x300.webp 141w, https:\/\/www.youmushiguang.com\/wp-content\/uploads\/2025\/12\/8-17-6x12.webp 6w, https:\/\/www.youmushiguang.com\/wp-content\/uploads\/2025\/12\/8-17-600x1277.webp 600w\" sizes=\"(max-width: 750px) 100vw, 750px\" \/><\/figure>\n\n\n\n<figure class=\"wp-block-image size-full\"><img decoding=\"async\" width=\"750\" height=\"869\" src=\"https:\/\/www.youmushiguang.com\/wp-content\/uploads\/2025\/12\/9-15.webp\" alt=\"\" class=\"wp-image-5065\" srcset=\"https:\/\/www.youmushiguang.com\/wp-content\/uploads\/2025\/12\/9-15.webp 750w, https:\/\/www.youmushiguang.com\/wp-content\/uploads\/2025\/12\/9-15-259x300.webp 259w, https:\/\/www.youmushiguang.com\/wp-content\/uploads\/2025\/12\/9-15-10x12.webp 10w, https:\/\/www.youmushiguang.com\/wp-content\/uploads\/2025\/12\/9-15-600x695.webp 600w\" sizes=\"(max-width: 750px) 100vw, 750px\" \/><\/figure>\n\n\n\n<figure class=\"wp-block-image size-full\"><img decoding=\"async\" width=\"750\" height=\"1072\" src=\"https:\/\/www.youmushiguang.com\/wp-content\/uploads\/2025\/12\/10-16.webp\" alt=\"\" class=\"wp-image-5066\" srcset=\"https:\/\/www.youmushiguang.com\/wp-content\/uploads\/2025\/12\/10-16.webp 750w, https:\/\/www.youmushiguang.com\/wp-content\/uploads\/2025\/12\/10-16-210x300.webp 210w, https:\/\/www.youmushiguang.com\/wp-content\/uploads\/2025\/12\/10-16-8x12.webp 8w, https:\/\/www.youmushiguang.com\/wp-content\/uploads\/2025\/12\/10-16-600x858.webp 600w\" sizes=\"(max-width: 750px) 100vw, 750px\" \/><\/figure>\n<\/div>\n\n\n\n<div class=\"wp-block-column is-layout-flow wp-block-column-is-layout-flow\" style=\"flex-basis:25%\"><\/div>\n<\/div>\n\n\n\n<p><\/p>","protected":false},"excerpt":{"rendered":"<div id=\"tw-container\" class=\"nev7se\" data-cp=\"1\" data-nnttsvi=\"1\" data-sletp=\"false\" data-sm=\"1\" data-ssbp=\"false\" data-sugg-time=\"500\" data-sugg-url=\"https:\/\/clients1.google.com\/complete\/search\" data-uilc=\"zh-CN\" data-vil=\",af,af-ZA,am,am-ET,ar-EG,ar-AE,ar-KW,ar-QA,ar,ar-IL,ar-JO,ar-LB,ar-PS,az,az-AZ,bg,bg-BG,bn,bn-BD,bn-IN,ca,ca-es,cs,cs-CZ,de,de-DE,de-CH,de-AT,de-LI,en,en-US,en-CA,en-AU,en-NZ,en-GB,en-IN,en-KE,en-TZ,en-NG,en-GH,en-PH,en-ZA,es,es-ES,es-AR,es-UY,es-419,es-BO,es-CL,es-CR,es-CO,es-DO,es-EC,es-GT,es-HN,es-NI,es-PA,es-PE,es-PR,es-PY,es-SV,es-VE,es-MX,es-US,eu,eu-ES,fi,fi-FI,fr,fr-FR,fr-CH,fr-BE,gl,gl-ES,gu,gu-IN,he,he-IL,iw,iw-IL,hu,hu-HU,hy,hy-AM,id,id-ID,is,is-IS,it,it-IT,it-CH,ja,ja-JP,jv,jv-ID,ka,ka-GE,km,km-KH,kn,kn-IN,ko,ko-KR,la,lo,lo-LA,lv,lv-LV,ml,ml-IN,mr,mr-IN,ms,ms-MY,nl,nl-NL,nb,nb-NO,ne,ne-NP,pl,pl-PL,pt,pt-BR,pt-PT,ro,ro-RO,ru,ru-RU,si-LK,sk,sk-SK,sr,sr-RS,su,su-ID,sv,sv-SE,sw,sw-TZ,sw-KE,ta,ta-IN,ta-SG,ta-LK,ta-MY,te,te-IN,tr,tr-TR,ur,ur-PK,ur-IN,yue,yue-HK,yue-Hant-HK,zh-HK,zh,zh-CN,zh-cmn,zh-cmn-CN,zh-Hans,zh-Hans-CN,zh-cmn-Hans,zh-cmn-Hans-CN,cmn-CN,cmn-Hans,cmn-Hans-CN,zh-TW,zh-Hant-TW,cmn-TW,cmn-Hant-TW,zh-cmn-TW,zh-cmn-Hant-TW,zu,zu-ZA,hi,hi-IN,tl,tl-PH,pa,pa-IN\">\n<div id=\"tw-ob\" class=\"tw-src-ltr\">\n<div class=\"oSioSc\">\n<div id=\"tw-target\">\n<div id=\"kAz1tf\" class=\"g9WsWb PZPZlf\" data-attrid=\"tw-targetArea\" data-entityname=\"Google Translate\">\n<div id=\"tw-target-text-container\" class=\"tw-ta-container tw-nfl\" role=\"text\">\n<p>Our wholesale rattan dining table and chair sets bring authentic Southeast Asian charm to your dining space. The design of this set is inspired by traditional Thai and Southeast Asian aesthetics. This dining furniture is designed for restaurants, cafes, and resorts. Contact us for a quote.<\/p>\n<p>We offer professional wholesale restaurant furniture services and have a wide variety of restaurant furniture styles. Contact us today!<\/p>\n<\/div>\n<\/div>\n<\/div>\n<\/div>\n<\/div>\n<\/div>\n<h2>Sp\u00e9cifications du mobilier de restaurant<\/h2>\n<table width=\"668\">\n<tbody>\n<tr>\n<td width=\"143\">Mod\u00e8le<\/td>\n<td width=\"525\">309<\/td>\n<\/tr>\n<tr>\n<td width=\"143\">Cat\u00e9gorie<\/td>\n<td width=\"525\">Mobilier de restaurant<\/td>\n<\/tr>\n<tr>\n<td width=\"143\">Nom du produit<\/td>\n<td width=\"525\">Tables et chaises de restaurant<\/td>\n<\/tr>\n<tr>\n<td width=\"143\">Options de personnalisation<\/td>\n<td width=\"525\">Style\/couleur\/taille\/mati\u00e8re<\/td>\n<\/tr>\n<tr>\n<td width=\"143\">Tableau<\/td>\n<td width=\"525\">Multi-layered plywood tabletop+ High Quality Metal Frame<\/td>\n<\/tr>\n<tr>\n<td width=\"143\">\n<p>Pr\u00e9sident<\/p>\n<\/td>\n<td width=\"525\">\n<p id=\"tw-target-text\" class=\"tw-data-text tw-text-large tw-ta\" dir=\"ltr\" role=\"text\" data-placeholder=\"\u7ffb\u8bd1\" data-ved=\"2ahUKEwigrKS076-RAxXyFjQIHaQVC4oQ3ewLegQIDBAW\" aria-label=\"\u8bd1\u6587\uff1aStructure en bois massif + cuir Nappa de haute qualit\u00e9 + rembourrage en mousse haute densit\u00e9\">Solid wood frame + premium Nappa leather + high-density foam<\/p>\n<\/td>\n<\/tr>\n<tr>\n<td width=\"143\">Cabine<\/td>\n<td width=\"525\">Cadre en contreplaqu\u00e9 multicouche + rev\u00eatement en cuir de premi\u00e8re qualit\u00e9\u00a0<\/td>\n<\/tr>\n<tr>\n<td width=\"143\">Sc\u00e8ne d'application<\/td>\n<td width=\"525\">Restaurant\/restaurant \u00e0 th\u00e8me\u00a0<\/td>\n<\/tr>\n<tr>\n<td width=\"143\">Couleur<\/td>\n<td width=\"525\">Noyer\/Blanc cass\u00e9 (personnalisable)<\/td>\n<\/tr>\n<tr>\n<td width=\"143\">Mat\u00e9riau<\/td>\n<td width=\"525\">Bois massif\/contreplaqu\u00e9\/m\u00e9tal\/cuir\/\u00e9ponge<\/td>\n<\/tr>\n<tr>\n<td width=\"143\">\n<p>Style<\/p>\n<\/td>\n<td width=\"525\">Style tha\u00eflandais<\/td>\n<\/tr>\n<\/tbody>\n<\/table>\n<p>&nbsp;<\/p>\n<p>&nbsp;<\/p>","protected":false},"featured_media":5054,"comment_status":"closed","ping_status":"closed","template":"","meta":{"_acf_changed":false},"product_brand":[],"product_cat":[24,36,40,20],"product_tag":[],"class_list":{"0":"post-5053","1":"product","2":"type-product","3":"status-publish","4":"has-post-thumbnail","6":"product_cat-wholesale-restaurant-furniture","7":"product_cat-wholesale-coffee-shop-restaurant-furniture","8":"product_cat-wholesale-southeast-asian-style-restaurant-furniture","9":"product_cat-wholesale-cafe-furniture","11":"first","12":"instock","13":"shipping-taxable","14":"product-type-simple"},"acf":[],"_links":{"self":[{"href":"https:\/\/www.youmushiguang.com\/fr\/wp-json\/wp\/v2\/product\/5053","targetHints":{"allow":["GET"]}}],"collection":[{"href":"https:\/\/www.youmushiguang.com\/fr\/wp-json\/wp\/v2\/product"}],"about":[{"href":"https:\/\/www.youmushiguang.com\/fr\/wp-json\/wp\/v2\/types\/product"}],"replies":[{"embeddable":true,"href":"https:\/\/www.youmushiguang.com\/fr\/wp-json\/wp\/v2\/comments?post=5053"}],"wp:featuredmedia":[{"embeddable":true,"href":"https:\/\/www.youmushiguang.com\/fr\/wp-json\/wp\/v2\/media\/5054"}],"wp:attachment":[{"href":"https:\/\/www.youmushiguang.com\/fr\/wp-json\/wp\/v2\/media?parent=5053"}],"wp:term":[{"taxonomy":"product_brand","embeddable":true,"href":"https:\/\/www.youmushiguang.com\/fr\/wp-json\/wp\/v2\/product_brand?post=5053"},{"taxonomy":"product_cat","embeddable":true,"href":"https:\/\/www.youmushiguang.com\/fr\/wp-json\/wp\/v2\/product_cat?post=5053"},{"taxonomy":"product_tag","embeddable":true,"href":"https:\/\/www.youmushiguang.com\/fr\/wp-json\/wp\/v2\/product_tag?post=5053"}],"curies":[{"name":"wp","href":"https:\/\/api.w.org\/{rel}","templated":true}]}}