{"id":513,"date":"2025-10-13T06:12:20","date_gmt":"2025-10-13T06:12:20","guid":{"rendered":"https:\/\/www.youmushiguang.com\/?post_type=product&#038;p=513"},"modified":"2026-04-09T05:27:27","modified_gmt":"2026-04-09T05:27:27","slug":"wholesale-modern-style-cafe-furniture","status":"publish","type":"product","link":"https:\/\/www.youmushiguang.com\/fr\/product\/wholesale-modern-style-cafe-furniture\/","title":{"rendered":"Wholesale Modern Style Cafe Furniture - Convient pour les caf\u00e9s CBD ou les caf\u00e9s communautaires"},"content":{"rendered":"<div class=\"wp-block-columns is-layout-flex wp-container-core-columns-is-layout-9d6595d7 wp-block-columns-is-layout-flex\">\n<div class=\"wp-block-column is-layout-flow wp-block-column-is-layout-flow\" style=\"flex-basis:25%\"><\/div>\n\n\n\n<div class=\"wp-block-column is-layout-flow wp-block-column-is-layout-flow\" style=\"flex-basis:50%\">\n<figure class=\"wp-block-image size-full\"><img decoding=\"async\" width=\"750\" height=\"2288\" src=\"https:\/\/www.youmushiguang.com\/wp-content\/uploads\/2025\/10\/cafe-furniture-details-1.webp\" alt=\"d\u00e9tails du mobilier de caf\u00e9 (1)\" class=\"wp-image-524\" srcset=\"https:\/\/www.youmushiguang.com\/wp-content\/uploads\/2025\/10\/cafe-furniture-details-1.webp 750w, https:\/\/www.youmushiguang.com\/wp-content\/uploads\/2025\/10\/cafe-furniture-details-1-98x300.webp 98w, https:\/\/www.youmushiguang.com\/wp-content\/uploads\/2025\/10\/cafe-furniture-details-1-600x1830.webp 600w\" sizes=\"(max-width: 750px) 100vw, 750px\" \/><\/figure>\n\n\n\n<figure class=\"wp-block-image size-full\"><img decoding=\"async\" width=\"750\" height=\"1291\" src=\"https:\/\/www.youmushiguang.com\/wp-content\/uploads\/2025\/10\/cafe-furniture-details-2.webp\" alt=\"\" class=\"wp-image-525\" srcset=\"https:\/\/www.youmushiguang.com\/wp-content\/uploads\/2025\/10\/cafe-furniture-details-2.webp 750w, https:\/\/www.youmushiguang.com\/wp-content\/uploads\/2025\/10\/cafe-furniture-details-2-174x300.webp 174w, https:\/\/www.youmushiguang.com\/wp-content\/uploads\/2025\/10\/cafe-furniture-details-2-600x1033.webp 600w\" sizes=\"(max-width: 750px) 100vw, 750px\" \/><\/figure>\n\n\n\n<figure class=\"wp-block-image size-full\"><img decoding=\"async\" width=\"750\" height=\"2758\" src=\"https:\/\/www.youmushiguang.com\/wp-content\/uploads\/2025\/10\/cafe-furniture-details-3.webp\" alt=\"d\u00e9tails du mobilier de caf\u00e9 (3)\" class=\"wp-image-526\" srcset=\"https:\/\/www.youmushiguang.com\/wp-content\/uploads\/2025\/10\/cafe-furniture-details-3.webp 750w, https:\/\/www.youmushiguang.com\/wp-content\/uploads\/2025\/10\/cafe-furniture-details-3-600x2206.webp 600w\" sizes=\"(max-width: 750px) 100vw, 750px\" \/><\/figure>\n\n\n\n<figure class=\"wp-block-image size-full\"><img decoding=\"async\" width=\"750\" height=\"1392\" src=\"https:\/\/www.youmushiguang.com\/wp-content\/uploads\/2025\/10\/cafe-furniture-details-4.webp\" alt=\"d\u00e9tails du mobilier de caf\u00e9 (4)\" class=\"wp-image-527\" srcset=\"https:\/\/www.youmushiguang.com\/wp-content\/uploads\/2025\/10\/cafe-furniture-details-4.webp 750w, https:\/\/www.youmushiguang.com\/wp-content\/uploads\/2025\/10\/cafe-furniture-details-4-162x300.webp 162w, https:\/\/www.youmushiguang.com\/wp-content\/uploads\/2025\/10\/cafe-furniture-details-4-600x1114.webp 600w\" sizes=\"(max-width: 750px) 100vw, 750px\" \/><\/figure>\n<\/div>\n\n\n\n<div class=\"wp-block-column is-layout-flow wp-block-column-is-layout-flow\" style=\"flex-basis:25%\"><\/div>\n<\/div>","protected":false},"excerpt":{"rendered":"<p>Wholesale modern style cafe furniture set. From busy weekday mornings to relaxed weekend afternoons, this furniture set helps you attract a diverse clientele and is suitable for CBD coffee shops, community cafes, seaside cafes, and many other types of cafes. Contact us for a quote.<\/p>\n<h2>Sp\u00e9cifications des meubles de caf\u00e9<\/h2>\n<table style=\"border-collapse: collapse; width: 624px; height: 553px;\" border=\"0\" width=\"596\" cellspacing=\"0\" cellpadding=\"0\">\n<tbody>\n<tr style=\"height: 13.50pt;\">\n<td class=\"et2\" style=\"height: 13.50pt; width: 107.25pt;\" width=\"143\" height=\"18\">Mod\u00e8le<\/td>\n<td class=\"et3\" style=\"width: 339.75pt;\" width=\"453\">1023<\/td>\n<\/tr>\n<tr style=\"height: 13.50pt;\">\n<td class=\"et2\" style=\"height: 13.50pt; width: 107.25pt;\" width=\"143\" height=\"18\">Cat\u00e9gorie<\/td>\n<td class=\"et3\" style=\"width: 339.75pt;\" width=\"453\">Caf\u00e9<\/td>\n<\/tr>\n<tr style=\"height: 41.00pt;\">\n<td class=\"et2\" style=\"height: 41.00pt; width: 107.25pt;\" width=\"143\" height=\"54\">Nom du produit<\/td>\n<td class=\"et3\" style=\"width: 339.75pt;\" width=\"453\">Coffee Shop \/ Milk Tea Shop Table et chaises<\/td>\n<\/tr>\n<tr style=\"height: 27.00pt;\">\n<td class=\"et2\" style=\"height: 27.00pt; width: 107.25pt;\" width=\"143\" height=\"36\">Options de personnalisation<\/td>\n<td class=\"et3\" style=\"width: 339.75pt;\" width=\"453\">Style\/couleur\/taille\/mati\u00e8re<\/td>\n<\/tr>\n<tr style=\"height: 74.00pt;\">\n<td class=\"et2\" style=\"height: 74.00pt; width: 107.25pt;\" width=\"143\" height=\"98\">Cabine<\/td>\n<td class=\"et3\" style=\"width: 339.75pt;\" width=\"453\">Panneau multicouche en bois massif avec placage bois + cadre m\u00e9tallique + emballage en cuir Napa \u00e9cologique + mousse haute densit\u00e9<\/td>\n<\/tr>\n<tr style=\"height: 40.50pt;\">\n<td class=\"et2\" style=\"height: 40.50pt; width: 107.25pt;\" width=\"143\" height=\"54\">Pr\u00e9sident<\/td>\n<td class=\"et3\" style=\"width: 339.75pt;\" width=\"453\">Bois massif stable + cadre en fer + planche pli\u00e9e + emballage en cuir Napa \u00e9cologique + mousse de rebond haute densit\u00e9<\/td>\n<\/tr>\n<tr style=\"height: 27.00pt;\">\n<td class=\"et2\" style=\"height: 27.00pt; width: 107.25pt;\" width=\"143\" height=\"36\">Table basse<\/td>\n<td class=\"et3\" style=\"width: 339.75pt;\" width=\"453\">Planche en bois massif multicouche avec plateau en placage bois + pieds stables en fer forg\u00e9<\/td>\n<\/tr>\n<tr style=\"height: 53.00pt;\">\n<td class=\"et2\" style=\"height: 53.00pt; width: 107.25pt;\" width=\"143\" height=\"70\">Sc\u00e8ne d'application<\/td>\n<td class=\"et3\" style=\"width: 339.75pt;\" width=\"453\">Magasin de th\u00e9 au lait \/ Magasin de desserts \/ Magasin de burgers \/ Bar \u00e0 livres<\/td>\n<\/tr>\n<tr style=\"height: 27.00pt;\">\n<td class=\"et2\" style=\"height: 27.00pt; width: 107.25pt;\" width=\"143\" height=\"36\">Couleur<\/td>\n<td class=\"et3\" style=\"width: 339.75pt;\" width=\"453\">Bois de noyer clair \/ Cuir orange + beige (personnalisable)<\/td>\n<\/tr>\n<tr style=\"height: 46.00pt;\">\n<td class=\"et2\" style=\"height: 46.00pt; width: 107.25pt;\" width=\"143\" height=\"61\">Mat\u00e9riau<\/td>\n<td class=\"et3\" style=\"width: 339.75pt;\" width=\"453\">Contreplaqu\u00e9 \/ M\u00e9tal \/ Cuir \/ Mousse<\/td>\n<\/tr>\n<tr style=\"height: 13.50pt;\">\n<td class=\"et2\" style=\"height: 13.50pt; width: 107.25pt;\" width=\"143\" height=\"18\">Style<\/td>\n<td class=\"et3\" style=\"width: 339.75pt;\" width=\"453\">Moderne et simple<\/td>\n<\/tr>\n<\/tbody>\n<\/table>\n<p>&nbsp;<\/p>\n<p><script src=\"chrome-extension:\/\/fpelahbljekknahkcaegamhcndkfpfnc\/iFrame.js\" type=\"text\/javascript\"><\/script><\/p>","protected":false},"featured_media":514,"comment_status":"closed","ping_status":"closed","template":"","meta":{"_acf_changed":true},"product_brand":[],"product_cat":[20],"product_tag":[],"class_list":{"0":"post-513","1":"product","2":"type-product","3":"status-publish","4":"has-post-thumbnail","6":"product_cat-wholesale-cafe-furniture","8":"first","9":"instock","10":"shipping-taxable","11":"product-type-simple"},"acf":[],"_links":{"self":[{"href":"https:\/\/www.youmushiguang.com\/fr\/wp-json\/wp\/v2\/product\/513","targetHints":{"allow":["GET"]}}],"collection":[{"href":"https:\/\/www.youmushiguang.com\/fr\/wp-json\/wp\/v2\/product"}],"about":[{"href":"https:\/\/www.youmushiguang.com\/fr\/wp-json\/wp\/v2\/types\/product"}],"replies":[{"embeddable":true,"href":"https:\/\/www.youmushiguang.com\/fr\/wp-json\/wp\/v2\/comments?post=513"}],"wp:featuredmedia":[{"embeddable":true,"href":"https:\/\/www.youmushiguang.com\/fr\/wp-json\/wp\/v2\/media\/514"}],"wp:attachment":[{"href":"https:\/\/www.youmushiguang.com\/fr\/wp-json\/wp\/v2\/media?parent=513"}],"wp:term":[{"taxonomy":"product_brand","embeddable":true,"href":"https:\/\/www.youmushiguang.com\/fr\/wp-json\/wp\/v2\/product_brand?post=513"},{"taxonomy":"product_cat","embeddable":true,"href":"https:\/\/www.youmushiguang.com\/fr\/wp-json\/wp\/v2\/product_cat?post=513"},{"taxonomy":"product_tag","embeddable":true,"href":"https:\/\/www.youmushiguang.com\/fr\/wp-json\/wp\/v2\/product_tag?post=513"}],"curies":[{"name":"wp","href":"https:\/\/api.w.org\/{rel}","templated":true}]}}