{"id":5280,"date":"2026-02-24T03:35:58","date_gmt":"2026-02-24T03:35:58","guid":{"rendered":"https:\/\/www.youmushiguang.com\/?post_type=product&#038;p=5280"},"modified":"2026-02-24T03:41:26","modified_gmt":"2026-02-24T03:41:26","slug":"bulk-themed-restaurant-table-and-chair-sets","status":"publish","type":"product","link":"https:\/\/www.youmushiguang.com\/fr\/product\/bulk-themed-restaurant-table-and-chair-sets\/","title":{"rendered":"Factory Direct Supply Themed Restaurant Table And Chair Sets - Meubles de restaurant et d'h\u00f4tel haut de gamme"},"content":{"rendered":"<div class=\"wp-block-columns is-layout-flex wp-container-core-columns-is-layout-9d6595d7 wp-block-columns-is-layout-flex\">\n<div class=\"wp-block-column is-layout-flow wp-block-column-is-layout-flow\" style=\"flex-basis:25%\"><\/div>\n\n\n\n<div class=\"wp-block-column is-layout-flow wp-block-column-is-layout-flow\" style=\"flex-basis:50%\">\n<figure class=\"wp-block-image size-full\"><img decoding=\"async\" width=\"790\" height=\"383\" src=\"https:\/\/www.youmushiguang.com\/wp-content\/uploads\/2026\/01\/1.png\" alt=\"\" class=\"wp-image-5269\" srcset=\"https:\/\/www.youmushiguang.com\/wp-content\/uploads\/2026\/01\/1.png 790w, https:\/\/www.youmushiguang.com\/wp-content\/uploads\/2026\/01\/1-300x145.png 300w, https:\/\/www.youmushiguang.com\/wp-content\/uploads\/2026\/01\/1-768x372.png 768w, https:\/\/www.youmushiguang.com\/wp-content\/uploads\/2026\/01\/1-18x9.png 18w, https:\/\/www.youmushiguang.com\/wp-content\/uploads\/2026\/01\/1-600x291.png 600w\" sizes=\"(max-width: 790px) 100vw, 790px\" \/><\/figure>\n\n\n\n<figure class=\"wp-block-image size-full\"><img decoding=\"async\" width=\"790\" height=\"1086\" src=\"https:\/\/www.youmushiguang.com\/wp-content\/uploads\/2026\/01\/2-1.jpg\" alt=\"\" class=\"wp-image-5270\" srcset=\"https:\/\/www.youmushiguang.com\/wp-content\/uploads\/2026\/01\/2-1.jpg 790w, https:\/\/www.youmushiguang.com\/wp-content\/uploads\/2026\/01\/2-1-218x300.jpg 218w, https:\/\/www.youmushiguang.com\/wp-content\/uploads\/2026\/01\/2-1-768x1056.jpg 768w, https:\/\/www.youmushiguang.com\/wp-content\/uploads\/2026\/01\/2-1-9x12.jpg 9w, https:\/\/www.youmushiguang.com\/wp-content\/uploads\/2026\/01\/2-1-600x825.jpg 600w\" sizes=\"(max-width: 790px) 100vw, 790px\" \/><\/figure>\n\n\n\n<figure class=\"wp-block-image size-full\"><img decoding=\"async\" width=\"790\" height=\"1599\" src=\"https:\/\/www.youmushiguang.com\/wp-content\/uploads\/2026\/01\/3.png\" alt=\"\" class=\"wp-image-5272\" srcset=\"https:\/\/www.youmushiguang.com\/wp-content\/uploads\/2026\/01\/3.png 790w, https:\/\/www.youmushiguang.com\/wp-content\/uploads\/2026\/01\/3-148x300.png 148w, https:\/\/www.youmushiguang.com\/wp-content\/uploads\/2026\/01\/3-768x1554.png 768w, https:\/\/www.youmushiguang.com\/wp-content\/uploads\/2026\/01\/3-6x12.png 6w, https:\/\/www.youmushiguang.com\/wp-content\/uploads\/2026\/01\/3-600x1214.png 600w\" sizes=\"(max-width: 790px) 100vw, 790px\" \/><\/figure>\n\n\n\n<figure class=\"wp-block-image size-full\"><img decoding=\"async\" width=\"790\" height=\"1009\" src=\"https:\/\/www.youmushiguang.com\/wp-content\/uploads\/2026\/01\/4-1.jpg\" alt=\"\" class=\"wp-image-5271\" srcset=\"https:\/\/www.youmushiguang.com\/wp-content\/uploads\/2026\/01\/4-1.jpg 790w, https:\/\/www.youmushiguang.com\/wp-content\/uploads\/2026\/01\/4-1-235x300.jpg 235w, https:\/\/www.youmushiguang.com\/wp-content\/uploads\/2026\/01\/4-1-768x981.jpg 768w, https:\/\/www.youmushiguang.com\/wp-content\/uploads\/2026\/01\/4-1-9x12.jpg 9w, https:\/\/www.youmushiguang.com\/wp-content\/uploads\/2026\/01\/4-1-600x766.jpg 600w\" sizes=\"(max-width: 790px) 100vw, 790px\" \/><\/figure>\n\n\n\n<figure class=\"wp-block-image size-full\"><img decoding=\"async\" width=\"790\" height=\"454\" src=\"https:\/\/www.youmushiguang.com\/wp-content\/uploads\/2026\/01\/5.png\" alt=\"\" class=\"wp-image-5273\" srcset=\"https:\/\/www.youmushiguang.com\/wp-content\/uploads\/2026\/01\/5.png 790w, https:\/\/www.youmushiguang.com\/wp-content\/uploads\/2026\/01\/5-300x172.png 300w, https:\/\/www.youmushiguang.com\/wp-content\/uploads\/2026\/01\/5-768x441.png 768w, https:\/\/www.youmushiguang.com\/wp-content\/uploads\/2026\/01\/5-18x10.png 18w, https:\/\/www.youmushiguang.com\/wp-content\/uploads\/2026\/01\/5-600x345.png 600w\" sizes=\"(max-width: 790px) 100vw, 790px\" \/><\/figure>\n\n\n\n<figure class=\"wp-block-image size-full\"><img decoding=\"async\" width=\"790\" height=\"1024\" src=\"https:\/\/www.youmushiguang.com\/wp-content\/uploads\/2026\/01\/6.jpg\" alt=\"\" class=\"wp-image-5274\" srcset=\"https:\/\/www.youmushiguang.com\/wp-content\/uploads\/2026\/01\/6.jpg 790w, https:\/\/www.youmushiguang.com\/wp-content\/uploads\/2026\/01\/6-231x300.jpg 231w, https:\/\/www.youmushiguang.com\/wp-content\/uploads\/2026\/01\/6-768x995.jpg 768w, https:\/\/www.youmushiguang.com\/wp-content\/uploads\/2026\/01\/6-9x12.jpg 9w, https:\/\/www.youmushiguang.com\/wp-content\/uploads\/2026\/01\/6-600x778.jpg 600w\" sizes=\"(max-width: 790px) 100vw, 790px\" \/><\/figure>\n\n\n\n<figure class=\"wp-block-image size-full\"><img decoding=\"async\" width=\"790\" height=\"2682\" src=\"https:\/\/www.youmushiguang.com\/wp-content\/uploads\/2026\/01\/7.png\" alt=\"\" class=\"wp-image-5275\" srcset=\"https:\/\/www.youmushiguang.com\/wp-content\/uploads\/2026\/01\/7.png 790w, https:\/\/www.youmushiguang.com\/wp-content\/uploads\/2026\/01\/7-88x300.png 88w, https:\/\/www.youmushiguang.com\/wp-content\/uploads\/2026\/01\/7-768x2607.png 768w, https:\/\/www.youmushiguang.com\/wp-content\/uploads\/2026\/01\/7-600x2037.png 600w\" sizes=\"(max-width: 790px) 100vw, 790px\" \/><\/figure>\n\n\n\n<figure class=\"wp-block-image size-full\"><img decoding=\"async\" width=\"790\" height=\"1032\" src=\"https:\/\/www.youmushiguang.com\/wp-content\/uploads\/2026\/01\/8-1.jpg\" alt=\"\" class=\"wp-image-5278\" srcset=\"https:\/\/www.youmushiguang.com\/wp-content\/uploads\/2026\/01\/8-1.jpg 790w, https:\/\/www.youmushiguang.com\/wp-content\/uploads\/2026\/01\/8-1-230x300.jpg 230w, https:\/\/www.youmushiguang.com\/wp-content\/uploads\/2026\/01\/8-1-768x1003.jpg 768w, https:\/\/www.youmushiguang.com\/wp-content\/uploads\/2026\/01\/8-1-9x12.jpg 9w, https:\/\/www.youmushiguang.com\/wp-content\/uploads\/2026\/01\/8-1-600x784.jpg 600w\" sizes=\"(max-width: 790px) 100vw, 790px\" \/><\/figure>\n\n\n\n<figure class=\"wp-block-image size-full\"><img decoding=\"async\" width=\"790\" height=\"437\" src=\"https:\/\/www.youmushiguang.com\/wp-content\/uploads\/2026\/01\/9.png\" alt=\"\" class=\"wp-image-5276\" srcset=\"https:\/\/www.youmushiguang.com\/wp-content\/uploads\/2026\/01\/9.png 790w, https:\/\/www.youmushiguang.com\/wp-content\/uploads\/2026\/01\/9-300x166.png 300w, https:\/\/www.youmushiguang.com\/wp-content\/uploads\/2026\/01\/9-768x425.png 768w, https:\/\/www.youmushiguang.com\/wp-content\/uploads\/2026\/01\/9-18x10.png 18w, https:\/\/www.youmushiguang.com\/wp-content\/uploads\/2026\/01\/9-600x332.png 600w\" sizes=\"(max-width: 790px) 100vw, 790px\" \/><\/figure>\n\n\n\n<figure class=\"wp-block-image size-full\"><img decoding=\"async\" width=\"790\" height=\"1061\" src=\"https:\/\/www.youmushiguang.com\/wp-content\/uploads\/2026\/01\/10-1.jpg\" alt=\"\" class=\"wp-image-5277\" srcset=\"https:\/\/www.youmushiguang.com\/wp-content\/uploads\/2026\/01\/10-1.jpg 790w, https:\/\/www.youmushiguang.com\/wp-content\/uploads\/2026\/01\/10-1-223x300.jpg 223w, https:\/\/www.youmushiguang.com\/wp-content\/uploads\/2026\/01\/10-1-768x1031.jpg 768w, https:\/\/www.youmushiguang.com\/wp-content\/uploads\/2026\/01\/10-1-9x12.jpg 9w, https:\/\/www.youmushiguang.com\/wp-content\/uploads\/2026\/01\/10-1-600x806.jpg 600w\" sizes=\"(max-width: 790px) 100vw, 790px\" \/><\/figure>\n\n\n\n<figure class=\"wp-block-image size-full\"><img decoding=\"async\" width=\"790\" height=\"1807\" src=\"https:\/\/www.youmushiguang.com\/wp-content\/uploads\/2026\/01\/11.png\" alt=\"\" class=\"wp-image-5279\" srcset=\"https:\/\/www.youmushiguang.com\/wp-content\/uploads\/2026\/01\/11.png 790w, https:\/\/www.youmushiguang.com\/wp-content\/uploads\/2026\/01\/11-131x300.png 131w, https:\/\/www.youmushiguang.com\/wp-content\/uploads\/2026\/01\/11-768x1757.png 768w, https:\/\/www.youmushiguang.com\/wp-content\/uploads\/2026\/01\/11-5x12.png 5w, https:\/\/www.youmushiguang.com\/wp-content\/uploads\/2026\/01\/11-600x1372.png 600w\" sizes=\"(max-width: 790px) 100vw, 790px\" \/><\/figure>\n<\/div>\n\n\n\n<div class=\"wp-block-column is-layout-flow wp-block-column-is-layout-flow\" style=\"flex-basis:25%\"><\/div>\n<\/div>","protected":false},"excerpt":{"rendered":"<div id=\"tw-container\" class=\"nev7se\" data-cp=\"1\" data-nnttsvi=\"1\" data-sletp=\"false\" data-sm=\"1\" data-ssbp=\"false\" data-sugg-time=\"500\" data-sugg-url=\"https:\/\/clients1.google.com\/complete\/search\" data-uilc=\"zh-CN\" data-vil=\",af,af-ZA,am,am-ET,ar-EG,ar-AE,ar-KW,ar-QA,ar,ar-IL,ar-JO,ar-LB,ar-PS,az,az-AZ,bg,bg-BG,bn,bn-BD,bn-IN,ca,ca-es,cs,cs-CZ,de,de-DE,de-CH,de-AT,de-LI,en,en-US,en-CA,en-AU,en-NZ,en-GB,en-IN,en-KE,en-TZ,en-NG,en-GH,en-PH,en-ZA,es,es-ES,es-AR,es-UY,es-419,es-BO,es-CL,es-CR,es-CO,es-DO,es-EC,es-GT,es-HN,es-NI,es-PA,es-PE,es-PR,es-PY,es-SV,es-VE,es-MX,es-US,eu,eu-ES,fi,fi-FI,fr,fr-FR,fr-CH,fr-BE,gl,gl-ES,gu,gu-IN,he,he-IL,iw,iw-IL,hu,hu-HU,hy,hy-AM,id,id-ID,is,is-IS,it,it-IT,it-CH,ja,ja-JP,jv,jv-ID,ka,ka-GE,km,km-KH,kn,kn-IN,ko,ko-KR,la,lo,lo-LA,lv,lv-LV,ml,ml-IN,mr,mr-IN,ms,ms-MY,nl,nl-NL,nb,nb-NO,ne,ne-NP,pl,pl-PL,pt,pt-BR,pt-PT,ro,ro-RO,ru,ru-RU,si-LK,sk,sk-SK,sr,sr-RS,su,su-ID,sv,sv-SE,sw,sw-TZ,sw-KE,ta,ta-IN,ta-SG,ta-LK,ta-MY,te,te-IN,tr,tr-TR,ur,ur-PK,ur-IN,yue,yue-HK,yue-Hant-HK,zh-HK,zh,zh-CN,zh-cmn,zh-cmn-CN,zh-Hans,zh-Hans-CN,zh-cmn-Hans,zh-cmn-Hans-CN,cmn-CN,cmn-Hans,cmn-Hans-CN,zh-TW,zh-Hant-TW,cmn-TW,cmn-Hant-TW,zh-cmn-TW,zh-cmn-Hant-TW,zu,zu-ZA,hi,hi-IN,tl,tl-PH,pa,pa-IN\">\n<div id=\"tw-ob\" class=\"tw-src-ltr\">\n<div class=\"oSioSc\">\n<div id=\"tw-target\">\n<div id=\"kAz1tf\" class=\"g9WsWb PZPZlf\" data-attrid=\"tw-targetArea\" data-entityname=\"Google Translate\">\n<div id=\"tw-target-text-container\" class=\"tw-ta-container tw-nfl\" role=\"text\">\n<p>Notre ensemble de tables et de chaises de restaurant \u00e0 th\u00e8me allie une esth\u00e9tique exquise \u00e0 une durabilit\u00e9 de niveau commercial, ce qui en fait la solution id\u00e9ale pour les projets d'h\u00f4tels haut de gamme et les concepts de restauration ax\u00e9s sur la marque.<\/p>\n<p>En tant que <a href=\"https:\/\/www.youmushiguang.com\/fr\/product-category\/wholesale-restaurant-furniture\/\"><strong>fournisseur de mobilier de restaurant<\/strong><\/a>, Nous proposons des solutions OEM et ODM flexibles, y compris des tailles, des mat\u00e9riaux, des couleurs, des finitions et des rev\u00eatements personnalis\u00e9s, afin de vous aider \u00e0 cr\u00e9er une atmosph\u00e8re harmonieuse et unifi\u00e9e pour vos repas.<\/p>\n<\/div>\n<\/div>\n<\/div>\n<\/div>\n<\/div>\n<\/div>\n<h2>Sp\u00e9cifications de l'ensemble table et chaise de restaurant \u00e0 th\u00e8me<\/h2>\n<table width=\"668\">\n<tbody>\n<tr>\n<td width=\"143\">Mod\u00e8le<\/td>\n<td width=\"525\">1199<\/td>\n<\/tr>\n<tr>\n<td width=\"143\">Cat\u00e9gorie<\/td>\n<td width=\"525\">Mobilier de restaurant<\/td>\n<\/tr>\n<tr>\n<td width=\"143\">Nom du produit<\/td>\n<td width=\"525\">Tables et chaises de restaurant<\/td>\n<\/tr>\n<tr>\n<td width=\"143\">Options de personnalisation<\/td>\n<td width=\"525\">Style\/couleur\/taille\/mati\u00e8re<\/td>\n<\/tr>\n<tr>\n<td width=\"143\">Tableau<\/td>\n<td width=\"525\">Plateau de table en contreplaqu\u00e9 multicouche + Pieds de table en contreplaqu\u00e9 multicouche<\/td>\n<\/tr>\n<tr>\n<td width=\"143\">\n<p>Pr\u00e9sident<\/p>\n<\/td>\n<td width=\"525\">\n<p id=\"tw-target-text\" class=\"tw-data-text tw-text-large tw-ta\" dir=\"ltr\" role=\"text\" data-placeholder=\"\u7ffb\u8bd1\" data-ved=\"2ahUKEwigrKS076-RAxXyFjQIHaQVC4oQ3ewLegQIDBAW\" aria-label=\"\u8bd1\u6587\uff1aStructure en bois massif + cuir Nappa de haute qualit\u00e9 + rembourrage en mousse haute densit\u00e9\">Cadre en bois massif + cuir Nappa de haute qualit\u00e9 + \u00e9ponge haute densit\u00e9<\/p>\n<\/td>\n<\/tr>\n<tr>\n<td width=\"143\">Cabine<\/td>\n<td width=\"525\">Cadre en bois massif + cuir Nappa de haute qualit\u00e9 + \u00e9ponge haute densit\u00e9 + rotin tress\u00e9<\/td>\n<\/tr>\n<tr>\n<td width=\"143\">Sc\u00e8ne d'application<\/td>\n<td width=\"525\">Restaurant\/restaurant \u00e0 th\u00e8me\u00a0<\/td>\n<\/tr>\n<tr>\n<td width=\"143\">Couleur<\/td>\n<td width=\"525\">Noyer\/Blanc cass\u00e9 (personnalisable)<\/td>\n<\/tr>\n<tr>\n<td width=\"143\">Mat\u00e9riau<\/td>\n<td width=\"525\">Bois massif\/contreplaqu\u00e9\/m\u00e9tal\/cuir\/\u00e9ponge<\/td>\n<\/tr>\n<tr>\n<td width=\"143\">\n<p>Style<\/p>\n<\/td>\n<td width=\"525\">moderne<\/td>\n<\/tr>\n<\/tbody>\n<\/table>\n<p>&nbsp;<\/p>\n<p>&nbsp;<\/p>\n<p>&nbsp;<\/p>\n<p>\n<script src=\"chrome-extension:\/\/fpelahbljekknahkcaegamhcndkfpfnc\/iFrame.js\" type=\"text\/javascript\"><\/script><\/p>","protected":false},"featured_media":5281,"comment_status":"closed","ping_status":"closed","template":"","meta":{"_acf_changed":true},"product_brand":[],"product_cat":[24,43,39,46],"product_tag":[],"class_list":{"0":"post-5280","1":"product","2":"type-product","3":"status-publish","4":"has-post-thumbnail","6":"product_cat-wholesale-restaurant-furniture","7":"product_cat-wholesale-hotel-restaurant-furniture","8":"product_cat-wholesale-western-restaurant-furniture","9":"product_cat-modern-restaurant-furniture","11":"first","12":"instock","13":"shipping-taxable","14":"product-type-simple"},"acf":[],"_links":{"self":[{"href":"https:\/\/www.youmushiguang.com\/fr\/wp-json\/wp\/v2\/product\/5280","targetHints":{"allow":["GET"]}}],"collection":[{"href":"https:\/\/www.youmushiguang.com\/fr\/wp-json\/wp\/v2\/product"}],"about":[{"href":"https:\/\/www.youmushiguang.com\/fr\/wp-json\/wp\/v2\/types\/product"}],"replies":[{"embeddable":true,"href":"https:\/\/www.youmushiguang.com\/fr\/wp-json\/wp\/v2\/comments?post=5280"}],"wp:featuredmedia":[{"embeddable":true,"href":"https:\/\/www.youmushiguang.com\/fr\/wp-json\/wp\/v2\/media\/5281"}],"wp:attachment":[{"href":"https:\/\/www.youmushiguang.com\/fr\/wp-json\/wp\/v2\/media?parent=5280"}],"wp:term":[{"taxonomy":"product_brand","embeddable":true,"href":"https:\/\/www.youmushiguang.com\/fr\/wp-json\/wp\/v2\/product_brand?post=5280"},{"taxonomy":"product_cat","embeddable":true,"href":"https:\/\/www.youmushiguang.com\/fr\/wp-json\/wp\/v2\/product_cat?post=5280"},{"taxonomy":"product_tag","embeddable":true,"href":"https:\/\/www.youmushiguang.com\/fr\/wp-json\/wp\/v2\/product_tag?post=5280"}],"curies":[{"name":"wp","href":"https:\/\/api.w.org\/{rel}","templated":true}]}}