{"id":5443,"date":"2026-01-27T04:11:07","date_gmt":"2026-01-27T04:11:07","guid":{"rendered":"https:\/\/www.youmushiguang.com\/?post_type=product&#038;p=5443"},"modified":"2026-02-24T04:01:39","modified_gmt":"2026-02-24T04:01:39","slug":"minimalist-style-restaurant-table-and-chair-set","status":"publish","type":"product","link":"https:\/\/www.youmushiguang.com\/fr\/product\/minimalist-style-restaurant-table-and-chair-set\/","title":{"rendered":"Ensembles de tables et de chaises de style minimaliste pour restaurants, boutiques de desserts et caf\u00e9s - en direct du fabricant"},"content":{"rendered":"<div class=\"wp-block-columns is-layout-flex wp-container-core-columns-is-layout-9d6595d7 wp-block-columns-is-layout-flex\">\n<div class=\"wp-block-column is-layout-flow wp-block-column-is-layout-flow\" style=\"flex-basis:25%\"><\/div>\n\n\n\n<div class=\"wp-block-column is-layout-flow wp-block-column-is-layout-flow\" style=\"flex-basis:50%\">\n<figure class=\"wp-block-image size-full\"><img decoding=\"async\" width=\"750\" height=\"325\" src=\"https:\/\/www.youmushiguang.com\/wp-content\/uploads\/2026\/01\/1-6.webp\" alt=\"\" class=\"wp-image-5449\" srcset=\"https:\/\/www.youmushiguang.com\/wp-content\/uploads\/2026\/01\/1-6.webp 750w, https:\/\/www.youmushiguang.com\/wp-content\/uploads\/2026\/01\/1-6-300x130.webp 300w, https:\/\/www.youmushiguang.com\/wp-content\/uploads\/2026\/01\/1-6-18x8.webp 18w, https:\/\/www.youmushiguang.com\/wp-content\/uploads\/2026\/01\/1-6-600x260.webp 600w\" sizes=\"(max-width: 750px) 100vw, 750px\" \/><\/figure>\n\n\n\n<figure class=\"wp-block-image size-full\"><img decoding=\"async\" width=\"750\" height=\"647\" src=\"https:\/\/www.youmushiguang.com\/wp-content\/uploads\/2026\/01\/2-8.webp\" alt=\"\" class=\"wp-image-5450\" srcset=\"https:\/\/www.youmushiguang.com\/wp-content\/uploads\/2026\/01\/2-8.webp 750w, https:\/\/www.youmushiguang.com\/wp-content\/uploads\/2026\/01\/2-8-300x259.webp 300w, https:\/\/www.youmushiguang.com\/wp-content\/uploads\/2026\/01\/2-8-14x12.webp 14w, https:\/\/www.youmushiguang.com\/wp-content\/uploads\/2026\/01\/2-8-600x518.webp 600w\" sizes=\"(max-width: 750px) 100vw, 750px\" \/><\/figure>\n\n\n\n<figure class=\"wp-block-image size-full\"><img decoding=\"async\" width=\"750\" height=\"1173\" src=\"https:\/\/www.youmushiguang.com\/wp-content\/uploads\/2026\/01\/3-6.webp\" alt=\"\" class=\"wp-image-5451\" srcset=\"https:\/\/www.youmushiguang.com\/wp-content\/uploads\/2026\/01\/3-6.webp 750w, https:\/\/www.youmushiguang.com\/wp-content\/uploads\/2026\/01\/3-6-192x300.webp 192w, https:\/\/www.youmushiguang.com\/wp-content\/uploads\/2026\/01\/3-6-8x12.webp 8w, https:\/\/www.youmushiguang.com\/wp-content\/uploads\/2026\/01\/3-6-600x938.webp 600w\" sizes=\"(max-width: 750px) 100vw, 750px\" \/><\/figure>\n\n\n\n<figure class=\"wp-block-image size-full\"><img decoding=\"async\" width=\"750\" height=\"1085\" src=\"https:\/\/www.youmushiguang.com\/wp-content\/uploads\/2026\/01\/4-6.webp\" alt=\"\" class=\"wp-image-5452\" srcset=\"https:\/\/www.youmushiguang.com\/wp-content\/uploads\/2026\/01\/4-6.webp 750w, https:\/\/www.youmushiguang.com\/wp-content\/uploads\/2026\/01\/4-6-207x300.webp 207w, https:\/\/www.youmushiguang.com\/wp-content\/uploads\/2026\/01\/4-6-8x12.webp 8w, https:\/\/www.youmushiguang.com\/wp-content\/uploads\/2026\/01\/4-6-600x868.webp 600w\" sizes=\"(max-width: 750px) 100vw, 750px\" \/><\/figure>\n\n\n\n<figure class=\"wp-block-image size-full\"><img decoding=\"async\" width=\"750\" height=\"1987\" src=\"https:\/\/www.youmushiguang.com\/wp-content\/uploads\/2026\/01\/5-5.webp\" alt=\"\" class=\"wp-image-5453\" srcset=\"https:\/\/www.youmushiguang.com\/wp-content\/uploads\/2026\/01\/5-5.webp 750w, https:\/\/www.youmushiguang.com\/wp-content\/uploads\/2026\/01\/5-5-113x300.webp 113w, https:\/\/www.youmushiguang.com\/wp-content\/uploads\/2026\/01\/5-5-5x12.webp 5w, https:\/\/www.youmushiguang.com\/wp-content\/uploads\/2026\/01\/5-5-600x1590.webp 600w\" sizes=\"(max-width: 750px) 100vw, 750px\" \/><\/figure>\n\n\n\n<figure class=\"wp-block-image size-full\"><img decoding=\"async\" width=\"750\" height=\"1056\" src=\"https:\/\/www.youmushiguang.com\/wp-content\/uploads\/2026\/01\/6-5.webp\" alt=\"\" class=\"wp-image-5455\" srcset=\"https:\/\/www.youmushiguang.com\/wp-content\/uploads\/2026\/01\/6-5.webp 750w, https:\/\/www.youmushiguang.com\/wp-content\/uploads\/2026\/01\/6-5-213x300.webp 213w, https:\/\/www.youmushiguang.com\/wp-content\/uploads\/2026\/01\/6-5-9x12.webp 9w, https:\/\/www.youmushiguang.com\/wp-content\/uploads\/2026\/01\/6-5-600x845.webp 600w\" sizes=\"(max-width: 750px) 100vw, 750px\" \/><\/figure>\n\n\n\n<figure class=\"wp-block-image size-full\"><img decoding=\"async\" width=\"750\" height=\"2591\" src=\"https:\/\/www.youmushiguang.com\/wp-content\/uploads\/2026\/01\/7-6.webp\" alt=\"\" class=\"wp-image-5456\" srcset=\"https:\/\/www.youmushiguang.com\/wp-content\/uploads\/2026\/01\/7-6.webp 750w, https:\/\/www.youmushiguang.com\/wp-content\/uploads\/2026\/01\/7-6-87x300.webp 87w, https:\/\/www.youmushiguang.com\/wp-content\/uploads\/2026\/01\/7-6-600x2073.webp 600w\" sizes=\"(max-width: 750px) 100vw, 750px\" \/><\/figure>\n\n\n\n<figure class=\"wp-block-image size-full\"><img decoding=\"async\" width=\"750\" height=\"869\" src=\"https:\/\/www.youmushiguang.com\/wp-content\/uploads\/2026\/01\/8-5.webp\" alt=\"\" class=\"wp-image-5457\" srcset=\"https:\/\/www.youmushiguang.com\/wp-content\/uploads\/2026\/01\/8-5.webp 750w, https:\/\/www.youmushiguang.com\/wp-content\/uploads\/2026\/01\/8-5-259x300.webp 259w, https:\/\/www.youmushiguang.com\/wp-content\/uploads\/2026\/01\/8-5-10x12.webp 10w, https:\/\/www.youmushiguang.com\/wp-content\/uploads\/2026\/01\/8-5-600x695.webp 600w\" sizes=\"(max-width: 750px) 100vw, 750px\" \/><\/figure>\n\n\n\n<figure class=\"wp-block-image size-full\"><img decoding=\"async\" width=\"750\" height=\"1409\" src=\"https:\/\/www.youmushiguang.com\/wp-content\/uploads\/2026\/01\/9-5.webp\" alt=\"\" class=\"wp-image-5458\" srcset=\"https:\/\/www.youmushiguang.com\/wp-content\/uploads\/2026\/01\/9-5.webp 750w, https:\/\/www.youmushiguang.com\/wp-content\/uploads\/2026\/01\/9-5-160x300.webp 160w, https:\/\/www.youmushiguang.com\/wp-content\/uploads\/2026\/01\/9-5-6x12.webp 6w, https:\/\/www.youmushiguang.com\/wp-content\/uploads\/2026\/01\/9-5-600x1127.webp 600w\" sizes=\"(max-width: 750px) 100vw, 750px\" \/><\/figure>\n<\/div>\n\n\n\n<div class=\"wp-block-column is-layout-flow wp-block-column-is-layout-flow\" style=\"flex-basis:25%\"><\/div>\n<\/div>\n\n\n\n<p><\/p>","protected":false},"excerpt":{"rendered":"<p data-pm-slice=\"0 0 []\">Mobilier de restaurant moderne de style minimaliste directement fourni par l'usine. Am\u00e9liorez votre espace avec cet ensemble table et chaise de restaurant minimaliste, con\u00e7u pour les caf\u00e9s modernes et les boutiques de desserts qui appr\u00e9cient \u00e0 la fois le style et le confort. OEM et ODM, contactez-nous pour un devis.<\/p>\n<p>En tant que fabricant sp\u00e9cialis\u00e9 dans le mobilier de restaurant, nous soutenons les projets commerciaux avec des solutions de mobilier enti\u00e8rement personnalis\u00e9es.<\/p>\n<h2>Sp\u00e9cifications du mobilier de restaurant<\/h2>\n<table style=\"border-collapse: collapse; width: 501.02pt;\" border=\"0\" width=\"668\" cellspacing=\"0\" cellpadding=\"0\">\n<tbody>\n<tr style=\"height: 13.50pt;\">\n<td class=\"et2\" style=\"height: 13.50pt; width: 107.25pt;\" width=\"143\" height=\"18\">Mod\u00e8le<\/td>\n<td class=\"et3\" style=\"width: 393.75pt;\" width=\"525\">311-2<\/td>\n<\/tr>\n<tr style=\"height: 13.50pt;\">\n<td class=\"et2\" style=\"height: 13.50pt; width: 107.25pt;\" width=\"143\" height=\"18\">Cat\u00e9gorie<\/td>\n<td class=\"et3\" style=\"width: 393.75pt;\" width=\"525\">Mobilier de restaurant<\/td>\n<\/tr>\n<tr style=\"height: 13.50pt;\">\n<td class=\"et2\" style=\"height: 13.50pt; width: 107.25pt;\" width=\"143\" height=\"18\">Nom du produit<\/td>\n<td class=\"et3\" style=\"width: 393.75pt;\" width=\"525\">Nouvelles tables et chaises de restaurant chinois<\/td>\n<\/tr>\n<tr style=\"height: 27.00pt;\">\n<td class=\"et2\" style=\"height: 27.00pt; width: 107.25pt;\" width=\"143\" height=\"36\">Options de personnalisation<\/td>\n<td class=\"et3\" style=\"width: 393.75pt;\" width=\"525\">Style\/couleur\/taille\/mati\u00e8re<\/td>\n<\/tr>\n<tr style=\"height: 27.00pt;\">\n<td class=\"et2\" style=\"height: 27.00pt; width: 107.25pt;\" width=\"143\" height=\"36\">Cabine<\/td>\n<td class=\"et3\" style=\"width: 393.75pt;\" width=\"525\">Cadre en bois massif multicouche + enveloppe en cuir Nappa doux pour la peau + \u00e9ponge de rebond \u00e0 haute densit\u00e9<\/td>\n<\/tr>\n<tr style=\"height: 27.00pt;\">\n<td class=\"et2\" style=\"height: 27.00pt; width: 107.25pt;\" width=\"143\" height=\"36\">Pr\u00e9sident<\/td>\n<td class=\"et3\" style=\"width: 393.75pt;\" width=\"525\">cadre en bois massif + enveloppe en cuir Nappa doux pour la peau + \u00e9ponge de rebond \u00e0 haute densit\u00e9<\/td>\n<\/tr>\n<tr style=\"height: 27.00pt;\">\n<td class=\"et2\" style=\"height: 27.00pt; width: 107.25pt;\" width=\"143\" height=\"36\">Tableau<\/td>\n<td class=\"et3\" style=\"width: 393.75pt;\" width=\"525\">Plateau de table en contreplaqu\u00e9 multicouche + pieds de table en quincaillerie de haute qualit\u00e9<\/td>\n<\/tr>\n<tr style=\"height: 27.00pt;\">\n<td class=\"et2\" style=\"height: 27.00pt; width: 107.25pt;\" width=\"143\" height=\"36\">Sc\u00e8ne d'application<\/td>\n<td class=\"et3\" style=\"width: 393.75pt;\" width=\"525\">restaurant\/restaurant \u00e0 th\u00e8me\/restaurant de th\u00e9\/restaurant Hunan<\/td>\n<\/tr>\n<tr style=\"height: 13.50pt;\">\n<td class=\"et2\" style=\"height: 13.50pt; width: 107.25pt;\" width=\"143\" height=\"18\">Couleur<\/td>\n<td class=\"et3\" style=\"width: 393.75pt;\" width=\"525\">Noyer\/vert (personnalisable)<\/td>\n<\/tr>\n<tr style=\"height: 13.50pt;\">\n<td class=\"et2\" style=\"height: 13.50pt; width: 107.25pt;\" width=\"143\" height=\"18\">Mat\u00e9riau<\/td>\n<td class=\"et3\" style=\"width: 393.75pt;\" width=\"525\">Contreplaqu\u00e9\/bois massif\/m\u00e9tal\/cuir\/\u00e9ponge<\/td>\n<\/tr>\n<tr style=\"height: 13.50pt;\">\n<td class=\"et2\" style=\"height: 13.50pt; width: 107.25pt;\" width=\"143\" height=\"18\">Style<\/td>\n<td class=\"et3\" style=\"width: 393.75pt;\" width=\"525\">Nouveau style chinois<\/td>\n<\/tr>\n<\/tbody>\n<\/table>\n<p>&nbsp;<\/p>\n<p>&nbsp;<\/p>\n<p>\n<script src=\"chrome-extension:\/\/fpelahbljekknahkcaegamhcndkfpfnc\/iFrame.js\" type=\"text\/javascript\"><\/script><\/p>","protected":false},"featured_media":5444,"comment_status":"closed","ping_status":"closed","template":"","meta":{"_acf_changed":true},"product_brand":[],"product_cat":[24,36,42,46,20],"product_tag":[],"class_list":{"0":"post-5443","1":"product","2":"type-product","3":"status-publish","4":"has-post-thumbnail","6":"product_cat-wholesale-restaurant-furniture","7":"product_cat-wholesale-coffee-shop-restaurant-furniture","8":"product_cat-wholesale-dessert-shop-furniture","9":"product_cat-modern-restaurant-furniture","10":"product_cat-wholesale-cafe-furniture","12":"first","13":"instock","14":"shipping-taxable","15":"product-type-simple"},"acf":[],"_links":{"self":[{"href":"https:\/\/www.youmushiguang.com\/fr\/wp-json\/wp\/v2\/product\/5443","targetHints":{"allow":["GET"]}}],"collection":[{"href":"https:\/\/www.youmushiguang.com\/fr\/wp-json\/wp\/v2\/product"}],"about":[{"href":"https:\/\/www.youmushiguang.com\/fr\/wp-json\/wp\/v2\/types\/product"}],"replies":[{"embeddable":true,"href":"https:\/\/www.youmushiguang.com\/fr\/wp-json\/wp\/v2\/comments?post=5443"}],"wp:featuredmedia":[{"embeddable":true,"href":"https:\/\/www.youmushiguang.com\/fr\/wp-json\/wp\/v2\/media\/5444"}],"wp:attachment":[{"href":"https:\/\/www.youmushiguang.com\/fr\/wp-json\/wp\/v2\/media?parent=5443"}],"wp:term":[{"taxonomy":"product_brand","embeddable":true,"href":"https:\/\/www.youmushiguang.com\/fr\/wp-json\/wp\/v2\/product_brand?post=5443"},{"taxonomy":"product_cat","embeddable":true,"href":"https:\/\/www.youmushiguang.com\/fr\/wp-json\/wp\/v2\/product_cat?post=5443"},{"taxonomy":"product_tag","embeddable":true,"href":"https:\/\/www.youmushiguang.com\/fr\/wp-json\/wp\/v2\/product_tag?post=5443"}],"curies":[{"name":"wp","href":"https:\/\/api.w.org\/{rel}","templated":true}]}}