{"id":5477,"date":"2026-01-27T03:31:40","date_gmt":"2026-01-27T03:31:40","guid":{"rendered":"https:\/\/www.youmushiguang.com\/?post_type=product&#038;p=5477"},"modified":"2026-04-22T01:38:46","modified_gmt":"2026-04-22T01:38:46","slug":"vintage-restaurant-furniture-set-supply","status":"publish","type":"product","link":"https:\/\/www.youmushiguang.com\/fr\/product\/vintage-restaurant-furniture-set-supply\/","title":{"rendered":"Meubles de restaurant vintage Ensemble de canap\u00e9s et de tables, Furniture Factory Direct Supply"},"content":{"rendered":"<div class=\"wp-block-columns is-layout-flex wp-container-core-columns-is-layout-9d6595d7 wp-block-columns-is-layout-flex\">\n<div class=\"wp-block-column is-layout-flow wp-block-column-is-layout-flow\" style=\"flex-basis:25%\"><\/div>\n\n\n\n<div class=\"wp-block-column is-layout-flow wp-block-column-is-layout-flow\" style=\"flex-basis:50%\">\n<figure class=\"wp-block-image size-full\"><img decoding=\"async\" width=\"750\" height=\"941\" src=\"https:\/\/www.youmushiguang.com\/wp-content\/uploads\/2026\/01\/1-9.webp\" alt=\"\" class=\"wp-image-5479\" srcset=\"https:\/\/www.youmushiguang.com\/wp-content\/uploads\/2026\/01\/1-9.webp 750w, https:\/\/www.youmushiguang.com\/wp-content\/uploads\/2026\/01\/1-9-239x300.webp 239w, https:\/\/www.youmushiguang.com\/wp-content\/uploads\/2026\/01\/1-9-10x12.webp 10w, https:\/\/www.youmushiguang.com\/wp-content\/uploads\/2026\/01\/1-9-600x753.webp 600w\" sizes=\"(max-width: 750px) 100vw, 750px\" \/><\/figure>\n\n\n\n<figure class=\"wp-block-image size-full\"><img decoding=\"async\" width=\"750\" height=\"1723\" src=\"https:\/\/www.youmushiguang.com\/wp-content\/uploads\/2026\/01\/2-11.webp\" alt=\"\" class=\"wp-image-5480\" srcset=\"https:\/\/www.youmushiguang.com\/wp-content\/uploads\/2026\/01\/2-11.webp 750w, https:\/\/www.youmushiguang.com\/wp-content\/uploads\/2026\/01\/2-11-131x300.webp 131w, https:\/\/www.youmushiguang.com\/wp-content\/uploads\/2026\/01\/2-11-5x12.webp 5w, https:\/\/www.youmushiguang.com\/wp-content\/uploads\/2026\/01\/2-11-600x1378.webp 600w\" sizes=\"(max-width: 750px) 100vw, 750px\" \/><\/figure>\n\n\n\n<figure class=\"wp-block-image size-full\"><img decoding=\"async\" width=\"750\" height=\"892\" src=\"https:\/\/www.youmushiguang.com\/wp-content\/uploads\/2026\/01\/3-8.webp\" alt=\"\" class=\"wp-image-5481\" srcset=\"https:\/\/www.youmushiguang.com\/wp-content\/uploads\/2026\/01\/3-8.webp 750w, https:\/\/www.youmushiguang.com\/wp-content\/uploads\/2026\/01\/3-8-252x300.webp 252w, https:\/\/www.youmushiguang.com\/wp-content\/uploads\/2026\/01\/3-8-10x12.webp 10w, https:\/\/www.youmushiguang.com\/wp-content\/uploads\/2026\/01\/3-8-600x714.webp 600w\" sizes=\"(max-width: 750px) 100vw, 750px\" \/><\/figure>\n\n\n\n<figure class=\"wp-block-image size-full\"><img decoding=\"async\" width=\"750\" height=\"2334\" src=\"https:\/\/www.youmushiguang.com\/wp-content\/uploads\/2026\/01\/4-10.webp\" alt=\"\" class=\"wp-image-5482\" srcset=\"https:\/\/www.youmushiguang.com\/wp-content\/uploads\/2026\/01\/4-10.webp 750w, https:\/\/www.youmushiguang.com\/wp-content\/uploads\/2026\/01\/4-10-96x300.webp 96w, https:\/\/www.youmushiguang.com\/wp-content\/uploads\/2026\/01\/4-10-4x12.webp 4w, https:\/\/www.youmushiguang.com\/wp-content\/uploads\/2026\/01\/4-10-600x1867.webp 600w\" sizes=\"(max-width: 750px) 100vw, 750px\" \/><\/figure>\n\n\n\n<figure class=\"wp-block-image size-full\"><img decoding=\"async\" width=\"750\" height=\"2737\" src=\"https:\/\/www.youmushiguang.com\/wp-content\/uploads\/2026\/01\/5-9.webp\" alt=\"\" class=\"wp-image-5483\" srcset=\"https:\/\/www.youmushiguang.com\/wp-content\/uploads\/2026\/01\/5-9.webp 750w, https:\/\/www.youmushiguang.com\/wp-content\/uploads\/2026\/01\/5-9-82x300.webp 82w, https:\/\/www.youmushiguang.com\/wp-content\/uploads\/2026\/01\/5-9-3x12.webp 3w, https:\/\/www.youmushiguang.com\/wp-content\/uploads\/2026\/01\/5-9-600x2190.webp 600w\" sizes=\"(max-width: 750px) 100vw, 750px\" \/><\/figure>\n\n\n\n<figure class=\"wp-block-image size-full\"><img decoding=\"async\" width=\"750\" height=\"1296\" src=\"https:\/\/www.youmushiguang.com\/wp-content\/uploads\/2026\/01\/6-7.webp\" alt=\"\" class=\"wp-image-5484\" srcset=\"https:\/\/www.youmushiguang.com\/wp-content\/uploads\/2026\/01\/6-7.webp 750w, https:\/\/www.youmushiguang.com\/wp-content\/uploads\/2026\/01\/6-7-174x300.webp 174w, https:\/\/www.youmushiguang.com\/wp-content\/uploads\/2026\/01\/6-7-7x12.webp 7w, https:\/\/www.youmushiguang.com\/wp-content\/uploads\/2026\/01\/6-7-600x1037.webp 600w\" sizes=\"(max-width: 750px) 100vw, 750px\" \/><\/figure>\n\n\n\n<figure class=\"wp-block-image size-full\"><img decoding=\"async\" width=\"750\" height=\"791\" src=\"https:\/\/www.youmushiguang.com\/wp-content\/uploads\/2026\/01\/7-8.webp\" alt=\"\" class=\"wp-image-5485\" srcset=\"https:\/\/www.youmushiguang.com\/wp-content\/uploads\/2026\/01\/7-8.webp 750w, https:\/\/www.youmushiguang.com\/wp-content\/uploads\/2026\/01\/7-8-284x300.webp 284w, https:\/\/www.youmushiguang.com\/wp-content\/uploads\/2026\/01\/7-8-11x12.webp 11w, https:\/\/www.youmushiguang.com\/wp-content\/uploads\/2026\/01\/7-8-600x633.webp 600w\" sizes=\"(max-width: 750px) 100vw, 750px\" \/><\/figure>\n\n\n\n<figure class=\"wp-block-image size-full\"><img decoding=\"async\" width=\"750\" height=\"687\" src=\"https:\/\/www.youmushiguang.com\/wp-content\/uploads\/2026\/01\/8-7.webp\" alt=\"\" class=\"wp-image-5486\" srcset=\"https:\/\/www.youmushiguang.com\/wp-content\/uploads\/2026\/01\/8-7.webp 750w, https:\/\/www.youmushiguang.com\/wp-content\/uploads\/2026\/01\/8-7-300x275.webp 300w, https:\/\/www.youmushiguang.com\/wp-content\/uploads\/2026\/01\/8-7-13x12.webp 13w, https:\/\/www.youmushiguang.com\/wp-content\/uploads\/2026\/01\/8-7-600x550.webp 600w\" sizes=\"(max-width: 750px) 100vw, 750px\" \/><\/figure>\n<\/div>\n\n\n\n<div class=\"wp-block-column is-layout-flow wp-block-column-is-layout-flow\" style=\"flex-basis:25%\"><\/div>\n<\/div>\n\n\n\n<p><\/p>","protected":false},"excerpt":{"rendered":"<p data-pm-slice=\"0 0 []\">Nos canap\u00e9s et ensembles de si\u00e8ges de restaurant de style ancien cr\u00e9ent une exp\u00e9rience gastronomique chaleureuse et nostalgique. En tant que fabricant de meubles, notre mod\u00e8le d'usine directe garantit des prix tr\u00e8s comp\u00e9titifs et offre des services complets de personnalisation OEM et ODM.<\/p>\n<h2>Sp\u00e9cifications du mobilier de restaurant<\/h2>\n<table style=\"border-collapse: collapse; width: 501.02pt;\" border=\"0\" width=\"668\" cellspacing=\"0\" cellpadding=\"0\">\n<tbody>\n<tr style=\"height: 13.50pt;\">\n<td class=\"et2\" style=\"height: 13.50pt; width: 107.25pt;\" width=\"143\" height=\"18\">Mod\u00e8le<\/td>\n<td class=\"et3\" style=\"width: 393.75pt;\" width=\"525\">53-2<\/td>\n<\/tr>\n<tr style=\"height: 13.50pt;\">\n<td class=\"et2\" style=\"height: 13.50pt; width: 107.25pt;\" width=\"143\" height=\"18\">Cat\u00e9gorie<\/td>\n<td class=\"et3\" style=\"width: 393.75pt;\" width=\"525\">Mobilier de restaurant<\/td>\n<\/tr>\n<tr style=\"height: 13.50pt;\">\n<td class=\"et2\" style=\"height: 13.50pt; width: 107.25pt;\" width=\"143\" height=\"18\">Nom du produit<\/td>\n<td class=\"et3\" style=\"width: 393.75pt;\" width=\"525\">Nouvelles tables et chaises de restaurant chinois<\/td>\n<\/tr>\n<tr style=\"height: 27.00pt;\">\n<td class=\"et2\" style=\"height: 27.00pt; width: 107.25pt;\" width=\"143\" height=\"36\">Options de personnalisation<\/td>\n<td class=\"et3\" style=\"width: 393.75pt;\" width=\"525\">Style\/couleur\/taille\/mati\u00e8re<\/td>\n<\/tr>\n<tr style=\"height: 27.00pt;\">\n<td class=\"et2\" style=\"height: 27.00pt; width: 107.25pt;\" width=\"143\" height=\"36\">Cabine<\/td>\n<td class=\"et3\" style=\"width: 393.75pt;\" width=\"525\">Cadre en bois massif multicouche + enveloppe en cuir Nappa doux pour la peau + \u00e9ponge de rebond \u00e0 haute densit\u00e9<\/td>\n<\/tr>\n<tr style=\"height: 27.00pt;\">\n<td class=\"et2\" style=\"height: 27.00pt; width: 107.25pt;\" width=\"143\" height=\"36\">Pr\u00e9sident<\/td>\n<td class=\"et3\" style=\"width: 393.75pt;\" width=\"525\">cadre en bois massif + enveloppe en cuir Nappa doux pour la peau + \u00e9ponge de rebond \u00e0 haute densit\u00e9<\/td>\n<\/tr>\n<tr style=\"height: 27.00pt;\">\n<td class=\"et2\" style=\"height: 27.00pt; width: 107.25pt;\" width=\"143\" height=\"36\">Tableau<\/td>\n<td class=\"et3\" style=\"width: 393.75pt;\" width=\"525\">Plateau de table en contreplaqu\u00e9 multicouche + pieds de table en quincaillerie de haute qualit\u00e9<\/td>\n<\/tr>\n<tr style=\"height: 27.00pt;\">\n<td class=\"et2\" style=\"height: 27.00pt; width: 107.25pt;\" width=\"143\" height=\"36\">Sc\u00e8ne d'application<\/td>\n<td class=\"et3\" style=\"width: 393.75pt;\" width=\"525\">restaurant\/restaurant \u00e0 th\u00e8me\/restaurant de th\u00e9\/restaurant Hunan<\/td>\n<\/tr>\n<tr style=\"height: 13.50pt;\">\n<td class=\"et2\" style=\"height: 13.50pt; width: 107.25pt;\" width=\"143\" height=\"18\">Couleur<\/td>\n<td class=\"et3\" style=\"width: 393.75pt;\" width=\"525\">Noyer\/vert (personnalisable)<\/td>\n<\/tr>\n<tr style=\"height: 13.50pt;\">\n<td class=\"et2\" style=\"height: 13.50pt; width: 107.25pt;\" width=\"143\" height=\"18\">Mat\u00e9riau<\/td>\n<td class=\"et3\" style=\"width: 393.75pt;\" width=\"525\">Contreplaqu\u00e9\/bois massif\/m\u00e9tal\/cuir\/\u00e9ponge<\/td>\n<\/tr>\n<tr style=\"height: 13.50pt;\">\n<td class=\"et2\" style=\"height: 13.50pt; width: 107.25pt;\" width=\"143\" height=\"18\">Style<\/td>\n<td class=\"et3\" style=\"width: 393.75pt;\" width=\"525\">mill\u00e9sime<\/td>\n<\/tr>\n<\/tbody>\n<\/table>\n<p>&nbsp;<\/p>\n<p>\n<script src=\"chrome-extension:\/\/fpelahbljekknahkcaegamhcndkfpfnc\/iFrame.js\" type=\"text\/javascript\"><\/script><\/p>","protected":false},"featured_media":5478,"comment_status":"closed","ping_status":"closed","template":"","meta":{"_acf_changed":true},"product_brand":[],"product_cat":[24,44,21],"product_tag":[],"class_list":{"0":"post-5477","1":"product","2":"type-product","3":"status-publish","4":"has-post-thumbnail","6":"product_cat-wholesale-restaurant-furniture","7":"product_cat-vintage-style-restaurant-furniture","8":"product_cat-wholesale-pub-furniture","10":"first","11":"instock","12":"shipping-taxable","13":"product-type-simple"},"acf":[],"_links":{"self":[{"href":"https:\/\/www.youmushiguang.com\/fr\/wp-json\/wp\/v2\/product\/5477","targetHints":{"allow":["GET"]}}],"collection":[{"href":"https:\/\/www.youmushiguang.com\/fr\/wp-json\/wp\/v2\/product"}],"about":[{"href":"https:\/\/www.youmushiguang.com\/fr\/wp-json\/wp\/v2\/types\/product"}],"replies":[{"embeddable":true,"href":"https:\/\/www.youmushiguang.com\/fr\/wp-json\/wp\/v2\/comments?post=5477"}],"wp:featuredmedia":[{"embeddable":true,"href":"https:\/\/www.youmushiguang.com\/fr\/wp-json\/wp\/v2\/media\/5478"}],"wp:attachment":[{"href":"https:\/\/www.youmushiguang.com\/fr\/wp-json\/wp\/v2\/media?parent=5477"}],"wp:term":[{"taxonomy":"product_brand","embeddable":true,"href":"https:\/\/www.youmushiguang.com\/fr\/wp-json\/wp\/v2\/product_brand?post=5477"},{"taxonomy":"product_cat","embeddable":true,"href":"https:\/\/www.youmushiguang.com\/fr\/wp-json\/wp\/v2\/product_cat?post=5477"},{"taxonomy":"product_tag","embeddable":true,"href":"https:\/\/www.youmushiguang.com\/fr\/wp-json\/wp\/v2\/product_tag?post=5477"}],"curies":[{"name":"wp","href":"https:\/\/api.w.org\/{rel}","templated":true}]}}