{"id":5552,"date":"2026-01-27T02:04:14","date_gmt":"2026-01-27T02:04:14","guid":{"rendered":"https:\/\/www.youmushiguang.com\/?post_type=product&#038;p=5552"},"modified":"2026-04-22T01:41:15","modified_gmt":"2026-04-22T01:41:15","slug":"southeast-asian-themed-restaurant-furniture","status":"publish","type":"product","link":"https:\/\/www.youmushiguang.com\/fr\/product\/southeast-asian-themed-restaurant-furniture\/","title":{"rendered":"Restaurant sur le th\u00e8me de l'Asie du Sud-Est, table et chaises en bois massif de style restaurant tha\u00eflandais"},"content":{"rendered":"<div class=\"wp-block-columns is-layout-flex wp-container-core-columns-is-layout-9d6595d7 wp-block-columns-is-layout-flex\">\n<div class=\"wp-block-column is-layout-flow wp-block-column-is-layout-flow\" style=\"flex-basis:25%\"><\/div>\n\n\n\n<div class=\"wp-block-column is-layout-flow wp-block-column-is-layout-flow\" style=\"flex-basis:50%\">\n<figure class=\"wp-block-image size-full\"><img decoding=\"async\" width=\"790\" height=\"386\" src=\"https:\/\/www.youmushiguang.com\/wp-content\/uploads\/2026\/01\/1-4.png\" alt=\"\" class=\"wp-image-5553\" srcset=\"https:\/\/www.youmushiguang.com\/wp-content\/uploads\/2026\/01\/1-4.png 790w, https:\/\/www.youmushiguang.com\/wp-content\/uploads\/2026\/01\/1-4-300x147.png 300w, https:\/\/www.youmushiguang.com\/wp-content\/uploads\/2026\/01\/1-4-768x375.png 768w, https:\/\/www.youmushiguang.com\/wp-content\/uploads\/2026\/01\/1-4-18x9.png 18w, https:\/\/www.youmushiguang.com\/wp-content\/uploads\/2026\/01\/1-4-600x293.png 600w\" sizes=\"(max-width: 790px) 100vw, 790px\" \/><\/figure>\n\n\n\n<figure class=\"wp-block-image size-full\"><img decoding=\"async\" width=\"790\" height=\"1080\" src=\"https:\/\/www.youmushiguang.com\/wp-content\/uploads\/2026\/01\/2-3.png\" alt=\"\" class=\"wp-image-5554\" srcset=\"https:\/\/www.youmushiguang.com\/wp-content\/uploads\/2026\/01\/2-3.png 790w, https:\/\/www.youmushiguang.com\/wp-content\/uploads\/2026\/01\/2-3-219x300.png 219w, https:\/\/www.youmushiguang.com\/wp-content\/uploads\/2026\/01\/2-3-768x1050.png 768w, https:\/\/www.youmushiguang.com\/wp-content\/uploads\/2026\/01\/2-3-9x12.png 9w, https:\/\/www.youmushiguang.com\/wp-content\/uploads\/2026\/01\/2-3-600x820.png 600w\" sizes=\"(max-width: 790px) 100vw, 790px\" \/><\/figure>\n\n\n\n<figure class=\"wp-block-image size-full\"><img decoding=\"async\" width=\"790\" height=\"1651\" src=\"https:\/\/www.youmushiguang.com\/wp-content\/uploads\/2026\/01\/3-3.png\" alt=\"\" class=\"wp-image-5555\" srcset=\"https:\/\/www.youmushiguang.com\/wp-content\/uploads\/2026\/01\/3-3.png 790w, https:\/\/www.youmushiguang.com\/wp-content\/uploads\/2026\/01\/3-3-144x300.png 144w, https:\/\/www.youmushiguang.com\/wp-content\/uploads\/2026\/01\/3-3-768x1605.png 768w, https:\/\/www.youmushiguang.com\/wp-content\/uploads\/2026\/01\/3-3-6x12.png 6w, https:\/\/www.youmushiguang.com\/wp-content\/uploads\/2026\/01\/3-3-600x1254.png 600w\" sizes=\"(max-width: 790px) 100vw, 790px\" \/><\/figure>\n\n\n\n<figure class=\"wp-block-image size-full\"><img decoding=\"async\" width=\"790\" height=\"1023\" src=\"https:\/\/www.youmushiguang.com\/wp-content\/uploads\/2026\/01\/4-2.png\" alt=\"\" class=\"wp-image-5556\" srcset=\"https:\/\/www.youmushiguang.com\/wp-content\/uploads\/2026\/01\/4-2.png 790w, https:\/\/www.youmushiguang.com\/wp-content\/uploads\/2026\/01\/4-2-232x300.png 232w, https:\/\/www.youmushiguang.com\/wp-content\/uploads\/2026\/01\/4-2-768x995.png 768w, https:\/\/www.youmushiguang.com\/wp-content\/uploads\/2026\/01\/4-2-9x12.png 9w, https:\/\/www.youmushiguang.com\/wp-content\/uploads\/2026\/01\/4-2-600x777.png 600w\" sizes=\"(max-width: 790px) 100vw, 790px\" \/><\/figure>\n\n\n\n<figure class=\"wp-block-image size-full\"><img decoding=\"async\" width=\"790\" height=\"2702\" src=\"https:\/\/www.youmushiguang.com\/wp-content\/uploads\/2026\/01\/5-2.png\" alt=\"\" class=\"wp-image-5558\" srcset=\"https:\/\/www.youmushiguang.com\/wp-content\/uploads\/2026\/01\/5-2.png 790w, https:\/\/www.youmushiguang.com\/wp-content\/uploads\/2026\/01\/5-2-88x300.png 88w, https:\/\/www.youmushiguang.com\/wp-content\/uploads\/2026\/01\/5-2-768x2627.png 768w, https:\/\/www.youmushiguang.com\/wp-content\/uploads\/2026\/01\/5-2-600x2052.png 600w\" sizes=\"(max-width: 790px) 100vw, 790px\" \/><\/figure>\n\n\n\n<figure class=\"wp-block-image size-full\"><img decoding=\"async\" width=\"790\" height=\"1024\" src=\"https:\/\/www.youmushiguang.com\/wp-content\/uploads\/2026\/01\/6-2.png\" alt=\"\" class=\"wp-image-5561\" srcset=\"https:\/\/www.youmushiguang.com\/wp-content\/uploads\/2026\/01\/6-2.png 790w, https:\/\/www.youmushiguang.com\/wp-content\/uploads\/2026\/01\/6-2-231x300.png 231w, https:\/\/www.youmushiguang.com\/wp-content\/uploads\/2026\/01\/6-2-768x995.png 768w, https:\/\/www.youmushiguang.com\/wp-content\/uploads\/2026\/01\/6-2-9x12.png 9w, https:\/\/www.youmushiguang.com\/wp-content\/uploads\/2026\/01\/6-2-600x778.png 600w\" sizes=\"(max-width: 790px) 100vw, 790px\" \/><\/figure>\n\n\n\n<figure class=\"wp-block-image size-full\"><img decoding=\"async\" width=\"790\" height=\"457\" src=\"https:\/\/www.youmushiguang.com\/wp-content\/uploads\/2026\/01\/7-1.png\" alt=\"\" class=\"wp-image-5560\" srcset=\"https:\/\/www.youmushiguang.com\/wp-content\/uploads\/2026\/01\/7-1.png 790w, https:\/\/www.youmushiguang.com\/wp-content\/uploads\/2026\/01\/7-1-300x174.png 300w, https:\/\/www.youmushiguang.com\/wp-content\/uploads\/2026\/01\/7-1-768x444.png 768w, https:\/\/www.youmushiguang.com\/wp-content\/uploads\/2026\/01\/7-1-18x10.png 18w, https:\/\/www.youmushiguang.com\/wp-content\/uploads\/2026\/01\/7-1-600x347.png 600w\" sizes=\"(max-width: 790px) 100vw, 790px\" \/><\/figure>\n\n\n\n<figure class=\"wp-block-image size-full\"><img decoding=\"async\" width=\"790\" height=\"1042\" src=\"https:\/\/www.youmushiguang.com\/wp-content\/uploads\/2026\/01\/8-2.png\" alt=\"\" class=\"wp-image-5562\" srcset=\"https:\/\/www.youmushiguang.com\/wp-content\/uploads\/2026\/01\/8-2.png 790w, https:\/\/www.youmushiguang.com\/wp-content\/uploads\/2026\/01\/8-2-227x300.png 227w, https:\/\/www.youmushiguang.com\/wp-content\/uploads\/2026\/01\/8-2-768x1013.png 768w, https:\/\/www.youmushiguang.com\/wp-content\/uploads\/2026\/01\/8-2-9x12.png 9w, https:\/\/www.youmushiguang.com\/wp-content\/uploads\/2026\/01\/8-2-600x791.png 600w\" sizes=\"(max-width: 790px) 100vw, 790px\" \/><\/figure>\n<\/div>\n\n\n\n<div class=\"wp-block-column is-layout-flow wp-block-column-is-layout-flow\" style=\"flex-basis:25%\"><\/div>\n<\/div>\n\n\n\n<p><\/p>","protected":false},"excerpt":{"rendered":"<p>Cet ensemble table et chaise de restaurant est fabriqu\u00e9 en bois massif de premi\u00e8re qualit\u00e9, mettant en valeur le grain naturel du bois et les teintes riches, tout en incorporant des d\u00e9tails culturels exquis.<\/p>\n<p>Cet ensemble de tables et de chaises en bois massif s'int\u00e8gre parfaitement au d\u00e9cor des restaurants du sud-est asiatique, tha\u00eflandais ou \u00e0 th\u00e8me fusionnel, contribuant \u00e0 cr\u00e9er une atmosph\u00e8re immersive et m\u00e9morable qui s'harmonise avec la cuisine authentique.Nous proposons des tailles, des finitions et des d\u00e9tails de conception personnalis\u00e9s pour s'adapter facilement au style de votre marque et \u00e0 l'agencement de votre restaurant.<\/p>\n<h2>Sp\u00e9cifications du mobilier de restaurant sur le th\u00e8me de l'Asie du Sud-Est<\/h2>\n<table style=\"border-collapse: collapse; width: 616px; height: 416px;\" border=\"0\" width=\"740\" cellspacing=\"0\" cellpadding=\"0\">\n<tbody>\n<tr style=\"height: 13.50pt;\">\n<td class=\"et2\" style=\"height: 13.50pt; width: 132.75pt;\" width=\"177\" height=\"18\">Objet<\/td>\n<td class=\"et2\" style=\"width: 422.25pt;\" width=\"563\">D\u00e9tails<\/td>\n<\/tr>\n<tr style=\"height: 13.50pt;\">\n<td class=\"et2\" style=\"height: 13.50pt; width: 132.75pt;\" width=\"177\" height=\"18\">Mod\u00e8le<\/td>\n<td class=\"et3\" style=\"width: 422.25pt;\" width=\"563\">1131<\/td>\n<\/tr>\n<tr style=\"height: 13.50pt;\">\n<td class=\"et2\" style=\"height: 13.50pt; width: 132.75pt;\" width=\"177\" height=\"18\">Cat\u00e9gorie<\/td>\n<td class=\"et3\" style=\"width: 422.25pt;\" width=\"563\">Mobilier pour les restaurants de hot pot<\/td>\n<\/tr>\n<tr style=\"height: 13.50pt;\">\n<td class=\"et2\" style=\"height: 13.50pt; width: 132.75pt;\" width=\"177\" height=\"18\">Nom du produit<\/td>\n<td class=\"et3\" style=\"width: 422.25pt;\" width=\"563\">Tables et chaises pour fondue chinoise<\/td>\n<\/tr>\n<tr style=\"height: 27.00pt;\">\n<td class=\"et2\" style=\"height: 27.00pt; width: 132.75pt;\" width=\"177\" height=\"36\">Options de personnalisation<\/td>\n<td class=\"et3\" style=\"width: 422.25pt;\" width=\"563\">Style \/ Couleur \/ Taille \/ Mati\u00e8re<\/td>\n<\/tr>\n<tr style=\"height: 13.50pt;\">\n<td class=\"et2\" style=\"height: 13.50pt; width: 132.75pt;\" width=\"177\" height=\"18\">Tableau<\/td>\n<td class=\"et3\" style=\"width: 422.25pt;\" width=\"563\">\n<p id=\"tw-target-text\" class=\"tw-data-text tw-text-large tw-ta\" dir=\"ltr\" role=\"text\" data-placeholder=\"\u7ffb\u8bd1\" data-ved=\"2ahUKEwigrKS076-RAxXyFjQIHaQVC4oQ3ewLegQIDBAW\" aria-label=\"\u8bd1\u6587\uff1aTable en bois massif avec placage en pierre + pieds de table en m\u00e9tal de haute qualit\u00e9\"><span class=\"Y2IQFc\" lang=\"en\">Plateau en bois massif avec placage en pierre + pieds de table en m\u00e9tal de haute qualit\u00e9<\/span><\/p>\n<\/td>\n<\/tr>\n<tr style=\"height: 27.00pt;\">\n<td class=\"et2\" style=\"height: 27.00pt; width: 132.75pt;\" width=\"177\" height=\"36\">Pr\u00e9sident<\/td>\n<td class=\"et3\" style=\"width: 422.25pt;\" width=\"563\">Cadre en rotin tress\u00e9 en bois massif + cuir Nappa \u00e9cologique + mousse r\u00e9siliente haute densit\u00e9<\/td>\n<\/tr>\n<tr style=\"height: 27.00pt;\">\n<td class=\"et2\" style=\"height: 27.00pt; width: 132.75pt;\" width=\"177\" height=\"36\">Cabine<\/td>\n<td class=\"et3\" style=\"width: 422.25pt;\" width=\"563\">Cadre en rotin tress\u00e9 en bois massif + cuir Nappa \u00e9cologique + mousse r\u00e9siliente haute densit\u00e9<\/td>\n<\/tr>\n<tr style=\"height: 13.50pt;\">\n<td class=\"et2\" style=\"height: 13.50pt; width: 132.75pt;\" width=\"177\" height=\"18\">Application<\/td>\n<td class=\"et3\" style=\"width: 422.25pt;\" width=\"563\">Restaurants \/ Restaurants hot pot \/ Restaurants barbecue<\/td>\n<\/tr>\n<tr style=\"height: 13.50pt;\">\n<td class=\"et2\" style=\"height: 13.50pt; width: 132.75pt;\" width=\"177\" height=\"18\">Sc\u00e8ne<\/td>\n<td class=\"et3\" style=\"width: 422.25pt;\" width=\"563\">Restaurants \/ Restaurants hot pot \/ Restaurants barbecue<\/td>\n<\/tr>\n<tr style=\"height: 13.50pt;\">\n<td class=\"et2\" style=\"height: 13.50pt; width: 132.75pt;\" width=\"177\" height=\"18\">Couleur<\/td>\n<td class=\"et3\" style=\"width: 422.25pt;\" width=\"563\">Noyer \/ Blanc cass\u00e9 (personnalisable)<\/td>\n<\/tr>\n<tr style=\"height: 13.50pt;\">\n<td class=\"et2\" style=\"height: 13.50pt; width: 132.75pt;\" width=\"177\" height=\"18\">Mat\u00e9riau<\/td>\n<td class=\"et3\" style=\"width: 422.25pt;\" width=\"563\">Bois massif \/ Contreplaqu\u00e9 \/ M\u00e9tal \/ Cuir \/ \u00c9ponge<\/td>\n<\/tr>\n<tr style=\"height: 13.50pt;\">\n<td class=\"et2\" style=\"height: 13.50pt; width: 132.75pt;\" width=\"177\" height=\"18\">Style<\/td>\n<td class=\"et3\" style=\"width: 422.25pt;\" width=\"563\">Style de l'Asie du Sud-Est<\/td>\n<\/tr>\n<\/tbody>\n<\/table>\n<p>&nbsp;<\/p>","protected":false},"featured_media":5564,"comment_status":"closed","ping_status":"closed","template":"","meta":{"_acf_changed":true},"product_brand":[],"product_cat":[24,48,40],"product_tag":[],"class_list":{"0":"post-5552","1":"product","2":"type-product","3":"status-publish","4":"has-post-thumbnail","6":"product_cat-wholesale-restaurant-furniture","7":"product_cat-themed-restaurant-furniture","8":"product_cat-wholesale-southeast-asian-style-restaurant-furniture","10":"first","11":"instock","12":"shipping-taxable","13":"product-type-simple"},"acf":[],"_links":{"self":[{"href":"https:\/\/www.youmushiguang.com\/fr\/wp-json\/wp\/v2\/product\/5552","targetHints":{"allow":["GET"]}}],"collection":[{"href":"https:\/\/www.youmushiguang.com\/fr\/wp-json\/wp\/v2\/product"}],"about":[{"href":"https:\/\/www.youmushiguang.com\/fr\/wp-json\/wp\/v2\/types\/product"}],"replies":[{"embeddable":true,"href":"https:\/\/www.youmushiguang.com\/fr\/wp-json\/wp\/v2\/comments?post=5552"}],"wp:featuredmedia":[{"embeddable":true,"href":"https:\/\/www.youmushiguang.com\/fr\/wp-json\/wp\/v2\/media\/5564"}],"wp:attachment":[{"href":"https:\/\/www.youmushiguang.com\/fr\/wp-json\/wp\/v2\/media?parent=5552"}],"wp:term":[{"taxonomy":"product_brand","embeddable":true,"href":"https:\/\/www.youmushiguang.com\/fr\/wp-json\/wp\/v2\/product_brand?post=5552"},{"taxonomy":"product_cat","embeddable":true,"href":"https:\/\/www.youmushiguang.com\/fr\/wp-json\/wp\/v2\/product_cat?post=5552"},{"taxonomy":"product_tag","embeddable":true,"href":"https:\/\/www.youmushiguang.com\/fr\/wp-json\/wp\/v2\/product_tag?post=5552"}],"curies":[{"name":"wp","href":"https:\/\/api.w.org\/{rel}","templated":true}]}}