{"id":5673,"date":"2026-02-24T06:17:22","date_gmt":"2026-02-24T06:17:22","guid":{"rendered":"https:\/\/www.youmushiguang.com\/?post_type=product&#038;p=5673"},"modified":"2026-02-24T06:17:24","modified_gmt":"2026-02-24T06:17:24","slug":"high-end-round-rotating-dining-table-sets","status":"publish","type":"product","link":"https:\/\/www.youmushiguang.com\/fr\/product\/high-end-round-rotating-dining-table-sets\/","title":{"rendered":"Table de salle \u00e0 manger rotative ronde, mobilier de salle de banquet haut de gamme \u00e0 vendre"},"content":{"rendered":"<div class=\"wp-block-columns is-layout-flex wp-container-core-columns-is-layout-9d6595d7 wp-block-columns-is-layout-flex\">\n<div class=\"wp-block-column is-layout-flow wp-block-column-is-layout-flow\" style=\"flex-basis:25%\"><\/div>\n\n\n\n<div class=\"wp-block-column is-layout-flow wp-block-column-is-layout-flow\" style=\"flex-basis:50%\">\n<figure class=\"wp-block-image size-full\"><img decoding=\"async\" width=\"750\" height=\"2663\" src=\"https:\/\/www.youmushiguang.com\/wp-content\/uploads\/2026\/02\/1-4.webp\" alt=\"\" class=\"wp-image-5683\" srcset=\"https:\/\/www.youmushiguang.com\/wp-content\/uploads\/2026\/02\/1-4.webp 750w, https:\/\/www.youmushiguang.com\/wp-content\/uploads\/2026\/02\/1-4-3x12.webp 3w, https:\/\/www.youmushiguang.com\/wp-content\/uploads\/2026\/02\/1-4-600x2130.webp 600w\" sizes=\"(max-width: 750px) 100vw, 750px\" \/><\/figure>\n\n\n\n<figure class=\"wp-block-image size-full\"><img decoding=\"async\" width=\"750\" height=\"988\" src=\"https:\/\/www.youmushiguang.com\/wp-content\/uploads\/2026\/02\/2-4.webp\" alt=\"\" class=\"wp-image-5684\" srcset=\"https:\/\/www.youmushiguang.com\/wp-content\/uploads\/2026\/02\/2-4.webp 750w, https:\/\/www.youmushiguang.com\/wp-content\/uploads\/2026\/02\/2-4-228x300.webp 228w, https:\/\/www.youmushiguang.com\/wp-content\/uploads\/2026\/02\/2-4-9x12.webp 9w, https:\/\/www.youmushiguang.com\/wp-content\/uploads\/2026\/02\/2-4-600x790.webp 600w\" sizes=\"(max-width: 750px) 100vw, 750px\" \/><\/figure>\n\n\n\n<figure class=\"wp-block-image size-full\"><img decoding=\"async\" width=\"750\" height=\"1107\" src=\"https:\/\/www.youmushiguang.com\/wp-content\/uploads\/2026\/02\/3-4.webp\" alt=\"\" class=\"wp-image-5685\" srcset=\"https:\/\/www.youmushiguang.com\/wp-content\/uploads\/2026\/02\/3-4.webp 750w, https:\/\/www.youmushiguang.com\/wp-content\/uploads\/2026\/02\/3-4-203x300.webp 203w, https:\/\/www.youmushiguang.com\/wp-content\/uploads\/2026\/02\/3-4-8x12.webp 8w, https:\/\/www.youmushiguang.com\/wp-content\/uploads\/2026\/02\/3-4-600x886.webp 600w\" sizes=\"(max-width: 750px) 100vw, 750px\" \/><\/figure>\n\n\n\n<figure class=\"wp-block-image size-full\"><img decoding=\"async\" width=\"750\" height=\"2597\" src=\"https:\/\/www.youmushiguang.com\/wp-content\/uploads\/2026\/02\/4-5.webp\" alt=\"\" class=\"wp-image-5686\" srcset=\"https:\/\/www.youmushiguang.com\/wp-content\/uploads\/2026\/02\/4-5.webp 750w, https:\/\/www.youmushiguang.com\/wp-content\/uploads\/2026\/02\/4-5-87x300.webp 87w, https:\/\/www.youmushiguang.com\/wp-content\/uploads\/2026\/02\/4-5-600x2078.webp 600w\" sizes=\"(max-width: 750px) 100vw, 750px\" \/><\/figure>\n\n\n\n<figure class=\"wp-block-image size-full\"><img decoding=\"async\" width=\"750\" height=\"2319\" src=\"https:\/\/www.youmushiguang.com\/wp-content\/uploads\/2026\/02\/5-5.webp\" alt=\"\" class=\"wp-image-5687\" srcset=\"https:\/\/www.youmushiguang.com\/wp-content\/uploads\/2026\/02\/5-5.webp 750w, https:\/\/www.youmushiguang.com\/wp-content\/uploads\/2026\/02\/5-5-97x300.webp 97w, https:\/\/www.youmushiguang.com\/wp-content\/uploads\/2026\/02\/5-5-4x12.webp 4w, https:\/\/www.youmushiguang.com\/wp-content\/uploads\/2026\/02\/5-5-600x1855.webp 600w\" sizes=\"(max-width: 750px) 100vw, 750px\" \/><\/figure>\n\n\n\n<figure class=\"wp-block-image size-full\"><img decoding=\"async\" width=\"750\" height=\"2437\" src=\"https:\/\/www.youmushiguang.com\/wp-content\/uploads\/2026\/02\/6-2.webp\" alt=\"\" class=\"wp-image-5688\" srcset=\"https:\/\/www.youmushiguang.com\/wp-content\/uploads\/2026\/02\/6-2.webp 750w, https:\/\/www.youmushiguang.com\/wp-content\/uploads\/2026\/02\/6-2-92x300.webp 92w, https:\/\/www.youmushiguang.com\/wp-content\/uploads\/2026\/02\/6-2-4x12.webp 4w, https:\/\/www.youmushiguang.com\/wp-content\/uploads\/2026\/02\/6-2-600x1950.webp 600w\" sizes=\"(max-width: 750px) 100vw, 750px\" \/><\/figure>\n\n\n\n<figure class=\"wp-block-image size-full\"><img decoding=\"async\" width=\"750\" height=\"1953\" src=\"https:\/\/www.youmushiguang.com\/wp-content\/uploads\/2026\/02\/7-2.webp\" alt=\"\" class=\"wp-image-5689\" srcset=\"https:\/\/www.youmushiguang.com\/wp-content\/uploads\/2026\/02\/7-2.webp 750w, https:\/\/www.youmushiguang.com\/wp-content\/uploads\/2026\/02\/7-2-115x300.webp 115w, https:\/\/www.youmushiguang.com\/wp-content\/uploads\/2026\/02\/7-2-5x12.webp 5w, https:\/\/www.youmushiguang.com\/wp-content\/uploads\/2026\/02\/7-2-600x1562.webp 600w\" sizes=\"(max-width: 750px) 100vw, 750px\" \/><\/figure>\n\n\n\n<figure class=\"wp-block-image size-full\"><img decoding=\"async\" width=\"750\" height=\"1695\" src=\"https:\/\/www.youmushiguang.com\/wp-content\/uploads\/2026\/02\/8-2.webp\" alt=\"\" class=\"wp-image-5690\" srcset=\"https:\/\/www.youmushiguang.com\/wp-content\/uploads\/2026\/02\/8-2.webp 750w, https:\/\/www.youmushiguang.com\/wp-content\/uploads\/2026\/02\/8-2-133x300.webp 133w, https:\/\/www.youmushiguang.com\/wp-content\/uploads\/2026\/02\/8-2-5x12.webp 5w, https:\/\/www.youmushiguang.com\/wp-content\/uploads\/2026\/02\/8-2-600x1356.webp 600w\" sizes=\"(max-width: 750px) 100vw, 750px\" \/><\/figure>\n<\/div>\n\n\n\n<div class=\"wp-block-column is-layout-flow wp-block-column-is-layout-flow\" style=\"flex-basis:25%\"><\/div>\n<\/div>","protected":false},"excerpt":{"rendered":"<p>As a professional manufacturer, we supply high-quality Round Rotating Dining Table solutions for banquet halls and hotels. Featuring smooth electric rotation, durable materials, our tables combine luxury design with commercial-grade performance, ideal for hotels, upscale restaurants, and banquet halls.<\/p>\n<h2>Specifications of Round Rotating Dining Table<\/h2>\n<table style=\"border-collapse: collapse; width: 501.02pt;\" border=\"0\" width=\"668\" cellspacing=\"0\" cellpadding=\"0\">\n<tbody>\n<tr style=\"height: 13.50pt;\">\n<td class=\"et2\" style=\"height: 13.50pt; width: 107.25pt;\" width=\"143\" height=\"18\">Mod\u00e8le<\/td>\n<td class=\"et3\" style=\"width: 393.75pt;\" width=\"525\">68-3<\/td>\n<\/tr>\n<tr style=\"height: 13.50pt;\">\n<td class=\"et2\" style=\"height: 13.50pt; width: 107.25pt;\" width=\"143\" height=\"18\">Cat\u00e9gorie<\/td>\n<td class=\"et3\" style=\"width: 393.75pt;\" width=\"525\">Table ronde \u00e9lectrique de l'h\u00f4tel<\/td>\n<\/tr>\n<tr style=\"height: 13.50pt;\">\n<td class=\"et2\" style=\"height: 13.50pt; width: 107.25pt;\" width=\"143\" height=\"18\">Nom du produit<\/td>\n<td class=\"et3\" style=\"width: 393.75pt;\" width=\"525\">Grande table ronde en bois massif<\/td>\n<\/tr>\n<tr style=\"height: 27.00pt;\">\n<td class=\"et2\" style=\"height: 27.00pt; width: 107.25pt;\" width=\"143\" height=\"36\">Options de personnalisation<\/td>\n<td class=\"et3\" style=\"width: 393.75pt;\" width=\"525\">Style\/couleur\/taille\/mati\u00e8re<\/td>\n<\/tr>\n<tr style=\"height: 27.00pt;\">\n<td class=\"et2\" style=\"height: 27.00pt; width: 107.25pt;\" width=\"143\" height=\"36\">Pr\u00e9sident<\/td>\n<td class=\"et3\" style=\"width: 393.75pt;\" width=\"525\">Cadre en fer de haute qualit\u00e9 + rev\u00eatement en cuir Nappa respectueux de l'environnement + \u00e9ponge de rebond de haute densit\u00e9<\/td>\n<\/tr>\n<tr style=\"height: 27.00pt;\">\n<td class=\"et2\" style=\"height: 27.00pt; width: 107.25pt;\" width=\"143\" height=\"36\">Tableau<\/td>\n<td class=\"et3\" style=\"width: 393.75pt;\" width=\"525\">Planche en bois massif multicouche avec placage + cadre en bois massif multicouche + plateau tournant en pierre de haute duret\u00e9<\/td>\n<\/tr>\n<tr style=\"height: 27.00pt;\">\n<td class=\"et2\" style=\"height: 27.00pt; width: 107.25pt;\" width=\"143\" height=\"36\">Sc\u00e8ne d'application<\/td>\n<td class=\"et3\" style=\"width: 393.75pt;\" width=\"525\">H\u00f4tels\/clubs\/villas haut de gamme<\/td>\n<\/tr>\n<tr style=\"height: 13.50pt;\">\n<td class=\"et2\" style=\"height: 13.50pt; width: 107.25pt;\" width=\"143\" height=\"18\">Couleur<\/td>\n<td class=\"et3\" style=\"width: 393.75pt;\" width=\"525\">Marron\/rouge vin (personnalisable)<\/td>\n<\/tr>\n<tr style=\"height: 13.50pt;\">\n<td class=\"et2\" style=\"height: 13.50pt; width: 107.25pt;\" width=\"143\" height=\"18\">Mat\u00e9riau<\/td>\n<td class=\"et3\" style=\"width: 393.75pt;\" width=\"525\">Contreplaqu\u00e9\/plaque de roche\/m\u00e9tal\/cuir\/\u00e9ponge<\/td>\n<\/tr>\n<tr style=\"height: 13.50pt;\">\n<td class=\"et2\" style=\"height: 13.50pt; width: 107.25pt;\" width=\"143\" height=\"18\">Style<\/td>\n<td class=\"et3\" style=\"width: 393.75pt;\" width=\"525\">Nouveau style chinois<\/td>\n<\/tr>\n<\/tbody>\n<\/table>\n<p>&nbsp;<\/p>\n<p>&nbsp;<\/p>\n<p>\n<script src=\"chrome-extension:\/\/fpelahbljekknahkcaegamhcndkfpfnc\/iFrame.js\" type=\"text\/javascript\"><\/script><\/p>","protected":false},"featured_media":5678,"comment_status":"closed","ping_status":"closed","template":"","meta":{"_acf_changed":true},"product_brand":[],"product_cat":[22],"product_tag":[],"class_list":{"0":"post-5673","1":"product","2":"type-product","3":"status-publish","4":"has-post-thumbnail","6":"product_cat-hotel-round-table-set","8":"first","9":"instock","10":"shipping-taxable","11":"product-type-simple"},"acf":[],"_links":{"self":[{"href":"https:\/\/www.youmushiguang.com\/fr\/wp-json\/wp\/v2\/product\/5673","targetHints":{"allow":["GET"]}}],"collection":[{"href":"https:\/\/www.youmushiguang.com\/fr\/wp-json\/wp\/v2\/product"}],"about":[{"href":"https:\/\/www.youmushiguang.com\/fr\/wp-json\/wp\/v2\/types\/product"}],"replies":[{"embeddable":true,"href":"https:\/\/www.youmushiguang.com\/fr\/wp-json\/wp\/v2\/comments?post=5673"}],"wp:featuredmedia":[{"embeddable":true,"href":"https:\/\/www.youmushiguang.com\/fr\/wp-json\/wp\/v2\/media\/5678"}],"wp:attachment":[{"href":"https:\/\/www.youmushiguang.com\/fr\/wp-json\/wp\/v2\/media?parent=5673"}],"wp:term":[{"taxonomy":"product_brand","embeddable":true,"href":"https:\/\/www.youmushiguang.com\/fr\/wp-json\/wp\/v2\/product_brand?post=5673"},{"taxonomy":"product_cat","embeddable":true,"href":"https:\/\/www.youmushiguang.com\/fr\/wp-json\/wp\/v2\/product_cat?post=5673"},{"taxonomy":"product_tag","embeddable":true,"href":"https:\/\/www.youmushiguang.com\/fr\/wp-json\/wp\/v2\/product_tag?post=5673"}],"curies":[{"name":"wp","href":"https:\/\/api.w.org\/{rel}","templated":true}]}}