{"id":5892,"date":"2026-03-20T02:24:58","date_gmt":"2026-03-20T02:24:58","guid":{"rendered":"https:\/\/www.youmushiguang.com\/?post_type=product&#038;p=5892"},"modified":"2026-04-22T01:18:12","modified_gmt":"2026-04-22T01:18:12","slug":"retro-style-cafe-and-restaurant-furniture-manufacturer","status":"publish","type":"product","link":"https:\/\/www.youmushiguang.com\/fr\/product\/retro-style-cafe-and-restaurant-furniture-manufacturer\/","title":{"rendered":"Tables et chaises en bois massif de style r\u00e9tro pour caf\u00e9s et restaurants - Fournisseur de mobilier de restaurant r\u00e9tro"},"content":{"rendered":"<div class=\"wp-block-columns is-layout-flex wp-container-core-columns-is-layout-9d6595d7 wp-block-columns-is-layout-flex\">\n<div class=\"wp-block-column is-layout-flow wp-block-column-is-layout-flow\" style=\"flex-basis:25%\"><\/div>\n\n\n\n<div class=\"wp-block-column is-layout-flow wp-block-column-is-layout-flow\" style=\"flex-basis:50%\">\n<figure class=\"wp-block-image size-full\"><img decoding=\"async\" width=\"750\" height=\"941\" src=\"https:\/\/www.youmushiguang.com\/wp-content\/uploads\/2026\/03\/1-6.webp\" alt=\"\" class=\"wp-image-5905\" srcset=\"https:\/\/www.youmushiguang.com\/wp-content\/uploads\/2026\/03\/1-6.webp 750w, https:\/\/www.youmushiguang.com\/wp-content\/uploads\/2026\/03\/1-6-239x300.webp 239w, https:\/\/www.youmushiguang.com\/wp-content\/uploads\/2026\/03\/1-6-10x12.webp 10w, https:\/\/www.youmushiguang.com\/wp-content\/uploads\/2026\/03\/1-6-600x753.webp 600w\" sizes=\"(max-width: 750px) 100vw, 750px\" \/><\/figure>\n\n\n\n<figure class=\"wp-block-image size-full\"><img decoding=\"async\" width=\"750\" height=\"1723\" src=\"https:\/\/www.youmushiguang.com\/wp-content\/uploads\/2026\/03\/2-6.webp\" alt=\"\" class=\"wp-image-5906\" srcset=\"https:\/\/www.youmushiguang.com\/wp-content\/uploads\/2026\/03\/2-6.webp 750w, https:\/\/www.youmushiguang.com\/wp-content\/uploads\/2026\/03\/2-6-131x300.webp 131w, https:\/\/www.youmushiguang.com\/wp-content\/uploads\/2026\/03\/2-6-5x12.webp 5w, https:\/\/www.youmushiguang.com\/wp-content\/uploads\/2026\/03\/2-6-600x1378.webp 600w\" sizes=\"(max-width: 750px) 100vw, 750px\" \/><\/figure>\n\n\n\n<figure class=\"wp-block-image size-full\"><img decoding=\"async\" width=\"750\" height=\"892\" src=\"https:\/\/www.youmushiguang.com\/wp-content\/uploads\/2026\/03\/3-6.webp\" alt=\"\" class=\"wp-image-5907\" srcset=\"https:\/\/www.youmushiguang.com\/wp-content\/uploads\/2026\/03\/3-6.webp 750w, https:\/\/www.youmushiguang.com\/wp-content\/uploads\/2026\/03\/3-6-252x300.webp 252w, https:\/\/www.youmushiguang.com\/wp-content\/uploads\/2026\/03\/3-6-10x12.webp 10w, https:\/\/www.youmushiguang.com\/wp-content\/uploads\/2026\/03\/3-6-600x714.webp 600w\" sizes=\"(max-width: 750px) 100vw, 750px\" \/><\/figure>\n\n\n\n<figure class=\"wp-block-image size-full\"><img decoding=\"async\" width=\"750\" height=\"2334\" src=\"https:\/\/www.youmushiguang.com\/wp-content\/uploads\/2026\/03\/4-7.webp\" alt=\"\" class=\"wp-image-5908\" srcset=\"https:\/\/www.youmushiguang.com\/wp-content\/uploads\/2026\/03\/4-7.webp 750w, https:\/\/www.youmushiguang.com\/wp-content\/uploads\/2026\/03\/4-7-96x300.webp 96w, https:\/\/www.youmushiguang.com\/wp-content\/uploads\/2026\/03\/4-7-4x12.webp 4w, https:\/\/www.youmushiguang.com\/wp-content\/uploads\/2026\/03\/4-7-600x1867.webp 600w\" sizes=\"(max-width: 750px) 100vw, 750px\" \/><\/figure>\n\n\n\n<figure class=\"wp-block-image size-full\"><img decoding=\"async\" width=\"750\" height=\"2737\" src=\"https:\/\/www.youmushiguang.com\/wp-content\/uploads\/2026\/03\/5-6.webp\" alt=\"\" class=\"wp-image-5909\" srcset=\"https:\/\/www.youmushiguang.com\/wp-content\/uploads\/2026\/03\/5-6.webp 750w, https:\/\/www.youmushiguang.com\/wp-content\/uploads\/2026\/03\/5-6-82x300.webp 82w, https:\/\/www.youmushiguang.com\/wp-content\/uploads\/2026\/03\/5-6-3x12.webp 3w, https:\/\/www.youmushiguang.com\/wp-content\/uploads\/2026\/03\/5-6-600x2190.webp 600w\" sizes=\"(max-width: 750px) 100vw, 750px\" \/><\/figure>\n\n\n\n<figure class=\"wp-block-image size-full\"><img decoding=\"async\" width=\"750\" height=\"1296\" src=\"https:\/\/www.youmushiguang.com\/wp-content\/uploads\/2026\/03\/6-7.webp\" alt=\"\" class=\"wp-image-5911\" srcset=\"https:\/\/www.youmushiguang.com\/wp-content\/uploads\/2026\/03\/6-7.webp 750w, https:\/\/www.youmushiguang.com\/wp-content\/uploads\/2026\/03\/6-7-174x300.webp 174w, https:\/\/www.youmushiguang.com\/wp-content\/uploads\/2026\/03\/6-7-7x12.webp 7w, https:\/\/www.youmushiguang.com\/wp-content\/uploads\/2026\/03\/6-7-600x1037.webp 600w\" sizes=\"(max-width: 750px) 100vw, 750px\" \/><\/figure>\n\n\n\n<figure class=\"wp-block-image size-full\"><img decoding=\"async\" width=\"750\" height=\"791\" src=\"https:\/\/www.youmushiguang.com\/wp-content\/uploads\/2026\/03\/7-4.webp\" alt=\"\" class=\"wp-image-5912\" srcset=\"https:\/\/www.youmushiguang.com\/wp-content\/uploads\/2026\/03\/7-4.webp 750w, https:\/\/www.youmushiguang.com\/wp-content\/uploads\/2026\/03\/7-4-284x300.webp 284w, https:\/\/www.youmushiguang.com\/wp-content\/uploads\/2026\/03\/7-4-11x12.webp 11w, https:\/\/www.youmushiguang.com\/wp-content\/uploads\/2026\/03\/7-4-600x633.webp 600w\" sizes=\"(max-width: 750px) 100vw, 750px\" \/><\/figure>\n\n\n\n<figure class=\"wp-block-image size-full\"><img decoding=\"async\" width=\"750\" height=\"687\" src=\"https:\/\/www.youmushiguang.com\/wp-content\/uploads\/2026\/03\/8-5.webp\" alt=\"\" class=\"wp-image-5913\" srcset=\"https:\/\/www.youmushiguang.com\/wp-content\/uploads\/2026\/03\/8-5.webp 750w, https:\/\/www.youmushiguang.com\/wp-content\/uploads\/2026\/03\/8-5-300x275.webp 300w, https:\/\/www.youmushiguang.com\/wp-content\/uploads\/2026\/03\/8-5-13x12.webp 13w, https:\/\/www.youmushiguang.com\/wp-content\/uploads\/2026\/03\/8-5-600x550.webp 600w\" sizes=\"(max-width: 750px) 100vw, 750px\" \/><\/figure>\n<\/div>\n\n\n\n<div class=\"wp-block-column is-layout-flow wp-block-column-is-layout-flow\" style=\"flex-basis:25%\"><\/div>\n<\/div>\n\n\n\n<p><\/p>","protected":false},"excerpt":{"rendered":"<p data-pm-slice=\"0 0 []\">OElevate your dining experience with our <strong data-start=\"40\" data-end=\"105\">Retro-Style Caf\u00e9 &amp; Restaurant Solid Wood Table and Chair Sets<\/strong>. Designed for durability and timeless charm, each set combines sturdy solid wood construction with classic retro aesthetics, perfect for caf\u00e9s, bistros, and themed restaurants.\u00a0 As a <a href=\"https:\/\/www.youmushiguang.com\/fr\/product-category\/wholesale-restaurant-furniture\/\" target=\"_blank\" rel=\"noopener\"><strong>fabricant de mobilier de restaurant<\/strong><\/a>, our factory-direct model ensures highly competitive prices and offers comprehensive OEM and ODM customization services.<\/p>\n<h2>Sp\u00e9cifications du mobilier de restaurant<\/h2>\n<table style=\"border-collapse: collapse; width: 501.02pt;\" border=\"0\" width=\"668\" cellspacing=\"0\" cellpadding=\"0\">\n<tbody>\n<tr style=\"height: 13.50pt;\">\n<td class=\"et2\" style=\"height: 13.50pt; width: 107.25pt;\" width=\"143\" height=\"18\">Mod\u00e8le<\/td>\n<td class=\"et3\" style=\"width: 393.75pt;\" width=\"525\">51-1<\/td>\n<\/tr>\n<tr style=\"height: 13.50pt;\">\n<td class=\"et2\" style=\"height: 13.50pt; width: 107.25pt;\" width=\"143\" height=\"18\">Cat\u00e9gorie<\/td>\n<td class=\"et3\" style=\"width: 393.75pt;\" width=\"525\">Mobilier de restaurant<\/td>\n<\/tr>\n<tr style=\"height: 13.50pt;\">\n<td class=\"et2\" style=\"height: 13.50pt; width: 107.25pt;\" width=\"143\" height=\"18\">Nom du produit<\/td>\n<td class=\"et3\" style=\"width: 393.75pt;\" width=\"525\">\u00a0restaurant tables and chairs<\/td>\n<\/tr>\n<tr style=\"height: 27.00pt;\">\n<td class=\"et2\" style=\"height: 27.00pt; width: 107.25pt;\" width=\"143\" height=\"36\">Options de personnalisation<\/td>\n<td class=\"et3\" style=\"width: 393.75pt;\" width=\"525\">Style\/couleur\/taille\/mati\u00e8re<\/td>\n<\/tr>\n<tr style=\"height: 27.00pt;\">\n<td class=\"et2\" style=\"height: 27.00pt; width: 107.25pt;\" width=\"143\" height=\"36\">Cabine<\/td>\n<td class=\"et3\" style=\"width: 393.75pt;\" width=\"525\">Cadre en bois massif multicouche + enveloppe en cuir Nappa doux pour la peau + \u00e9ponge de rebond \u00e0 haute densit\u00e9<\/td>\n<\/tr>\n<tr style=\"height: 27.00pt;\">\n<td class=\"et2\" style=\"height: 27.00pt; width: 107.25pt;\" width=\"143\" height=\"36\">Pr\u00e9sident<\/td>\n<td class=\"et3\" style=\"width: 393.75pt;\" width=\"525\">cadre en bois massif + enveloppe en cuir Nappa doux pour la peau + \u00e9ponge de rebond \u00e0 haute densit\u00e9<\/td>\n<\/tr>\n<tr style=\"height: 27.00pt;\">\n<td class=\"et2\" style=\"height: 27.00pt; width: 107.25pt;\" width=\"143\" height=\"36\">Tableau<\/td>\n<td class=\"et3\" style=\"width: 393.75pt;\" width=\"525\">Plateau de table en contreplaqu\u00e9 multicouche + pieds de table en quincaillerie de haute qualit\u00e9<\/td>\n<\/tr>\n<tr style=\"height: 27.00pt;\">\n<td class=\"et2\" style=\"height: 27.00pt; width: 107.25pt;\" width=\"143\" height=\"36\">Sc\u00e8ne d'application<\/td>\n<td class=\"et3\" style=\"width: 393.75pt;\" width=\"525\">restaurant\/theme restaurant\/tea restaurant<\/td>\n<\/tr>\n<tr style=\"height: 13.50pt;\">\n<td class=\"et2\" style=\"height: 13.50pt; width: 107.25pt;\" width=\"143\" height=\"18\">Couleur<\/td>\n<td class=\"et3\" style=\"width: 393.75pt;\" width=\"525\">Noyer\/vert (personnalisable)<\/td>\n<\/tr>\n<tr style=\"height: 13.50pt;\">\n<td class=\"et2\" style=\"height: 13.50pt; width: 107.25pt;\" width=\"143\" height=\"18\">Mat\u00e9riau<\/td>\n<td class=\"et3\" style=\"width: 393.75pt;\" width=\"525\">Contreplaqu\u00e9\/bois massif\/m\u00e9tal\/cuir\/\u00e9ponge<\/td>\n<\/tr>\n<tr style=\"height: 13.50pt;\">\n<td class=\"et2\" style=\"height: 13.50pt; width: 107.25pt;\" width=\"143\" height=\"18\">Style<\/td>\n<td class=\"et3\" style=\"width: 393.75pt;\" width=\"525\">mill\u00e9sime<\/td>\n<\/tr>\n<\/tbody>\n<\/table>\n<p>&nbsp;<\/p>\n<p>\n<script src=\"chrome-extension:\/\/fpelahbljekknahkcaegamhcndkfpfnc\/iFrame.js\" type=\"text\/javascript\"><\/script><\/p>","protected":false},"featured_media":5894,"comment_status":"closed","ping_status":"closed","template":"","meta":{"_acf_changed":true},"product_brand":[],"product_cat":[24,36,44,21,20],"product_tag":[],"class_list":{"0":"post-5892","1":"product","2":"type-product","3":"status-publish","4":"has-post-thumbnail","6":"product_cat-wholesale-restaurant-furniture","7":"product_cat-wholesale-coffee-shop-restaurant-furniture","8":"product_cat-vintage-style-restaurant-furniture","9":"product_cat-wholesale-pub-furniture","10":"product_cat-wholesale-cafe-furniture","12":"first","13":"instock","14":"shipping-taxable","15":"product-type-simple"},"acf":[],"_links":{"self":[{"href":"https:\/\/www.youmushiguang.com\/fr\/wp-json\/wp\/v2\/product\/5892","targetHints":{"allow":["GET"]}}],"collection":[{"href":"https:\/\/www.youmushiguang.com\/fr\/wp-json\/wp\/v2\/product"}],"about":[{"href":"https:\/\/www.youmushiguang.com\/fr\/wp-json\/wp\/v2\/types\/product"}],"replies":[{"embeddable":true,"href":"https:\/\/www.youmushiguang.com\/fr\/wp-json\/wp\/v2\/comments?post=5892"}],"wp:featuredmedia":[{"embeddable":true,"href":"https:\/\/www.youmushiguang.com\/fr\/wp-json\/wp\/v2\/media\/5894"}],"wp:attachment":[{"href":"https:\/\/www.youmushiguang.com\/fr\/wp-json\/wp\/v2\/media?parent=5892"}],"wp:term":[{"taxonomy":"product_brand","embeddable":true,"href":"https:\/\/www.youmushiguang.com\/fr\/wp-json\/wp\/v2\/product_brand?post=5892"},{"taxonomy":"product_cat","embeddable":true,"href":"https:\/\/www.youmushiguang.com\/fr\/wp-json\/wp\/v2\/product_cat?post=5892"},{"taxonomy":"product_tag","embeddable":true,"href":"https:\/\/www.youmushiguang.com\/fr\/wp-json\/wp\/v2\/product_tag?post=5892"}],"curies":[{"name":"wp","href":"https:\/\/api.w.org\/{rel}","templated":true}]}}