{"id":6096,"date":"2026-04-14T01:44:10","date_gmt":"2026-04-14T01:44:10","guid":{"rendered":"https:\/\/www.youmushiguang.com\/?post_type=product&#038;p=6096"},"modified":"2026-04-14T01:44:13","modified_gmt":"2026-04-14T01:44:13","slug":"wholesale-round-table-sets-new-chinese-style","status":"publish","type":"product","link":"https:\/\/www.youmushiguang.com\/fr\/product\/wholesale-round-table-sets-new-chinese-style\/","title":{"rendered":"Wholesale New Chinese-Style Round Table Sets For Hotel, Fine Dining Commercial Space &#8211; Bulk Comfortable, Elegant Dining Furniture Supply"},"content":{"rendered":"<div class=\"wp-block-columns is-layout-flex wp-container-core-columns-is-layout-9d6595d7 wp-block-columns-is-layout-flex\">\n<div class=\"wp-block-column is-layout-flow wp-block-column-is-layout-flow\" style=\"flex-basis:25%\"><\/div>\n\n\n\n<div class=\"wp-block-column is-layout-flow wp-block-column-is-layout-flow\" style=\"flex-basis:50%\">\n<figure class=\"wp-block-image size-full\"><img decoding=\"async\" width=\"750\" height=\"1347\" src=\"https:\/\/www.youmushiguang.com\/wp-content\/uploads\/2026\/03\/1-15.webp\" alt=\"\" class=\"wp-image-6103\" srcset=\"https:\/\/www.youmushiguang.com\/wp-content\/uploads\/2026\/03\/1-15.webp 750w, https:\/\/www.youmushiguang.com\/wp-content\/uploads\/2026\/03\/1-15-167x300.webp 167w, https:\/\/www.youmushiguang.com\/wp-content\/uploads\/2026\/03\/1-15-7x12.webp 7w, https:\/\/www.youmushiguang.com\/wp-content\/uploads\/2026\/03\/1-15-600x1078.webp 600w\" sizes=\"(max-width: 750px) 100vw, 750px\" \/><\/figure>\n\n\n\n<figure class=\"wp-block-image size-full\"><img decoding=\"async\" width=\"750\" height=\"1291\" src=\"https:\/\/www.youmushiguang.com\/wp-content\/uploads\/2026\/03\/2-15.webp\" alt=\"\" class=\"wp-image-6104\" srcset=\"https:\/\/www.youmushiguang.com\/wp-content\/uploads\/2026\/03\/2-15.webp 750w, https:\/\/www.youmushiguang.com\/wp-content\/uploads\/2026\/03\/2-15-174x300.webp 174w, https:\/\/www.youmushiguang.com\/wp-content\/uploads\/2026\/03\/2-15-7x12.webp 7w, https:\/\/www.youmushiguang.com\/wp-content\/uploads\/2026\/03\/2-15-600x1033.webp 600w\" sizes=\"(max-width: 750px) 100vw, 750px\" \/><\/figure>\n\n\n\n<figure class=\"wp-block-image size-full\"><img decoding=\"async\" width=\"750\" height=\"1023\" src=\"https:\/\/www.youmushiguang.com\/wp-content\/uploads\/2026\/03\/3-15.webp\" alt=\"\" class=\"wp-image-6105\" srcset=\"https:\/\/www.youmushiguang.com\/wp-content\/uploads\/2026\/03\/3-15.webp 750w, https:\/\/www.youmushiguang.com\/wp-content\/uploads\/2026\/03\/3-15-220x300.webp 220w, https:\/\/www.youmushiguang.com\/wp-content\/uploads\/2026\/03\/3-15-9x12.webp 9w, https:\/\/www.youmushiguang.com\/wp-content\/uploads\/2026\/03\/3-15-600x818.webp 600w\" sizes=\"(max-width: 750px) 100vw, 750px\" \/><\/figure>\n\n\n\n<figure class=\"wp-block-image size-full\"><img decoding=\"async\" width=\"750\" height=\"1107\" src=\"https:\/\/www.youmushiguang.com\/wp-content\/uploads\/2026\/03\/4-16.webp\" alt=\"\" class=\"wp-image-6106\" srcset=\"https:\/\/www.youmushiguang.com\/wp-content\/uploads\/2026\/03\/4-16.webp 750w, https:\/\/www.youmushiguang.com\/wp-content\/uploads\/2026\/03\/4-16-203x300.webp 203w, https:\/\/www.youmushiguang.com\/wp-content\/uploads\/2026\/03\/4-16-8x12.webp 8w, https:\/\/www.youmushiguang.com\/wp-content\/uploads\/2026\/03\/4-16-600x886.webp 600w\" sizes=\"(max-width: 750px) 100vw, 750px\" \/><\/figure>\n\n\n\n<figure class=\"wp-block-image size-full\"><img decoding=\"async\" width=\"750\" height=\"2577\" src=\"https:\/\/www.youmushiguang.com\/wp-content\/uploads\/2026\/03\/5-11.webp\" alt=\"\" class=\"wp-image-6107\" srcset=\"https:\/\/www.youmushiguang.com\/wp-content\/uploads\/2026\/03\/5-11.webp 750w, https:\/\/www.youmushiguang.com\/wp-content\/uploads\/2026\/03\/5-11-87x300.webp 87w, https:\/\/www.youmushiguang.com\/wp-content\/uploads\/2026\/03\/5-11-600x2062.webp 600w\" sizes=\"(max-width: 750px) 100vw, 750px\" \/><\/figure>\n\n\n\n<figure class=\"wp-block-image size-full\"><img decoding=\"async\" width=\"750\" height=\"2329\" src=\"https:\/\/www.youmushiguang.com\/wp-content\/uploads\/2026\/03\/6-12.webp\" alt=\"\" class=\"wp-image-6108\" srcset=\"https:\/\/www.youmushiguang.com\/wp-content\/uploads\/2026\/03\/6-12.webp 750w, https:\/\/www.youmushiguang.com\/wp-content\/uploads\/2026\/03\/6-12-97x300.webp 97w, https:\/\/www.youmushiguang.com\/wp-content\/uploads\/2026\/03\/6-12-4x12.webp 4w, https:\/\/www.youmushiguang.com\/wp-content\/uploads\/2026\/03\/6-12-600x1863.webp 600w\" sizes=\"(max-width: 750px) 100vw, 750px\" \/><\/figure>\n\n\n\n<figure class=\"wp-block-image size-full\"><img decoding=\"async\" width=\"750\" height=\"2444\" src=\"https:\/\/www.youmushiguang.com\/wp-content\/uploads\/2026\/03\/7-8.webp\" alt=\"\" class=\"wp-image-6109\" srcset=\"https:\/\/www.youmushiguang.com\/wp-content\/uploads\/2026\/03\/7-8.webp 750w, https:\/\/www.youmushiguang.com\/wp-content\/uploads\/2026\/03\/7-8-92x300.webp 92w, https:\/\/www.youmushiguang.com\/wp-content\/uploads\/2026\/03\/7-8-4x12.webp 4w, https:\/\/www.youmushiguang.com\/wp-content\/uploads\/2026\/03\/7-8-600x1955.webp 600w\" sizes=\"(max-width: 750px) 100vw, 750px\" \/><\/figure>\n\n\n\n<figure class=\"wp-block-image size-full\"><img decoding=\"async\" width=\"750\" height=\"2005\" src=\"https:\/\/www.youmushiguang.com\/wp-content\/uploads\/2026\/03\/8-9.webp\" alt=\"\" class=\"wp-image-6110\" srcset=\"https:\/\/www.youmushiguang.com\/wp-content\/uploads\/2026\/03\/8-9.webp 750w, https:\/\/www.youmushiguang.com\/wp-content\/uploads\/2026\/03\/8-9-112x300.webp 112w, https:\/\/www.youmushiguang.com\/wp-content\/uploads\/2026\/03\/8-9-4x12.webp 4w, https:\/\/www.youmushiguang.com\/wp-content\/uploads\/2026\/03\/8-9-600x1604.webp 600w\" sizes=\"(max-width: 750px) 100vw, 750px\" \/><\/figure>\n\n\n\n<figure class=\"wp-block-image size-full\"><img decoding=\"async\" width=\"750\" height=\"1695\" src=\"https:\/\/www.youmushiguang.com\/wp-content\/uploads\/2026\/03\/9-4.webp\" alt=\"\" class=\"wp-image-6111\" srcset=\"https:\/\/www.youmushiguang.com\/wp-content\/uploads\/2026\/03\/9-4.webp 750w, https:\/\/www.youmushiguang.com\/wp-content\/uploads\/2026\/03\/9-4-133x300.webp 133w, https:\/\/www.youmushiguang.com\/wp-content\/uploads\/2026\/03\/9-4-5x12.webp 5w, https:\/\/www.youmushiguang.com\/wp-content\/uploads\/2026\/03\/9-4-600x1356.webp 600w\" sizes=\"(max-width: 750px) 100vw, 750px\" \/><\/figure>\n<\/div>\n\n\n\n<div class=\"wp-block-column is-layout-flow wp-block-column-is-layout-flow\" style=\"flex-basis:25%\"><\/div>\n<\/div>\n\n\n\n<p><\/p>","protected":false},"excerpt":{"rendered":"<p>Wholesale Banquet hall furniture featured new Chinese-Style round table sets. Our hotel round dining table set features a refined modern Chinese style blended with contemporary elegance. The natural wood finish, clean lines, and soft neutral upholstery create a warm, sophisticated atmosphere.\u00a0<\/p>\n<p>En tant que <a href=\"https:\/\/www.youmushiguang.com\/fr\/product-category\/hotel-round-table-set\/\"><strong>hotel round table set manufacturer<\/strong><\/a>, Youmu Shiguang Furniture offers multiple hotel round table sizes for you to choose from: 180cm, 200cm, 220cm, 240cm, 260cm, 280cm, and 300cm. It is ideal for hotel private rooms and banquet halls.<\/p>\n<h2>Sp\u00e9cifications du mobilier de salle de banquet<\/h2>\n<table style=\"border-collapse: collapse; width: 501.02pt;\" border=\"0\" width=\"668\" cellspacing=\"0\" cellpadding=\"0\">\n<tbody>\n<tr style=\"height: 13.50pt;\">\n<td class=\"et2\" style=\"height: 13.50pt; width: 107.25pt;\" width=\"143\" height=\"18\">Mod\u00e8le<\/td>\n<td class=\"et3\" style=\"width: 393.75pt;\" width=\"525\">66-2<\/td>\n<\/tr>\n<tr style=\"height: 13.50pt;\">\n<td class=\"et2\" style=\"height: 13.50pt; width: 107.25pt;\" width=\"143\" height=\"18\">Cat\u00e9gorie<\/td>\n<td class=\"et3\" style=\"width: 393.75pt;\" width=\"525\">Table ronde \u00e9lectrique de l'h\u00f4tel<\/td>\n<\/tr>\n<tr style=\"height: 13.50pt;\">\n<td class=\"et2\" style=\"height: 13.50pt; width: 107.25pt;\" width=\"143\" height=\"18\">Nom du produit<\/td>\n<td class=\"et3\" style=\"width: 393.75pt;\" width=\"525\">Grande table ronde en bois massif<\/td>\n<\/tr>\n<tr style=\"height: 27.00pt;\">\n<td class=\"et2\" style=\"height: 27.00pt; width: 107.25pt;\" width=\"143\" height=\"36\">Options de personnalisation<\/td>\n<td class=\"et3\" style=\"width: 393.75pt;\" width=\"525\">Style\/couleur\/taille\/mati\u00e8re<\/td>\n<\/tr>\n<tr style=\"height: 27.00pt;\">\n<td class=\"et2\" style=\"height: 27.00pt; width: 107.25pt;\" width=\"143\" height=\"36\">Pr\u00e9sident<\/td>\n<td class=\"et3\" style=\"width: 393.75pt;\" width=\"525\">Cadre en fer de haute qualit\u00e9 + rev\u00eatement en cuir Nappa respectueux de l'environnement + \u00e9ponge de rebond de haute densit\u00e9<\/td>\n<\/tr>\n<tr style=\"height: 27.00pt;\">\n<td class=\"et2\" style=\"height: 27.00pt; width: 107.25pt;\" width=\"143\" height=\"36\">Tableau<\/td>\n<td class=\"et3\" style=\"width: 393.75pt;\" width=\"525\">Planche en bois massif multicouche avec placage + cadre en bois massif multicouche + plateau tournant en pierre de haute duret\u00e9<\/td>\n<\/tr>\n<tr style=\"height: 27.00pt;\">\n<td class=\"et2\" style=\"height: 27.00pt; width: 107.25pt;\" width=\"143\" height=\"36\">Sc\u00e8ne d'application<\/td>\n<td class=\"et3\" style=\"width: 393.75pt;\" width=\"525\">H\u00f4tels\/clubs\/villas haut de gamme<\/td>\n<\/tr>\n<tr style=\"height: 13.50pt;\">\n<td class=\"et2\" style=\"height: 13.50pt; width: 107.25pt;\" width=\"143\" height=\"18\">Couleur<\/td>\n<td class=\"et3\" style=\"width: 393.75pt;\" width=\"525\">Marron\/rouge vin (personnalisable)<\/td>\n<\/tr>\n<tr style=\"height: 13.50pt;\">\n<td class=\"et2\" style=\"height: 13.50pt; width: 107.25pt;\" width=\"143\" height=\"18\">Mat\u00e9riau<\/td>\n<td class=\"et3\" style=\"width: 393.75pt;\" width=\"525\">Contreplaqu\u00e9\/plaque de roche\/m\u00e9tal\/cuir\/\u00e9ponge<\/td>\n<\/tr>\n<tr style=\"height: 13.50pt;\">\n<td class=\"et2\" style=\"height: 13.50pt; width: 107.25pt;\" width=\"143\" height=\"18\">Style<\/td>\n<td class=\"et3\" style=\"width: 393.75pt;\" width=\"525\">Nouveau style chinois<\/td>\n<\/tr>\n<\/tbody>\n<\/table>\n<p>&nbsp;<\/p>","protected":false},"featured_media":6101,"comment_status":"closed","ping_status":"closed","template":"","meta":{"_acf_changed":true},"product_brand":[],"product_cat":[22],"product_tag":[],"class_list":{"0":"post-6096","1":"product","2":"type-product","3":"status-publish","4":"has-post-thumbnail","6":"product_cat-hotel-round-table-set","8":"first","9":"instock","10":"shipping-taxable","11":"product-type-simple"},"acf":[],"_links":{"self":[{"href":"https:\/\/www.youmushiguang.com\/fr\/wp-json\/wp\/v2\/product\/6096","targetHints":{"allow":["GET"]}}],"collection":[{"href":"https:\/\/www.youmushiguang.com\/fr\/wp-json\/wp\/v2\/product"}],"about":[{"href":"https:\/\/www.youmushiguang.com\/fr\/wp-json\/wp\/v2\/types\/product"}],"replies":[{"embeddable":true,"href":"https:\/\/www.youmushiguang.com\/fr\/wp-json\/wp\/v2\/comments?post=6096"}],"wp:featuredmedia":[{"embeddable":true,"href":"https:\/\/www.youmushiguang.com\/fr\/wp-json\/wp\/v2\/media\/6101"}],"wp:attachment":[{"href":"https:\/\/www.youmushiguang.com\/fr\/wp-json\/wp\/v2\/media?parent=6096"}],"wp:term":[{"taxonomy":"product_brand","embeddable":true,"href":"https:\/\/www.youmushiguang.com\/fr\/wp-json\/wp\/v2\/product_brand?post=6096"},{"taxonomy":"product_cat","embeddable":true,"href":"https:\/\/www.youmushiguang.com\/fr\/wp-json\/wp\/v2\/product_cat?post=6096"},{"taxonomy":"product_tag","embeddable":true,"href":"https:\/\/www.youmushiguang.com\/fr\/wp-json\/wp\/v2\/product_tag?post=6096"}],"curies":[{"name":"wp","href":"https:\/\/api.w.org\/{rel}","templated":true}]}}