{"id":6176,"date":"2026-04-06T06:16:40","date_gmt":"2026-04-06T06:16:40","guid":{"rendered":"https:\/\/www.youmushiguang.com\/?post_type=product&#038;p=6176"},"modified":"2026-04-06T06:16:43","modified_gmt":"2026-04-06T06:16:43","slug":"premium-walnut-finish-dining-furniture-for-chinese-restaurants","status":"publish","type":"product","link":"https:\/\/www.youmushiguang.com\/fr\/product\/premium-walnut-finish-dining-furniture-for-chinese-restaurants\/","title":{"rendered":"Wholesale Premium Walnut-Finish Dining Furniture \u2013 High-End Furniture for Teahouses and Chinese Restaurants"},"content":{"rendered":"<div class=\"wp-block-columns is-layout-flex wp-container-core-columns-is-layout-9d6595d7 wp-block-columns-is-layout-flex\">\n<div class=\"wp-block-column is-layout-flow wp-block-column-is-layout-flow\" style=\"flex-basis:25%\"><\/div>\n\n\n\n<div class=\"wp-block-column is-layout-flow wp-block-column-is-layout-flow\" style=\"flex-basis:50%\">\n<figure class=\"wp-block-image size-full\"><img decoding=\"async\" width=\"2929\" height=\"1431\" src=\"https:\/\/www.youmushiguang.com\/wp-content\/uploads\/2026\/04\/769f881da74e75e638b3376646966ce2.webp\" alt=\"\" class=\"wp-image-6178\" srcset=\"https:\/\/www.youmushiguang.com\/wp-content\/uploads\/2026\/04\/769f881da74e75e638b3376646966ce2.webp 2929w, https:\/\/www.youmushiguang.com\/wp-content\/uploads\/2026\/04\/769f881da74e75e638b3376646966ce2-300x147.webp 300w, https:\/\/www.youmushiguang.com\/wp-content\/uploads\/2026\/04\/769f881da74e75e638b3376646966ce2-768x375.webp 768w, https:\/\/www.youmushiguang.com\/wp-content\/uploads\/2026\/04\/769f881da74e75e638b3376646966ce2-18x9.webp 18w, https:\/\/www.youmushiguang.com\/wp-content\/uploads\/2026\/04\/769f881da74e75e638b3376646966ce2-1200x586.webp 1200w, https:\/\/www.youmushiguang.com\/wp-content\/uploads\/2026\/04\/769f881da74e75e638b3376646966ce2-600x293.webp 600w\" sizes=\"(max-width: 2929px) 100vw, 2929px\" \/><\/figure>\n\n\n\n<figure class=\"wp-block-image size-full\"><img decoding=\"async\" width=\"790\" height=\"1072\" src=\"https:\/\/www.youmushiguang.com\/wp-content\/uploads\/2026\/04\/\u8be6\u60c5_03-1.webp\" alt=\"\" class=\"wp-image-6179\" srcset=\"https:\/\/www.youmushiguang.com\/wp-content\/uploads\/2026\/04\/\u8be6\u60c5_03-1.webp 790w, https:\/\/www.youmushiguang.com\/wp-content\/uploads\/2026\/04\/\u8be6\u60c5_03-1-221x300.webp 221w, https:\/\/www.youmushiguang.com\/wp-content\/uploads\/2026\/04\/\u8be6\u60c5_03-1-768x1042.webp 768w, https:\/\/www.youmushiguang.com\/wp-content\/uploads\/2026\/04\/\u8be6\u60c5_03-1-9x12.webp 9w, https:\/\/www.youmushiguang.com\/wp-content\/uploads\/2026\/04\/\u8be6\u60c5_03-1-600x814.webp 600w\" sizes=\"(max-width: 790px) 100vw, 790px\" \/><\/figure>\n\n\n\n<figure class=\"wp-block-image size-full\"><img decoding=\"async\" width=\"2587\" height=\"1620\" src=\"https:\/\/www.youmushiguang.com\/wp-content\/uploads\/2026\/04\/364be93ca7ef7ffa923cc465d3c67897.webp\" alt=\"\" class=\"wp-image-6180\" srcset=\"https:\/\/www.youmushiguang.com\/wp-content\/uploads\/2026\/04\/364be93ca7ef7ffa923cc465d3c67897.webp 2587w, https:\/\/www.youmushiguang.com\/wp-content\/uploads\/2026\/04\/364be93ca7ef7ffa923cc465d3c67897-300x188.webp 300w, https:\/\/www.youmushiguang.com\/wp-content\/uploads\/2026\/04\/364be93ca7ef7ffa923cc465d3c67897-768x481.webp 768w, https:\/\/www.youmushiguang.com\/wp-content\/uploads\/2026\/04\/364be93ca7ef7ffa923cc465d3c67897-18x12.webp 18w, https:\/\/www.youmushiguang.com\/wp-content\/uploads\/2026\/04\/364be93ca7ef7ffa923cc465d3c67897-1200x751.webp 1200w, https:\/\/www.youmushiguang.com\/wp-content\/uploads\/2026\/04\/364be93ca7ef7ffa923cc465d3c67897-600x376.webp 600w\" sizes=\"(max-width: 2587px) 100vw, 2587px\" \/><\/figure>\n\n\n\n<figure class=\"wp-block-image size-full\"><img decoding=\"async\" width=\"790\" height=\"791\" src=\"https:\/\/www.youmushiguang.com\/wp-content\/uploads\/2026\/04\/\u8be6\u60c5_05.webp\" alt=\"\" class=\"wp-image-6181\" srcset=\"https:\/\/www.youmushiguang.com\/wp-content\/uploads\/2026\/04\/\u8be6\u60c5_05.webp 790w, https:\/\/www.youmushiguang.com\/wp-content\/uploads\/2026\/04\/\u8be6\u60c5_05-300x300.webp 300w, https:\/\/www.youmushiguang.com\/wp-content\/uploads\/2026\/04\/\u8be6\u60c5_05-150x150.webp 150w, https:\/\/www.youmushiguang.com\/wp-content\/uploads\/2026\/04\/\u8be6\u60c5_05-768x769.webp 768w, https:\/\/www.youmushiguang.com\/wp-content\/uploads\/2026\/04\/\u8be6\u60c5_05-12x12.webp 12w, https:\/\/www.youmushiguang.com\/wp-content\/uploads\/2026\/04\/\u8be6\u60c5_05-600x601.webp 600w, https:\/\/www.youmushiguang.com\/wp-content\/uploads\/2026\/04\/\u8be6\u60c5_05-100x100.webp 100w\" sizes=\"(max-width: 790px) 100vw, 790px\" \/><\/figure>\n\n\n\n<figure class=\"wp-block-image size-full\"><img decoding=\"async\" width=\"790\" height=\"1001\" src=\"https:\/\/www.youmushiguang.com\/wp-content\/uploads\/2026\/04\/\u8be6\u60c5_24.webp\" alt=\"\" class=\"wp-image-6182\" srcset=\"https:\/\/www.youmushiguang.com\/wp-content\/uploads\/2026\/04\/\u8be6\u60c5_24.webp 790w, https:\/\/www.youmushiguang.com\/wp-content\/uploads\/2026\/04\/\u8be6\u60c5_24-237x300.webp 237w, https:\/\/www.youmushiguang.com\/wp-content\/uploads\/2026\/04\/\u8be6\u60c5_24-768x973.webp 768w, https:\/\/www.youmushiguang.com\/wp-content\/uploads\/2026\/04\/\u8be6\u60c5_24-9x12.webp 9w, https:\/\/www.youmushiguang.com\/wp-content\/uploads\/2026\/04\/\u8be6\u60c5_24-600x760.webp 600w\" sizes=\"(max-width: 790px) 100vw, 790px\" \/><\/figure>\n\n\n\n<figure class=\"wp-block-image size-full\"><img decoding=\"async\" width=\"790\" height=\"1031\" src=\"https:\/\/www.youmushiguang.com\/wp-content\/uploads\/2026\/04\/\u8be6\u60c5_33.webp\" alt=\"\" class=\"wp-image-6183\" srcset=\"https:\/\/www.youmushiguang.com\/wp-content\/uploads\/2026\/04\/\u8be6\u60c5_33.webp 790w, https:\/\/www.youmushiguang.com\/wp-content\/uploads\/2026\/04\/\u8be6\u60c5_33-230x300.webp 230w, https:\/\/www.youmushiguang.com\/wp-content\/uploads\/2026\/04\/\u8be6\u60c5_33-768x1002.webp 768w, https:\/\/www.youmushiguang.com\/wp-content\/uploads\/2026\/04\/\u8be6\u60c5_33-9x12.webp 9w, https:\/\/www.youmushiguang.com\/wp-content\/uploads\/2026\/04\/\u8be6\u60c5_33-600x783.webp 600w\" sizes=\"(max-width: 790px) 100vw, 790px\" \/><\/figure>\n\n\n\n<figure class=\"wp-block-image size-full\"><img decoding=\"async\" width=\"1806\" height=\"2322\" src=\"https:\/\/www.youmushiguang.com\/wp-content\/uploads\/2026\/04\/4074f29a73e532be9b8d07f6aa28d5a2.webp\" alt=\"\" class=\"wp-image-6184\" srcset=\"https:\/\/www.youmushiguang.com\/wp-content\/uploads\/2026\/04\/4074f29a73e532be9b8d07f6aa28d5a2.webp 1806w, https:\/\/www.youmushiguang.com\/wp-content\/uploads\/2026\/04\/4074f29a73e532be9b8d07f6aa28d5a2-233x300.webp 233w, https:\/\/www.youmushiguang.com\/wp-content\/uploads\/2026\/04\/4074f29a73e532be9b8d07f6aa28d5a2-768x987.webp 768w, https:\/\/www.youmushiguang.com\/wp-content\/uploads\/2026\/04\/4074f29a73e532be9b8d07f6aa28d5a2-9x12.webp 9w, https:\/\/www.youmushiguang.com\/wp-content\/uploads\/2026\/04\/4074f29a73e532be9b8d07f6aa28d5a2-1200x1543.webp 1200w, https:\/\/www.youmushiguang.com\/wp-content\/uploads\/2026\/04\/4074f29a73e532be9b8d07f6aa28d5a2-600x771.webp 600w\" sizes=\"(max-width: 1806px) 100vw, 1806px\" \/><\/figure>\n\n\n\n<figure class=\"wp-block-image size-full\"><img decoding=\"async\" width=\"1949\" height=\"2150\" src=\"https:\/\/www.youmushiguang.com\/wp-content\/uploads\/2026\/04\/6c186481f384888829f6efe5536eb8cf.webp\" alt=\"\" class=\"wp-image-6185\" srcset=\"https:\/\/www.youmushiguang.com\/wp-content\/uploads\/2026\/04\/6c186481f384888829f6efe5536eb8cf.webp 1949w, https:\/\/www.youmushiguang.com\/wp-content\/uploads\/2026\/04\/6c186481f384888829f6efe5536eb8cf-272x300.webp 272w, https:\/\/www.youmushiguang.com\/wp-content\/uploads\/2026\/04\/6c186481f384888829f6efe5536eb8cf-768x847.webp 768w, https:\/\/www.youmushiguang.com\/wp-content\/uploads\/2026\/04\/6c186481f384888829f6efe5536eb8cf-11x12.webp 11w, https:\/\/www.youmushiguang.com\/wp-content\/uploads\/2026\/04\/6c186481f384888829f6efe5536eb8cf-1200x1324.webp 1200w, https:\/\/www.youmushiguang.com\/wp-content\/uploads\/2026\/04\/6c186481f384888829f6efe5536eb8cf-600x662.webp 600w\" sizes=\"(max-width: 1949px) 100vw, 1949px\" \/><\/figure>\n<\/div>\n\n\n\n<div class=\"wp-block-column is-layout-flow wp-block-column-is-layout-flow\" style=\"flex-basis:25%\"><\/div>\n<\/div>\n\n\n\n<p><\/p>","protected":false},"excerpt":{"rendered":"<p data-pm-slice=\"0 0 []\">Elevate your restaurant or teahouse with our premium walnut-finish dining furniture. The wholesale restaurant furniture is ideal for a variety of commercial settings, including upscale Chinese restaurants, tea houses, and boutique dining spaces.<\/p>\n<h2>Restaurant Furniture\u00a0 Specifications<\/h2>\n<table style=\"border-collapse: collapse; width: 501.02pt;\" border=\"0\" width=\"668\" cellspacing=\"0\" cellpadding=\"0\">\n<tbody>\n<tr style=\"height: 13.50pt;\">\n<td class=\"et2\" style=\"height: 13.50pt; width: 107.25pt;\" width=\"143\" height=\"18\">Mod\u00e8le<\/td>\n<td class=\"et3\" style=\"width: 393.75pt;\" width=\"525\">1809<\/td>\n<\/tr>\n<tr style=\"height: 13.50pt;\">\n<td class=\"et2\" style=\"height: 13.50pt; width: 107.25pt;\" width=\"143\" height=\"18\">Cat\u00e9gorie<\/td>\n<td class=\"et3\" style=\"width: 393.75pt;\" width=\"525\">Mobilier de restaurant<\/td>\n<\/tr>\n<tr style=\"height: 13.50pt;\">\n<td class=\"et2\" style=\"height: 13.50pt; width: 107.25pt;\" width=\"143\" height=\"18\">Nom du produit<\/td>\n<td class=\"et3\" style=\"width: 393.75pt;\" width=\"525\">Nouvelles tables et chaises de restaurant chinois<\/td>\n<\/tr>\n<tr style=\"height: 27.00pt;\">\n<td class=\"et2\" style=\"height: 27.00pt; width: 107.25pt;\" width=\"143\" height=\"36\">Options de personnalisation<\/td>\n<td class=\"et3\" style=\"width: 393.75pt;\" width=\"525\">Style\/couleur\/taille\/mati\u00e8re<\/td>\n<\/tr>\n<tr style=\"height: 27.00pt;\">\n<td class=\"et2\" style=\"height: 27.00pt; width: 107.25pt;\" width=\"143\" height=\"36\">Cabine<\/td>\n<td class=\"et3\" style=\"width: 393.75pt;\" width=\"525\">Cadre en bois massif multicouche + enveloppe en cuir Nappa doux pour la peau + \u00e9ponge de rebond \u00e0 haute densit\u00e9<\/td>\n<\/tr>\n<tr style=\"height: 27.00pt;\">\n<td class=\"et2\" style=\"height: 27.00pt; width: 107.25pt;\" width=\"143\" height=\"36\">Pr\u00e9sident<\/td>\n<td class=\"et3\" style=\"width: 393.75pt;\" width=\"525\">cadre en bois massif + enveloppe en cuir Nappa doux pour la peau + \u00e9ponge de rebond \u00e0 haute densit\u00e9<\/td>\n<\/tr>\n<tr style=\"height: 27.00pt;\">\n<td class=\"et2\" style=\"height: 27.00pt; width: 107.25pt;\" width=\"143\" height=\"36\">Tableau<\/td>\n<td class=\"et3\" style=\"width: 393.75pt;\" width=\"525\">Multi-layer solid wood frame\u00a0Tabletop + high-quality hardware table legs<\/td>\n<\/tr>\n<tr style=\"height: 27.00pt;\">\n<td class=\"et2\" style=\"height: 27.00pt; width: 107.25pt;\" width=\"143\" height=\"36\">Sc\u00e8ne d'application<\/td>\n<td class=\"et3\" style=\"width: 393.75pt;\" width=\"525\">restaurant\/restaurant \u00e0 th\u00e8me\/restaurant de th\u00e9\/restaurant Hunan<\/td>\n<\/tr>\n<tr style=\"height: 13.50pt;\">\n<td class=\"et2\" style=\"height: 13.50pt; width: 107.25pt;\" width=\"143\" height=\"18\">Couleur<\/td>\n<td class=\"et3\" style=\"width: 393.75pt;\" width=\"525\">Noyer\/vert (personnalisable)<\/td>\n<\/tr>\n<tr style=\"height: 13.50pt;\">\n<td class=\"et2\" style=\"height: 13.50pt; width: 107.25pt;\" width=\"143\" height=\"18\">Mat\u00e9riau<\/td>\n<td class=\"et3\" style=\"width: 393.75pt;\" width=\"525\">Contreplaqu\u00e9\/bois massif\/m\u00e9tal\/cuir\/\u00e9ponge<\/td>\n<\/tr>\n<tr style=\"height: 13.50pt;\">\n<td class=\"et2\" style=\"height: 13.50pt; width: 107.25pt;\" width=\"143\" height=\"18\">Style<\/td>\n<td class=\"et3\" style=\"width: 393.75pt;\" width=\"525\">Nouveau style chinois<\/td>\n<\/tr>\n<\/tbody>\n<\/table>\n<p>&nbsp;<\/p>\n<p>&nbsp;<\/p>\n<p>\n<script src=\"chrome-extension:\/\/fpelahbljekknahkcaegamhcndkfpfnc\/iFrame.js\" type=\"text\/javascript\"><\/script><\/p>","protected":false},"featured_media":6177,"comment_status":"closed","ping_status":"closed","template":"","meta":{"_acf_changed":true},"product_brand":[],"product_cat":[24,45],"product_tag":[],"class_list":{"0":"post-6176","1":"product","2":"type-product","3":"status-publish","4":"has-post-thumbnail","6":"product_cat-wholesale-restaurant-furniture","7":"product_cat-chinese-restaurant-furniture","9":"first","10":"instock","11":"shipping-taxable","12":"product-type-simple"},"acf":[],"_links":{"self":[{"href":"https:\/\/www.youmushiguang.com\/fr\/wp-json\/wp\/v2\/product\/6176","targetHints":{"allow":["GET"]}}],"collection":[{"href":"https:\/\/www.youmushiguang.com\/fr\/wp-json\/wp\/v2\/product"}],"about":[{"href":"https:\/\/www.youmushiguang.com\/fr\/wp-json\/wp\/v2\/types\/product"}],"replies":[{"embeddable":true,"href":"https:\/\/www.youmushiguang.com\/fr\/wp-json\/wp\/v2\/comments?post=6176"}],"wp:featuredmedia":[{"embeddable":true,"href":"https:\/\/www.youmushiguang.com\/fr\/wp-json\/wp\/v2\/media\/6177"}],"wp:attachment":[{"href":"https:\/\/www.youmushiguang.com\/fr\/wp-json\/wp\/v2\/media?parent=6176"}],"wp:term":[{"taxonomy":"product_brand","embeddable":true,"href":"https:\/\/www.youmushiguang.com\/fr\/wp-json\/wp\/v2\/product_brand?post=6176"},{"taxonomy":"product_cat","embeddable":true,"href":"https:\/\/www.youmushiguang.com\/fr\/wp-json\/wp\/v2\/product_cat?post=6176"},{"taxonomy":"product_tag","embeddable":true,"href":"https:\/\/www.youmushiguang.com\/fr\/wp-json\/wp\/v2\/product_tag?post=6176"}],"curies":[{"name":"wp","href":"https:\/\/api.w.org\/{rel}","templated":true}]}}