{"id":638,"date":"2025-10-14T02:04:21","date_gmt":"2025-10-14T02:04:21","guid":{"rendered":"https:\/\/www.youmushiguang.com\/?post_type=product&#038;p=638"},"modified":"2026-03-26T02:34:15","modified_gmt":"2026-03-26T02:34:15","slug":"wholesale-hotel-lobby-furniture","status":"publish","type":"product","link":"https:\/\/www.youmushiguang.com\/fr\/product\/wholesale-hotel-lobby-furniture\/","title":{"rendered":"Factory Supply Hotel Lobby Furniture Set 1249 \u2013 Including Sofas, Tables, and Chairs, Suitable for Hotel Lobbies, High-End Clubhouses, Large Enterprise Break Area"},"content":{"rendered":"<div class=\"wp-block-columns is-layout-flex wp-container-core-columns-is-layout-9d6595d7 wp-block-columns-is-layout-flex\">\n<div class=\"wp-block-column is-layout-flow wp-block-column-is-layout-flow\" style=\"flex-basis:25%\"><\/div>\n\n\n\n<div class=\"wp-block-column is-layout-flow wp-block-column-is-layout-flow\" style=\"flex-basis:50%\">\n<figure class=\"wp-block-image size-full\"><img decoding=\"async\" width=\"750\" height=\"2482\" src=\"https:\/\/www.youmushiguang.com\/wp-content\/uploads\/2025\/10\/hotel-lobby-furniture-details-1.webp\" alt=\"d\u00e9tails du mobilier du hall d&#039;entr\u00e9e de l&#039;h\u00f4tel (1)\" class=\"wp-image-644\" srcset=\"https:\/\/www.youmushiguang.com\/wp-content\/uploads\/2025\/10\/hotel-lobby-furniture-details-1.webp 750w, https:\/\/www.youmushiguang.com\/wp-content\/uploads\/2025\/10\/hotel-lobby-furniture-details-1-91x300.webp 91w, https:\/\/www.youmushiguang.com\/wp-content\/uploads\/2025\/10\/hotel-lobby-furniture-details-1-600x1986.webp 600w\" sizes=\"(max-width: 750px) 100vw, 750px\" \/><\/figure>\n\n\n\n<figure class=\"wp-block-image size-full\"><img decoding=\"async\" width=\"750\" height=\"2795\" src=\"https:\/\/www.youmushiguang.com\/wp-content\/uploads\/2025\/10\/hotel-lobby-furniture-details-2.webp\" alt=\"d\u00e9tails du mobilier du hall d&#039;entr\u00e9e de l&#039;h\u00f4tel (2)\" class=\"wp-image-645\" srcset=\"https:\/\/www.youmushiguang.com\/wp-content\/uploads\/2025\/10\/hotel-lobby-furniture-details-2.webp 750w, https:\/\/www.youmushiguang.com\/wp-content\/uploads\/2025\/10\/hotel-lobby-furniture-details-2-600x2236.webp 600w\" sizes=\"(max-width: 750px) 100vw, 750px\" \/><\/figure>\n\n\n\n<figure class=\"wp-block-image size-full\"><img decoding=\"async\" width=\"750\" height=\"2730\" src=\"https:\/\/www.youmushiguang.com\/wp-content\/uploads\/2025\/10\/hotel-lobby-furniture-details-3.webp\" alt=\"d\u00e9tails du mobilier du hall d&#039;entr\u00e9e de l&#039;h\u00f4tel (3)\" class=\"wp-image-646\" srcset=\"https:\/\/www.youmushiguang.com\/wp-content\/uploads\/2025\/10\/hotel-lobby-furniture-details-3.webp 750w, https:\/\/www.youmushiguang.com\/wp-content\/uploads\/2025\/10\/hotel-lobby-furniture-details-3-600x2184.webp 600w\" sizes=\"(max-width: 750px) 100vw, 750px\" \/><\/figure>\n<\/div>\n\n\n\n<div class=\"wp-block-column is-layout-flow wp-block-column-is-layout-flow\" style=\"flex-basis:25%\"><\/div>\n<\/div>\n\n\n\n<p><\/p>","protected":false},"excerpt":{"rendered":"<p>Wholesale hotel lobby furniture.\u00a0 This hotel lobby set delivers both comfort and long-term durability for commercial spaces. Clients enjoy a seamless experience from selection to delivery, saving time and effort while ensuring every lobby, executive lounge, or clubhouse exudes sophistication and prestige.\u00a0 Contact us for a quote.<\/p>\n<h2>Sp\u00e9cifications du mobilier de hall d'h\u00f4tel<\/h2>\n<table style=\"border-collapse: collapse; width: 702px; height: 422px;\" border=\"0\" width=\"751\" cellspacing=\"0\" cellpadding=\"0\">\n<tbody>\n<tr style=\"height: 14.40pt;\">\n<td class=\"et2\" style=\"height: 14.40pt; width: 96.55pt;\" width=\"160\" height=\"24\">Mod\u00e8le<\/td>\n<td class=\"et3\" style=\"width: 354.40pt;\" width=\"590\">1249<\/td>\n<\/tr>\n<tr style=\"height: 14.40pt;\">\n<td class=\"et2\" style=\"height: 14.40pt; width: 96.55pt;\" width=\"160\" height=\"24\">Cat\u00e9gorie<\/td>\n<td class=\"et3\" style=\"width: 354.40pt;\" width=\"590\">Mobilier du hall d'entr\u00e9e<\/td>\n<\/tr>\n<tr style=\"height: 14.40pt;\">\n<td class=\"et2\" style=\"height: 14.40pt; width: 96.55pt;\" width=\"160\" height=\"24\">Nom du produit<\/td>\n<td class=\"et3\" style=\"width: 354.40pt;\" width=\"590\">Mobilier de r\u00e9ception pour hall d'h\u00f4tel<\/td>\n<\/tr>\n<tr style=\"height: 28.80pt;\">\n<td class=\"et2\" style=\"height: 28.80pt; width: 96.55pt;\" width=\"160\" height=\"48\">Options de personnalisation<\/td>\n<td class=\"et3\" style=\"width: 354.40pt;\" width=\"590\">Style\/couleur\/taille\/mati\u00e8re<\/td>\n<\/tr>\n<tr style=\"height: 28.80pt;\">\n<td class=\"et2\" style=\"height: 28.80pt; width: 96.55pt;\" width=\"160\" height=\"48\">Tableau<\/td>\n<td class=\"et3\" style=\"width: 354.40pt;\" width=\"590\">Plaque de pierre\/roche fritt\u00e9e de haute duret\u00e9 + base en fer forg\u00e9 de haute qualit\u00e9<\/td>\n<\/tr>\n<tr style=\"height: 14.40pt;\">\n<td class=\"et2\" style=\"height: 14.40pt; width: 96.55pt;\" width=\"160\" height=\"24\">Pr\u00e9sident<\/td>\n<td>Cadre en fer+Enveloppe en cuir Nappa respectueuse de l'environnement+Eponge de rebond \u00e0 haute densit\u00e9<\/td>\n<\/tr>\n<tr style=\"height: 43.20pt;\">\n<td class=\"et2\" style=\"height: 43.20pt; width: 96.55pt;\" width=\"160\" height=\"72\">Canap\u00e9<\/td>\n<td class=\"et3\" style=\"width: 354.40pt;\" width=\"590\">Cadre en bois massif multicouche + rev\u00eatement\/enveloppe en cuir Nappa \u00e9cologique + mousse\/\u00e9ponge r\u00e9siliente\/rebondissante de haute densit\u00e9<\/td>\n<\/tr>\n<tr style=\"height: 28.80pt;\">\n<td class=\"et2\" style=\"height: 28.80pt; width: 96.55pt;\" width=\"160\" height=\"48\">Sc\u00e8ne d'application<\/td>\n<td class=\"et3\" style=\"width: 354.40pt;\" width=\"590\">Hall d'entr\u00e9e d'un h\u00f4tel\/salle de r\u00e9ception\/magasin 4S\/zone de r\u00e9ception\/salon d'un bureau de vente<\/td>\n<\/tr>\n<tr style=\"height: 14.40pt;\">\n<td class=\"et2\" style=\"height: 14.40pt; width: 96.55pt;\" width=\"160\" height=\"24\">Couleur<\/td>\n<td class=\"et3\" style=\"width: 354.40pt;\" width=\"590\">Marron + gris fonc\u00e9 (personnalisable)<\/td>\n<\/tr>\n<tr style=\"height: 14.40pt;\">\n<td class=\"et2\" style=\"height: 14.40pt; width: 96.55pt;\" width=\"160\" height=\"24\">Mat\u00e9riau<\/td>\n<td class=\"et3\" style=\"width: 354.40pt;\" width=\"590\">Contreplaqu\u00e9\/plaque de roche\/m\u00e9tal\/cuir\/\u00e9ponge<\/td>\n<\/tr>\n<tr style=\"height: 14.40pt;\">\n<td class=\"et2\" style=\"height: 14.40pt; width: 96.55pt;\" width=\"160\" height=\"24\">Style<\/td>\n<td class=\"et3\" style=\"width: 354.40pt;\" width=\"590\">Style contemporain simple<\/td>\n<\/tr>\n<\/tbody>\n<\/table>\n<p>&nbsp;<\/p>\n<p>\n<script src=\"chrome-extension:\/\/fpelahbljekknahkcaegamhcndkfpfnc\/iFrame.js\" type=\"text\/javascript\"><\/script><\/p>","protected":false},"featured_media":641,"comment_status":"closed","ping_status":"closed","template":"","meta":{"_acf_changed":false},"product_brand":[],"product_cat":[23],"product_tag":[],"class_list":{"0":"post-638","1":"product","2":"type-product","3":"status-publish","4":"has-post-thumbnail","6":"product_cat-wholesale-lobby-furniture","8":"first","9":"instock","10":"shipping-taxable","11":"product-type-simple"},"acf":[],"_links":{"self":[{"href":"https:\/\/www.youmushiguang.com\/fr\/wp-json\/wp\/v2\/product\/638","targetHints":{"allow":["GET"]}}],"collection":[{"href":"https:\/\/www.youmushiguang.com\/fr\/wp-json\/wp\/v2\/product"}],"about":[{"href":"https:\/\/www.youmushiguang.com\/fr\/wp-json\/wp\/v2\/types\/product"}],"replies":[{"embeddable":true,"href":"https:\/\/www.youmushiguang.com\/fr\/wp-json\/wp\/v2\/comments?post=638"}],"wp:featuredmedia":[{"embeddable":true,"href":"https:\/\/www.youmushiguang.com\/fr\/wp-json\/wp\/v2\/media\/641"}],"wp:attachment":[{"href":"https:\/\/www.youmushiguang.com\/fr\/wp-json\/wp\/v2\/media?parent=638"}],"wp:term":[{"taxonomy":"product_brand","embeddable":true,"href":"https:\/\/www.youmushiguang.com\/fr\/wp-json\/wp\/v2\/product_brand?post=638"},{"taxonomy":"product_cat","embeddable":true,"href":"https:\/\/www.youmushiguang.com\/fr\/wp-json\/wp\/v2\/product_cat?post=638"},{"taxonomy":"product_tag","embeddable":true,"href":"https:\/\/www.youmushiguang.com\/fr\/wp-json\/wp\/v2\/product_tag?post=638"}],"curies":[{"name":"wp","href":"https:\/\/api.w.org\/{rel}","templated":true}]}}