{"id":6835,"date":"2026-05-13T06:23:54","date_gmt":"2026-05-13T06:23:54","guid":{"rendered":"https:\/\/www.youmushiguang.com\/?post_type=product&#038;p=6835"},"modified":"2026-05-13T06:23:59","modified_gmt":"2026-05-13T06:23:59","slug":"wholesale-high-end-commercial-restaurant-furniture","status":"publish","type":"product","link":"https:\/\/www.youmushiguang.com\/fr\/product\/wholesale-high-end-commercial-restaurant-furniture\/","title":{"rendered":"Wholesale High-end Commercial Restaurant Furniture 2004 \u2013 Suitable for Hotel or Inn Dining Areas, Casual Dining Restaurants, and more"},"content":{"rendered":"<div class=\"wp-block-columns is-layout-flex wp-container-core-columns-is-layout-9d6595d7 wp-block-columns-is-layout-flex\">\n<div class=\"wp-block-column is-layout-flow wp-block-column-is-layout-flow\" style=\"flex-basis:25%\"><\/div>\n\n\n\n<div class=\"wp-block-column is-layout-flow wp-block-column-is-layout-flow\" style=\"flex-basis:50%\">\n<figure class=\"wp-block-image size-full\"><img decoding=\"async\" width=\"790\" height=\"386\" src=\"https:\/\/www.youmushiguang.com\/wp-content\/uploads\/2026\/05\/\u8be6\u60c5_02_PicCopilot_5165a.webp\" alt=\"\" class=\"wp-image-6837\" srcset=\"https:\/\/www.youmushiguang.com\/wp-content\/uploads\/2026\/05\/\u8be6\u60c5_02_PicCopilot_5165a.webp 790w, https:\/\/www.youmushiguang.com\/wp-content\/uploads\/2026\/05\/\u8be6\u60c5_02_PicCopilot_5165a-300x147.webp 300w, https:\/\/www.youmushiguang.com\/wp-content\/uploads\/2026\/05\/\u8be6\u60c5_02_PicCopilot_5165a-768x375.webp 768w, https:\/\/www.youmushiguang.com\/wp-content\/uploads\/2026\/05\/\u8be6\u60c5_02_PicCopilot_5165a-18x9.webp 18w, https:\/\/www.youmushiguang.com\/wp-content\/uploads\/2026\/05\/\u8be6\u60c5_02_PicCopilot_5165a-600x293.webp 600w\" sizes=\"(max-width: 790px) 100vw, 790px\" \/><\/figure>\n\n\n\n<figure class=\"wp-block-image size-full\"><img decoding=\"async\" width=\"790\" height=\"1072\" src=\"https:\/\/www.youmushiguang.com\/wp-content\/uploads\/2026\/05\/\u8be6\u60c5_03-6.webp\" alt=\"\" class=\"wp-image-6838\" srcset=\"https:\/\/www.youmushiguang.com\/wp-content\/uploads\/2026\/05\/\u8be6\u60c5_03-6.webp 790w, https:\/\/www.youmushiguang.com\/wp-content\/uploads\/2026\/05\/\u8be6\u60c5_03-6-221x300.webp 221w, https:\/\/www.youmushiguang.com\/wp-content\/uploads\/2026\/05\/\u8be6\u60c5_03-6-768x1042.webp 768w, https:\/\/www.youmushiguang.com\/wp-content\/uploads\/2026\/05\/\u8be6\u60c5_03-6-9x12.webp 9w, https:\/\/www.youmushiguang.com\/wp-content\/uploads\/2026\/05\/\u8be6\u60c5_03-6-600x814.webp 600w\" sizes=\"(max-width: 790px) 100vw, 790px\" \/><\/figure>\n\n\n\n<figure class=\"wp-block-image size-full\"><img decoding=\"async\" width=\"790\" height=\"529\" src=\"https:\/\/www.youmushiguang.com\/wp-content\/uploads\/2026\/05\/\u8be6\u60c5_11_PicCopilot_5fb6d.webp\" alt=\"\" class=\"wp-image-6839\" srcset=\"https:\/\/www.youmushiguang.com\/wp-content\/uploads\/2026\/05\/\u8be6\u60c5_11_PicCopilot_5fb6d.webp 790w, https:\/\/www.youmushiguang.com\/wp-content\/uploads\/2026\/05\/\u8be6\u60c5_11_PicCopilot_5fb6d-300x201.webp 300w, https:\/\/www.youmushiguang.com\/wp-content\/uploads\/2026\/05\/\u8be6\u60c5_11_PicCopilot_5fb6d-768x514.webp 768w, https:\/\/www.youmushiguang.com\/wp-content\/uploads\/2026\/05\/\u8be6\u60c5_11_PicCopilot_5fb6d-18x12.webp 18w, https:\/\/www.youmushiguang.com\/wp-content\/uploads\/2026\/05\/\u8be6\u60c5_11_PicCopilot_5fb6d-600x402.webp 600w\" sizes=\"(max-width: 790px) 100vw, 790px\" \/><\/figure>\n\n\n\n<figure class=\"wp-block-image size-full\"><img decoding=\"async\" width=\"790\" height=\"1099\" src=\"https:\/\/www.youmushiguang.com\/wp-content\/uploads\/2026\/05\/\u8be6\u60c5_12-7.webp\" alt=\"\" class=\"wp-image-6840\" srcset=\"https:\/\/www.youmushiguang.com\/wp-content\/uploads\/2026\/05\/\u8be6\u60c5_12-7.webp 790w, https:\/\/www.youmushiguang.com\/wp-content\/uploads\/2026\/05\/\u8be6\u60c5_12-7-216x300.webp 216w, https:\/\/www.youmushiguang.com\/wp-content\/uploads\/2026\/05\/\u8be6\u60c5_12-7-768x1068.webp 768w, https:\/\/www.youmushiguang.com\/wp-content\/uploads\/2026\/05\/\u8be6\u60c5_12-7-9x12.webp 9w, https:\/\/www.youmushiguang.com\/wp-content\/uploads\/2026\/05\/\u8be6\u60c5_12-7-600x835.webp 600w\" sizes=\"(max-width: 790px) 100vw, 790px\" \/><\/figure>\n\n\n\n<figure class=\"wp-block-image size-full\"><img decoding=\"async\" width=\"790\" height=\"1094\" src=\"https:\/\/www.youmushiguang.com\/wp-content\/uploads\/2026\/05\/\u8be6\u60c5_13-6.webp\" alt=\"\" class=\"wp-image-6842\" srcset=\"https:\/\/www.youmushiguang.com\/wp-content\/uploads\/2026\/05\/\u8be6\u60c5_13-6.webp 790w, https:\/\/www.youmushiguang.com\/wp-content\/uploads\/2026\/05\/\u8be6\u60c5_13-6-217x300.webp 217w, https:\/\/www.youmushiguang.com\/wp-content\/uploads\/2026\/05\/\u8be6\u60c5_13-6-768x1064.webp 768w, https:\/\/www.youmushiguang.com\/wp-content\/uploads\/2026\/05\/\u8be6\u60c5_13-6-9x12.webp 9w, https:\/\/www.youmushiguang.com\/wp-content\/uploads\/2026\/05\/\u8be6\u60c5_13-6-600x831.webp 600w\" sizes=\"(max-width: 790px) 100vw, 790px\" \/><\/figure>\n\n\n\n<figure class=\"wp-block-image size-full\"><img decoding=\"async\" width=\"790\" height=\"1097\" src=\"https:\/\/www.youmushiguang.com\/wp-content\/uploads\/2026\/05\/\u8be6\u60c5_14-5.webp\" alt=\"\" class=\"wp-image-6843\" srcset=\"https:\/\/www.youmushiguang.com\/wp-content\/uploads\/2026\/05\/\u8be6\u60c5_14-5.webp 790w, https:\/\/www.youmushiguang.com\/wp-content\/uploads\/2026\/05\/\u8be6\u60c5_14-5-216x300.webp 216w, https:\/\/www.youmushiguang.com\/wp-content\/uploads\/2026\/05\/\u8be6\u60c5_14-5-768x1066.webp 768w, https:\/\/www.youmushiguang.com\/wp-content\/uploads\/2026\/05\/\u8be6\u60c5_14-5-9x12.webp 9w, https:\/\/www.youmushiguang.com\/wp-content\/uploads\/2026\/05\/\u8be6\u60c5_14-5-600x833.webp 600w\" sizes=\"(max-width: 790px) 100vw, 790px\" \/><\/figure>\n\n\n\n<figure class=\"wp-block-image size-full\"><img decoding=\"async\" width=\"790\" height=\"1180\" src=\"https:\/\/www.youmushiguang.com\/wp-content\/uploads\/2026\/05\/\u8be6\u60c5_15_PicCopilot_44675.webp\" alt=\"\" class=\"wp-image-6844\" srcset=\"https:\/\/www.youmushiguang.com\/wp-content\/uploads\/2026\/05\/\u8be6\u60c5_15_PicCopilot_44675.webp 790w, https:\/\/www.youmushiguang.com\/wp-content\/uploads\/2026\/05\/\u8be6\u60c5_15_PicCopilot_44675-201x300.webp 201w, https:\/\/www.youmushiguang.com\/wp-content\/uploads\/2026\/05\/\u8be6\u60c5_15_PicCopilot_44675-768x1147.webp 768w, https:\/\/www.youmushiguang.com\/wp-content\/uploads\/2026\/05\/\u8be6\u60c5_15_PicCopilot_44675-8x12.webp 8w, https:\/\/www.youmushiguang.com\/wp-content\/uploads\/2026\/05\/\u8be6\u60c5_15_PicCopilot_44675-600x896.webp 600w\" sizes=\"(max-width: 790px) 100vw, 790px\" \/><\/figure>\n\n\n\n<figure class=\"wp-block-image size-full\"><img decoding=\"async\" width=\"790\" height=\"483\" src=\"https:\/\/www.youmushiguang.com\/wp-content\/uploads\/2026\/05\/\u8be6\u60c5_16_PicCopilot_af2bb.webp\" alt=\"\" class=\"wp-image-6845\" srcset=\"https:\/\/www.youmushiguang.com\/wp-content\/uploads\/2026\/05\/\u8be6\u60c5_16_PicCopilot_af2bb.webp 790w, https:\/\/www.youmushiguang.com\/wp-content\/uploads\/2026\/05\/\u8be6\u60c5_16_PicCopilot_af2bb-300x183.webp 300w, https:\/\/www.youmushiguang.com\/wp-content\/uploads\/2026\/05\/\u8be6\u60c5_16_PicCopilot_af2bb-768x470.webp 768w, https:\/\/www.youmushiguang.com\/wp-content\/uploads\/2026\/05\/\u8be6\u60c5_16_PicCopilot_af2bb-18x12.webp 18w, https:\/\/www.youmushiguang.com\/wp-content\/uploads\/2026\/05\/\u8be6\u60c5_16_PicCopilot_af2bb-600x367.webp 600w\" sizes=\"(max-width: 790px) 100vw, 790px\" \/><\/figure>\n\n\n\n<figure class=\"wp-block-image size-full\"><img decoding=\"async\" width=\"790\" height=\"1019\" src=\"https:\/\/www.youmushiguang.com\/wp-content\/uploads\/2026\/05\/\u8be6\u60c5_17-6.webp\" alt=\"\" class=\"wp-image-6846\" srcset=\"https:\/\/www.youmushiguang.com\/wp-content\/uploads\/2026\/05\/\u8be6\u60c5_17-6.webp 790w, https:\/\/www.youmushiguang.com\/wp-content\/uploads\/2026\/05\/\u8be6\u60c5_17-6-233x300.webp 233w, https:\/\/www.youmushiguang.com\/wp-content\/uploads\/2026\/05\/\u8be6\u60c5_17-6-768x991.webp 768w, https:\/\/www.youmushiguang.com\/wp-content\/uploads\/2026\/05\/\u8be6\u60c5_17-6-9x12.webp 9w, https:\/\/www.youmushiguang.com\/wp-content\/uploads\/2026\/05\/\u8be6\u60c5_17-6-600x774.webp 600w\" sizes=\"(max-width: 790px) 100vw, 790px\" \/><\/figure>\n\n\n\n<figure class=\"wp-block-image size-full\"><img decoding=\"async\" width=\"790\" height=\"1036\" src=\"https:\/\/www.youmushiguang.com\/wp-content\/uploads\/2026\/05\/\u8be6\u60c5_18_PicCopilot_6ba23.webp\" alt=\"\" class=\"wp-image-6847\" srcset=\"https:\/\/www.youmushiguang.com\/wp-content\/uploads\/2026\/05\/\u8be6\u60c5_18_PicCopilot_6ba23.webp 790w, https:\/\/www.youmushiguang.com\/wp-content\/uploads\/2026\/05\/\u8be6\u60c5_18_PicCopilot_6ba23-229x300.webp 229w, https:\/\/www.youmushiguang.com\/wp-content\/uploads\/2026\/05\/\u8be6\u60c5_18_PicCopilot_6ba23-768x1007.webp 768w, https:\/\/www.youmushiguang.com\/wp-content\/uploads\/2026\/05\/\u8be6\u60c5_18_PicCopilot_6ba23-9x12.webp 9w, https:\/\/www.youmushiguang.com\/wp-content\/uploads\/2026\/05\/\u8be6\u60c5_18_PicCopilot_6ba23-600x787.webp 600w\" sizes=\"(max-width: 790px) 100vw, 790px\" \/><\/figure>\n\n\n\n<figure class=\"wp-block-image size-full\"><img decoding=\"async\" width=\"790\" height=\"1021\" src=\"https:\/\/www.youmushiguang.com\/wp-content\/uploads\/2026\/05\/\u8be6\u60c5_21-6.webp\" alt=\"\" class=\"wp-image-6848\" srcset=\"https:\/\/www.youmushiguang.com\/wp-content\/uploads\/2026\/05\/\u8be6\u60c5_21-6.webp 790w, https:\/\/www.youmushiguang.com\/wp-content\/uploads\/2026\/05\/\u8be6\u60c5_21-6-232x300.webp 232w, https:\/\/www.youmushiguang.com\/wp-content\/uploads\/2026\/05\/\u8be6\u60c5_21-6-768x993.webp 768w, https:\/\/www.youmushiguang.com\/wp-content\/uploads\/2026\/05\/\u8be6\u60c5_21-6-9x12.webp 9w, https:\/\/www.youmushiguang.com\/wp-content\/uploads\/2026\/05\/\u8be6\u60c5_21-6-600x775.webp 600w\" sizes=\"(max-width: 790px) 100vw, 790px\" \/><\/figure>\n\n\n\n<figure class=\"wp-block-image size-full\"><img decoding=\"async\" width=\"790\" height=\"1003\" src=\"https:\/\/www.youmushiguang.com\/wp-content\/uploads\/2026\/05\/\u8be6\u60c5_32_PicCopilot_b419a-1.webp\" alt=\"\" class=\"wp-image-6851\" srcset=\"https:\/\/www.youmushiguang.com\/wp-content\/uploads\/2026\/05\/\u8be6\u60c5_32_PicCopilot_b419a-1.webp 790w, https:\/\/www.youmushiguang.com\/wp-content\/uploads\/2026\/05\/\u8be6\u60c5_32_PicCopilot_b419a-1-236x300.webp 236w, https:\/\/www.youmushiguang.com\/wp-content\/uploads\/2026\/05\/\u8be6\u60c5_32_PicCopilot_b419a-1-768x975.webp 768w, https:\/\/www.youmushiguang.com\/wp-content\/uploads\/2026\/05\/\u8be6\u60c5_32_PicCopilot_b419a-1-9x12.webp 9w, https:\/\/www.youmushiguang.com\/wp-content\/uploads\/2026\/05\/\u8be6\u60c5_32_PicCopilot_b419a-1-600x762.webp 600w\" sizes=\"(max-width: 790px) 100vw, 790px\" \/><\/figure>\n\n\n\n<figure class=\"wp-block-image size-full\"><img decoding=\"async\" width=\"790\" height=\"882\" src=\"https:\/\/www.youmushiguang.com\/wp-content\/uploads\/2026\/05\/\u8be6\u60c5_33_PicCopilot_fe4a1-1.webp\" alt=\"\" class=\"wp-image-6852\" srcset=\"https:\/\/www.youmushiguang.com\/wp-content\/uploads\/2026\/05\/\u8be6\u60c5_33_PicCopilot_fe4a1-1.webp 790w, https:\/\/www.youmushiguang.com\/wp-content\/uploads\/2026\/05\/\u8be6\u60c5_33_PicCopilot_fe4a1-1-269x300.webp 269w, https:\/\/www.youmushiguang.com\/wp-content\/uploads\/2026\/05\/\u8be6\u60c5_33_PicCopilot_fe4a1-1-768x857.webp 768w, https:\/\/www.youmushiguang.com\/wp-content\/uploads\/2026\/05\/\u8be6\u60c5_33_PicCopilot_fe4a1-1-11x12.webp 11w, https:\/\/www.youmushiguang.com\/wp-content\/uploads\/2026\/05\/\u8be6\u60c5_33_PicCopilot_fe4a1-1-600x670.webp 600w\" sizes=\"(max-width: 790px) 100vw, 790px\" \/><\/figure>\n<\/div>\n\n\n\n<div class=\"wp-block-column is-layout-flow wp-block-column-is-layout-flow\" style=\"flex-basis:25%\"><\/div>\n<\/div>\n\n\n\n<p><\/p>","protected":false},"excerpt":{"rendered":"<div id=\"tw-container\" class=\"nev7se\" data-cp=\"1\" data-nnttsvi=\"1\" data-sletp=\"false\" data-sm=\"1\" data-ssbp=\"false\" data-sugg-time=\"500\" data-sugg-url=\"https:\/\/clients1.google.com\/complete\/search\" data-uilc=\"zh-CN\" data-vil=\",af,af-ZA,am,am-ET,ar-EG,ar-AE,ar-KW,ar-QA,ar,ar-IL,ar-JO,ar-LB,ar-PS,az,az-AZ,bg,bg-BG,bn,bn-BD,bn-IN,ca,ca-es,cs,cs-CZ,de,de-DE,de-CH,de-AT,de-LI,en,en-US,en-CA,en-AU,en-NZ,en-GB,en-IN,en-KE,en-TZ,en-NG,en-GH,en-PH,en-ZA,es,es-ES,es-AR,es-UY,es-419,es-BO,es-CL,es-CR,es-CO,es-DO,es-EC,es-GT,es-HN,es-NI,es-PA,es-PE,es-PR,es-PY,es-SV,es-VE,es-MX,es-US,eu,eu-ES,fi,fi-FI,fr,fr-FR,fr-CH,fr-BE,gl,gl-ES,gu,gu-IN,he,he-IL,iw,iw-IL,hu,hu-HU,hy,hy-AM,id,id-ID,is,is-IS,it,it-IT,it-CH,ja,ja-JP,jv,jv-ID,ka,ka-GE,km,km-KH,kn,kn-IN,ko,ko-KR,la,lo,lo-LA,lv,lv-LV,ml,ml-IN,mr,mr-IN,ms,ms-MY,nl,nl-NL,nb,nb-NO,ne,ne-NP,pl,pl-PL,pt,pt-BR,pt-PT,ro,ro-RO,ru,ru-RU,si-LK,sk,sk-SK,sr,sr-RS,su,su-ID,sv,sv-SE,sw,sw-TZ,sw-KE,ta,ta-IN,ta-SG,ta-LK,ta-MY,te,te-IN,tr,tr-TR,ur,ur-PK,ur-IN,yue,yue-HK,yue-Hant-HK,zh-HK,zh,zh-CN,zh-cmn,zh-cmn-CN,zh-Hans,zh-Hans-CN,zh-cmn-Hans,zh-cmn-Hans-CN,cmn-CN,cmn-Hans,cmn-Hans-CN,zh-TW,zh-Hant-TW,cmn-TW,cmn-Hant-TW,zh-cmn-TW,zh-cmn-Hant-TW,zu,zu-ZA,hi,hi-IN,tl,tl-PH,pa,pa-IN\">\n<div id=\"tw-ob\" class=\"tw-src-ltr\">\n<div class=\"oSioSc\">\n<div id=\"tw-target\">\n<div id=\"kAz1tf\" class=\"g9WsWb PZPZlf\" data-attrid=\"tw-targetArea\" data-entityname=\"Google Translate\">\n<div id=\"tw-target-text-container\" class=\"tw-ta-container tw-nfl\" role=\"text\">\n<p>Elevate your dining environment with this premium restaurant furniture set, designed for caf\u00e9s, bistros, boutique inns, and casual dining establishments. The versatile design makes this furniture set suitable for both traditional and contemporary interiors. Contact us for factory pricing.<\/p>\n<\/div>\n<\/div>\n<\/div>\n<\/div>\n<\/div>\n<\/div>\n<h2>Restaurant Furniture Specifications<\/h2>\n<table width=\"668\">\n<tbody>\n<tr>\n<td width=\"143\">Mod\u00e8le<\/td>\n<td width=\"525\">2004<\/td>\n<\/tr>\n<tr>\n<td width=\"143\">Cat\u00e9gorie<\/td>\n<td width=\"525\">Mobilier de restaurant<\/td>\n<\/tr>\n<tr>\n<td width=\"143\">Nom du produit<\/td>\n<td width=\"525\">Tables et chaises de restaurant<\/td>\n<\/tr>\n<tr>\n<td width=\"143\">Options de personnalisation<\/td>\n<td width=\"525\">Style\/couleur\/taille\/mati\u00e8re<\/td>\n<\/tr>\n<tr>\n<td width=\"143\">\n<p>Tableau<\/p>\n<\/td>\n<td width=\"525\">\n<p id=\"tw-target-text\" class=\"tw-data-text tw-text-large tw-ta\" dir=\"ltr\" role=\"text\" data-placeholder=\"\u7ffb\u8bd1\" data-ved=\"2ahUKEwigrKS076-RAxXyFjQIHaQVC4oQ3ewLegQIDBAW\" aria-label=\"\u8bd1\u6587\uff1aTable en contreplaqu\u00e9 multicouche + pieds de table en contreplaqu\u00e9 multicouche\">Solid Wood-Wrapped Sintered Stone Tabletop + Solid Wood Legs<\/p>\n<\/td>\n<\/tr>\n<tr>\n<td width=\"143\">Pr\u00e9sident<\/td>\n<td width=\"525\">\n<p id=\"tw-target-text\" class=\"tw-data-text tw-text-large tw-ta\" dir=\"ltr\" role=\"text\" data-placeholder=\"\u7ffb\u8bd1\" data-ved=\"2ahUKEwigrKS076-RAxXyFjQIHaQVC4oQ3ewLegQIDBAW\" aria-label=\"\u8bd1\u6587\uff1aCadre en bois massif + rev\u00eatement en tissu de haute qualit\u00e9 + rembourrage en mousse haute densit\u00e9\"><span class=\"Y2IQFc\" lang=\"en\">Cadre en bois massif + rev\u00eatement en tissu de haute qualit\u00e9 + rembourrage en mousse haute densit\u00e9<\/span><\/p>\n<\/td>\n<\/tr>\n<tr>\n<td width=\"143\">Cabine<\/td>\n<td width=\"525\">\n<p id=\"tw-target-text\" class=\"tw-data-text tw-text-large tw-ta\" dir=\"ltr\" role=\"text\" data-placeholder=\"\u7ffb\u8bd1\" data-ved=\"2ahUKEwigrKS076-RAxXyFjQIHaQVC4oQ3ewLegQIDBAW\" aria-label=\"\u8bd1\u6587\uff1aCadre en contreplaqu\u00e9 multicouche + rev\u00eatement en tissu de haute qualit\u00e9\"><span class=\"Y2IQFc\" lang=\"en\">Cadre en contreplaqu\u00e9 multicouche + rev\u00eatement en tissu de haute qualit\u00e9<\/span><\/p>\n<\/td>\n<\/tr>\n<tr>\n<td width=\"143\">Sc\u00e8ne d'application<\/td>\n<td width=\"525\">Restaurant\/restaurant \u00e0 th\u00e8me\u00a0<\/td>\n<\/tr>\n<tr>\n<td width=\"143\">Couleur<\/td>\n<td width=\"525\">Noyer\/Blanc cass\u00e9 (personnalisable)<\/td>\n<\/tr>\n<tr>\n<td width=\"143\">Mat\u00e9riau<\/td>\n<td width=\"525\">Bois massif\/contreplaqu\u00e9\/m\u00e9tal\/cuir\/\u00e9ponge<\/td>\n<\/tr>\n<tr>\n<td width=\"143\">\n<p>Style<\/p>\n<\/td>\n<td width=\"525\">\n<p id=\"tw-target-text\" class=\"tw-data-text tw-text-large tw-ta\" dir=\"ltr\" role=\"text\" data-placeholder=\"\u7ffb\u8bd1\" data-ved=\"2ahUKEwigrKS076-RAxXyFjQIHaQVC4oQ3ewLegQIDBAW\" aria-label=\"\u8bd1\u6587\uff1amoderne\"><span class=\"Y2IQFc\" lang=\"en\">moderne<\/span><\/p>\n<\/td>\n<\/tr>\n<\/tbody>\n<\/table>\n<p>&nbsp;<\/p>\n<p>&nbsp;<\/p>","protected":false},"featured_media":6858,"comment_status":"closed","ping_status":"closed","template":"","meta":{"_acf_changed":true},"product_brand":[],"product_cat":[24,36,43,45,20],"product_tag":[],"class_list":{"0":"post-6835","1":"product","2":"type-product","3":"status-publish","4":"has-post-thumbnail","6":"product_cat-wholesale-restaurant-furniture","7":"product_cat-wholesale-coffee-shop-restaurant-furniture","8":"product_cat-wholesale-hotel-restaurant-furniture","9":"product_cat-chinese-restaurant-furniture","10":"product_cat-wholesale-cafe-furniture","12":"first","13":"instock","14":"shipping-taxable","15":"product-type-simple"},"acf":[],"_links":{"self":[{"href":"https:\/\/www.youmushiguang.com\/fr\/wp-json\/wp\/v2\/product\/6835","targetHints":{"allow":["GET"]}}],"collection":[{"href":"https:\/\/www.youmushiguang.com\/fr\/wp-json\/wp\/v2\/product"}],"about":[{"href":"https:\/\/www.youmushiguang.com\/fr\/wp-json\/wp\/v2\/types\/product"}],"replies":[{"embeddable":true,"href":"https:\/\/www.youmushiguang.com\/fr\/wp-json\/wp\/v2\/comments?post=6835"}],"wp:featuredmedia":[{"embeddable":true,"href":"https:\/\/www.youmushiguang.com\/fr\/wp-json\/wp\/v2\/media\/6858"}],"wp:attachment":[{"href":"https:\/\/www.youmushiguang.com\/fr\/wp-json\/wp\/v2\/media?parent=6835"}],"wp:term":[{"taxonomy":"product_brand","embeddable":true,"href":"https:\/\/www.youmushiguang.com\/fr\/wp-json\/wp\/v2\/product_brand?post=6835"},{"taxonomy":"product_cat","embeddable":true,"href":"https:\/\/www.youmushiguang.com\/fr\/wp-json\/wp\/v2\/product_cat?post=6835"},{"taxonomy":"product_tag","embeddable":true,"href":"https:\/\/www.youmushiguang.com\/fr\/wp-json\/wp\/v2\/product_tag?post=6835"}],"curies":[{"name":"wp","href":"https:\/\/api.w.org\/{rel}","templated":true}]}}