{"id":691,"date":"2025-10-14T03:50:37","date_gmt":"2025-10-14T03:50:37","guid":{"rendered":"https:\/\/www.youmushiguang.com\/?post_type=product&#038;p=691"},"modified":"2026-01-23T06:21:14","modified_gmt":"2026-01-23T06:21:14","slug":"wholesale-restaurant-table-and-chair-sets","status":"publish","type":"product","link":"https:\/\/www.youmushiguang.com\/fr\/product\/wholesale-restaurant-table-and-chair-sets\/","title":{"rendered":"Wholesale Restaurant Furniture - Booths, Tables and Chairs, For Restaurants and Dining Places"},"content":{"rendered":"<div class=\"wp-block-columns is-layout-flex wp-container-core-columns-is-layout-9d6595d7 wp-block-columns-is-layout-flex\">\n<div class=\"wp-block-column is-layout-flow wp-block-column-is-layout-flow\" style=\"flex-basis:25%\"><\/div>\n\n\n\n<div class=\"wp-block-column is-layout-flow wp-block-column-is-layout-flow\" style=\"flex-basis:50%\">\n<figure class=\"wp-block-image size-full\"><img decoding=\"async\" width=\"750\" height=\"1839\" src=\"https:\/\/www.youmushiguang.com\/wp-content\/uploads\/2025\/10\/restaurant-table-and-chair-set-details-1.webp\" alt=\"table de restaurant et ensemble de chaises d\u00e9tails (1)\" class=\"wp-image-697\" srcset=\"https:\/\/www.youmushiguang.com\/wp-content\/uploads\/2025\/10\/restaurant-table-and-chair-set-details-1.webp 750w, https:\/\/www.youmushiguang.com\/wp-content\/uploads\/2025\/10\/restaurant-table-and-chair-set-details-1-122x300.webp 122w, https:\/\/www.youmushiguang.com\/wp-content\/uploads\/2025\/10\/restaurant-table-and-chair-set-details-1-600x1471.webp 600w\" sizes=\"(max-width: 750px) 100vw, 750px\" \/><\/figure>\n\n\n\n<figure class=\"wp-block-image size-full\"><img decoding=\"async\" width=\"750\" height=\"1641\" src=\"https:\/\/www.youmushiguang.com\/wp-content\/uploads\/2025\/10\/restaurant-table-and-chair-set-details-2.webp\" alt=\"table de restaurant et ensemble de chaises d\u00e9tails (2)\" class=\"wp-image-698\" srcset=\"https:\/\/www.youmushiguang.com\/wp-content\/uploads\/2025\/10\/restaurant-table-and-chair-set-details-2.webp 750w, https:\/\/www.youmushiguang.com\/wp-content\/uploads\/2025\/10\/restaurant-table-and-chair-set-details-2-137x300.webp 137w, https:\/\/www.youmushiguang.com\/wp-content\/uploads\/2025\/10\/restaurant-table-and-chair-set-details-2-600x1313.webp 600w\" sizes=\"(max-width: 750px) 100vw, 750px\" \/><\/figure>\n\n\n\n<figure class=\"wp-block-image size-full\"><img decoding=\"async\" width=\"750\" height=\"2426\" src=\"https:\/\/www.youmushiguang.com\/wp-content\/uploads\/2025\/10\/restaurant-table-and-chair-set-details-3.webp\" alt=\"table de restaurant et ensemble de chaises d\u00e9tails (3)\" class=\"wp-image-699\" srcset=\"https:\/\/www.youmushiguang.com\/wp-content\/uploads\/2025\/10\/restaurant-table-and-chair-set-details-3.webp 750w, https:\/\/www.youmushiguang.com\/wp-content\/uploads\/2025\/10\/restaurant-table-and-chair-set-details-3-93x300.webp 93w, https:\/\/www.youmushiguang.com\/wp-content\/uploads\/2025\/10\/restaurant-table-and-chair-set-details-3-600x1941.webp 600w\" sizes=\"(max-width: 750px) 100vw, 750px\" \/><\/figure>\n\n\n\n<figure class=\"wp-block-image size-full\"><img decoding=\"async\" width=\"750\" height=\"647\" src=\"https:\/\/www.youmushiguang.com\/wp-content\/uploads\/2025\/10\/restaurant-table-and-chair-set-details-4.webp\" alt=\"table de restaurant et ensemble de chaises d\u00e9tails (4)\" class=\"wp-image-700\" srcset=\"https:\/\/www.youmushiguang.com\/wp-content\/uploads\/2025\/10\/restaurant-table-and-chair-set-details-4.webp 750w, https:\/\/www.youmushiguang.com\/wp-content\/uploads\/2025\/10\/restaurant-table-and-chair-set-details-4-300x259.webp 300w, https:\/\/www.youmushiguang.com\/wp-content\/uploads\/2025\/10\/restaurant-table-and-chair-set-details-4-600x518.webp 600w\" sizes=\"(max-width: 750px) 100vw, 750px\" \/><\/figure>\n\n\n\n<figure class=\"wp-block-image size-full\"><img decoding=\"async\" width=\"750\" height=\"2013\" src=\"https:\/\/www.youmushiguang.com\/wp-content\/uploads\/2025\/10\/restaurant-table-and-chair-set-details-5.webp\" alt=\"Ensemble de tables et de chaises de restaurant d\u00e9tails (5)\" class=\"wp-image-701\" srcset=\"https:\/\/www.youmushiguang.com\/wp-content\/uploads\/2025\/10\/restaurant-table-and-chair-set-details-5.webp 750w, https:\/\/www.youmushiguang.com\/wp-content\/uploads\/2025\/10\/restaurant-table-and-chair-set-details-5-112x300.webp 112w, https:\/\/www.youmushiguang.com\/wp-content\/uploads\/2025\/10\/restaurant-table-and-chair-set-details-5-600x1610.webp 600w\" sizes=\"(max-width: 750px) 100vw, 750px\" \/><\/figure>\n\n\n\n<figure class=\"wp-block-image size-full\"><img decoding=\"async\" width=\"750\" height=\"2588\" src=\"https:\/\/www.youmushiguang.com\/wp-content\/uploads\/2025\/10\/restaurant-table-and-chair-set-details-6.webp\" alt=\"restaurant table and chair set details (6)\" class=\"wp-image-702\" srcset=\"https:\/\/www.youmushiguang.com\/wp-content\/uploads\/2025\/10\/restaurant-table-and-chair-set-details-6.webp 750w, https:\/\/www.youmushiguang.com\/wp-content\/uploads\/2025\/10\/restaurant-table-and-chair-set-details-6-87x300.webp 87w, https:\/\/www.youmushiguang.com\/wp-content\/uploads\/2025\/10\/restaurant-table-and-chair-set-details-6-600x2070.webp 600w\" sizes=\"(max-width: 750px) 100vw, 750px\" \/><\/figure>\n<\/div>\n\n\n\n<div class=\"wp-block-column is-layout-flow wp-block-column-is-layout-flow\" style=\"flex-basis:25%\"><\/div>\n<\/div>","protected":false},"excerpt":{"rendered":"<p>Meubles de restaurant en gros, ensembles de tables et de chaises. Notre ensemble de tables et de chaises de restaurant allie une esth\u00e9tique minimaliste moderne \u00e0 un savoir-faire durable. Con\u00e7u pour les restaurants, les caf\u00e9s et les espaces de restauration \u00e9l\u00e9gants, il permet une personnalisation flexible de la couleur, du mat\u00e9riau et de la taille, cr\u00e9ant ainsi un environnement \u00e9l\u00e9gant et pratique qui am\u00e9liore chaque exp\u00e9rience gastronomique. Contactez-nous pour un devis.<\/p>\n<h2>Sp\u00e9cifications de l'ensemble table et chaise de restaurant<\/h2>\n<table style=\"border-collapse: collapse; width: 700px; height: 354px;\" border=\"0\" width=\"751\" cellspacing=\"0\" cellpadding=\"0\">\n<tbody>\n<tr style=\"height: 14.40pt;\">\n<td class=\"et2\" style=\"height: 14.40pt; width: 96.55pt;\" width=\"160\" height=\"24\">Mod\u00e8le<\/td>\n<td class=\"et3\" style=\"width: 354.40pt;\" width=\"590\">481<\/td>\n<\/tr>\n<tr style=\"height: 14.40pt;\">\n<td class=\"et2\" style=\"height: 14.40pt; width: 96.55pt;\" width=\"160\" height=\"24\">Cat\u00e9gorie<\/td>\n<td class=\"et3\" style=\"width: 354.40pt;\" width=\"590\">Mobilier de restaurant<\/td>\n<\/tr>\n<tr style=\"height: 14.40pt;\">\n<td class=\"et2\" style=\"height: 14.40pt; width: 96.55pt;\" width=\"160\" height=\"24\">Nom du produit<\/td>\n<td class=\"et3\" style=\"width: 354.40pt;\" width=\"590\">Ensemble table et chaise de restaurant de style cor\u00e9en<\/td>\n<\/tr>\n<tr style=\"height: 28.80pt;\">\n<td class=\"et2\" style=\"height: 28.80pt; width: 96.55pt;\" width=\"160\" height=\"48\">Options de personnalisation<\/td>\n<td class=\"et3\" style=\"width: 354.40pt;\" width=\"590\">Style\/couleur\/taille\/mati\u00e8re<\/td>\n<\/tr>\n<tr style=\"height: 14.40pt;\">\n<td class=\"et2\" style=\"height: 14.40pt; width: 96.55pt;\" width=\"160\" height=\"24\">Tableau<\/td>\n<td class=\"et3\" style=\"width: 354.40pt;\" width=\"590\">Plateau en bois massif + pieds en alliage d'aluminium de haute qualit\u00e9<\/td>\n<\/tr>\n<tr style=\"height: 14.40pt;\">\n<td class=\"et2\" style=\"height: 14.40pt; width: 96.55pt;\" width=\"160\" height=\"24\">Pr\u00e9sident<\/td>\n<td>Cadre en fer stable+plaque de flexion+enveloppe en cuir Nappa respectueuse de l'environnement+\u00e9ponge de rebond \u00e0 haute densit\u00e9<\/td>\n<\/tr>\n<tr style=\"height: 28.80pt;\">\n<td class=\"et2\" style=\"height: 28.80pt; width: 96.55pt;\" width=\"160\" height=\"48\">Canap\u00e9<\/td>\n<td class=\"et3\" style=\"width: 354.40pt;\" width=\"590\">Enveloppe en cuir Nappa respectueuse de l'environnement + \u00e9ponge haute densit\u00e9 + panneau multicouche en bois massif avec cadre en placage<\/td>\n<\/tr>\n<tr style=\"height: 28.80pt;\">\n<td class=\"et2\" style=\"height: 28.80pt; width: 96.55pt;\" width=\"160\" height=\"48\">Sc\u00e8ne d'application<\/td>\n<td class=\"et3\" style=\"width: 354.40pt;\" width=\"590\">Restaurant\/cuisine\/snack shop\/caf\u00e9\/bubble tea shop<\/td>\n<\/tr>\n<tr style=\"height: 14.40pt;\">\n<td class=\"et2\" style=\"height: 14.40pt; width: 96.55pt;\" width=\"160\" height=\"24\">Couleur<\/td>\n<td class=\"et3\" style=\"width: 354.40pt;\" width=\"590\">Bois de couleur noyer \/ cuir blanc cass\u00e9 (personnalisable)<\/td>\n<\/tr>\n<tr style=\"height: 14.40pt;\">\n<td class=\"et2\" style=\"height: 14.40pt; width: 96.55pt;\" width=\"160\" height=\"24\">Mat\u00e9riau<\/td>\n<td class=\"et3\" style=\"width: 354.40pt;\" width=\"590\">Contreplaqu\u00e9\/dalle de pierre\/m\u00e9tal\/cuir\/\u00e9ponge<\/td>\n<\/tr>\n<tr style=\"height: 14.40pt;\">\n<td class=\"et2\" style=\"height: 14.40pt; width: 96.55pt;\" width=\"160\" height=\"24\">Style<\/td>\n<td class=\"et3\" style=\"width: 354.40pt;\" width=\"590\">Style cor\u00e9en<\/td>\n<\/tr>\n<\/tbody>\n<\/table>\n<p><script src=\"chrome-extension:\/\/fpelahbljekknahkcaegamhcndkfpfnc\/iFrame.js\" type=\"text\/javascript\"><\/script><\/p>\n<p><script src=\"chrome-extension:\/\/fpelahbljekknahkcaegamhcndkfpfnc\/iFrame.js\" type=\"text\/javascript\"><\/script><\/p>\n<p>\n<script src=\"chrome-extension:\/\/fpelahbljekknahkcaegamhcndkfpfnc\/iFrame.js\" type=\"text\/javascript\"><\/script><\/p>","protected":false},"featured_media":692,"comment_status":"closed","ping_status":"closed","template":"","meta":{"_acf_changed":true},"product_brand":[],"product_cat":[24,37,46],"product_tag":[],"class_list":{"0":"post-691","1":"product","2":"type-product","3":"status-publish","4":"has-post-thumbnail","6":"product_cat-wholesale-restaurant-furniture","7":"product_cat-wholesale-fast-food-restaurant-furniture","8":"product_cat-modern-restaurant-furniture","10":"first","11":"instock","12":"shipping-taxable","13":"product-type-simple"},"acf":[],"_links":{"self":[{"href":"https:\/\/www.youmushiguang.com\/fr\/wp-json\/wp\/v2\/product\/691","targetHints":{"allow":["GET"]}}],"collection":[{"href":"https:\/\/www.youmushiguang.com\/fr\/wp-json\/wp\/v2\/product"}],"about":[{"href":"https:\/\/www.youmushiguang.com\/fr\/wp-json\/wp\/v2\/types\/product"}],"replies":[{"embeddable":true,"href":"https:\/\/www.youmushiguang.com\/fr\/wp-json\/wp\/v2\/comments?post=691"}],"wp:featuredmedia":[{"embeddable":true,"href":"https:\/\/www.youmushiguang.com\/fr\/wp-json\/wp\/v2\/media\/692"}],"wp:attachment":[{"href":"https:\/\/www.youmushiguang.com\/fr\/wp-json\/wp\/v2\/media?parent=691"}],"wp:term":[{"taxonomy":"product_brand","embeddable":true,"href":"https:\/\/www.youmushiguang.com\/fr\/wp-json\/wp\/v2\/product_brand?post=691"},{"taxonomy":"product_cat","embeddable":true,"href":"https:\/\/www.youmushiguang.com\/fr\/wp-json\/wp\/v2\/product_cat?post=691"},{"taxonomy":"product_tag","embeddable":true,"href":"https:\/\/www.youmushiguang.com\/fr\/wp-json\/wp\/v2\/product_tag?post=691"}],"curies":[{"name":"wp","href":"https:\/\/api.w.org\/{rel}","templated":true}]}}