{"id":754,"date":"2025-10-14T08:15:29","date_gmt":"2025-10-14T08:15:29","guid":{"rendered":"https:\/\/www.youmushiguang.com\/?post_type=product&#038;p=754"},"modified":"2026-04-22T07:58:50","modified_gmt":"2026-04-22T07:58:50","slug":"wholesale-restaurant-booth-sofa","status":"publish","type":"product","link":"https:\/\/www.youmushiguang.com\/fr\/product\/wholesale-restaurant-booth-sofa\/","title":{"rendered":"Wholesale Restaurant Furniture Within Southeast Asian Style - with Booths, Tables, and Chairs (en anglais)"},"content":{"rendered":"<div class=\"wp-block-columns is-layout-flex wp-container-core-columns-is-layout-9d6595d7 wp-block-columns-is-layout-flex\">\n<div class=\"wp-block-column is-layout-flow wp-block-column-is-layout-flow\" style=\"flex-basis:25%\"><\/div>\n\n\n\n<div class=\"wp-block-column is-layout-flow wp-block-column-is-layout-flow\" style=\"flex-basis:50%\">\n<figure class=\"wp-block-image size-full\"><img decoding=\"async\" width=\"790\" height=\"376\" src=\"https:\/\/www.youmushiguang.com\/wp-content\/uploads\/2025\/10\/restaurant-booth-sofa-details1.webp\" alt=\"d\u00e9tails du canap\u00e9 de la cabine de restaurant(1)\" class=\"wp-image-760\" srcset=\"https:\/\/www.youmushiguang.com\/wp-content\/uploads\/2025\/10\/restaurant-booth-sofa-details1.webp 790w, https:\/\/www.youmushiguang.com\/wp-content\/uploads\/2025\/10\/restaurant-booth-sofa-details1-300x143.webp 300w, https:\/\/www.youmushiguang.com\/wp-content\/uploads\/2025\/10\/restaurant-booth-sofa-details1-768x366.webp 768w, https:\/\/www.youmushiguang.com\/wp-content\/uploads\/2025\/10\/restaurant-booth-sofa-details1-600x286.webp 600w\" sizes=\"(max-width: 790px) 100vw, 790px\" \/><\/figure>\n\n\n\n<figure class=\"wp-block-image size-full\"><img decoding=\"async\" width=\"790\" height=\"1090\" src=\"https:\/\/www.youmushiguang.com\/wp-content\/uploads\/2025\/10\/restaurant-booth-sofa-details2.webp\" alt=\"d\u00e9tails du canap\u00e9 de la cabine de restaurant(2)\" class=\"wp-image-761\" srcset=\"https:\/\/www.youmushiguang.com\/wp-content\/uploads\/2025\/10\/restaurant-booth-sofa-details2.webp 790w, https:\/\/www.youmushiguang.com\/wp-content\/uploads\/2025\/10\/restaurant-booth-sofa-details2-217x300.webp 217w, https:\/\/www.youmushiguang.com\/wp-content\/uploads\/2025\/10\/restaurant-booth-sofa-details2-768x1060.webp 768w, https:\/\/www.youmushiguang.com\/wp-content\/uploads\/2025\/10\/restaurant-booth-sofa-details2-600x828.webp 600w\" sizes=\"(max-width: 790px) 100vw, 790px\" \/><\/figure>\n\n\n\n<figure class=\"wp-block-image size-full\"><img decoding=\"async\" width=\"790\" height=\"1641\" src=\"https:\/\/www.youmushiguang.com\/wp-content\/uploads\/2025\/10\/restaurant-booth-sofa-details3.webp\" alt=\"d\u00e9tails du canap\u00e9 de la cabine de restaurant(3)\" class=\"wp-image-762\" srcset=\"https:\/\/www.youmushiguang.com\/wp-content\/uploads\/2025\/10\/restaurant-booth-sofa-details3.webp 790w, https:\/\/www.youmushiguang.com\/wp-content\/uploads\/2025\/10\/restaurant-booth-sofa-details3-144x300.webp 144w, https:\/\/www.youmushiguang.com\/wp-content\/uploads\/2025\/10\/restaurant-booth-sofa-details3-768x1595.webp 768w, https:\/\/www.youmushiguang.com\/wp-content\/uploads\/2025\/10\/restaurant-booth-sofa-details3-600x1246.webp 600w\" sizes=\"(max-width: 790px) 100vw, 790px\" \/><\/figure>\n\n\n\n<figure class=\"wp-block-image size-full\"><img decoding=\"async\" width=\"790\" height=\"1033\" src=\"https:\/\/www.youmushiguang.com\/wp-content\/uploads\/2025\/10\/restaurant-booth-sofa-details4.webp\" alt=\"d\u00e9tails du canap\u00e9 de la cabine de restaurant(4)\" class=\"wp-image-763\" srcset=\"https:\/\/www.youmushiguang.com\/wp-content\/uploads\/2025\/10\/restaurant-booth-sofa-details4.webp 790w, https:\/\/www.youmushiguang.com\/wp-content\/uploads\/2025\/10\/restaurant-booth-sofa-details4-229x300.webp 229w, https:\/\/www.youmushiguang.com\/wp-content\/uploads\/2025\/10\/restaurant-booth-sofa-details4-768x1004.webp 768w, https:\/\/www.youmushiguang.com\/wp-content\/uploads\/2025\/10\/restaurant-booth-sofa-details4-600x785.webp 600w\" sizes=\"(max-width: 790px) 100vw, 790px\" \/><\/figure>\n\n\n\n<figure class=\"wp-block-image size-full\"><img decoding=\"async\" width=\"790\" height=\"1038\" src=\"https:\/\/www.youmushiguang.com\/wp-content\/uploads\/2025\/10\/restaurant-booth-sofa-details6-1.webp\" alt=\"d\u00e9tails du canap\u00e9 de la cabine de restaurant(6)\" class=\"wp-image-766\" srcset=\"https:\/\/www.youmushiguang.com\/wp-content\/uploads\/2025\/10\/restaurant-booth-sofa-details6-1.webp 790w, https:\/\/www.youmushiguang.com\/wp-content\/uploads\/2025\/10\/restaurant-booth-sofa-details6-1-228x300.webp 228w, https:\/\/www.youmushiguang.com\/wp-content\/uploads\/2025\/10\/restaurant-booth-sofa-details6-1-768x1009.webp 768w, https:\/\/www.youmushiguang.com\/wp-content\/uploads\/2025\/10\/restaurant-booth-sofa-details6-1-600x788.webp 600w\" sizes=\"(max-width: 790px) 100vw, 790px\" \/><\/figure>\n\n\n\n<figure class=\"wp-block-image size-full\"><img decoding=\"async\" width=\"790\" height=\"443\" src=\"https:\/\/www.youmushiguang.com\/wp-content\/uploads\/2025\/10\/restaurant-booth-sofa-details7.webp\" alt=\"canap\u00e9 pour cabine de restaurant d\u00e9tails(7)\" class=\"wp-image-767\" srcset=\"https:\/\/www.youmushiguang.com\/wp-content\/uploads\/2025\/10\/restaurant-booth-sofa-details7.webp 790w, https:\/\/www.youmushiguang.com\/wp-content\/uploads\/2025\/10\/restaurant-booth-sofa-details7-300x168.webp 300w, https:\/\/www.youmushiguang.com\/wp-content\/uploads\/2025\/10\/restaurant-booth-sofa-details7-768x431.webp 768w, https:\/\/www.youmushiguang.com\/wp-content\/uploads\/2025\/10\/restaurant-booth-sofa-details7-600x336.webp 600w\" sizes=\"(max-width: 790px) 100vw, 790px\" \/><\/figure>\n\n\n\n<figure class=\"wp-block-image size-full\"><img decoding=\"async\" width=\"790\" height=\"1065\" src=\"https:\/\/www.youmushiguang.com\/wp-content\/uploads\/2025\/10\/restaurant-booth-sofa-details8.webp\" alt=\"d\u00e9tails du canap\u00e9 de la cabine de restaurant(8)\" class=\"wp-image-768\" srcset=\"https:\/\/www.youmushiguang.com\/wp-content\/uploads\/2025\/10\/restaurant-booth-sofa-details8.webp 790w, https:\/\/www.youmushiguang.com\/wp-content\/uploads\/2025\/10\/restaurant-booth-sofa-details8-223x300.webp 223w, https:\/\/www.youmushiguang.com\/wp-content\/uploads\/2025\/10\/restaurant-booth-sofa-details8-768x1035.webp 768w, https:\/\/www.youmushiguang.com\/wp-content\/uploads\/2025\/10\/restaurant-booth-sofa-details8-600x809.webp 600w\" sizes=\"(max-width: 790px) 100vw, 790px\" \/><\/figure>\n\n\n\n<figure class=\"wp-block-image size-full\"><img decoding=\"async\" width=\"790\" height=\"394\" src=\"https:\/\/www.youmushiguang.com\/wp-content\/uploads\/2025\/10\/restaurant-booth-sofa-details9.webp\" alt=\"d\u00e9tails du canap\u00e9 de la cabine de restaurant(9)\" class=\"wp-image-769\" srcset=\"https:\/\/www.youmushiguang.com\/wp-content\/uploads\/2025\/10\/restaurant-booth-sofa-details9.webp 790w, https:\/\/www.youmushiguang.com\/wp-content\/uploads\/2025\/10\/restaurant-booth-sofa-details9-300x150.webp 300w, https:\/\/www.youmushiguang.com\/wp-content\/uploads\/2025\/10\/restaurant-booth-sofa-details9-768x383.webp 768w, https:\/\/www.youmushiguang.com\/wp-content\/uploads\/2025\/10\/restaurant-booth-sofa-details9-600x299.webp 600w\" sizes=\"(max-width: 790px) 100vw, 790px\" \/><\/figure>\n\n\n\n<figure class=\"wp-block-image size-full\"><img decoding=\"async\" width=\"790\" height=\"1063\" src=\"https:\/\/www.youmushiguang.com\/wp-content\/uploads\/2025\/10\/restaurant-booth-sofa-details10.webp\" alt=\"canap\u00e9 pour cabine de restaurant d\u00e9tails(10)\" class=\"wp-image-770\" srcset=\"https:\/\/www.youmushiguang.com\/wp-content\/uploads\/2025\/10\/restaurant-booth-sofa-details10.webp 790w, https:\/\/www.youmushiguang.com\/wp-content\/uploads\/2025\/10\/restaurant-booth-sofa-details10-223x300.webp 223w, https:\/\/www.youmushiguang.com\/wp-content\/uploads\/2025\/10\/restaurant-booth-sofa-details10-768x1033.webp 768w, https:\/\/www.youmushiguang.com\/wp-content\/uploads\/2025\/10\/restaurant-booth-sofa-details10-600x807.webp 600w\" sizes=\"(max-width: 790px) 100vw, 790px\" \/><\/figure>\n<\/div>\n\n\n\n<div class=\"wp-block-column is-layout-flow wp-block-column-is-layout-flow\" style=\"flex-basis:25%\"><\/div>\n<\/div>","protected":false},"excerpt":{"rendered":"<p>Vente en gros de canap\u00e9s, tables et chaises de restaurant de style asiatique du Sud-Est. Nos meubles de restaurant pr\u00e9sentent des designs originaux, des mat\u00e9riaux respectueux de l'environnement et un savoir-faire exquis, offrant un confort moderne. Chaque pi\u00e8ce est fabriqu\u00e9e en bois de fr\u00eane massif de qualit\u00e9 FAS, en cuir Nappa et en rotin PE tiss\u00e9 \u00e0 la main, alliant chaleur naturelle et style minimaliste moderne. Les restaurants et les cha\u00eenes de magasins sont invit\u00e9s \u00e0 nous contacter pour obtenir un devis.<\/p>\n<h2>Sp\u00e9cifications du mobilier de restaurant de style asiatique du Sud-Est<\/h2>\n<table style=\"height: 420px;\" width=\"700\">\n<tbody>\n<tr>\n<td width=\"160\">Mod\u00e8le<\/td>\n<td width=\"590\">1202<\/td>\n<\/tr>\n<tr>\n<td width=\"160\">Cat\u00e9gorie<\/td>\n<td width=\"590\">Mobilier de restaurant<\/td>\n<\/tr>\n<tr>\n<td width=\"160\">Nom du produit<\/td>\n<td width=\"590\">Banquette de restaurant en Asie du Sud-Est<\/td>\n<\/tr>\n<tr>\n<td width=\"160\">Options de personnalisation<\/td>\n<td width=\"590\">Style\/couleur\/taille\/mati\u00e8re<\/td>\n<\/tr>\n<tr>\n<td width=\"160\">Tableau<\/td>\n<td width=\"590\">Plateau de table en c\u00e9ramique envelopp\u00e9e de bois massif + cadre en t\u00f4le d'acier \u00e9paissi de haute qualit\u00e9<\/td>\n<\/tr>\n<tr>\n<td width=\"160\">Pr\u00e9sident<\/td>\n<td width=\"590\">\u00a0Cadre en bois massif + rotin PE respectueux de l'environnement + enveloppe en cuir Nappa respectueux de la peau + \u00e9ponge de rebond \u00e0 haute densit\u00e9<\/td>\n<\/tr>\n<tr>\n<td width=\"160\">Canap\u00e9<\/td>\n<td width=\"590\">\u00a0Cadre en bois massif + rotin PE respectueux de l'environnement + enveloppe en cuir Nappa respectueux de la peau + \u00e9ponge de rebond \u00e0 haute densit\u00e9<\/td>\n<\/tr>\n<tr>\n<td width=\"160\">Sc\u00e8ne d'application<\/td>\n<td width=\"590\">Restaurant \/ Restaurant \u00e0 th\u00e8me \/ Restaurant occidental<\/td>\n<\/tr>\n<tr>\n<td width=\"160\">Couleur<\/td>\n<td width=\"590\">Bois couleur noyer\/ vert clair (personnalisable)<\/td>\n<\/tr>\n<tr>\n<td width=\"160\">Mat\u00e9riau<\/td>\n<td width=\"590\">Carreaux de c\u00e9ramique\/articles de mercerie\/cuir\/\u00e9ponge\/rotin tress\u00e9<\/td>\n<\/tr>\n<tr>\n<td width=\"160\">Style<\/td>\n<td width=\"590\">Style Asie du Sud-Est<\/td>\n<\/tr>\n<\/tbody>\n<\/table>\n<p><script src=\"chrome-extension:\/\/fpelahbljekknahkcaegamhcndkfpfnc\/iFrame.js\" type=\"text\/javascript\"><\/script><\/p>\n<p>\n<script src=\"chrome-extension:\/\/fpelahbljekknahkcaegamhcndkfpfnc\/iFrame.js\" type=\"text\/javascript\"><\/script><\/p>","protected":false},"featured_media":758,"comment_status":"closed","ping_status":"closed","template":"","meta":{"_acf_changed":true},"product_brand":[],"product_cat":[24,48],"product_tag":[],"class_list":{"0":"post-754","1":"product","2":"type-product","3":"status-publish","4":"has-post-thumbnail","6":"product_cat-wholesale-restaurant-furniture","7":"product_cat-themed-restaurant-furniture","9":"first","10":"instock","11":"shipping-taxable","12":"product-type-simple"},"acf":[],"_links":{"self":[{"href":"https:\/\/www.youmushiguang.com\/fr\/wp-json\/wp\/v2\/product\/754","targetHints":{"allow":["GET"]}}],"collection":[{"href":"https:\/\/www.youmushiguang.com\/fr\/wp-json\/wp\/v2\/product"}],"about":[{"href":"https:\/\/www.youmushiguang.com\/fr\/wp-json\/wp\/v2\/types\/product"}],"replies":[{"embeddable":true,"href":"https:\/\/www.youmushiguang.com\/fr\/wp-json\/wp\/v2\/comments?post=754"}],"wp:featuredmedia":[{"embeddable":true,"href":"https:\/\/www.youmushiguang.com\/fr\/wp-json\/wp\/v2\/media\/758"}],"wp:attachment":[{"href":"https:\/\/www.youmushiguang.com\/fr\/wp-json\/wp\/v2\/media?parent=754"}],"wp:term":[{"taxonomy":"product_brand","embeddable":true,"href":"https:\/\/www.youmushiguang.com\/fr\/wp-json\/wp\/v2\/product_brand?post=754"},{"taxonomy":"product_cat","embeddable":true,"href":"https:\/\/www.youmushiguang.com\/fr\/wp-json\/wp\/v2\/product_cat?post=754"},{"taxonomy":"product_tag","embeddable":true,"href":"https:\/\/www.youmushiguang.com\/fr\/wp-json\/wp\/v2\/product_tag?post=754"}],"curies":[{"name":"wp","href":"https:\/\/api.w.org\/{rel}","templated":true}]}}