{"id":776,"date":"2025-10-16T10:44:47","date_gmt":"2025-10-16T10:44:47","guid":{"rendered":"https:\/\/www.youmushiguang.com\/?post_type=product&#038;p=776"},"modified":"2026-04-22T07:56:57","modified_gmt":"2026-04-22T07:56:57","slug":"wholesale-modern-simplicity-style-restaurant-furniture","status":"publish","type":"product","link":"https:\/\/www.youmushiguang.com\/fr\/product\/wholesale-modern-simplicity-style-restaurant-furniture\/","title":{"rendered":"Modern Simplicity Style Restaurant Furniture Wholesale - Booths, Tables, and Chairs"},"content":{"rendered":"<div class=\"wp-block-columns is-layout-flex wp-container-core-columns-is-layout-9d6595d7 wp-block-columns-is-layout-flex\">\n<div class=\"wp-block-column is-layout-flow wp-block-column-is-layout-flow\" style=\"flex-basis:25%\"><\/div>\n\n\n\n<div class=\"wp-block-column is-layout-flow wp-block-column-is-layout-flow\" style=\"flex-basis:50%\">\n<figure class=\"wp-block-image size-full\"><img decoding=\"async\" width=\"790\" height=\"380\" src=\"https:\/\/www.youmushiguang.com\/wp-content\/uploads\/2025\/10\/restaurant-chairs-wholesale-details1.webp\" alt=\"chaises de restaurant d\u00e9tails en gros(1)\" class=\"wp-image-782\" srcset=\"https:\/\/www.youmushiguang.com\/wp-content\/uploads\/2025\/10\/restaurant-chairs-wholesale-details1.webp 790w, https:\/\/www.youmushiguang.com\/wp-content\/uploads\/2025\/10\/restaurant-chairs-wholesale-details1-300x144.webp 300w, https:\/\/www.youmushiguang.com\/wp-content\/uploads\/2025\/10\/restaurant-chairs-wholesale-details1-768x369.webp 768w, https:\/\/www.youmushiguang.com\/wp-content\/uploads\/2025\/10\/restaurant-chairs-wholesale-details1-600x289.webp 600w\" sizes=\"(max-width: 790px) 100vw, 790px\" \/><\/figure>\n\n\n\n<figure class=\"wp-block-image size-full\"><img decoding=\"async\" width=\"790\" height=\"1085\" src=\"https:\/\/www.youmushiguang.com\/wp-content\/uploads\/2025\/10\/restaurant-chairs-wholesale-details2.webp\" alt=\"chaises de restaurant d\u00e9tails en gros(2)\" class=\"wp-image-783\" srcset=\"https:\/\/www.youmushiguang.com\/wp-content\/uploads\/2025\/10\/restaurant-chairs-wholesale-details2.webp 790w, https:\/\/www.youmushiguang.com\/wp-content\/uploads\/2025\/10\/restaurant-chairs-wholesale-details2-218x300.webp 218w, https:\/\/www.youmushiguang.com\/wp-content\/uploads\/2025\/10\/restaurant-chairs-wholesale-details2-768x1055.webp 768w, https:\/\/www.youmushiguang.com\/wp-content\/uploads\/2025\/10\/restaurant-chairs-wholesale-details2-600x824.webp 600w\" sizes=\"(max-width: 790px) 100vw, 790px\" \/><\/figure>\n\n\n\n<figure class=\"wp-block-image size-full\"><img decoding=\"async\" width=\"790\" height=\"1653\" src=\"https:\/\/www.youmushiguang.com\/wp-content\/uploads\/2025\/10\/restaurant-chairs-wholesale-details3.webp\" alt=\"chaises de restaurant d\u00e9tails en gros(3)\" class=\"wp-image-784\" srcset=\"https:\/\/www.youmushiguang.com\/wp-content\/uploads\/2025\/10\/restaurant-chairs-wholesale-details3.webp 790w, https:\/\/www.youmushiguang.com\/wp-content\/uploads\/2025\/10\/restaurant-chairs-wholesale-details3-143x300.webp 143w, https:\/\/www.youmushiguang.com\/wp-content\/uploads\/2025\/10\/restaurant-chairs-wholesale-details3-768x1607.webp 768w, https:\/\/www.youmushiguang.com\/wp-content\/uploads\/2025\/10\/restaurant-chairs-wholesale-details3-600x1255.webp 600w\" sizes=\"(max-width: 790px) 100vw, 790px\" \/><\/figure>\n\n\n\n<figure class=\"wp-block-image size-full\"><img decoding=\"async\" width=\"790\" height=\"1018\" src=\"https:\/\/www.youmushiguang.com\/wp-content\/uploads\/2025\/10\/restaurant-chairs-wholesale-details4.webp\" alt=\"chaises de restaurant d\u00e9tails en gros(4)\" class=\"wp-image-785\" srcset=\"https:\/\/www.youmushiguang.com\/wp-content\/uploads\/2025\/10\/restaurant-chairs-wholesale-details4.webp 790w, https:\/\/www.youmushiguang.com\/wp-content\/uploads\/2025\/10\/restaurant-chairs-wholesale-details4-233x300.webp 233w, https:\/\/www.youmushiguang.com\/wp-content\/uploads\/2025\/10\/restaurant-chairs-wholesale-details4-768x990.webp 768w, https:\/\/www.youmushiguang.com\/wp-content\/uploads\/2025\/10\/restaurant-chairs-wholesale-details4-600x773.webp 600w\" sizes=\"(max-width: 790px) 100vw, 790px\" \/><\/figure>\n\n\n\n<figure class=\"wp-block-image size-full\"><img decoding=\"async\" width=\"790\" height=\"2699\" src=\"https:\/\/www.youmushiguang.com\/wp-content\/uploads\/2025\/10\/restaurant-chairs-wholesale-details5.webp\" alt=\"chaises de restaurant d\u00e9tails en gros(5)\" class=\"wp-image-786\" srcset=\"https:\/\/www.youmushiguang.com\/wp-content\/uploads\/2025\/10\/restaurant-chairs-wholesale-details5.webp 790w, https:\/\/www.youmushiguang.com\/wp-content\/uploads\/2025\/10\/restaurant-chairs-wholesale-details5-88x300.webp 88w, https:\/\/www.youmushiguang.com\/wp-content\/uploads\/2025\/10\/restaurant-chairs-wholesale-details5-768x2624.webp 768w, https:\/\/www.youmushiguang.com\/wp-content\/uploads\/2025\/10\/restaurant-chairs-wholesale-details5-600x2050.webp 600w\" sizes=\"(max-width: 790px) 100vw, 790px\" \/><\/figure>\n\n\n\n<figure class=\"wp-block-image size-full\"><img decoding=\"async\" width=\"790\" height=\"1015\" src=\"https:\/\/www.youmushiguang.com\/wp-content\/uploads\/2025\/10\/restaurant-chairs-wholesale-details6.webp\" alt=\"chaises de restaurant d\u00e9tails en gros(6)\" class=\"wp-image-787\" srcset=\"https:\/\/www.youmushiguang.com\/wp-content\/uploads\/2025\/10\/restaurant-chairs-wholesale-details6.webp 790w, https:\/\/www.youmushiguang.com\/wp-content\/uploads\/2025\/10\/restaurant-chairs-wholesale-details6-233x300.webp 233w, https:\/\/www.youmushiguang.com\/wp-content\/uploads\/2025\/10\/restaurant-chairs-wholesale-details6-768x987.webp 768w, https:\/\/www.youmushiguang.com\/wp-content\/uploads\/2025\/10\/restaurant-chairs-wholesale-details6-600x771.webp 600w\" sizes=\"(max-width: 790px) 100vw, 790px\" \/><\/figure>\n\n\n\n<figure class=\"wp-block-image size-full\"><img decoding=\"async\" width=\"790\" height=\"483\" src=\"https:\/\/www.youmushiguang.com\/wp-content\/uploads\/2025\/10\/restaurant-chairs-wholesale-details7.webp\" alt=\"chaises de restaurant d\u00e9tails en gros(7)\" class=\"wp-image-788\" srcset=\"https:\/\/www.youmushiguang.com\/wp-content\/uploads\/2025\/10\/restaurant-chairs-wholesale-details7.webp 790w, https:\/\/www.youmushiguang.com\/wp-content\/uploads\/2025\/10\/restaurant-chairs-wholesale-details7-300x183.webp 300w, https:\/\/www.youmushiguang.com\/wp-content\/uploads\/2025\/10\/restaurant-chairs-wholesale-details7-768x470.webp 768w, https:\/\/www.youmushiguang.com\/wp-content\/uploads\/2025\/10\/restaurant-chairs-wholesale-details7-600x367.webp 600w\" sizes=\"(max-width: 790px) 100vw, 790px\" \/><\/figure>\n\n\n\n<figure class=\"wp-block-image size-full\"><img decoding=\"async\" width=\"790\" height=\"1013\" src=\"https:\/\/www.youmushiguang.com\/wp-content\/uploads\/2025\/10\/restaurant-chairs-wholesale-details8.webp\" alt=\"chaises de restaurant d\u00e9tails en gros(8)\" class=\"wp-image-789\" srcset=\"https:\/\/www.youmushiguang.com\/wp-content\/uploads\/2025\/10\/restaurant-chairs-wholesale-details8.webp 790w, https:\/\/www.youmushiguang.com\/wp-content\/uploads\/2025\/10\/restaurant-chairs-wholesale-details8-234x300.webp 234w, https:\/\/www.youmushiguang.com\/wp-content\/uploads\/2025\/10\/restaurant-chairs-wholesale-details8-768x985.webp 768w, https:\/\/www.youmushiguang.com\/wp-content\/uploads\/2025\/10\/restaurant-chairs-wholesale-details8-600x769.webp 600w\" sizes=\"(max-width: 790px) 100vw, 790px\" \/><\/figure>\n\n\n\n<figure class=\"wp-block-image size-full\"><img decoding=\"async\" width=\"790\" height=\"390\" src=\"https:\/\/www.youmushiguang.com\/wp-content\/uploads\/2025\/10\/restaurant-chairs-wholesale-details9.webp\" alt=\"chaises de restaurant d\u00e9tails en gros(9)\" class=\"wp-image-790\" srcset=\"https:\/\/www.youmushiguang.com\/wp-content\/uploads\/2025\/10\/restaurant-chairs-wholesale-details9.webp 790w, https:\/\/www.youmushiguang.com\/wp-content\/uploads\/2025\/10\/restaurant-chairs-wholesale-details9-300x148.webp 300w, https:\/\/www.youmushiguang.com\/wp-content\/uploads\/2025\/10\/restaurant-chairs-wholesale-details9-768x379.webp 768w, https:\/\/www.youmushiguang.com\/wp-content\/uploads\/2025\/10\/restaurant-chairs-wholesale-details9-600x296.webp 600w\" sizes=\"(max-width: 790px) 100vw, 790px\" \/><\/figure>\n\n\n\n<figure class=\"wp-block-image size-full\"><img decoding=\"async\" width=\"790\" height=\"1041\" src=\"https:\/\/www.youmushiguang.com\/wp-content\/uploads\/2025\/10\/restaurant-chairs-wholesale-details10.webp\" alt=\"chaises de restaurant d\u00e9tails en gros(10)\" class=\"wp-image-791\" srcset=\"https:\/\/www.youmushiguang.com\/wp-content\/uploads\/2025\/10\/restaurant-chairs-wholesale-details10.webp 790w, https:\/\/www.youmushiguang.com\/wp-content\/uploads\/2025\/10\/restaurant-chairs-wholesale-details10-228x300.webp 228w, https:\/\/www.youmushiguang.com\/wp-content\/uploads\/2025\/10\/restaurant-chairs-wholesale-details10-768x1012.webp 768w, https:\/\/www.youmushiguang.com\/wp-content\/uploads\/2025\/10\/restaurant-chairs-wholesale-details10-600x791.webp 600w\" sizes=\"(max-width: 790px) 100vw, 790px\" \/><\/figure>\n<\/div>\n\n\n\n<div class=\"wp-block-column is-layout-flow wp-block-column-is-layout-flow\" style=\"flex-basis:25%\"><\/div>\n<\/div>","protected":false},"excerpt":{"rendered":"<p>Chaises de restaurant en gros, mobilier commercial. Combinant du bois de fr\u00eane massif de qualit\u00e9 FAS, du cuir Napa, des armatures en acier inoxydable et des plateaux en marbre ou en pierre fritt\u00e9e, ces chaises de restaurant offrent un m\u00e9lange harmonieux de durabilit\u00e9, de confort et d'artisanat raffin\u00e9. Elles sont parfaitement adapt\u00e9es aux restaurants modernes, aux caf\u00e9s et aux espaces de loisirs domestiques. Contactez-nous pour un devis.<\/p>\n<h2>Sp\u00e9cifications du mobilier de restaurant\u00a0<\/h2>\n<table style=\"height: 430px;\" width=\"701\">\n<tbody>\n<tr>\n<td width=\"160\">Mod\u00e8le<\/td>\n<td width=\"590\">1204<\/td>\n<\/tr>\n<tr>\n<td width=\"160\">Cat\u00e9gorie<\/td>\n<td width=\"590\">Mobilier de restaurant<\/td>\n<\/tr>\n<tr>\n<td width=\"160\">Nom du produit<\/td>\n<td width=\"590\">Chaises de restaurant cyber-c\u00e9l\u00e9brit\u00e9s<\/td>\n<\/tr>\n<tr>\n<td width=\"160\">Options de personnalisation<\/td>\n<td width=\"590\">Style\/couleur\/taille\/mati\u00e8re<\/td>\n<\/tr>\n<tr>\n<td width=\"160\">Tableau<\/td>\n<td width=\"590\">Plateau en pierre de quartz+cadre en quincaillerie \u00e9paissie de haute qualit\u00e9<\/td>\n<\/tr>\n<tr>\n<td width=\"160\">Pr\u00e9sident<\/td>\n<td width=\"590\">Cadre en bois massif+Enveloppe en cuir Nappa doux pour la peau+Eponge de rebond \u00e0 haute densit\u00e9<\/td>\n<\/tr>\n<tr>\n<td width=\"160\">Cabine<\/td>\n<td width=\"590\">Cadre en bois massif multicouche + rev\u00eatement en cuir Nappa doux pour la peau + \u00e9ponge de rebond \u00e0 haute densit\u00e9 + cadre en acier inoxydable + panneau de s\u00e9paration en acrylique<\/td>\n<\/tr>\n<tr>\n<td width=\"160\">Sc\u00e8ne d'application<\/td>\n<td width=\"590\">Restaurant \/ Restaurant \u00e0 th\u00e8me \/ Restaurant occidental<\/td>\n<\/tr>\n<tr>\n<td width=\"160\">Couleur<\/td>\n<td width=\"590\">Bois couleur noyer\/ vert clair (personnalisable)<\/td>\n<\/tr>\n<tr>\n<td width=\"160\">Mat\u00e9riau<\/td>\n<td width=\"590\">Pierre de quartz\/mat\u00e9riel\/cuir\/\u00e9ponge<\/td>\n<\/tr>\n<tr>\n<td width=\"160\">Style<\/td>\n<td width=\"590\">\u00a0Simplicit\u00e9 moderne<\/td>\n<\/tr>\n<\/tbody>\n<\/table>\n<p><script src=\"chrome-extension:\/\/fpelahbljekknahkcaegamhcndkfpfnc\/iFrame.js\" type=\"text\/javascript\"><\/script><\/p>\n<p>\n<script src=\"chrome-extension:\/\/fpelahbljekknahkcaegamhcndkfpfnc\/iFrame.js\" type=\"text\/javascript\"><\/script><\/p>","protected":false},"featured_media":779,"comment_status":"closed","ping_status":"closed","template":"","meta":{"_acf_changed":false},"product_brand":[],"product_cat":[24,46],"product_tag":[],"class_list":{"0":"post-776","1":"product","2":"type-product","3":"status-publish","4":"has-post-thumbnail","6":"product_cat-wholesale-restaurant-furniture","7":"product_cat-modern-restaurant-furniture","9":"first","10":"instock","11":"shipping-taxable","12":"product-type-simple"},"acf":[],"_links":{"self":[{"href":"https:\/\/www.youmushiguang.com\/fr\/wp-json\/wp\/v2\/product\/776","targetHints":{"allow":["GET"]}}],"collection":[{"href":"https:\/\/www.youmushiguang.com\/fr\/wp-json\/wp\/v2\/product"}],"about":[{"href":"https:\/\/www.youmushiguang.com\/fr\/wp-json\/wp\/v2\/types\/product"}],"replies":[{"embeddable":true,"href":"https:\/\/www.youmushiguang.com\/fr\/wp-json\/wp\/v2\/comments?post=776"}],"wp:featuredmedia":[{"embeddable":true,"href":"https:\/\/www.youmushiguang.com\/fr\/wp-json\/wp\/v2\/media\/779"}],"wp:attachment":[{"href":"https:\/\/www.youmushiguang.com\/fr\/wp-json\/wp\/v2\/media?parent=776"}],"wp:term":[{"taxonomy":"product_brand","embeddable":true,"href":"https:\/\/www.youmushiguang.com\/fr\/wp-json\/wp\/v2\/product_brand?post=776"},{"taxonomy":"product_cat","embeddable":true,"href":"https:\/\/www.youmushiguang.com\/fr\/wp-json\/wp\/v2\/product_cat?post=776"},{"taxonomy":"product_tag","embeddable":true,"href":"https:\/\/www.youmushiguang.com\/fr\/wp-json\/wp\/v2\/product_tag?post=776"}],"curies":[{"name":"wp","href":"https:\/\/api.w.org\/{rel}","templated":true}]}}