{"id":799,"date":"2025-10-16T11:50:07","date_gmt":"2025-10-16T11:50:07","guid":{"rendered":"https:\/\/www.youmushiguang.com\/?post_type=product&#038;p=799"},"modified":"2026-01-23T06:19:37","modified_gmt":"2026-01-23T06:19:37","slug":"wholesale-industrial-style-restaurant-furniture","status":"publish","type":"product","link":"https:\/\/www.youmushiguang.com\/fr\/product\/wholesale-industrial-style-restaurant-furniture\/","title":{"rendered":"Wholesale Restaurant Furniture Within Modern Industrial Language - Booths, Tables and Chairs, For Creative Commercial Dining Spaces (en anglais)"},"content":{"rendered":"<div class=\"wp-block-columns is-layout-flex wp-container-core-columns-is-layout-9d6595d7 wp-block-columns-is-layout-flex\">\n<div class=\"wp-block-column is-layout-flow wp-block-column-is-layout-flow\" style=\"flex-basis:25%\"><\/div>\n\n\n\n<div class=\"wp-block-column is-layout-flow wp-block-column-is-layout-flow\" style=\"flex-basis:50%\">\n<figure class=\"wp-block-image size-full\"><img decoding=\"async\" width=\"790\" height=\"386\" src=\"https:\/\/www.youmushiguang.com\/wp-content\/uploads\/2025\/10\/wholesale-restaurant-table-chair-details1.webp\" alt=\"chaises de table de restaurant en gros d\u00e9tails(1)\" class=\"wp-image-805\" srcset=\"https:\/\/www.youmushiguang.com\/wp-content\/uploads\/2025\/10\/wholesale-restaurant-table-chair-details1.webp 790w, https:\/\/www.youmushiguang.com\/wp-content\/uploads\/2025\/10\/wholesale-restaurant-table-chair-details1-300x147.webp 300w, https:\/\/www.youmushiguang.com\/wp-content\/uploads\/2025\/10\/wholesale-restaurant-table-chair-details1-768x375.webp 768w, https:\/\/www.youmushiguang.com\/wp-content\/uploads\/2025\/10\/wholesale-restaurant-table-chair-details1-600x293.webp 600w\" sizes=\"(max-width: 790px) 100vw, 790px\" \/><\/figure>\n\n\n\n<figure class=\"wp-block-image size-full\"><img decoding=\"async\" width=\"790\" height=\"1083\" src=\"https:\/\/www.youmushiguang.com\/wp-content\/uploads\/2025\/10\/wholesale-restaurant-table-chair-details2.webp\" alt=\"chaises de table de restaurant en gros d\u00e9tails(2)\" class=\"wp-image-806\" srcset=\"https:\/\/www.youmushiguang.com\/wp-content\/uploads\/2025\/10\/wholesale-restaurant-table-chair-details2.webp 790w, https:\/\/www.youmushiguang.com\/wp-content\/uploads\/2025\/10\/wholesale-restaurant-table-chair-details2-219x300.webp 219w, https:\/\/www.youmushiguang.com\/wp-content\/uploads\/2025\/10\/wholesale-restaurant-table-chair-details2-768x1053.webp 768w, https:\/\/www.youmushiguang.com\/wp-content\/uploads\/2025\/10\/wholesale-restaurant-table-chair-details2-600x823.webp 600w\" sizes=\"(max-width: 790px) 100vw, 790px\" \/><\/figure>\n\n\n\n<figure class=\"wp-block-image size-full\"><img decoding=\"async\" width=\"790\" height=\"1640\" src=\"https:\/\/www.youmushiguang.com\/wp-content\/uploads\/2025\/10\/wholesale-restaurant-table-chair-details3.webp\" alt=\"chaises de table de restaurant en gros d\u00e9tails(3)\" class=\"wp-image-807\" srcset=\"https:\/\/www.youmushiguang.com\/wp-content\/uploads\/2025\/10\/wholesale-restaurant-table-chair-details3.webp 790w, https:\/\/www.youmushiguang.com\/wp-content\/uploads\/2025\/10\/wholesale-restaurant-table-chair-details3-145x300.webp 145w, https:\/\/www.youmushiguang.com\/wp-content\/uploads\/2025\/10\/wholesale-restaurant-table-chair-details3-768x1594.webp 768w, https:\/\/www.youmushiguang.com\/wp-content\/uploads\/2025\/10\/wholesale-restaurant-table-chair-details3-600x1246.webp 600w\" sizes=\"(max-width: 790px) 100vw, 790px\" \/><\/figure>\n\n\n\n<figure class=\"wp-block-image size-full\"><img decoding=\"async\" width=\"790\" height=\"1028\" src=\"https:\/\/www.youmushiguang.com\/wp-content\/uploads\/2025\/10\/wholesale-restaurant-table-chair-details4.webp\" alt=\"chaises de table de restaurant en gros d\u00e9tails(4)\" class=\"wp-image-808\" srcset=\"https:\/\/www.youmushiguang.com\/wp-content\/uploads\/2025\/10\/wholesale-restaurant-table-chair-details4.webp 790w, https:\/\/www.youmushiguang.com\/wp-content\/uploads\/2025\/10\/wholesale-restaurant-table-chair-details4-231x300.webp 231w, https:\/\/www.youmushiguang.com\/wp-content\/uploads\/2025\/10\/wholesale-restaurant-table-chair-details4-768x999.webp 768w, https:\/\/www.youmushiguang.com\/wp-content\/uploads\/2025\/10\/wholesale-restaurant-table-chair-details4-600x781.webp 600w\" sizes=\"(max-width: 790px) 100vw, 790px\" \/><\/figure>\n\n\n\n<figure class=\"wp-block-image size-full\"><img decoding=\"async\" width=\"790\" height=\"2697\" src=\"https:\/\/www.youmushiguang.com\/wp-content\/uploads\/2025\/10\/wholesale-restaurant-table-chair-details5.webp\" alt=\"chaises de table de restaurant en gros d\u00e9tails(5)\" class=\"wp-image-809\" srcset=\"https:\/\/www.youmushiguang.com\/wp-content\/uploads\/2025\/10\/wholesale-restaurant-table-chair-details5.webp 790w, https:\/\/www.youmushiguang.com\/wp-content\/uploads\/2025\/10\/wholesale-restaurant-table-chair-details5-88x300.webp 88w, https:\/\/www.youmushiguang.com\/wp-content\/uploads\/2025\/10\/wholesale-restaurant-table-chair-details5-768x2622.webp 768w, https:\/\/www.youmushiguang.com\/wp-content\/uploads\/2025\/10\/wholesale-restaurant-table-chair-details5-600x2048.webp 600w\" sizes=\"(max-width: 790px) 100vw, 790px\" \/><\/figure>\n\n\n\n<figure class=\"wp-block-image size-full\"><img decoding=\"async\" width=\"790\" height=\"1031\" src=\"https:\/\/www.youmushiguang.com\/wp-content\/uploads\/2025\/10\/wholesale-restaurant-table-chair-details6.webp\" alt=\"chaises de table de restaurant en gros d\u00e9tails(6)\" class=\"wp-image-810\" srcset=\"https:\/\/www.youmushiguang.com\/wp-content\/uploads\/2025\/10\/wholesale-restaurant-table-chair-details6.webp 790w, https:\/\/www.youmushiguang.com\/wp-content\/uploads\/2025\/10\/wholesale-restaurant-table-chair-details6-230x300.webp 230w, https:\/\/www.youmushiguang.com\/wp-content\/uploads\/2025\/10\/wholesale-restaurant-table-chair-details6-768x1002.webp 768w, https:\/\/www.youmushiguang.com\/wp-content\/uploads\/2025\/10\/wholesale-restaurant-table-chair-details6-600x783.webp 600w\" sizes=\"(max-width: 790px) 100vw, 790px\" \/><\/figure>\n\n\n\n<figure class=\"wp-block-image size-full\"><img decoding=\"async\" width=\"790\" height=\"461\" src=\"https:\/\/www.youmushiguang.com\/wp-content\/uploads\/2025\/10\/wholesale-restaurant-table-chair-details7.webp\" alt=\"chaises de table de restaurant en gros d\u00e9tails(7)\" class=\"wp-image-811\" srcset=\"https:\/\/www.youmushiguang.com\/wp-content\/uploads\/2025\/10\/wholesale-restaurant-table-chair-details7.webp 790w, https:\/\/www.youmushiguang.com\/wp-content\/uploads\/2025\/10\/wholesale-restaurant-table-chair-details7-300x175.webp 300w, https:\/\/www.youmushiguang.com\/wp-content\/uploads\/2025\/10\/wholesale-restaurant-table-chair-details7-768x448.webp 768w, https:\/\/www.youmushiguang.com\/wp-content\/uploads\/2025\/10\/wholesale-restaurant-table-chair-details7-600x350.webp 600w\" sizes=\"(max-width: 790px) 100vw, 790px\" \/><\/figure>\n\n\n\n<figure class=\"wp-block-image size-full\"><img decoding=\"async\" width=\"790\" height=\"1043\" src=\"https:\/\/www.youmushiguang.com\/wp-content\/uploads\/2025\/10\/wholesale-restaurant-table-chair-details8.webp\" alt=\"chaises de table de restaurant en gros d\u00e9tails(8)\" class=\"wp-image-812\" srcset=\"https:\/\/www.youmushiguang.com\/wp-content\/uploads\/2025\/10\/wholesale-restaurant-table-chair-details8.webp 790w, https:\/\/www.youmushiguang.com\/wp-content\/uploads\/2025\/10\/wholesale-restaurant-table-chair-details8-227x300.webp 227w, https:\/\/www.youmushiguang.com\/wp-content\/uploads\/2025\/10\/wholesale-restaurant-table-chair-details8-768x1014.webp 768w, https:\/\/www.youmushiguang.com\/wp-content\/uploads\/2025\/10\/wholesale-restaurant-table-chair-details8-600x792.webp 600w\" sizes=\"(max-width: 790px) 100vw, 790px\" \/><\/figure>\n\n\n\n<figure class=\"wp-block-image size-full\"><img decoding=\"async\" width=\"790\" height=\"381\" src=\"https:\/\/www.youmushiguang.com\/wp-content\/uploads\/2025\/10\/wholesale-restaurant-table-chair-details9.webp\" alt=\"chaises de table de restaurant en gros d\u00e9tails(9)\" class=\"wp-image-813\" srcset=\"https:\/\/www.youmushiguang.com\/wp-content\/uploads\/2025\/10\/wholesale-restaurant-table-chair-details9.webp 790w, https:\/\/www.youmushiguang.com\/wp-content\/uploads\/2025\/10\/wholesale-restaurant-table-chair-details9-300x145.webp 300w, https:\/\/www.youmushiguang.com\/wp-content\/uploads\/2025\/10\/wholesale-restaurant-table-chair-details9-768x370.webp 768w, https:\/\/www.youmushiguang.com\/wp-content\/uploads\/2025\/10\/wholesale-restaurant-table-chair-details9-600x289.webp 600w\" sizes=\"(max-width: 790px) 100vw, 790px\" \/><\/figure>\n\n\n\n<figure class=\"wp-block-image size-full\"><img decoding=\"async\" width=\"790\" height=\"1030\" src=\"https:\/\/www.youmushiguang.com\/wp-content\/uploads\/2025\/10\/wholesale-restaurant-table-chair-details10.webp\" alt=\"chaise de table de restaurant en gros d\u00e9tails(10)\" class=\"wp-image-814\" srcset=\"https:\/\/www.youmushiguang.com\/wp-content\/uploads\/2025\/10\/wholesale-restaurant-table-chair-details10.webp 790w, https:\/\/www.youmushiguang.com\/wp-content\/uploads\/2025\/10\/wholesale-restaurant-table-chair-details10-230x300.webp 230w, https:\/\/www.youmushiguang.com\/wp-content\/uploads\/2025\/10\/wholesale-restaurant-table-chair-details10-768x1001.webp 768w, https:\/\/www.youmushiguang.com\/wp-content\/uploads\/2025\/10\/wholesale-restaurant-table-chair-details10-600x782.webp 600w\" sizes=\"(max-width: 790px) 100vw, 790px\" \/><\/figure>\n<\/div>\n\n\n\n<div class=\"wp-block-column is-layout-flow wp-block-column-is-layout-flow\" style=\"flex-basis:25%\"><\/div>\n<\/div>","protected":false},"excerpt":{"rendered":"<p>Cette collection comprend des cabines, des tables et des chaises durables et polyvalentes, parfaites pour les grandes salles \u00e0 manger ou les petits restaurants cr\u00e9atifs. Nous proposons des prix de gros et des ventes directes \u00e0 l'usine. N'h\u00e9sitez pas \u00e0 nous contacter.<\/p>\n<h2>Sp\u00e9cifications du mobilier de restaurant<\/h2>\n<table style=\"border-collapse: collapse; width: 700px; height: 408px;\" border=\"0\" width=\"751\" cellspacing=\"0\" cellpadding=\"0\">\n<tbody>\n<tr style=\"height: 14.40pt;\">\n<td class=\"et2\" style=\"height: 14.40pt; width: 96.55pt;\" width=\"160\" height=\"24\">Mod\u00e8le<\/td>\n<td class=\"et3\" style=\"width: 354.40pt;\" width=\"590\">1208<\/td>\n<\/tr>\n<tr style=\"height: 14.40pt;\">\n<td class=\"et2\" style=\"height: 14.40pt; width: 96.55pt;\" width=\"160\" height=\"24\">Cat\u00e9gorie<\/td>\n<td class=\"et3\" style=\"width: 354.40pt;\" width=\"590\">Mobilier de restaurant<\/td>\n<\/tr>\n<tr style=\"height: 14.40pt;\">\n<td class=\"et2\" style=\"height: 14.40pt; width: 96.55pt;\" width=\"160\" height=\"24\">Nom du produit<\/td>\n<td class=\"et3\" style=\"width: 354.40pt;\" width=\"590\">Chaise de table industrielle pour restaurant<\/td>\n<\/tr>\n<tr style=\"height: 28.80pt;\">\n<td class=\"et2\" style=\"height: 28.80pt; width: 96.55pt;\" width=\"160\" height=\"48\">Options de personnalisation<\/td>\n<td class=\"et3\" style=\"width: 354.40pt;\" width=\"590\">Style\/couleur\/taille\/mati\u00e8re<\/td>\n<\/tr>\n<tr style=\"height: 28.80pt;\">\n<td class=\"et2\" style=\"height: 28.80pt; width: 96.55pt;\" width=\"160\" height=\"48\">Tableau<\/td>\n<td class=\"et3\" style=\"width: 354.40pt;\" width=\"590\">Contreplaqu\u00e9 de bois massif multicouche avec plateau de table en placage + pieds en quincaillerie de haute qualit\u00e9<\/td>\n<\/tr>\n<tr style=\"height: 28.80pt;\">\n<td class=\"et2\" style=\"height: 28.80pt; width: 96.55pt;\" width=\"160\" height=\"48\">Pr\u00e9sident<\/td>\n<td class=\"et4\" style=\"width: 354.40pt;\" width=\"590\">Cadre en fer+Enveloppe en cuir Nappa doux pour la peau+Eponge de rebond \u00e0 haute densit\u00e9+Dossier stable en bois massif<\/td>\n<\/tr>\n<tr style=\"height: 28.80pt;\">\n<td class=\"et2\" style=\"height: 28.80pt; width: 96.55pt;\" width=\"160\" height=\"48\">Canap\u00e9<\/td>\n<td class=\"et3\" style=\"width: 354.40pt;\" width=\"590\">Cadre en bois massif multicouche+pieds en fer forg\u00e9 de haute qualit\u00e9+enveloppe en cuir Nappa agr\u00e9able \u00e0 la peau+\u00e9ponge de rebond de haute densit\u00e9\"<\/td>\n<\/tr>\n<tr style=\"height: 28.80pt;\">\n<td class=\"et2\" style=\"height: 28.80pt; width: 96.55pt;\" width=\"160\" height=\"48\">Sc\u00e8ne d'application<\/td>\n<td class=\"et3\" style=\"width: 354.40pt;\" width=\"590\">Restauration saine\/restaurant \u00e0 th\u00e8me\/restaurant occidental<\/td>\n<\/tr>\n<tr style=\"height: 14.40pt;\">\n<td class=\"et2\" style=\"height: 14.40pt; width: 96.55pt;\" width=\"160\" height=\"24\">Couleur<\/td>\n<td class=\"et3\" style=\"width: 354.40pt;\" width=\"590\">Bois couleur noyer clair\/ orange (personnalisable)<\/td>\n<\/tr>\n<tr style=\"height: 14.40pt;\">\n<td class=\"et2\" style=\"height: 14.40pt; width: 96.55pt;\" width=\"160\" height=\"24\">Mat\u00e9riau<\/td>\n<td class=\"et3\" style=\"width: 354.40pt;\" width=\"590\">Contreplaqu\u00e9\/cuir\/\u00e9ponge\/m\u00e9tal<\/td>\n<\/tr>\n<tr style=\"height: 14.40pt;\">\n<td class=\"et2\" style=\"height: 14.40pt; width: 96.55pt;\" width=\"160\" height=\"24\">Style<\/td>\n<td class=\"et3\" style=\"width: 354.40pt;\" width=\"590\">Style industriel<\/td>\n<\/tr>\n<\/tbody>\n<\/table>\n<p><script src=\"chrome-extension:\/\/fpelahbljekknahkcaegamhcndkfpfnc\/iFrame.js\" type=\"text\/javascript\"><\/script><\/p>\n<p>\n<script src=\"chrome-extension:\/\/fpelahbljekknahkcaegamhcndkfpfnc\/iFrame.js\" type=\"text\/javascript\"><\/script><\/p>","protected":false},"featured_media":803,"comment_status":"closed","ping_status":"closed","template":"","meta":{"_acf_changed":true},"product_brand":[],"product_cat":[24,46],"product_tag":[],"class_list":{"0":"post-799","1":"product","2":"type-product","3":"status-publish","4":"has-post-thumbnail","6":"product_cat-wholesale-restaurant-furniture","7":"product_cat-modern-restaurant-furniture","9":"first","10":"instock","11":"shipping-taxable","12":"product-type-simple"},"acf":[],"_links":{"self":[{"href":"https:\/\/www.youmushiguang.com\/fr\/wp-json\/wp\/v2\/product\/799","targetHints":{"allow":["GET"]}}],"collection":[{"href":"https:\/\/www.youmushiguang.com\/fr\/wp-json\/wp\/v2\/product"}],"about":[{"href":"https:\/\/www.youmushiguang.com\/fr\/wp-json\/wp\/v2\/types\/product"}],"replies":[{"embeddable":true,"href":"https:\/\/www.youmushiguang.com\/fr\/wp-json\/wp\/v2\/comments?post=799"}],"wp:featuredmedia":[{"embeddable":true,"href":"https:\/\/www.youmushiguang.com\/fr\/wp-json\/wp\/v2\/media\/803"}],"wp:attachment":[{"href":"https:\/\/www.youmushiguang.com\/fr\/wp-json\/wp\/v2\/media?parent=799"}],"wp:term":[{"taxonomy":"product_brand","embeddable":true,"href":"https:\/\/www.youmushiguang.com\/fr\/wp-json\/wp\/v2\/product_brand?post=799"},{"taxonomy":"product_cat","embeddable":true,"href":"https:\/\/www.youmushiguang.com\/fr\/wp-json\/wp\/v2\/product_cat?post=799"},{"taxonomy":"product_tag","embeddable":true,"href":"https:\/\/www.youmushiguang.com\/fr\/wp-json\/wp\/v2\/product_tag?post=799"}],"curies":[{"name":"wp","href":"https:\/\/api.w.org\/{rel}","templated":true}]}}