{"id":893,"date":"2025-10-16T11:57:34","date_gmt":"2025-10-16T11:57:34","guid":{"rendered":"https:\/\/www.youmushiguang.com\/?post_type=product&#038;p=893"},"modified":"2025-10-17T05:52:22","modified_gmt":"2025-10-17T05:52:22","slug":"commercial-outdoor-furniture-supply","status":"publish","type":"product","link":"https:\/\/www.youmushiguang.com\/fr\/product\/commercial-outdoor-furniture-supply\/","title":{"rendered":"Mobilier d'ext\u00e9rieur commercial en gros - Pour les espaces de restauration commerciaux ext\u00e9rieurs et les jardins"},"content":{"rendered":"<div class=\"wp-block-columns is-layout-flex wp-container-core-columns-is-layout-9d6595d7 wp-block-columns-is-layout-flex\">\n<div class=\"wp-block-column is-layout-flow wp-block-column-is-layout-flow\" style=\"flex-basis:25%\"><\/div>\n\n\n\n<div class=\"wp-block-column is-layout-flow wp-block-column-is-layout-flow\" style=\"flex-basis:50%\">\n<figure class=\"wp-block-image size-full\"><img decoding=\"async\" width=\"750\" height=\"1993\" src=\"https:\/\/www.youmushiguang.com\/wp-content\/uploads\/2025\/10\/commercial-outdoor-furniture-wholesale-details-1.webp\" alt=\"mobilier commercial d&#039;ext\u00e9rieur grossiste d\u00e9tails (1)\" class=\"wp-image-906\" srcset=\"https:\/\/www.youmushiguang.com\/wp-content\/uploads\/2025\/10\/commercial-outdoor-furniture-wholesale-details-1.webp 750w, https:\/\/www.youmushiguang.com\/wp-content\/uploads\/2025\/10\/commercial-outdoor-furniture-wholesale-details-1-113x300.webp 113w, https:\/\/www.youmushiguang.com\/wp-content\/uploads\/2025\/10\/commercial-outdoor-furniture-wholesale-details-1-600x1594.webp 600w\" sizes=\"(max-width: 750px) 100vw, 750px\" \/><\/figure>\n\n\n\n<figure class=\"wp-block-image size-full\"><img decoding=\"async\" width=\"750\" height=\"2352\" src=\"https:\/\/www.youmushiguang.com\/wp-content\/uploads\/2025\/10\/commercial-outdoor-furniture-wholesale-details-2.webp\" alt=\"meubles d&#039;ext\u00e9rieur commerciaux grossistes d\u00e9tails (2)\" class=\"wp-image-907\" srcset=\"https:\/\/www.youmushiguang.com\/wp-content\/uploads\/2025\/10\/commercial-outdoor-furniture-wholesale-details-2.webp 750w, https:\/\/www.youmushiguang.com\/wp-content\/uploads\/2025\/10\/commercial-outdoor-furniture-wholesale-details-2-96x300.webp 96w, https:\/\/www.youmushiguang.com\/wp-content\/uploads\/2025\/10\/commercial-outdoor-furniture-wholesale-details-2-600x1882.webp 600w\" sizes=\"(max-width: 750px) 100vw, 750px\" \/><\/figure>\n\n\n\n<figure class=\"wp-block-image size-full\"><img decoding=\"async\" width=\"750\" height=\"2615\" src=\"https:\/\/www.youmushiguang.com\/wp-content\/uploads\/2025\/10\/commercial-outdoor-furniture-wholesale-details-3.webp\" alt=\"\" class=\"wp-image-908\" srcset=\"https:\/\/www.youmushiguang.com\/wp-content\/uploads\/2025\/10\/commercial-outdoor-furniture-wholesale-details-3.webp 750w, https:\/\/www.youmushiguang.com\/wp-content\/uploads\/2025\/10\/commercial-outdoor-furniture-wholesale-details-3-86x300.webp 86w, https:\/\/www.youmushiguang.com\/wp-content\/uploads\/2025\/10\/commercial-outdoor-furniture-wholesale-details-3-600x2092.webp 600w\" sizes=\"(max-width: 750px) 100vw, 750px\" \/><\/figure>\n\n\n\n<figure class=\"wp-block-image size-full\"><img decoding=\"async\" width=\"750\" height=\"2190\" src=\"https:\/\/www.youmushiguang.com\/wp-content\/uploads\/2025\/10\/commercial-outdoor-furniture-wholesale-details-4.webp\" alt=\"meubles d&#039;ext\u00e9rieur commerciaux grossistes d\u00e9tails (4)\" class=\"wp-image-909\" srcset=\"https:\/\/www.youmushiguang.com\/wp-content\/uploads\/2025\/10\/commercial-outdoor-furniture-wholesale-details-4.webp 750w, https:\/\/www.youmushiguang.com\/wp-content\/uploads\/2025\/10\/commercial-outdoor-furniture-wholesale-details-4-103x300.webp 103w, https:\/\/www.youmushiguang.com\/wp-content\/uploads\/2025\/10\/commercial-outdoor-furniture-wholesale-details-4-600x1752.webp 600w\" sizes=\"(max-width: 750px) 100vw, 750px\" \/><\/figure>\n<\/div>\n\n\n\n<div class=\"wp-block-column is-layout-flow wp-block-column-is-layout-flow\" style=\"flex-basis:25%\"><\/div>\n<\/div>","protected":false},"excerpt":{"rendered":"<p>Vente en gros de mobilier et de chaises d'ext\u00e9rieur. Nos meubles et chaises d'ext\u00e9rieur r\u00e9sistants aux intemp\u00e9ries sont id\u00e9aux pour les patios, les caf\u00e9s, les jardins et les restaurants, offrant une exp\u00e9rience ext\u00e9rieure confortable. Contactez-nous pour un devis.<\/p>\n<h2>Sp\u00e9cifications de la chaise pour meubles d'ext\u00e9rieur<\/h2>\n<table style=\"border-collapse: collapse; width: 702px; height: 214px;\" border=\"0\" width=\"751\" cellspacing=\"0\" cellpadding=\"0\">\n<tbody>\n<tr style=\"height: 14.40pt;\">\n<td class=\"et2\" style=\"height: 14.40pt; width: 96.55pt;\" width=\"160\" height=\"24\">Mod\u00e8le<\/td>\n<td class=\"et3\" style=\"width: 354.40pt;\" width=\"590\">3000<\/td>\n<\/tr>\n<tr style=\"height: 14.40pt;\">\n<td class=\"et2\" style=\"height: 14.40pt; width: 96.55pt;\" width=\"160\" height=\"24\">Cat\u00e9gorie<\/td>\n<td class=\"et3\" style=\"width: 354.40pt;\" width=\"590\">Mobilier d'ext\u00e9rieur<\/td>\n<\/tr>\n<tr style=\"height: 14.40pt;\">\n<td class=\"et2\" style=\"height: 14.40pt; width: 96.55pt;\" width=\"160\" height=\"24\">Nom du produit<\/td>\n<td class=\"et3\" style=\"width: 354.40pt;\" width=\"590\">Chaise pour meubles d'ext\u00e9rieur<\/td>\n<\/tr>\n<tr style=\"height: 28.80pt;\">\n<td class=\"et2\" style=\"height: 28.80pt; width: 96.55pt;\" width=\"160\" height=\"48\">Options de personnalisation<\/td>\n<td class=\"et3\" style=\"width: 354.40pt;\" width=\"590\">Style\/couleur\/taille\/mati\u00e8re<\/td>\n<\/tr>\n<tr style=\"height: 28.80pt;\">\n<td class=\"et2\" style=\"height: 28.80pt; width: 96.55pt;\" width=\"160\" height=\"48\">Sc\u00e8ne d'application<\/td>\n<td class=\"et3\" style=\"width: 354.40pt;\" width=\"590\">Ext\u00e9rieur\/jardin\/cour<\/td>\n<\/tr>\n<tr style=\"height: 14.40pt;\">\n<td class=\"et2\" style=\"height: 14.40pt; width: 96.55pt;\" width=\"160\" height=\"24\">Couleur<\/td>\n<td class=\"et3\" style=\"width: 354.40pt;\" width=\"590\">personnalisable<\/td>\n<\/tr>\n<tr style=\"height: 14.40pt;\">\n<td class=\"et2\" style=\"height: 14.40pt; width: 96.55pt;\" width=\"160\" height=\"24\">Mat\u00e9riau<\/td>\n<td class=\"et3\" style=\"width: 354.40pt;\" width=\"590\">bois\/ rotin tress\u00e9\/ mat\u00e9riaux de quincaillerie<\/td>\n<\/tr>\n<\/tbody>\n<\/table>\n<p><script src=\"chrome-extension:\/\/fpelahbljekknahkcaegamhcndkfpfnc\/iFrame.js\" type=\"text\/javascript\"><\/script><\/p>\n<p>\n<script src=\"chrome-extension:\/\/fpelahbljekknahkcaegamhcndkfpfnc\/iFrame.js\" type=\"text\/javascript\"><\/script><\/p>","protected":false},"featured_media":895,"comment_status":"closed","ping_status":"closed","template":"","meta":{"_acf_changed":true},"product_brand":[],"product_cat":[19],"product_tag":[],"class_list":{"0":"post-893","1":"product","2":"type-product","3":"status-publish","4":"has-post-thumbnail","6":"product_cat-wholesale-outdoor-furniture","8":"first","9":"instock","10":"shipping-taxable","11":"product-type-simple"},"acf":[],"_links":{"self":[{"href":"https:\/\/www.youmushiguang.com\/fr\/wp-json\/wp\/v2\/product\/893","targetHints":{"allow":["GET"]}}],"collection":[{"href":"https:\/\/www.youmushiguang.com\/fr\/wp-json\/wp\/v2\/product"}],"about":[{"href":"https:\/\/www.youmushiguang.com\/fr\/wp-json\/wp\/v2\/types\/product"}],"replies":[{"embeddable":true,"href":"https:\/\/www.youmushiguang.com\/fr\/wp-json\/wp\/v2\/comments?post=893"}],"wp:featuredmedia":[{"embeddable":true,"href":"https:\/\/www.youmushiguang.com\/fr\/wp-json\/wp\/v2\/media\/895"}],"wp:attachment":[{"href":"https:\/\/www.youmushiguang.com\/fr\/wp-json\/wp\/v2\/media?parent=893"}],"wp:term":[{"taxonomy":"product_brand","embeddable":true,"href":"https:\/\/www.youmushiguang.com\/fr\/wp-json\/wp\/v2\/product_brand?post=893"},{"taxonomy":"product_cat","embeddable":true,"href":"https:\/\/www.youmushiguang.com\/fr\/wp-json\/wp\/v2\/product_cat?post=893"},{"taxonomy":"product_tag","embeddable":true,"href":"https:\/\/www.youmushiguang.com\/fr\/wp-json\/wp\/v2\/product_tag?post=893"}],"curies":[{"name":"wp","href":"https:\/\/api.w.org\/{rel}","templated":true}]}}