{"id":912,"date":"2025-10-16T12:12:03","date_gmt":"2025-10-16T12:12:03","guid":{"rendered":"https:\/\/www.youmushiguang.com\/?post_type=product&#038;p=912"},"modified":"2025-10-17T05:49:33","modified_gmt":"2025-10-17T05:49:33","slug":"wholesale-library-furniture-chairs-and-tables","status":"publish","type":"product","link":"https:\/\/www.youmushiguang.com\/fr\/product\/wholesale-library-furniture-chairs-and-tables\/","title":{"rendered":"Chaises et tables de biblioth\u00e8que en gros, support OEM et ODM"},"content":{"rendered":"<div class=\"wp-block-columns is-layout-flex wp-container-core-columns-is-layout-9d6595d7 wp-block-columns-is-layout-flex\">\n<div class=\"wp-block-column is-layout-flow wp-block-column-is-layout-flow\" style=\"flex-basis:25%\"><\/div>\n\n\n\n<div class=\"wp-block-column is-layout-flow wp-block-column-is-layout-flow\" style=\"flex-basis:50%\">\n<figure class=\"wp-block-image size-full\"><img decoding=\"async\" width=\"750\" height=\"2238\" src=\"https:\/\/www.youmushiguang.com\/wp-content\/uploads\/2025\/10\/wholesale-library-furniture-details-1.webp\" alt=\"meubles de biblioth\u00e8que en gros d\u00e9tails (1)\" class=\"wp-image-919\" srcset=\"https:\/\/www.youmushiguang.com\/wp-content\/uploads\/2025\/10\/wholesale-library-furniture-details-1.webp 750w, https:\/\/www.youmushiguang.com\/wp-content\/uploads\/2025\/10\/wholesale-library-furniture-details-1-101x300.webp 101w, https:\/\/www.youmushiguang.com\/wp-content\/uploads\/2025\/10\/wholesale-library-furniture-details-1-600x1790.webp 600w\" sizes=\"(max-width: 750px) 100vw, 750px\" \/><\/figure>\n\n\n\n<figure class=\"wp-block-image size-full\"><img decoding=\"async\" width=\"750\" height=\"2184\" src=\"https:\/\/www.youmushiguang.com\/wp-content\/uploads\/2025\/10\/wholesale-library-furniture-details-2.webp\" alt=\"meubles de biblioth\u00e8que en gros d\u00e9tails (2)\" class=\"wp-image-920\" srcset=\"https:\/\/www.youmushiguang.com\/wp-content\/uploads\/2025\/10\/wholesale-library-furniture-details-2.webp 750w, https:\/\/www.youmushiguang.com\/wp-content\/uploads\/2025\/10\/wholesale-library-furniture-details-2-103x300.webp 103w, https:\/\/www.youmushiguang.com\/wp-content\/uploads\/2025\/10\/wholesale-library-furniture-details-2-600x1747.webp 600w\" sizes=\"(max-width: 750px) 100vw, 750px\" \/><\/figure>\n\n\n\n<figure class=\"wp-block-image size-full\"><img decoding=\"async\" width=\"750\" height=\"2510\" src=\"https:\/\/www.youmushiguang.com\/wp-content\/uploads\/2025\/10\/wholesale-library-furniture-details-3.webp\" alt=\"meubles de biblioth\u00e8que en gros d\u00e9tails (3)\" class=\"wp-image-921\" srcset=\"https:\/\/www.youmushiguang.com\/wp-content\/uploads\/2025\/10\/wholesale-library-furniture-details-3.webp 750w, https:\/\/www.youmushiguang.com\/wp-content\/uploads\/2025\/10\/wholesale-library-furniture-details-3-90x300.webp 90w, https:\/\/www.youmushiguang.com\/wp-content\/uploads\/2025\/10\/wholesale-library-furniture-details-3-600x2008.webp 600w\" sizes=\"(max-width: 750px) 100vw, 750px\" \/><\/figure>\n\n\n\n<figure class=\"wp-block-image size-full\"><img decoding=\"async\" width=\"750\" height=\"1426\" src=\"https:\/\/www.youmushiguang.com\/wp-content\/uploads\/2025\/10\/wholesale-library-furniture-details-4.webp\" alt=\"meubles de biblioth\u00e8que en gros d\u00e9tails (4)\" class=\"wp-image-922\" srcset=\"https:\/\/www.youmushiguang.com\/wp-content\/uploads\/2025\/10\/wholesale-library-furniture-details-4.webp 750w, https:\/\/www.youmushiguang.com\/wp-content\/uploads\/2025\/10\/wholesale-library-furniture-details-4-158x300.webp 158w, https:\/\/www.youmushiguang.com\/wp-content\/uploads\/2025\/10\/wholesale-library-furniture-details-4-600x1141.webp 600w\" sizes=\"(max-width: 750px) 100vw, 750px\" \/><\/figure>\n\n\n\n<figure class=\"wp-block-image size-full\"><img decoding=\"async\" width=\"750\" height=\"1432\" src=\"https:\/\/www.youmushiguang.com\/wp-content\/uploads\/2025\/10\/wholesale-library-furniture-details-5.webp\" alt=\"meubles de biblioth\u00e8que en gros d\u00e9tails (5)\" class=\"wp-image-923\" srcset=\"https:\/\/www.youmushiguang.com\/wp-content\/uploads\/2025\/10\/wholesale-library-furniture-details-5.webp 750w, https:\/\/www.youmushiguang.com\/wp-content\/uploads\/2025\/10\/wholesale-library-furniture-details-5-157x300.webp 157w, https:\/\/www.youmushiguang.com\/wp-content\/uploads\/2025\/10\/wholesale-library-furniture-details-5-600x1146.webp 600w\" sizes=\"(max-width: 750px) 100vw, 750px\" \/><\/figure>\n<\/div>\n\n\n\n<div class=\"wp-block-column is-layout-flow wp-block-column-is-layout-flow\" style=\"flex-basis:25%\"><\/div>\n<\/div>","protected":false},"excerpt":{"rendered":"<p>Ensemble de meubles de biblioth\u00e8que en gros. Alliant minimalisme moderne et esth\u00e9tique d'inspiration italienne, notre collection de meubles pour biblioth\u00e8ques transforme ces derni\u00e8res en environnements raffin\u00e9s et confortables. Fabriqu\u00e9e en bois massif \u00e9cologique et en cuir de haute qualit\u00e9, chaque pi\u00e8ce offre des options personnalisables en termes de couleur, de taille et de mat\u00e9riau, garantissant \u00e0 la fois une harmonie visuelle et un confort durable.<\/p>\n<h2>Sp\u00e9cifications de l'ensemble de meubles de biblioth\u00e8que<\/h2>\n<table style=\"border-collapse: collapse; width: 700px; height: 214px;\" border=\"0\" width=\"751\" cellspacing=\"0\" cellpadding=\"0\">\n<tbody>\n<tr style=\"height: 14.40pt;\">\n<td class=\"et2\" style=\"height: 14.40pt; width: 96.55pt;\" width=\"160\" height=\"24\">Mod\u00e8le<\/td>\n<td class=\"et3\" style=\"width: 354.40pt;\" width=\"590\">80<\/td>\n<\/tr>\n<tr style=\"height: 14.40pt;\">\n<td class=\"et2\" style=\"height: 14.40pt; width: 96.55pt;\" width=\"160\" height=\"24\">Cat\u00e9gorie<\/td>\n<td class=\"et3\" style=\"width: 354.40pt;\" width=\"590\">Mobilier de biblioth\u00e8que<\/td>\n<\/tr>\n<tr style=\"height: 14.40pt;\">\n<td class=\"et2\" style=\"height: 14.40pt; width: 96.55pt;\" width=\"160\" height=\"24\">Nom du produit<\/td>\n<td class=\"et3\" style=\"width: 354.40pt;\" width=\"590\">Ensemble de meubles de biblioth\u00e8que<\/td>\n<\/tr>\n<tr style=\"height: 28.80pt;\">\n<td class=\"et2\" style=\"height: 28.80pt; width: 96.55pt;\" width=\"160\" height=\"48\">Options de personnalisation<\/td>\n<td class=\"et3\" style=\"width: 354.40pt;\" width=\"590\">Style\/couleur\/taille\/mati\u00e8re<\/td>\n<\/tr>\n<tr style=\"height: 28.80pt;\">\n<td class=\"et2\" style=\"height: 28.80pt; width: 96.55pt;\" width=\"160\" height=\"48\">Sc\u00e8ne d'application<\/td>\n<td class=\"et3\" style=\"width: 354.40pt;\" width=\"590\">Biblioth\u00e8que\/loisirs<\/td>\n<\/tr>\n<tr style=\"height: 14.40pt;\">\n<td class=\"et2\" style=\"height: 14.40pt; width: 96.55pt;\" width=\"160\" height=\"24\">Couleur<\/td>\n<td class=\"et3\" style=\"width: 354.40pt;\" width=\"590\">tonalit\u00e9 bois (personnalisable)<\/td>\n<\/tr>\n<tr style=\"height: 14.40pt;\">\n<td class=\"et2\" style=\"height: 14.40pt; width: 96.55pt;\" width=\"160\" height=\"24\">Mat\u00e9riau<\/td>\n<td class=\"et3\" style=\"width: 354.40pt;\" width=\"590\">Accessoires pour le bois\/la quincaillerie<\/td>\n<\/tr>\n<\/tbody>\n<\/table>\n<p><script src=\"chrome-extension:\/\/fpelahbljekknahkcaegamhcndkfpfnc\/iFrame.js\" type=\"text\/javascript\"><\/script><\/p>\n<p>\n<script src=\"chrome-extension:\/\/fpelahbljekknahkcaegamhcndkfpfnc\/iFrame.js\" type=\"text\/javascript\"><\/script><\/p>","protected":false},"featured_media":915,"comment_status":"closed","ping_status":"closed","template":"","meta":{"_acf_changed":true},"product_brand":[],"product_cat":[18],"product_tag":[],"class_list":{"0":"post-912","1":"product","2":"type-product","3":"status-publish","4":"has-post-thumbnail","6":"product_cat-wholesale-library-furniture","8":"first","9":"instock","10":"shipping-taxable","11":"product-type-simple"},"acf":[],"_links":{"self":[{"href":"https:\/\/www.youmushiguang.com\/fr\/wp-json\/wp\/v2\/product\/912","targetHints":{"allow":["GET"]}}],"collection":[{"href":"https:\/\/www.youmushiguang.com\/fr\/wp-json\/wp\/v2\/product"}],"about":[{"href":"https:\/\/www.youmushiguang.com\/fr\/wp-json\/wp\/v2\/types\/product"}],"replies":[{"embeddable":true,"href":"https:\/\/www.youmushiguang.com\/fr\/wp-json\/wp\/v2\/comments?post=912"}],"wp:featuredmedia":[{"embeddable":true,"href":"https:\/\/www.youmushiguang.com\/fr\/wp-json\/wp\/v2\/media\/915"}],"wp:attachment":[{"href":"https:\/\/www.youmushiguang.com\/fr\/wp-json\/wp\/v2\/media?parent=912"}],"wp:term":[{"taxonomy":"product_brand","embeddable":true,"href":"https:\/\/www.youmushiguang.com\/fr\/wp-json\/wp\/v2\/product_brand?post=912"},{"taxonomy":"product_cat","embeddable":true,"href":"https:\/\/www.youmushiguang.com\/fr\/wp-json\/wp\/v2\/product_cat?post=912"},{"taxonomy":"product_tag","embeddable":true,"href":"https:\/\/www.youmushiguang.com\/fr\/wp-json\/wp\/v2\/product_tag?post=912"}],"curies":[{"name":"wp","href":"https:\/\/api.w.org\/{rel}","templated":true}]}}