{"id":2393,"date":"2025-12-04T00:45:45","date_gmt":"2025-12-04T00:45:45","guid":{"rendered":"https:\/\/www.youmushiguang.com\/?post_type=product&#038;p=2393"},"modified":"2026-03-26T03:48:13","modified_gmt":"2026-03-26T03:48:13","slug":"wholesale-furniture-for-neighborhood-cafe-milk-tea-shops","status":"publish","type":"product","link":"https:\/\/www.youmushiguang.com\/ja\/product\/wholesale-furniture-for-neighborhood-cafe-milk-tea-shops\/","title":{"rendered":"\u5378\u58f2\u30ec\u30c8\u30ed\u306a\u30ab\u30d5\u30a7\u5bb6\u5177\u30bb\u30c3\u30c8476 - \u8fd1\u96a3\u306e\u30b3\u30fc\u30d2\u30fc\u30b7\u30e7\u30c3\u30d7\u3001\u30df\u30eb\u30af\u30c6\u30a3\u30fc\u30b7\u30e7\u30c3\u30d7\u306b\u6700\u9069"},"content":{"rendered":"<div class=\"wp-block-columns is-layout-flex wp-container-core-columns-is-layout-9d6595d7 wp-block-columns-is-layout-flex\">\n<div class=\"wp-block-column is-layout-flow wp-block-column-is-layout-flow\" style=\"flex-basis:25%\"><\/div>\n\n\n\n<div class=\"wp-block-column is-layout-flow wp-block-column-is-layout-flow\" style=\"flex-basis:50%\">\n<figure class=\"wp-block-image size-full\"><img decoding=\"async\" width=\"750\" height=\"2340\" src=\"https:\/\/www.youmushiguang.com\/wp-content\/uploads\/2025\/12\/details-of-restaurant-furniture-2.png\" alt=\"\" class=\"wp-image-2398\" srcset=\"https:\/\/www.youmushiguang.com\/wp-content\/uploads\/2025\/12\/details-of-restaurant-furniture-2.png 750w, https:\/\/www.youmushiguang.com\/wp-content\/uploads\/2025\/12\/details-of-restaurant-furniture-2-96x300.png 96w, https:\/\/www.youmushiguang.com\/wp-content\/uploads\/2025\/12\/details-of-restaurant-furniture-2-4x12.png 4w, https:\/\/www.youmushiguang.com\/wp-content\/uploads\/2025\/12\/details-of-restaurant-furniture-2-600x1872.png 600w\" sizes=\"(max-width: 750px) 100vw, 750px\" \/><\/figure>\n\n\n\n<figure class=\"wp-block-image size-full\"><img decoding=\"async\" width=\"750\" height=\"1200\" src=\"https:\/\/www.youmushiguang.com\/wp-content\/uploads\/2025\/12\/details-of-restaurant-furniture-3.png\" alt=\"\" class=\"wp-image-2399\" srcset=\"https:\/\/www.youmushiguang.com\/wp-content\/uploads\/2025\/12\/details-of-restaurant-furniture-3.png 750w, https:\/\/www.youmushiguang.com\/wp-content\/uploads\/2025\/12\/details-of-restaurant-furniture-3-188x300.png 188w, https:\/\/www.youmushiguang.com\/wp-content\/uploads\/2025\/12\/details-of-restaurant-furniture-3-8x12.png 8w, https:\/\/www.youmushiguang.com\/wp-content\/uploads\/2025\/12\/details-of-restaurant-furniture-3-600x960.png 600w\" sizes=\"(max-width: 750px) 100vw, 750px\" \/><\/figure>\n\n\n\n<figure class=\"wp-block-image size-full\"><img decoding=\"async\" width=\"750\" height=\"2211\" src=\"https:\/\/www.youmushiguang.com\/wp-content\/uploads\/2025\/12\/details-of-restaurant-furniture-4.png\" alt=\"\" class=\"wp-image-2402\" srcset=\"https:\/\/www.youmushiguang.com\/wp-content\/uploads\/2025\/12\/details-of-restaurant-furniture-4.png 750w, https:\/\/www.youmushiguang.com\/wp-content\/uploads\/2025\/12\/details-of-restaurant-furniture-4-102x300.png 102w, https:\/\/www.youmushiguang.com\/wp-content\/uploads\/2025\/12\/details-of-restaurant-furniture-4-4x12.png 4w, https:\/\/www.youmushiguang.com\/wp-content\/uploads\/2025\/12\/details-of-restaurant-furniture-4-600x1769.png 600w\" sizes=\"(max-width: 750px) 100vw, 750px\" \/><\/figure>\n\n\n\n<figure class=\"wp-block-image size-full\"><img decoding=\"async\" width=\"750\" height=\"2211\" src=\"https:\/\/www.youmushiguang.com\/wp-content\/uploads\/2025\/12\/details-of-restaurant-furniture-4.png\" alt=\"\" class=\"wp-image-2402\" srcset=\"https:\/\/www.youmushiguang.com\/wp-content\/uploads\/2025\/12\/details-of-restaurant-furniture-4.png 750w, https:\/\/www.youmushiguang.com\/wp-content\/uploads\/2025\/12\/details-of-restaurant-furniture-4-102x300.png 102w, https:\/\/www.youmushiguang.com\/wp-content\/uploads\/2025\/12\/details-of-restaurant-furniture-4-4x12.png 4w, https:\/\/www.youmushiguang.com\/wp-content\/uploads\/2025\/12\/details-of-restaurant-furniture-4-600x1769.png 600w\" sizes=\"(max-width: 750px) 100vw, 750px\" \/><\/figure>\n\n\n\n<figure class=\"wp-block-image size-full\"><img decoding=\"async\" width=\"750\" height=\"1474\" src=\"https:\/\/www.youmushiguang.com\/wp-content\/uploads\/2025\/12\/details-of-restaurant-furniture-6.png\" alt=\"\" class=\"wp-image-2404\" srcset=\"https:\/\/www.youmushiguang.com\/wp-content\/uploads\/2025\/12\/details-of-restaurant-furniture-6.png 750w, https:\/\/www.youmushiguang.com\/wp-content\/uploads\/2025\/12\/details-of-restaurant-furniture-6-153x300.png 153w, https:\/\/www.youmushiguang.com\/wp-content\/uploads\/2025\/12\/details-of-restaurant-furniture-6-6x12.png 6w, https:\/\/www.youmushiguang.com\/wp-content\/uploads\/2025\/12\/details-of-restaurant-furniture-6-600x1179.png 600w\" sizes=\"(max-width: 750px) 100vw, 750px\" \/><\/figure>\n<\/div>\n\n\n\n<div class=\"wp-block-column is-layout-flow wp-block-column-is-layout-flow\" style=\"flex-basis:25%\"><\/div>\n<\/div>\n\n\n\n<p><\/p>","protected":false},"excerpt":{"rendered":"<p>Wholesale cafe furniture set, including tables, chairs, and booth seating, making for easy layout arrangement. Create a cozy and stylish environment for your neighborhood caf\u00e9, tea shop, or casual coffee spot with our wholesale retro-style caf\u00e9 furniture sets. Factory direct supply with global shipping makes it easy to furnish your caf\u00e9 anywhere.<\/p>\n<p>As a professional manufacturer of caf\u00e9 and restaurant furniture, we are consistently dedicated to providing our clients with high-quality commercial furniture, competitive pricing, and optimal space layout solutions.<\/p>\n<h2>Specifications of Cafe Table and Chair Sets<\/h2>\n<table style=\"border-collapse: collapse; width: 647px; height: 395px;\" border=\"0\" width=\"668\" cellspacing=\"0\" cellpadding=\"0\">\n<tbody>\n<tr style=\"height: 13.50pt;\">\n<td class=\"et2\" style=\"height: 13.50pt; width: 107.25pt;\" width=\"143\" height=\"18\">\u30e2\u30c7\u30eb<\/td>\n<td class=\"et3\" style=\"width: 393.75pt;\" width=\"525\">476<\/td>\n<\/tr>\n<tr style=\"height: 13.50pt;\">\n<td class=\"et2\" style=\"height: 13.50pt; width: 107.25pt;\" width=\"143\" height=\"18\">\u30ab\u30c6\u30b4\u30ea\u30fc<\/td>\n<td class=\"et3\" style=\"width: 393.75pt;\" width=\"525\">\u30ec\u30b9\u30c8\u30e9\u30f3\u5bb6\u5177<\/td>\n<\/tr>\n<tr style=\"height: 13.50pt;\">\n<td class=\"et2\" style=\"height: 13.50pt; width: 107.25pt;\" width=\"143\" height=\"18\">\u88fd\u54c1\u540d<\/td>\n<td class=\"et3\" style=\"width: 393.75pt;\" width=\"525\">Restaurant table and chair set<\/td>\n<\/tr>\n<tr style=\"height: 27.00pt;\">\n<td class=\"et2\" style=\"height: 27.00pt; width: 107.25pt;\" width=\"143\" height=\"36\">\u30ab\u30b9\u30bf\u30de\u30a4\u30ba\u30fb\u30aa\u30d7\u30b7\u30e7\u30f3<\/td>\n<td class=\"et3\" style=\"width: 393.75pt;\" width=\"525\">\u30b9\u30bf\u30a4\u30eb\/\u30ab\u30e9\u30fc\/\u30b5\u30a4\u30ba\/\u7d20\u6750<\/td>\n<\/tr>\n<tr style=\"height: 27.00pt;\">\n<td class=\"et2\" style=\"height: 27.00pt; width: 107.25pt;\" width=\"143\" height=\"36\">\u6905\u5b50<\/td>\n<td class=\"et3\" style=\"width: 393.75pt;\" width=\"525\">Metal frame + skin-friendly Nappa leather + high-density rebound foam<\/td>\n<\/tr>\n<tr style=\"height: 13.50pt;\">\n<td class=\"et2\" style=\"height: 13.50pt; width: 107.25pt;\" width=\"143\" height=\"18\">\u30c6\u30fc\u30d6\u30eb<\/td>\n<td class=\"et3\" style=\"width: 393.75pt;\" width=\"525\">\u591a\u5c64\u7121\u57a2\u6750\uff0b\u9ad8\u54c1\u8cea\u306a\u539a\u307f\u306e\u3042\u308b\u30cf\u30fc\u30c9\u30a6\u30a7\u30a2\u30d5\u30ec\u30fc\u30e0<\/td>\n<\/tr>\n<tr style=\"height: 27.00pt;\">\n<td class=\"et2\" style=\"height: 27.00pt; width: 107.25pt;\" width=\"143\" height=\"36\">\u30a2\u30d7\u30ea\u30b1\u30fc\u30b7\u30e7\u30f3\u30b7\u30fc\u30f3<\/td>\n<td class=\"et3\" style=\"width: 393.75pt;\" width=\"525\">Theme restaurant\/tavern\/Western restaurant\/simple restaurant\/coffee shop<\/td>\n<\/tr>\n<tr style=\"height: 13.50pt;\">\n<td class=\"et2\" style=\"height: 13.50pt; width: 107.25pt;\" width=\"143\" height=\"18\">\u30ab\u30e9\u30fc<\/td>\n<td class=\"et3\" style=\"width: 393.75pt;\" width=\"525\">Light Walnut\/Black (customizable)<\/td>\n<\/tr>\n<tr style=\"height: 13.50pt;\">\n<td class=\"et2\" style=\"height: 13.50pt; width: 107.25pt;\" width=\"143\" height=\"18\">\u7d20\u6750<\/td>\n<td class=\"et3\" style=\"width: 393.75pt;\" width=\"525\">\u30d7\u30e9\u30a4\u30a6\u30c3\u30c9\/\u30e1\u30bf\u30eb\/\u30ec\u30b6\u30fc\/\u30b9\u30dd\u30f3\u30b8<\/td>\n<\/tr>\n<tr style=\"height: 13.50pt;\">\n<td class=\"et2\" style=\"height: 13.50pt; width: 107.25pt;\" width=\"143\" height=\"18\">\u30b9\u30bf\u30a4\u30eb<\/td>\n<td class=\"et3\" style=\"width: 393.75pt;\" width=\"525\">Industrial Style<\/td>\n<\/tr>\n<\/tbody>\n<\/table>\n<p>&nbsp;<\/p>\n<p>\n<script src=\"chrome-extension:\/\/fpelahbljekknahkcaegamhcndkfpfnc\/iFrame.js\" type=\"text\/javascript\"><\/script><\/p>","protected":false},"featured_media":2406,"comment_status":"closed","ping_status":"closed","template":"","meta":{"_acf_changed":true},"product_brand":[],"product_cat":[24,36,42,44,20],"product_tag":[],"class_list":{"0":"post-2393","1":"product","2":"type-product","3":"status-publish","4":"has-post-thumbnail","6":"product_cat-wholesale-restaurant-furniture","7":"product_cat-wholesale-coffee-shop-restaurant-furniture","8":"product_cat-wholesale-dessert-shop-furniture","9":"product_cat-vintage-style-restaurant-furniture","10":"product_cat-wholesale-cafe-furniture","12":"first","13":"instock","14":"shipping-taxable","15":"product-type-simple"},"acf":[],"_links":{"self":[{"href":"https:\/\/www.youmushiguang.com\/ja\/wp-json\/wp\/v2\/product\/2393","targetHints":{"allow":["GET"]}}],"collection":[{"href":"https:\/\/www.youmushiguang.com\/ja\/wp-json\/wp\/v2\/product"}],"about":[{"href":"https:\/\/www.youmushiguang.com\/ja\/wp-json\/wp\/v2\/types\/product"}],"replies":[{"embeddable":true,"href":"https:\/\/www.youmushiguang.com\/ja\/wp-json\/wp\/v2\/comments?post=2393"}],"wp:featuredmedia":[{"embeddable":true,"href":"https:\/\/www.youmushiguang.com\/ja\/wp-json\/wp\/v2\/media\/2406"}],"wp:attachment":[{"href":"https:\/\/www.youmushiguang.com\/ja\/wp-json\/wp\/v2\/media?parent=2393"}],"wp:term":[{"taxonomy":"product_brand","embeddable":true,"href":"https:\/\/www.youmushiguang.com\/ja\/wp-json\/wp\/v2\/product_brand?post=2393"},{"taxonomy":"product_cat","embeddable":true,"href":"https:\/\/www.youmushiguang.com\/ja\/wp-json\/wp\/v2\/product_cat?post=2393"},{"taxonomy":"product_tag","embeddable":true,"href":"https:\/\/www.youmushiguang.com\/ja\/wp-json\/wp\/v2\/product_tag?post=2393"}],"curies":[{"name":"wp","href":"https:\/\/api.w.org\/{rel}","templated":true}]}}