{"id":2393,"date":"2025-12-04T00:45:45","date_gmt":"2025-12-04T00:45:45","guid":{"rendered":"https:\/\/www.youmushiguang.com\/?post_type=product&#038;p=2393"},"modified":"2026-03-26T03:48:13","modified_gmt":"2026-03-26T03:48:13","slug":"wholesale-furniture-for-neighborhood-cafe-milk-tea-shops","status":"publish","type":"product","link":"https:\/\/www.youmushiguang.com\/ko\/product\/wholesale-furniture-for-neighborhood-cafe-milk-tea-shops\/","title":{"rendered":"\ub3c4\ub9e4 \ubcf5\uace0\ud48d \uce74\ud398 \uac00\uad6c \uc138\ud2b8 476 - \ub3d9\ub124 \ucee4\ud53c\uc20d, \ubc00\ud06c\ud2f0 \uc20d\uc5d0 \uc774\uc0c1\uc801\uc785\ub2c8\ub2e4."},"content":{"rendered":"<div class=\"wp-block-columns is-layout-flex wp-container-core-columns-is-layout-9d6595d7 wp-block-columns-is-layout-flex\">\n<div class=\"wp-block-column is-layout-flow wp-block-column-is-layout-flow\" style=\"flex-basis:25%\"><\/div>\n\n\n\n<div class=\"wp-block-column is-layout-flow wp-block-column-is-layout-flow\" style=\"flex-basis:50%\">\n<figure class=\"wp-block-image size-full\"><img decoding=\"async\" width=\"750\" height=\"2340\" src=\"https:\/\/www.youmushiguang.com\/wp-content\/uploads\/2025\/12\/details-of-restaurant-furniture-2.png\" alt=\"\" class=\"wp-image-2398\" srcset=\"https:\/\/www.youmushiguang.com\/wp-content\/uploads\/2025\/12\/details-of-restaurant-furniture-2.png 750w, https:\/\/www.youmushiguang.com\/wp-content\/uploads\/2025\/12\/details-of-restaurant-furniture-2-96x300.png 96w, https:\/\/www.youmushiguang.com\/wp-content\/uploads\/2025\/12\/details-of-restaurant-furniture-2-4x12.png 4w, https:\/\/www.youmushiguang.com\/wp-content\/uploads\/2025\/12\/details-of-restaurant-furniture-2-600x1872.png 600w\" sizes=\"(max-width: 750px) 100vw, 750px\" \/><\/figure>\n\n\n\n<figure class=\"wp-block-image size-full\"><img decoding=\"async\" width=\"750\" height=\"1200\" src=\"https:\/\/www.youmushiguang.com\/wp-content\/uploads\/2025\/12\/details-of-restaurant-furniture-3.png\" alt=\"\" class=\"wp-image-2399\" srcset=\"https:\/\/www.youmushiguang.com\/wp-content\/uploads\/2025\/12\/details-of-restaurant-furniture-3.png 750w, https:\/\/www.youmushiguang.com\/wp-content\/uploads\/2025\/12\/details-of-restaurant-furniture-3-188x300.png 188w, https:\/\/www.youmushiguang.com\/wp-content\/uploads\/2025\/12\/details-of-restaurant-furniture-3-8x12.png 8w, https:\/\/www.youmushiguang.com\/wp-content\/uploads\/2025\/12\/details-of-restaurant-furniture-3-600x960.png 600w\" sizes=\"(max-width: 750px) 100vw, 750px\" \/><\/figure>\n\n\n\n<figure class=\"wp-block-image size-full\"><img decoding=\"async\" width=\"750\" height=\"2211\" src=\"https:\/\/www.youmushiguang.com\/wp-content\/uploads\/2025\/12\/details-of-restaurant-furniture-4.png\" alt=\"\" class=\"wp-image-2402\" srcset=\"https:\/\/www.youmushiguang.com\/wp-content\/uploads\/2025\/12\/details-of-restaurant-furniture-4.png 750w, https:\/\/www.youmushiguang.com\/wp-content\/uploads\/2025\/12\/details-of-restaurant-furniture-4-102x300.png 102w, https:\/\/www.youmushiguang.com\/wp-content\/uploads\/2025\/12\/details-of-restaurant-furniture-4-4x12.png 4w, https:\/\/www.youmushiguang.com\/wp-content\/uploads\/2025\/12\/details-of-restaurant-furniture-4-600x1769.png 600w\" sizes=\"(max-width: 750px) 100vw, 750px\" \/><\/figure>\n\n\n\n<figure class=\"wp-block-image size-full\"><img decoding=\"async\" width=\"750\" height=\"2211\" src=\"https:\/\/www.youmushiguang.com\/wp-content\/uploads\/2025\/12\/details-of-restaurant-furniture-4.png\" alt=\"\" class=\"wp-image-2402\" srcset=\"https:\/\/www.youmushiguang.com\/wp-content\/uploads\/2025\/12\/details-of-restaurant-furniture-4.png 750w, https:\/\/www.youmushiguang.com\/wp-content\/uploads\/2025\/12\/details-of-restaurant-furniture-4-102x300.png 102w, https:\/\/www.youmushiguang.com\/wp-content\/uploads\/2025\/12\/details-of-restaurant-furniture-4-4x12.png 4w, https:\/\/www.youmushiguang.com\/wp-content\/uploads\/2025\/12\/details-of-restaurant-furniture-4-600x1769.png 600w\" sizes=\"(max-width: 750px) 100vw, 750px\" \/><\/figure>\n\n\n\n<figure class=\"wp-block-image size-full\"><img decoding=\"async\" width=\"750\" height=\"1474\" src=\"https:\/\/www.youmushiguang.com\/wp-content\/uploads\/2025\/12\/details-of-restaurant-furniture-6.png\" alt=\"\" class=\"wp-image-2404\" srcset=\"https:\/\/www.youmushiguang.com\/wp-content\/uploads\/2025\/12\/details-of-restaurant-furniture-6.png 750w, https:\/\/www.youmushiguang.com\/wp-content\/uploads\/2025\/12\/details-of-restaurant-furniture-6-153x300.png 153w, https:\/\/www.youmushiguang.com\/wp-content\/uploads\/2025\/12\/details-of-restaurant-furniture-6-6x12.png 6w, https:\/\/www.youmushiguang.com\/wp-content\/uploads\/2025\/12\/details-of-restaurant-furniture-6-600x1179.png 600w\" sizes=\"(max-width: 750px) 100vw, 750px\" \/><\/figure>\n<\/div>\n\n\n\n<div class=\"wp-block-column is-layout-flow wp-block-column-is-layout-flow\" style=\"flex-basis:25%\"><\/div>\n<\/div>\n\n\n\n<p><\/p>","protected":false},"excerpt":{"rendered":"<p>Wholesale cafe furniture set, including tables, chairs, and booth seating, making for easy layout arrangement. Create a cozy and stylish environment for your neighborhood caf\u00e9, tea shop, or casual coffee spot with our wholesale retro-style caf\u00e9 furniture sets. Factory direct supply with global shipping makes it easy to furnish your caf\u00e9 anywhere.<\/p>\n<p>As a professional manufacturer of caf\u00e9 and restaurant furniture, we are consistently dedicated to providing our clients with high-quality commercial furniture, competitive pricing, and optimal space layout solutions.<\/p>\n<h2>Specifications of Cafe Table and Chair Sets<\/h2>\n<table style=\"border-collapse: collapse; width: 647px; height: 395px;\" border=\"0\" width=\"668\" cellspacing=\"0\" cellpadding=\"0\">\n<tbody>\n<tr style=\"height: 13.50pt;\">\n<td class=\"et2\" style=\"height: 13.50pt; width: 107.25pt;\" width=\"143\" height=\"18\">\ubaa8\ub378<\/td>\n<td class=\"et3\" style=\"width: 393.75pt;\" width=\"525\">476<\/td>\n<\/tr>\n<tr style=\"height: 13.50pt;\">\n<td class=\"et2\" style=\"height: 13.50pt; width: 107.25pt;\" width=\"143\" height=\"18\">\uce74\ud14c\uace0\ub9ac<\/td>\n<td class=\"et3\" style=\"width: 393.75pt;\" width=\"525\">\ub808\uc2a4\ud1a0\ub791 \uac00\uad6c<\/td>\n<\/tr>\n<tr style=\"height: 13.50pt;\">\n<td class=\"et2\" style=\"height: 13.50pt; width: 107.25pt;\" width=\"143\" height=\"18\">\uc81c\ud488 \uc774\ub984<\/td>\n<td class=\"et3\" style=\"width: 393.75pt;\" width=\"525\">\ub808\uc2a4\ud1a0\ub791 \ud14c\uc774\ube14 \ubc0f \uc758\uc790 \uc138\ud2b8<\/td>\n<\/tr>\n<tr style=\"height: 27.00pt;\">\n<td class=\"et2\" style=\"height: 27.00pt; width: 107.25pt;\" width=\"143\" height=\"36\">\uc0ac\uc6a9\uc790 \uc9c0\uc815 \uc635\uc158<\/td>\n<td class=\"et3\" style=\"width: 393.75pt;\" width=\"525\">\uc2a4\ud0c0\uc77c\/\uc0c9\uc0c1\/\ud06c\uae30\/\uc18c\uc7ac<\/td>\n<\/tr>\n<tr style=\"height: 27.00pt;\">\n<td class=\"et2\" style=\"height: 27.00pt; width: 107.25pt;\" width=\"143\" height=\"36\">\uc758\uc790<\/td>\n<td class=\"et3\" style=\"width: 393.75pt;\" width=\"525\">\uba54\ud0c8 \ud504\ub808\uc784 + \ud53c\ubd80 \uce5c\ud654\uc801\uc778 \ub098\ud30c \uac00\uc8fd + \uace0\ubc00\ub3c4 \ub9ac\ubc14\uc6b4\ub4dc \ud3fc<\/td>\n<\/tr>\n<tr style=\"height: 13.50pt;\">\n<td class=\"et2\" style=\"height: 13.50pt; width: 107.25pt;\" width=\"143\" height=\"18\">\ud45c<\/td>\n<td class=\"et3\" style=\"width: 393.75pt;\" width=\"525\">\ub2e4\uce35 \uc6d0\ubaa9 + \uace0\ud488\uc9c8 \ub450\uaebc\uc6b4 \ud558\ub4dc\uc6e8\uc5b4 \ud504\ub808\uc784<\/td>\n<\/tr>\n<tr style=\"height: 27.00pt;\">\n<td class=\"et2\" style=\"height: 27.00pt; width: 107.25pt;\" width=\"143\" height=\"36\">\uc560\ud50c\ub9ac\ucf00\uc774\uc158 \uc7a5\uba74<\/td>\n<td class=\"et3\" style=\"width: 393.75pt;\" width=\"525\">\ud14c\ub9c8 \ub808\uc2a4\ud1a0\ub791\/\uc8fc\uc810\/\uc591\uc2dd \ub808\uc2a4\ud1a0\ub791\/\uac04\uc774 \ub808\uc2a4\ud1a0\ub791\/\ucee4\ud53c\uc20d<\/td>\n<\/tr>\n<tr style=\"height: 13.50pt;\">\n<td class=\"et2\" style=\"height: 13.50pt; width: 107.25pt;\" width=\"143\" height=\"18\">\uc0c9\uc0c1<\/td>\n<td class=\"et3\" style=\"width: 393.75pt;\" width=\"525\">\ub77c\uc774\ud2b8 \uc6d4\ub11b\/\ube14\ub799(\uc0ac\uc6a9\uc790 \uc9c0\uc815 \uac00\ub2a5)<\/td>\n<\/tr>\n<tr style=\"height: 13.50pt;\">\n<td class=\"et2\" style=\"height: 13.50pt; width: 107.25pt;\" width=\"143\" height=\"18\">\uc7ac\ub8cc<\/td>\n<td class=\"et3\" style=\"width: 393.75pt;\" width=\"525\">\ud569\ud310\/\uae08\uc18d\/\uac00\uc8fd\/\uc2a4\ud3f0\uc9c0<\/td>\n<\/tr>\n<tr style=\"height: 13.50pt;\">\n<td class=\"et2\" style=\"height: 13.50pt; width: 107.25pt;\" width=\"143\" height=\"18\">\uc2a4\ud0c0\uc77c<\/td>\n<td class=\"et3\" style=\"width: 393.75pt;\" width=\"525\">\uc778\ub354\uc2a4\ud2b8\ub9ac\uc5bc \uc2a4\ud0c0\uc77c<\/td>\n<\/tr>\n<\/tbody>\n<\/table>\n<p>&nbsp;<\/p>\n<p>\n<script src=\"chrome-extension:\/\/fpelahbljekknahkcaegamhcndkfpfnc\/iFrame.js\" type=\"text\/javascript\"><\/script><\/p>","protected":false},"featured_media":2406,"comment_status":"closed","ping_status":"closed","template":"","meta":{"_acf_changed":true},"product_brand":[],"product_cat":[24,36,42,44,20],"product_tag":[],"class_list":{"0":"post-2393","1":"product","2":"type-product","3":"status-publish","4":"has-post-thumbnail","6":"product_cat-wholesale-restaurant-furniture","7":"product_cat-wholesale-coffee-shop-restaurant-furniture","8":"product_cat-wholesale-dessert-shop-furniture","9":"product_cat-vintage-style-restaurant-furniture","10":"product_cat-wholesale-cafe-furniture","12":"first","13":"instock","14":"shipping-taxable","15":"product-type-simple"},"acf":[],"_links":{"self":[{"href":"https:\/\/www.youmushiguang.com\/ko\/wp-json\/wp\/v2\/product\/2393","targetHints":{"allow":["GET"]}}],"collection":[{"href":"https:\/\/www.youmushiguang.com\/ko\/wp-json\/wp\/v2\/product"}],"about":[{"href":"https:\/\/www.youmushiguang.com\/ko\/wp-json\/wp\/v2\/types\/product"}],"replies":[{"embeddable":true,"href":"https:\/\/www.youmushiguang.com\/ko\/wp-json\/wp\/v2\/comments?post=2393"}],"wp:featuredmedia":[{"embeddable":true,"href":"https:\/\/www.youmushiguang.com\/ko\/wp-json\/wp\/v2\/media\/2406"}],"wp:attachment":[{"href":"https:\/\/www.youmushiguang.com\/ko\/wp-json\/wp\/v2\/media?parent=2393"}],"wp:term":[{"taxonomy":"product_brand","embeddable":true,"href":"https:\/\/www.youmushiguang.com\/ko\/wp-json\/wp\/v2\/product_brand?post=2393"},{"taxonomy":"product_cat","embeddable":true,"href":"https:\/\/www.youmushiguang.com\/ko\/wp-json\/wp\/v2\/product_cat?post=2393"},{"taxonomy":"product_tag","embeddable":true,"href":"https:\/\/www.youmushiguang.com\/ko\/wp-json\/wp\/v2\/product_tag?post=2393"}],"curies":[{"name":"wp","href":"https:\/\/api.w.org\/{rel}","templated":true}]}}