{"id":1457,"date":"2025-10-24T03:36:22","date_gmt":"2025-10-24T03:36:22","guid":{"rendered":"https:\/\/www.youmushiguang.com\/?post_type=product&#038;p=1457"},"modified":"2025-10-24T07:48:09","modified_gmt":"2025-10-24T07:48:09","slug":"wholesale-banquet-hall-furniture-round-table-set","status":"publish","type":"product","link":"https:\/\/www.youmushiguang.com\/pt\/product\/wholesale-banquet-hall-furniture-round-table-set\/","title":{"rendered":"Mobili\u00e1rio para salas de banquetes por atacado - Conjunto de mesa redonda el\u00e9ctrica para banquetes comerciais"},"content":{"rendered":"<div class=\"wp-block-columns is-layout-flex wp-container-core-columns-is-layout-9d6595d7 wp-block-columns-is-layout-flex\">\n<div class=\"wp-block-column is-layout-flow wp-block-column-is-layout-flow\" style=\"flex-basis:25%\"><\/div>\n\n\n\n<div class=\"wp-block-column is-layout-flow wp-block-column-is-layout-flow\" style=\"flex-basis:50%\">\n<figure class=\"wp-block-image size-full\"><img decoding=\"async\" width=\"750\" height=\"2448\" src=\"https:\/\/www.youmushiguang.com\/wp-content\/uploads\/2025\/10\/details-of-banquet-electric-round-table-set-1.webp\" alt=\"detalhes de conjunto de mesa redonda el\u00e9ctrica para banquetes (1)\" class=\"wp-image-1467\" srcset=\"https:\/\/www.youmushiguang.com\/wp-content\/uploads\/2025\/10\/details-of-banquet-electric-round-table-set-1.webp 750w, https:\/\/www.youmushiguang.com\/wp-content\/uploads\/2025\/10\/details-of-banquet-electric-round-table-set-1-92x300.webp 92w, https:\/\/www.youmushiguang.com\/wp-content\/uploads\/2025\/10\/details-of-banquet-electric-round-table-set-1-4x12.webp 4w, https:\/\/www.youmushiguang.com\/wp-content\/uploads\/2025\/10\/details-of-banquet-electric-round-table-set-1-600x1958.webp 600w\" sizes=\"(max-width: 750px) 100vw, 750px\" \/><\/figure>\n\n\n\n<figure class=\"wp-block-image size-full\"><img decoding=\"async\" width=\"750\" height=\"1621\" src=\"https:\/\/www.youmushiguang.com\/wp-content\/uploads\/2025\/10\/details-of-banquet-electric-round-table-set-2.webp\" alt=\"detalhes de conjunto de mesa redonda el\u00e9ctrica para banquetes (2)\" class=\"wp-image-1468\" srcset=\"https:\/\/www.youmushiguang.com\/wp-content\/uploads\/2025\/10\/details-of-banquet-electric-round-table-set-2.webp 750w, https:\/\/www.youmushiguang.com\/wp-content\/uploads\/2025\/10\/details-of-banquet-electric-round-table-set-2-139x300.webp 139w, https:\/\/www.youmushiguang.com\/wp-content\/uploads\/2025\/10\/details-of-banquet-electric-round-table-set-2-6x12.webp 6w, https:\/\/www.youmushiguang.com\/wp-content\/uploads\/2025\/10\/details-of-banquet-electric-round-table-set-2-600x1297.webp 600w\" sizes=\"(max-width: 750px) 100vw, 750px\" \/><\/figure>\n\n\n\n<figure class=\"wp-block-image size-full\"><img decoding=\"async\" width=\"750\" height=\"1312\" src=\"https:\/\/www.youmushiguang.com\/wp-content\/uploads\/2025\/10\/details-of-banquet-electric-round-table-set-3.webp\" alt=\"detalhes de conjunto de mesa redonda el\u00e9ctrica para banquetes (3)\" class=\"wp-image-1469\" srcset=\"https:\/\/www.youmushiguang.com\/wp-content\/uploads\/2025\/10\/details-of-banquet-electric-round-table-set-3.webp 750w, https:\/\/www.youmushiguang.com\/wp-content\/uploads\/2025\/10\/details-of-banquet-electric-round-table-set-3-171x300.webp 171w, https:\/\/www.youmushiguang.com\/wp-content\/uploads\/2025\/10\/details-of-banquet-electric-round-table-set-3-7x12.webp 7w, https:\/\/www.youmushiguang.com\/wp-content\/uploads\/2025\/10\/details-of-banquet-electric-round-table-set-3-600x1050.webp 600w\" sizes=\"(max-width: 750px) 100vw, 750px\" \/><\/figure>\n\n\n\n<figure class=\"wp-block-image size-full\"><img decoding=\"async\" width=\"750\" height=\"1462\" src=\"https:\/\/www.youmushiguang.com\/wp-content\/uploads\/2025\/10\/details-of-banquet-electric-round-table-set-4.webp\" alt=\"detalhes de conjunto de mesa redonda el\u00e9ctrica para banquetes (4)\" class=\"wp-image-1470\" srcset=\"https:\/\/www.youmushiguang.com\/wp-content\/uploads\/2025\/10\/details-of-banquet-electric-round-table-set-4.webp 750w, https:\/\/www.youmushiguang.com\/wp-content\/uploads\/2025\/10\/details-of-banquet-electric-round-table-set-4-154x300.webp 154w, https:\/\/www.youmushiguang.com\/wp-content\/uploads\/2025\/10\/details-of-banquet-electric-round-table-set-4-6x12.webp 6w, https:\/\/www.youmushiguang.com\/wp-content\/uploads\/2025\/10\/details-of-banquet-electric-round-table-set-4-600x1170.webp 600w\" sizes=\"(max-width: 750px) 100vw, 750px\" \/><\/figure>\n\n\n\n<figure class=\"wp-block-image size-full\"><img decoding=\"async\" width=\"750\" height=\"1169\" src=\"https:\/\/www.youmushiguang.com\/wp-content\/uploads\/2025\/10\/details-of-banquet-electric-round-table-set-5.webp\" alt=\"detalhes de conjunto de mesa redonda el\u00e9ctrica para banquetes (5)\" class=\"wp-image-1471\" srcset=\"https:\/\/www.youmushiguang.com\/wp-content\/uploads\/2025\/10\/details-of-banquet-electric-round-table-set-5.webp 750w, https:\/\/www.youmushiguang.com\/wp-content\/uploads\/2025\/10\/details-of-banquet-electric-round-table-set-5-192x300.webp 192w, https:\/\/www.youmushiguang.com\/wp-content\/uploads\/2025\/10\/details-of-banquet-electric-round-table-set-5-8x12.webp 8w, https:\/\/www.youmushiguang.com\/wp-content\/uploads\/2025\/10\/details-of-banquet-electric-round-table-set-5-600x935.webp 600w\" sizes=\"(max-width: 750px) 100vw, 750px\" \/><\/figure>\n\n\n\n<figure class=\"wp-block-image size-full\"><img decoding=\"async\" width=\"750\" height=\"1415\" src=\"https:\/\/www.youmushiguang.com\/wp-content\/uploads\/2025\/10\/details-of-banquet-electric-round-table-set-6.webp\" alt=\"detalhes do conjunto de mesa redonda el\u00e9ctrica para banquetes (6)\" class=\"wp-image-1472\" srcset=\"https:\/\/www.youmushiguang.com\/wp-content\/uploads\/2025\/10\/details-of-banquet-electric-round-table-set-6.webp 750w, https:\/\/www.youmushiguang.com\/wp-content\/uploads\/2025\/10\/details-of-banquet-electric-round-table-set-6-159x300.webp 159w, https:\/\/www.youmushiguang.com\/wp-content\/uploads\/2025\/10\/details-of-banquet-electric-round-table-set-6-6x12.webp 6w, https:\/\/www.youmushiguang.com\/wp-content\/uploads\/2025\/10\/details-of-banquet-electric-round-table-set-6-600x1132.webp 600w\" sizes=\"(max-width: 750px) 100vw, 750px\" \/><\/figure>\n\n\n\n<figure class=\"wp-block-image size-full\"><img decoding=\"async\" width=\"750\" height=\"1372\" src=\"https:\/\/www.youmushiguang.com\/wp-content\/uploads\/2025\/10\/details-of-banquet-electric-round-table-set-7.webp\" alt=\"detalhes de conjunto de mesa redonda el\u00e9ctrica para banquetes (7)\" class=\"wp-image-1473\" srcset=\"https:\/\/www.youmushiguang.com\/wp-content\/uploads\/2025\/10\/details-of-banquet-electric-round-table-set-7.webp 750w, https:\/\/www.youmushiguang.com\/wp-content\/uploads\/2025\/10\/details-of-banquet-electric-round-table-set-7-164x300.webp 164w, https:\/\/www.youmushiguang.com\/wp-content\/uploads\/2025\/10\/details-of-banquet-electric-round-table-set-7-7x12.webp 7w, https:\/\/www.youmushiguang.com\/wp-content\/uploads\/2025\/10\/details-of-banquet-electric-round-table-set-7-600x1098.webp 600w\" sizes=\"(max-width: 750px) 100vw, 750px\" \/><\/figure>\n<\/div>\n\n\n\n<div class=\"wp-block-column is-layout-flow wp-block-column-is-layout-flow\" style=\"flex-basis:25%\"><\/div>\n<\/div>","protected":false},"excerpt":{"rendered":"<p>Concebido para refei\u00e7\u00f5es modernas de grandes grupos, este conjunto de sala de banquetes por grosso topo de gama apresenta uma requintada mesa redonda e oito cadeiras de peluche como pe\u00e7a central. A mesa tem um impressionante tampo em m\u00e1rmore escuro com uma textura de alto contraste que se integra perfeitamente na mesa girat\u00f3ria central para facilitar a partilha. Contacte-nos para um or\u00e7amento.<\/p>\n<h2>Especifica\u00e7\u00f5es do Conjunto de mesa redonda el\u00e9ctrica para banquetes<\/h2>\n<table style=\"border-collapse: collapse; width: 501.02pt;\" border=\"0\" width=\"668\" cellspacing=\"0\" cellpadding=\"0\">\n<tbody>\n<tr style=\"height: 13.50pt;\">\n<td class=\"et2\" style=\"height: 13.50pt; width: 107.25pt;\" width=\"143\" height=\"18\">Modelo<\/td>\n<td class=\"et3\" style=\"width: 393.75pt;\" width=\"525\">1521<\/td>\n<\/tr>\n<tr style=\"height: 13.50pt;\">\n<td class=\"et2\" style=\"height: 13.50pt; width: 107.25pt;\" width=\"143\" height=\"18\">Categoria<\/td>\n<td class=\"et3\" style=\"width: 393.75pt;\" width=\"525\">Mesa redonda el\u00e9ctrica para hotel<\/td>\n<\/tr>\n<tr style=\"height: 13.50pt;\">\n<td class=\"et2\" style=\"height: 13.50pt; width: 107.25pt;\" width=\"143\" height=\"18\">Nome do produto<\/td>\n<td class=\"et3\" style=\"width: 393.75pt;\" width=\"525\">Mesa redonda grande para caixa de hotel<\/td>\n<\/tr>\n<tr style=\"height: 27.00pt;\">\n<td class=\"et2\" style=\"height: 27.00pt; width: 107.25pt;\" width=\"143\" height=\"36\">Op\u00e7\u00f5es de personaliza\u00e7\u00e3o<\/td>\n<td class=\"et3\" style=\"width: 393.75pt;\" width=\"525\">Estilo\/Cor\/Tamanho\/Material<\/td>\n<\/tr>\n<tr style=\"height: 27.00pt;\">\n<td class=\"et2\" style=\"height: 27.00pt; width: 107.25pt;\" width=\"143\" height=\"36\">Cadeira<\/td>\n<td class=\"et3\" style=\"width: 393.75pt;\" width=\"525\">Estrutura met\u00e1lica de alta qualidade + revestimento em couro Nappa amigo do ambiente + esponja de ressalto de alta densidade<\/td>\n<\/tr>\n<tr style=\"height: 27.00pt;\">\n<td class=\"et2\" style=\"height: 27.00pt; width: 107.25pt;\" width=\"143\" height=\"36\">Tabela<\/td>\n<td class=\"et3\" style=\"width: 393.75pt;\" width=\"525\">Mesa de trabalho em laje de rocha revestida com hardware + estrutura de hardware de alta qualidade + gira-discos em laje de rocha de elevada dureza<\/td>\n<\/tr>\n<tr style=\"height: 27.00pt;\">\n<td class=\"et2\" style=\"height: 27.00pt; width: 107.25pt;\" width=\"143\" height=\"36\">Cena de aplica\u00e7\u00e3o<\/td>\n<td class=\"et3\" style=\"width: 393.75pt;\" width=\"525\">Hot\u00e9is\/clubes\/moradias de luxo<\/td>\n<\/tr>\n<tr style=\"height: 13.50pt;\">\n<td class=\"et2\" style=\"height: 13.50pt; width: 107.25pt;\" width=\"143\" height=\"18\">Cor<\/td>\n<td class=\"et3\" style=\"width: 393.75pt;\" width=\"525\">Preto (personaliz\u00e1vel)<\/td>\n<\/tr>\n<tr style=\"height: 13.50pt;\">\n<td class=\"et2\" style=\"height: 13.50pt; width: 107.25pt;\" width=\"143\" height=\"18\">Material<\/td>\n<td class=\"et3\" style=\"width: 393.75pt;\" width=\"525\">Ard\u00f3sia\/Hardware\/Couro\/Esponja<\/td>\n<\/tr>\n<tr style=\"height: 13.50pt;\">\n<td class=\"et2\" style=\"height: 13.50pt; width: 107.25pt;\" width=\"143\" height=\"18\">Estilo<\/td>\n<td class=\"et3\" style=\"width: 393.75pt;\" width=\"525\">Novo estilo chin\u00eas<\/td>\n<\/tr>\n<\/tbody>\n<\/table>\n<p><script src=\"chrome-extension:\/\/fpelahbljekknahkcaegamhcndkfpfnc\/iFrame.js\" type=\"text\/javascript\"><\/script><\/p>\n<p>\n<script src=\"chrome-extension:\/\/fpelahbljekknahkcaegamhcndkfpfnc\/iFrame.js\" type=\"text\/javascript\"><\/script><\/p>","protected":false},"featured_media":1458,"comment_status":"closed","ping_status":"closed","template":"","meta":{"_acf_changed":false},"product_brand":[],"product_cat":[22],"product_tag":[],"class_list":{"0":"post-1457","1":"product","2":"type-product","3":"status-publish","4":"has-post-thumbnail","6":"product_cat-hotel-round-table-set","8":"first","9":"instock","10":"shipping-taxable","11":"product-type-simple"},"acf":[],"_links":{"self":[{"href":"https:\/\/www.youmushiguang.com\/pt\/wp-json\/wp\/v2\/product\/1457","targetHints":{"allow":["GET"]}}],"collection":[{"href":"https:\/\/www.youmushiguang.com\/pt\/wp-json\/wp\/v2\/product"}],"about":[{"href":"https:\/\/www.youmushiguang.com\/pt\/wp-json\/wp\/v2\/types\/product"}],"replies":[{"embeddable":true,"href":"https:\/\/www.youmushiguang.com\/pt\/wp-json\/wp\/v2\/comments?post=1457"}],"wp:featuredmedia":[{"embeddable":true,"href":"https:\/\/www.youmushiguang.com\/pt\/wp-json\/wp\/v2\/media\/1458"}],"wp:attachment":[{"href":"https:\/\/www.youmushiguang.com\/pt\/wp-json\/wp\/v2\/media?parent=1457"}],"wp:term":[{"taxonomy":"product_brand","embeddable":true,"href":"https:\/\/www.youmushiguang.com\/pt\/wp-json\/wp\/v2\/product_brand?post=1457"},{"taxonomy":"product_cat","embeddable":true,"href":"https:\/\/www.youmushiguang.com\/pt\/wp-json\/wp\/v2\/product_cat?post=1457"},{"taxonomy":"product_tag","embeddable":true,"href":"https:\/\/www.youmushiguang.com\/pt\/wp-json\/wp\/v2\/product_tag?post=1457"}],"curies":[{"name":"wp","href":"https:\/\/api.w.org\/{rel}","templated":true}]}}