{"id":1680,"date":"2025-10-25T07:05:47","date_gmt":"2025-10-25T07:05:47","guid":{"rendered":"https:\/\/www.youmushiguang.com\/?post_type=product&#038;p=1680"},"modified":"2025-10-27T06:36:20","modified_gmt":"2025-10-27T06:36:20","slug":"wholesale-office-reception-furniture","status":"publish","type":"product","link":"https:\/\/www.youmushiguang.com\/pt\/product\/wholesale-office-reception-furniture\/","title":{"rendered":"Mobili\u00e1rio de rece\u00e7\u00e3o de escrit\u00f3rio por atacado, Sof\u00e1 de alta qualidade para rece\u00e7\u00e3o de escrit\u00f3rio"},"content":{"rendered":"<div class=\"wp-block-columns is-layout-flex wp-container-core-columns-is-layout-9d6595d7 wp-block-columns-is-layout-flex\">\n<div class=\"wp-block-column is-layout-flow wp-block-column-is-layout-flow\" style=\"flex-basis:25%\"><\/div>\n\n\n\n<div class=\"wp-block-column is-layout-flow wp-block-column-is-layout-flow\" style=\"flex-basis:50%\">\n<figure class=\"wp-block-image size-full\"><img decoding=\"async\" width=\"750\" height=\"2348\" src=\"https:\/\/www.youmushiguang.com\/wp-content\/uploads\/2025\/10\/details-of-office-reception-furniture-1-1.webp\" alt=\"pormenores do mobili\u00e1rio de rece\u00e7\u00e3o de escrit\u00f3rio (1)\" class=\"wp-image-1711\" srcset=\"https:\/\/www.youmushiguang.com\/wp-content\/uploads\/2025\/10\/details-of-office-reception-furniture-1-1.webp 750w, https:\/\/www.youmushiguang.com\/wp-content\/uploads\/2025\/10\/details-of-office-reception-furniture-1-1-96x300.webp 96w, https:\/\/www.youmushiguang.com\/wp-content\/uploads\/2025\/10\/details-of-office-reception-furniture-1-1-4x12.webp 4w, https:\/\/www.youmushiguang.com\/wp-content\/uploads\/2025\/10\/details-of-office-reception-furniture-1-1-600x1878.webp 600w\" sizes=\"(max-width: 750px) 100vw, 750px\" \/><\/figure>\n\n\n\n<figure class=\"wp-block-image size-full\"><img decoding=\"async\" width=\"750\" height=\"2417\" src=\"https:\/\/www.youmushiguang.com\/wp-content\/uploads\/2025\/10\/details-of-office-reception-furniture-2-1.webp\" alt=\"pormenores do mobili\u00e1rio de rece\u00e7\u00e3o de escrit\u00f3rio (2)\" class=\"wp-image-1712\" srcset=\"https:\/\/www.youmushiguang.com\/wp-content\/uploads\/2025\/10\/details-of-office-reception-furniture-2-1.webp 750w, https:\/\/www.youmushiguang.com\/wp-content\/uploads\/2025\/10\/details-of-office-reception-furniture-2-1-93x300.webp 93w, https:\/\/www.youmushiguang.com\/wp-content\/uploads\/2025\/10\/details-of-office-reception-furniture-2-1-4x12.webp 4w, https:\/\/www.youmushiguang.com\/wp-content\/uploads\/2025\/10\/details-of-office-reception-furniture-2-1-600x1934.webp 600w\" sizes=\"(max-width: 750px) 100vw, 750px\" \/><\/figure>\n\n\n\n<figure class=\"wp-block-image size-full\"><img decoding=\"async\" width=\"750\" height=\"2562\" src=\"https:\/\/www.youmushiguang.com\/wp-content\/uploads\/2025\/10\/details-of-office-reception-furniture-3-1.webp\" alt=\"pormenores do mobili\u00e1rio de rece\u00e7\u00e3o de escrit\u00f3rio (3)\" class=\"wp-image-1713\" srcset=\"https:\/\/www.youmushiguang.com\/wp-content\/uploads\/2025\/10\/details-of-office-reception-furniture-3-1.webp 750w, https:\/\/www.youmushiguang.com\/wp-content\/uploads\/2025\/10\/details-of-office-reception-furniture-3-1-88x300.webp 88w, https:\/\/www.youmushiguang.com\/wp-content\/uploads\/2025\/10\/details-of-office-reception-furniture-3-1-600x2050.webp 600w\" sizes=\"(max-width: 750px) 100vw, 750px\" \/><\/figure>\n\n\n\n<figure class=\"wp-block-image size-full\"><img decoding=\"async\" width=\"750\" height=\"2827\" src=\"https:\/\/www.youmushiguang.com\/wp-content\/uploads\/2025\/10\/details-of-office-reception-furniture-4-1.webp\" alt=\"pormenores do mobili\u00e1rio de rece\u00e7\u00e3o do escrit\u00f3rio (4)\" class=\"wp-image-1714\" srcset=\"https:\/\/www.youmushiguang.com\/wp-content\/uploads\/2025\/10\/details-of-office-reception-furniture-4-1.webp 750w, https:\/\/www.youmushiguang.com\/wp-content\/uploads\/2025\/10\/details-of-office-reception-furniture-4-1-3x12.webp 3w, https:\/\/www.youmushiguang.com\/wp-content\/uploads\/2025\/10\/details-of-office-reception-furniture-4-1-600x2262.webp 600w\" sizes=\"(max-width: 750px) 100vw, 750px\" \/><\/figure>\n<\/div>\n\n\n\n<div class=\"wp-block-column is-layout-flow wp-block-column-is-layout-flow\" style=\"flex-basis:25%\"><\/div>\n<\/div>\n\n\n\n<div class=\"wp-block-columns is-layout-flex wp-container-core-columns-is-layout-9d6595d7 wp-block-columns-is-layout-flex\">\n<div class=\"wp-block-column is-layout-flow wp-block-column-is-layout-flow\" style=\"flex-basis:25%\"><\/div>\n\n\n\n<div class=\"wp-block-column is-layout-flow wp-block-column-is-layout-flow\" style=\"flex-basis:50%\"><\/div>\n\n\n\n<div class=\"wp-block-column is-layout-flow wp-block-column-is-layout-flow\" style=\"flex-basis:25%\"><\/div>\n<\/div>","protected":false},"excerpt":{"rendered":"<p>Os conjuntos de mobili\u00e1rio de rece\u00e7\u00e3o de escrit\u00f3rio moderno por grosso, que combinam estilo e conforto, incluem um sof\u00e1 confort\u00e1vel, uma mesa de caf\u00e9 elegante e uma poltrona. As configura\u00e7\u00f5es flex\u00edveis permitem disposi\u00e7\u00f5es flex\u00edveis para se adaptarem a salas de diferentes tamanhos.<\/p>\n<p>Como empresa de produ\u00e7\u00e3o direta <a href=\"https:\/\/www.youmushiguang.com\/pt\/about-us\/\" target=\"_blank\" rel=\"noopener\"><strong>fornecedor de mobili\u00e1rio comercial<\/strong><\/a>, A nossa empresa oferece pre\u00e7os por grosso e servi\u00e7os completos de personaliza\u00e7\u00e3o OEM e ODM. Bem-vindo a contactar-nos.<\/p>\n<h2>Especifica\u00e7\u00f5es do mobili\u00e1rio de rece\u00e7\u00e3o de escrit\u00f3rio<\/h2>\n<table style=\"border-collapse: collapse; width: 501.02pt;\" border=\"0\" width=\"668\" cellspacing=\"0\" cellpadding=\"0\">\n<tbody>\n<tr style=\"height: 13.50pt;\">\n<td class=\"et2\" style=\"height: 13.50pt; width: 107.25pt;\" width=\"143\" height=\"18\">Modelo<\/td>\n<td class=\"et3\" style=\"width: 393.75pt;\" width=\"525\">1264<\/td>\n<\/tr>\n<tr style=\"height: 15.00pt;\">\n<td class=\"et2\" style=\"height: 15.00pt; width: 107.25pt;\" width=\"143\" height=\"20\">Categoria<\/td>\n<td class=\"et3\" style=\"width: 393.75pt;\" width=\"525\">Mobili\u00e1rio de \u00e1trio\/Mobili\u00e1rio de rece\u00e7\u00e3o de escrit\u00f3rio<\/td>\n<\/tr>\n<tr style=\"height: 13.50pt;\">\n<td class=\"et2\" style=\"height: 13.50pt; width: 107.25pt;\" width=\"143\" height=\"18\">Nome do produto<\/td>\n<td class=\"et3\" style=\"width: 393.75pt;\" width=\"525\">Mesas e cadeiras para a \u00e1rea de rece\u00e7\u00e3o do \u00e1trio<\/td>\n<\/tr>\n<tr style=\"height: 27.00pt;\">\n<td class=\"et2\" style=\"height: 27.00pt; width: 107.25pt;\" width=\"143\" height=\"36\">Op\u00e7\u00f5es de personaliza\u00e7\u00e3o<\/td>\n<td class=\"et3\" style=\"width: 393.75pt;\" width=\"525\">Estilo\/Cor\/Tamanho\/Material<\/td>\n<\/tr>\n<tr style=\"height: 27.00pt;\">\n<td class=\"et2\" style=\"height: 27.00pt; width: 107.25pt;\" width=\"143\" height=\"36\">Cadeira<\/td>\n<td class=\"et3\" style=\"width: 393.75pt;\" width=\"525\">Estrutura est\u00e1vel em madeira maci\u00e7a + pele Nappa amiga do ambiente + esponja de ressalto de alta densidade<\/td>\n<\/tr>\n<tr style=\"height: 13.50pt;\">\n<td class=\"et2\" style=\"height: 13.50pt; width: 107.25pt;\" width=\"143\" height=\"18\">Tabela<\/td>\n<td class=\"et3\" style=\"width: 393.75pt;\" width=\"525\">Tampo de mesa em MDF + moldura em MDF (moldura integrada)<\/td>\n<\/tr>\n<tr style=\"height: 27.00pt;\">\n<td class=\"et2\" style=\"height: 27.00pt; width: 107.25pt;\" width=\"143\" height=\"36\">Sof\u00e1 comprido<\/td>\n<td class=\"et3\" style=\"width: 393.75pt;\" width=\"525\">Estrutura est\u00e1vel em madeira maci\u00e7a + pele Nappa amiga do ambiente + esponja de ressalto de alta densidade<\/td>\n<\/tr>\n<tr style=\"height: 27.00pt;\">\n<td class=\"et2\" style=\"height: 27.00pt; width: 107.25pt;\" width=\"143\" height=\"36\">Cena de aplica\u00e7\u00e3o<\/td>\n<td class=\"et3\" style=\"width: 393.75pt;\" width=\"525\">\u00c1trio do hotel\/sala de rece\u00e7\u00e3o\/4S Loja\/\u00e1rea de rece\u00e7\u00e3o\/escrit\u00f3rio de vendas \u00c1rea de estar<\/td>\n<\/tr>\n<tr style=\"height: 13.50pt;\">\n<td class=\"et2\" style=\"height: 13.50pt; width: 107.25pt;\" width=\"143\" height=\"18\">Cor<\/td>\n<td class=\"et3\" style=\"width: 393.75pt;\" width=\"525\">Branco\/cinza (personaliz\u00e1vel)<\/td>\n<\/tr>\n<tr style=\"height: 13.50pt;\">\n<td class=\"et2\" style=\"height: 13.50pt; width: 107.25pt;\" width=\"143\" height=\"18\">Material<\/td>\n<td class=\"et3\" style=\"width: 393.75pt;\" width=\"525\">MDF\/Couro\/Esponja<\/td>\n<\/tr>\n<tr style=\"height: 13.50pt;\">\n<td class=\"et2\" style=\"height: 13.50pt; width: 107.25pt;\" width=\"143\" height=\"18\">Estilo<\/td>\n<td class=\"et3\" style=\"width: 393.75pt;\" width=\"525\">Moderno e simples<\/td>\n<\/tr>\n<\/tbody>\n<\/table>\n<h2>\u00a0<\/h2>\n<p>\n<script src=\"chrome-extension:\/\/fpelahbljekknahkcaegamhcndkfpfnc\/iFrame.js\" type=\"text\/javascript\"><\/script><\/p>","protected":false},"featured_media":1701,"comment_status":"closed","ping_status":"closed","template":"","meta":{"_acf_changed":true},"product_brand":[],"product_cat":[23],"product_tag":[],"class_list":{"0":"post-1680","1":"product","2":"type-product","3":"status-publish","4":"has-post-thumbnail","6":"product_cat-wholesale-lobby-furniture","8":"first","9":"instock","10":"shipping-taxable","11":"product-type-simple"},"acf":[],"_links":{"self":[{"href":"https:\/\/www.youmushiguang.com\/pt\/wp-json\/wp\/v2\/product\/1680","targetHints":{"allow":["GET"]}}],"collection":[{"href":"https:\/\/www.youmushiguang.com\/pt\/wp-json\/wp\/v2\/product"}],"about":[{"href":"https:\/\/www.youmushiguang.com\/pt\/wp-json\/wp\/v2\/types\/product"}],"replies":[{"embeddable":true,"href":"https:\/\/www.youmushiguang.com\/pt\/wp-json\/wp\/v2\/comments?post=1680"}],"wp:featuredmedia":[{"embeddable":true,"href":"https:\/\/www.youmushiguang.com\/pt\/wp-json\/wp\/v2\/media\/1701"}],"wp:attachment":[{"href":"https:\/\/www.youmushiguang.com\/pt\/wp-json\/wp\/v2\/media?parent=1680"}],"wp:term":[{"taxonomy":"product_brand","embeddable":true,"href":"https:\/\/www.youmushiguang.com\/pt\/wp-json\/wp\/v2\/product_brand?post=1680"},{"taxonomy":"product_cat","embeddable":true,"href":"https:\/\/www.youmushiguang.com\/pt\/wp-json\/wp\/v2\/product_cat?post=1680"},{"taxonomy":"product_tag","embeddable":true,"href":"https:\/\/www.youmushiguang.com\/pt\/wp-json\/wp\/v2\/product_tag?post=1680"}],"curies":[{"name":"wp","href":"https:\/\/api.w.org\/{rel}","templated":true}]}}