{"id":1776,"date":"2025-10-27T08:40:17","date_gmt":"2025-10-27T08:40:17","guid":{"rendered":"https:\/\/www.youmushiguang.com\/?post_type=product&#038;p=1776"},"modified":"2025-10-27T09:13:26","modified_gmt":"2025-10-27T09:13:26","slug":"wholesale-commercial-lobby-sofa-set","status":"publish","type":"product","link":"https:\/\/www.youmushiguang.com\/pt\/product\/wholesale-commercial-lobby-sofa-set\/","title":{"rendered":"Conjunto de sof\u00e1 seccional em forma de U por atacado para lobby de hotel, \u00e1rea de rece\u00e7\u00e3o de empresa"},"content":{"rendered":"<div class=\"wp-block-columns is-layout-flex wp-container-core-columns-is-layout-9d6595d7 wp-block-columns-is-layout-flex\">\n<div class=\"wp-block-column is-layout-flow wp-block-column-is-layout-flow\" style=\"flex-basis:25%\"><\/div>\n\n\n\n<div class=\"wp-block-column is-layout-flow wp-block-column-is-layout-flow\" style=\"flex-basis:50%\">\n<figure class=\"wp-block-image size-full\"><img decoding=\"async\" width=\"750\" height=\"2408\" src=\"https:\/\/www.youmushiguang.com\/wp-content\/uploads\/2025\/10\/u-shaped-leisure-sofa-set-1.webp\" alt=\"conjunto de sof\u00e1s de lazer em forma de u (1)\" class=\"wp-image-1787\" srcset=\"https:\/\/www.youmushiguang.com\/wp-content\/uploads\/2025\/10\/u-shaped-leisure-sofa-set-1.webp 750w, https:\/\/www.youmushiguang.com\/wp-content\/uploads\/2025\/10\/u-shaped-leisure-sofa-set-1-93x300.webp 93w, https:\/\/www.youmushiguang.com\/wp-content\/uploads\/2025\/10\/u-shaped-leisure-sofa-set-1-4x12.webp 4w, https:\/\/www.youmushiguang.com\/wp-content\/uploads\/2025\/10\/u-shaped-leisure-sofa-set-1-600x1926.webp 600w\" sizes=\"(max-width: 750px) 100vw, 750px\" \/><\/figure>\n\n\n\n<figure class=\"wp-block-image size-full\"><img decoding=\"async\" width=\"750\" height=\"2406\" src=\"https:\/\/www.youmushiguang.com\/wp-content\/uploads\/2025\/10\/u-shaped-leisure-sofa-set-2.webp\" alt=\"conjunto de sof\u00e1s de lazer em forma de u (2)\" class=\"wp-image-1788\" srcset=\"https:\/\/www.youmushiguang.com\/wp-content\/uploads\/2025\/10\/u-shaped-leisure-sofa-set-2.webp 750w, https:\/\/www.youmushiguang.com\/wp-content\/uploads\/2025\/10\/u-shaped-leisure-sofa-set-2-4x12.webp 4w, https:\/\/www.youmushiguang.com\/wp-content\/uploads\/2025\/10\/u-shaped-leisure-sofa-set-2-600x1925.webp 600w\" sizes=\"(max-width: 750px) 100vw, 750px\" \/><\/figure>\n\n\n\n<figure class=\"wp-block-image size-full\"><img decoding=\"async\" width=\"750\" height=\"2560\" src=\"https:\/\/www.youmushiguang.com\/wp-content\/uploads\/2025\/10\/u-shaped-leisure-sofa-set-3.webp\" alt=\"conjunto de sof\u00e1s de lazer em forma de u (3)\" class=\"wp-image-1789\" srcset=\"https:\/\/www.youmushiguang.com\/wp-content\/uploads\/2025\/10\/u-shaped-leisure-sofa-set-3.webp 750w, https:\/\/www.youmushiguang.com\/wp-content\/uploads\/2025\/10\/u-shaped-leisure-sofa-set-3-88x300.webp 88w, https:\/\/www.youmushiguang.com\/wp-content\/uploads\/2025\/10\/u-shaped-leisure-sofa-set-3-600x2048.webp 600w\" sizes=\"(max-width: 750px) 100vw, 750px\" \/><\/figure>\n\n\n\n<figure class=\"wp-block-image size-full\"><img decoding=\"async\" width=\"750\" height=\"2799\" src=\"https:\/\/www.youmushiguang.com\/wp-content\/uploads\/2025\/10\/u-shaped-leisure-sofa-set-4.webp\" alt=\"conjunto de sof\u00e1s de lazer em forma de u (4)\" class=\"wp-image-1790\" srcset=\"https:\/\/www.youmushiguang.com\/wp-content\/uploads\/2025\/10\/u-shaped-leisure-sofa-set-4.webp 750w, https:\/\/www.youmushiguang.com\/wp-content\/uploads\/2025\/10\/u-shaped-leisure-sofa-set-4-80x300.webp 80w, https:\/\/www.youmushiguang.com\/wp-content\/uploads\/2025\/10\/u-shaped-leisure-sofa-set-4-3x12.webp 3w, https:\/\/www.youmushiguang.com\/wp-content\/uploads\/2025\/10\/u-shaped-leisure-sofa-set-4-600x2239.webp 600w\" sizes=\"(max-width: 750px) 100vw, 750px\" \/><\/figure>\n<\/div>\n\n\n\n<div class=\"wp-block-column is-layout-flow wp-block-column-is-layout-flow\" style=\"flex-basis:25%\"><\/div>\n<\/div>\n\n\n\n<div class=\"wp-block-columns is-layout-flex wp-container-core-columns-is-layout-9d6595d7 wp-block-columns-is-layout-flex\">\n<div class=\"wp-block-column is-layout-flow wp-block-column-is-layout-flow\" style=\"flex-basis:25%\"><\/div>\n\n\n\n<div class=\"wp-block-column is-layout-flow wp-block-column-is-layout-flow\" style=\"flex-basis:50%\"><\/div>\n\n\n\n<div class=\"wp-block-column is-layout-flow wp-block-column-is-layout-flow\" style=\"flex-basis:25%\"><\/div>\n<\/div>\n\n\n\n<div class=\"wp-block-columns is-layout-flex wp-container-core-columns-is-layout-9d6595d7 wp-block-columns-is-layout-flex\">\n<div class=\"wp-block-column is-layout-flow wp-block-column-is-layout-flow\" style=\"flex-basis:25%\"><\/div>\n\n\n\n<div class=\"wp-block-column is-layout-flow wp-block-column-is-layout-flow\" style=\"flex-basis:50%\"><\/div>\n\n\n\n<div class=\"wp-block-column is-layout-flow wp-block-column-is-layout-flow\" style=\"flex-basis:25%\"><\/div>\n<\/div>\n\n\n\n<p><\/p>","protected":false},"excerpt":{"rendered":"<p>Este sof\u00e1 modular curvo combina estilo e versatilidade. A sua constru\u00e7\u00e3o modular permite uma configura\u00e7\u00e3o flex\u00edvel, tornando-o ideal para \u00e1trios de hot\u00e9is, \u00e1reas de rece\u00e7\u00e3o de empresas e outros espa\u00e7os comerciais. Concebido para conforto e durabilidade, possui um assento de espuma espessa de alta densidade e almofadas de costas macias, proporcionando uma experi\u00eancia de assento excecional.<\/p>\n<p>Oferecemos pre\u00e7os de f\u00e1brica e servi\u00e7os OEM e ODM para mobili\u00e1rio comercial por atacado. Hot\u00e9is, importadores e grossistas s\u00e3o bem-vindos a contactar-nos.<\/p>\n<h2>Especifica\u00e7\u00f5es do Conjunto de sof\u00e1s seccionais em forma de U<\/h2>\n<table style=\"border-collapse: collapse; width: 501.02pt;\" border=\"0\" width=\"668\" cellspacing=\"0\" cellpadding=\"0\">\n<tbody>\n<tr style=\"height: 13.50pt;\">\n<td class=\"et2\" style=\"height: 13.50pt; width: 107.25pt;\" width=\"143\" height=\"18\">Modelo<\/td>\n<td class=\"et3\" style=\"width: 393.75pt;\" width=\"525\">1295<\/td>\n<\/tr>\n<tr style=\"height: 15.00pt;\">\n<td class=\"et2\" style=\"height: 15.00pt; width: 107.25pt;\" width=\"143\" height=\"20\">Categoria<\/td>\n<td class=\"et3\" style=\"width: 393.75pt;\" width=\"525\">Mobili\u00e1rio de \u00e1trio\/Mobili\u00e1rio de rece\u00e7\u00e3o de escrit\u00f3rio<\/td>\n<\/tr>\n<tr style=\"height: 13.50pt;\">\n<td class=\"et2\" style=\"height: 13.50pt; width: 107.25pt;\" width=\"143\" height=\"18\">Nome do produto<\/td>\n<td class=\"et3\" style=\"width: 393.75pt;\" width=\"525\">Mesas e cadeiras para a \u00e1rea de rece\u00e7\u00e3o do \u00e1trio<\/td>\n<\/tr>\n<tr style=\"height: 27.00pt;\">\n<td class=\"et2\" style=\"height: 27.00pt; width: 107.25pt;\" width=\"143\" height=\"36\">Op\u00e7\u00f5es de personaliza\u00e7\u00e3o<\/td>\n<td class=\"et3\" style=\"width: 393.75pt;\" width=\"525\">Estilo\/Cor\/Tamanho\/Material<\/td>\n<\/tr>\n<tr style=\"height: 27.00pt;\">\n<td class=\"et2\" style=\"height: 27.00pt; width: 107.25pt;\" width=\"143\" height=\"36\">Cadeira<\/td>\n<td class=\"et3\" style=\"width: 393.75pt;\" width=\"525\">Estrutura est\u00e1vel em madeira maci\u00e7a + pele Nappa amiga do ambiente + esponja de ressalto de alta densidade<\/td>\n<\/tr>\n<tr style=\"height: 13.50pt;\">\n<td class=\"et2\" style=\"height: 13.50pt; width: 107.25pt;\" width=\"143\" height=\"18\">Tabela<\/td>\n<td class=\"et3\" style=\"width: 393.75pt;\" width=\"525\">Tampo de vidro de alta qualidade + estrutura de madeira maci\u00e7a<\/td>\n<\/tr>\n<tr style=\"height: 27.00pt;\">\n<td class=\"et2\" style=\"height: 27.00pt; width: 107.25pt;\" width=\"143\" height=\"36\">Sof\u00e1 comprido<\/td>\n<td class=\"et3\" style=\"width: 393.75pt;\" width=\"525\">Estrutura est\u00e1vel em madeira maci\u00e7a + pele Nappa amiga do ambiente + esponja de ressalto de alta densidade<\/td>\n<\/tr>\n<tr style=\"height: 27.00pt;\">\n<td class=\"et2\" style=\"height: 27.00pt; width: 107.25pt;\" width=\"143\" height=\"36\">Cena de aplica\u00e7\u00e3o<\/td>\n<td class=\"et3\" style=\"width: 393.75pt;\" width=\"525\">\u00c1trio do hotel\/sala de rece\u00e7\u00e3o\/4S Loja\/\u00e1rea de rece\u00e7\u00e3o\/escrit\u00f3rio de vendas \u00c1rea de estar<\/td>\n<\/tr>\n<tr style=\"height: 13.50pt;\">\n<td class=\"et2\" style=\"height: 13.50pt; width: 107.25pt;\" width=\"143\" height=\"18\">Cor<\/td>\n<td class=\"et3\" style=\"width: 393.75pt;\" width=\"525\">Laranja\/branco\/castanho (personaliz\u00e1vel)<\/td>\n<\/tr>\n<tr style=\"height: 13.50pt;\">\n<td class=\"et2\" style=\"height: 13.50pt; width: 107.25pt;\" width=\"143\" height=\"18\">Material<\/td>\n<td class=\"et3\" style=\"width: 393.75pt;\" width=\"525\">Contraplacado\/Vidro\/Madeira maci\u00e7a\/Couro\/Esponja<\/td>\n<\/tr>\n<tr style=\"height: 13.50pt;\">\n<td class=\"et2\" style=\"height: 13.50pt; width: 107.25pt;\" width=\"143\" height=\"18\">Estilo<\/td>\n<td class=\"et3\" style=\"width: 393.75pt;\" width=\"525\">Moderno e simples<\/td>\n<\/tr>\n<\/tbody>\n<\/table>\n<p>\n<script src=\"chrome-extension:\/\/fpelahbljekknahkcaegamhcndkfpfnc\/iFrame.js\" type=\"text\/javascript\"><\/script><\/p>","protected":false},"featured_media":1777,"comment_status":"closed","ping_status":"closed","template":"","meta":{"_acf_changed":true},"product_brand":[],"product_cat":[23],"product_tag":[],"class_list":{"0":"post-1776","1":"product","2":"type-product","3":"status-publish","4":"has-post-thumbnail","6":"product_cat-wholesale-lobby-furniture","8":"first","9":"instock","10":"shipping-taxable","11":"product-type-simple"},"acf":[],"_links":{"self":[{"href":"https:\/\/www.youmushiguang.com\/pt\/wp-json\/wp\/v2\/product\/1776","targetHints":{"allow":["GET"]}}],"collection":[{"href":"https:\/\/www.youmushiguang.com\/pt\/wp-json\/wp\/v2\/product"}],"about":[{"href":"https:\/\/www.youmushiguang.com\/pt\/wp-json\/wp\/v2\/types\/product"}],"replies":[{"embeddable":true,"href":"https:\/\/www.youmushiguang.com\/pt\/wp-json\/wp\/v2\/comments?post=1776"}],"wp:featuredmedia":[{"embeddable":true,"href":"https:\/\/www.youmushiguang.com\/pt\/wp-json\/wp\/v2\/media\/1777"}],"wp:attachment":[{"href":"https:\/\/www.youmushiguang.com\/pt\/wp-json\/wp\/v2\/media?parent=1776"}],"wp:term":[{"taxonomy":"product_brand","embeddable":true,"href":"https:\/\/www.youmushiguang.com\/pt\/wp-json\/wp\/v2\/product_brand?post=1776"},{"taxonomy":"product_cat","embeddable":true,"href":"https:\/\/www.youmushiguang.com\/pt\/wp-json\/wp\/v2\/product_cat?post=1776"},{"taxonomy":"product_tag","embeddable":true,"href":"https:\/\/www.youmushiguang.com\/pt\/wp-json\/wp\/v2\/product_tag?post=1776"}],"curies":[{"name":"wp","href":"https:\/\/api.w.org\/{rel}","templated":true}]}}