{"id":1969,"date":"2025-10-31T09:05:59","date_gmt":"2025-10-31T09:05:59","guid":{"rendered":"https:\/\/www.youmushiguang.com\/?post_type=product&#038;p=1969"},"modified":"2025-10-31T09:44:59","modified_gmt":"2025-10-31T09:44:59","slug":"wholesale-solid-wood-restaurant-table-and-chair-sets","status":"publish","type":"product","link":"https:\/\/www.youmushiguang.com\/pt\/product\/wholesale-solid-wood-restaurant-table-and-chair-sets\/","title":{"rendered":"Conjuntos de mesa e cadeira para restaurante em madeira maci\u00e7a por atacado com gavetas de arruma\u00e7\u00e3o integradas"},"content":{"rendered":"<div class=\"wp-block-columns is-layout-flex wp-container-core-columns-is-layout-9d6595d7 wp-block-columns-is-layout-flex\">\n<div class=\"wp-block-column is-layout-flow wp-block-column-is-layout-flow\" style=\"flex-basis:25%\"><\/div>\n\n\n\n<div class=\"wp-block-column is-layout-flow wp-block-column-is-layout-flow\" style=\"flex-basis:50%\">\n<figure class=\"wp-block-image size-full\"><img decoding=\"async\" width=\"750\" height=\"2511\" src=\"https:\/\/www.youmushiguang.com\/wp-content\/uploads\/2025\/10\/details-of-restaurant-table-and-chair-set-1-1.webp\" alt=\"detalhes de conjunto de mesa e cadeira de restaurante (1)\" class=\"wp-image-1983\" srcset=\"https:\/\/www.youmushiguang.com\/wp-content\/uploads\/2025\/10\/details-of-restaurant-table-and-chair-set-1-1.webp 750w, https:\/\/www.youmushiguang.com\/wp-content\/uploads\/2025\/10\/details-of-restaurant-table-and-chair-set-1-1-90x300.webp 90w, https:\/\/www.youmushiguang.com\/wp-content\/uploads\/2025\/10\/details-of-restaurant-table-and-chair-set-1-1-4x12.webp 4w, https:\/\/www.youmushiguang.com\/wp-content\/uploads\/2025\/10\/details-of-restaurant-table-and-chair-set-1-1-600x2009.webp 600w\" sizes=\"(max-width: 750px) 100vw, 750px\" \/><\/figure>\n\n\n\n<figure class=\"wp-block-image size-full\"><img decoding=\"async\" width=\"750\" height=\"2402\" src=\"https:\/\/www.youmushiguang.com\/wp-content\/uploads\/2025\/10\/details-of-restaurant-table-and-chair-set-2-1.webp\" alt=\"pormenores de conjunto de mesa e cadeira de restaurante (2)\" class=\"wp-image-1984\" srcset=\"https:\/\/www.youmushiguang.com\/wp-content\/uploads\/2025\/10\/details-of-restaurant-table-and-chair-set-2-1.webp 750w, https:\/\/www.youmushiguang.com\/wp-content\/uploads\/2025\/10\/details-of-restaurant-table-and-chair-set-2-1-94x300.webp 94w, https:\/\/www.youmushiguang.com\/wp-content\/uploads\/2025\/10\/details-of-restaurant-table-and-chair-set-2-1-4x12.webp 4w, https:\/\/www.youmushiguang.com\/wp-content\/uploads\/2025\/10\/details-of-restaurant-table-and-chair-set-2-1-600x1922.webp 600w\" sizes=\"(max-width: 750px) 100vw, 750px\" \/><\/figure>\n\n\n\n<figure class=\"wp-block-image size-full\"><img decoding=\"async\" width=\"750\" height=\"2615\" src=\"https:\/\/www.youmushiguang.com\/wp-content\/uploads\/2025\/10\/details-of-restaurant-table-and-chair-set-3-1.webp\" alt=\"pormenores de conjunto de mesa e cadeira de restaurante (3)\" class=\"wp-image-1985\" srcset=\"https:\/\/www.youmushiguang.com\/wp-content\/uploads\/2025\/10\/details-of-restaurant-table-and-chair-set-3-1.webp 750w, https:\/\/www.youmushiguang.com\/wp-content\/uploads\/2025\/10\/details-of-restaurant-table-and-chair-set-3-1-86x300.webp 86w, https:\/\/www.youmushiguang.com\/wp-content\/uploads\/2025\/10\/details-of-restaurant-table-and-chair-set-3-1-600x2092.webp 600w\" sizes=\"(max-width: 750px) 100vw, 750px\" \/><\/figure>\n\n\n\n<figure class=\"wp-block-image size-full\"><img decoding=\"async\" width=\"750\" height=\"2778\" src=\"https:\/\/www.youmushiguang.com\/wp-content\/uploads\/2025\/10\/details-of-restaurant-table-and-chair-set-4-1.webp\" alt=\"pormenores de conjunto de mesa e cadeira de restaurante (4)\" class=\"wp-image-1986\" srcset=\"https:\/\/www.youmushiguang.com\/wp-content\/uploads\/2025\/10\/details-of-restaurant-table-and-chair-set-4-1.webp 750w, https:\/\/www.youmushiguang.com\/wp-content\/uploads\/2025\/10\/details-of-restaurant-table-and-chair-set-4-1-81x300.webp 81w, https:\/\/www.youmushiguang.com\/wp-content\/uploads\/2025\/10\/details-of-restaurant-table-and-chair-set-4-1-3x12.webp 3w, https:\/\/www.youmushiguang.com\/wp-content\/uploads\/2025\/10\/details-of-restaurant-table-and-chair-set-4-1-600x2222.webp 600w\" sizes=\"(max-width: 750px) 100vw, 750px\" \/><\/figure>\n\n\n\n<figure class=\"wp-block-image size-full\"><img decoding=\"async\" width=\"750\" height=\"1394\" src=\"https:\/\/www.youmushiguang.com\/wp-content\/uploads\/2025\/10\/details-of-restaurant-table-and-chair-set-5-1.webp\" alt=\"pormenores de conjunto de mesa e cadeira de restaurante (5)\" class=\"wp-image-1987\" srcset=\"https:\/\/www.youmushiguang.com\/wp-content\/uploads\/2025\/10\/details-of-restaurant-table-and-chair-set-5-1.webp 750w, https:\/\/www.youmushiguang.com\/wp-content\/uploads\/2025\/10\/details-of-restaurant-table-and-chair-set-5-1-161x300.webp 161w, https:\/\/www.youmushiguang.com\/wp-content\/uploads\/2025\/10\/details-of-restaurant-table-and-chair-set-5-1-6x12.webp 6w, https:\/\/www.youmushiguang.com\/wp-content\/uploads\/2025\/10\/details-of-restaurant-table-and-chair-set-5-1-600x1115.webp 600w\" sizes=\"(max-width: 750px) 100vw, 750px\" \/><\/figure>\n<\/div>\n\n\n\n<div class=\"wp-block-column is-layout-flow wp-block-column-is-layout-flow\" style=\"flex-basis:25%\"><\/div>\n<\/div>\n\n\n\n<p><\/p>","protected":false},"excerpt":{"rendered":"<p>Este conjunto de mesa e cadeira de restaurante por atacado apresenta uma estrutura de madeira maci\u00e7a de n\u00edvel comercial, meticulosamente projetada para suportar o uso di\u00e1rio de alta intensidade e a rotatividade de um restaurante movimentado, tornando-o ideal para projetos de caf\u00e9 e restaurante. Encomende agora para beneficiar de pre\u00e7os a granel.<\/p>\n<h2>Especifica\u00e7\u00f5es dos conjuntos de mesa e cadeira para restaurante<\/h2>\n<table style=\"border-collapse: collapse; width: 501.02pt;\" border=\"0\" width=\"668\" cellspacing=\"0\" cellpadding=\"0\">\n<tbody>\n<tr style=\"height: 13.50pt;\">\n<td class=\"et2\" style=\"height: 13.50pt; width: 107.25pt;\" width=\"143\" height=\"18\">Modelo<\/td>\n<td class=\"et3\" style=\"width: 393.75pt;\" width=\"525\">1485<\/td>\n<\/tr>\n<tr style=\"height: 13.50pt;\">\n<td class=\"et2\" style=\"height: 13.50pt; width: 107.25pt;\" width=\"143\" height=\"18\">Categoria<\/td>\n<td class=\"et3\" style=\"width: 393.75pt;\" width=\"525\">Mobili\u00e1rio de restaurante<\/td>\n<\/tr>\n<tr style=\"height: 13.50pt;\">\n<td class=\"et2\" style=\"height: 13.50pt; width: 107.25pt;\" width=\"143\" height=\"18\">Nome do produto<\/td>\n<td class=\"et3\" style=\"width: 393.75pt;\" width=\"525\">Mobili\u00e1rio de restaurante tem\u00e1tico<\/td>\n<\/tr>\n<tr style=\"height: 27.00pt;\">\n<td class=\"et2\" style=\"height: 27.00pt; width: 107.25pt;\" width=\"143\" height=\"36\">Op\u00e7\u00f5es de personaliza\u00e7\u00e3o<\/td>\n<td class=\"et3\" style=\"width: 393.75pt;\" width=\"525\">Estilo\/Cor\/Tamanho\/Material<\/td>\n<\/tr>\n<tr style=\"height: 27.00pt;\">\n<td class=\"et2\" style=\"height: 27.00pt; width: 107.25pt;\" width=\"143\" height=\"36\">Tabela<\/td>\n<td class=\"et3\" style=\"width: 393.75pt;\" width=\"525\">Tampo da mesa em contraplacado de madeira maci\u00e7a multicamadas com acabamento folheado + estrutura met\u00e1lica de alta qualidade<\/td>\n<\/tr>\n<tr style=\"height: 27.00pt;\">\n<td class=\"et2\" style=\"height: 27.00pt; width: 107.25pt;\" width=\"143\" height=\"36\">Cadeira<\/td>\n<td class=\"et3\" style=\"width: 393.75pt;\" width=\"525\">Estrutura em madeira maci\u00e7a + couro napa ecol\u00f3gico + espuma resiliente de alta densidade<\/td>\n<\/tr>\n<tr style=\"height: 27.00pt;\">\n<td class=\"et2\" style=\"height: 27.00pt; width: 107.25pt;\" width=\"143\" height=\"36\">Cabina<\/td>\n<td class=\"et3\" style=\"width: 393.75pt;\" width=\"525\">Estrutura em madeira maci\u00e7a multicamadas + couro Nappa ecol\u00f3gico + espuma resiliente de alta densidade<\/td>\n<\/tr>\n<tr style=\"height: 27.00pt;\">\n<td class=\"et2\" style=\"height: 27.00pt; width: 107.25pt;\" width=\"143\" height=\"36\">Cena de aplica\u00e7\u00e3o<\/td>\n<td class=\"et3\" style=\"width: 393.75pt;\" width=\"525\">Restaurante de ch\u00e1 \/ Restaurante de cozinha Hunan \/ Restaurante ocidental \/ Casa de ch\u00e1 chinesa<\/td>\n<\/tr>\n<tr style=\"height: 13.50pt;\">\n<td class=\"et2\" style=\"height: 13.50pt; width: 107.25pt;\" width=\"143\" height=\"18\">Cor<\/td>\n<td class=\"et3\" style=\"width: 393.75pt;\" width=\"525\">Nogueira\/Branco sujo (personaliz\u00e1vel)<\/td>\n<\/tr>\n<tr style=\"height: 13.50pt;\">\n<td class=\"et2\" style=\"height: 13.50pt; width: 107.25pt;\" width=\"143\" height=\"18\">Material<\/td>\n<td class=\"et3\" style=\"width: 393.75pt;\" width=\"525\">Madeira maci\u00e7a\/contraplacado\/metal\/couro\/esponja<\/td>\n<\/tr>\n<tr style=\"height: 13.50pt;\">\n<td class=\"et2\" style=\"height: 13.50pt; width: 107.25pt;\" width=\"143\" height=\"18\">Estilo<\/td>\n<td class=\"et3\" style=\"width: 393.75pt;\" width=\"525\">Novo estilo chin\u00eas<\/td>\n<\/tr>\n<\/tbody>\n<\/table>\n<p>&nbsp;<\/p>\n<p>\n<script src=\"chrome-extension:\/\/fpelahbljekknahkcaegamhcndkfpfnc\/iFrame.js\" type=\"text\/javascript\"><\/script><\/p>","protected":false},"featured_media":1978,"comment_status":"closed","ping_status":"closed","template":"","meta":{"_acf_changed":true},"product_brand":[],"product_cat":[24],"product_tag":[],"class_list":{"0":"post-1969","1":"product","2":"type-product","3":"status-publish","4":"has-post-thumbnail","6":"product_cat-wholesale-restaurant-furniture","8":"first","9":"instock","10":"shipping-taxable","11":"product-type-simple"},"acf":[],"_links":{"self":[{"href":"https:\/\/www.youmushiguang.com\/pt\/wp-json\/wp\/v2\/product\/1969","targetHints":{"allow":["GET"]}}],"collection":[{"href":"https:\/\/www.youmushiguang.com\/pt\/wp-json\/wp\/v2\/product"}],"about":[{"href":"https:\/\/www.youmushiguang.com\/pt\/wp-json\/wp\/v2\/types\/product"}],"replies":[{"embeddable":true,"href":"https:\/\/www.youmushiguang.com\/pt\/wp-json\/wp\/v2\/comments?post=1969"}],"wp:featuredmedia":[{"embeddable":true,"href":"https:\/\/www.youmushiguang.com\/pt\/wp-json\/wp\/v2\/media\/1978"}],"wp:attachment":[{"href":"https:\/\/www.youmushiguang.com\/pt\/wp-json\/wp\/v2\/media?parent=1969"}],"wp:term":[{"taxonomy":"product_brand","embeddable":true,"href":"https:\/\/www.youmushiguang.com\/pt\/wp-json\/wp\/v2\/product_brand?post=1969"},{"taxonomy":"product_cat","embeddable":true,"href":"https:\/\/www.youmushiguang.com\/pt\/wp-json\/wp\/v2\/product_cat?post=1969"},{"taxonomy":"product_tag","embeddable":true,"href":"https:\/\/www.youmushiguang.com\/pt\/wp-json\/wp\/v2\/product_tag?post=1969"}],"curies":[{"name":"wp","href":"https:\/\/api.w.org\/{rel}","templated":true}]}}