{"id":1991,"date":"2025-10-31T09:41:25","date_gmt":"2025-10-31T09:41:25","guid":{"rendered":"https:\/\/www.youmushiguang.com\/?post_type=product&#038;p=1991"},"modified":"2026-01-23T06:15:11","modified_gmt":"2026-01-23T06:15:11","slug":"wholesale-restaurant-tables-and-chairs","status":"publish","type":"product","link":"https:\/\/www.youmushiguang.com\/pt\/product\/wholesale-restaurant-tables-and-chairs\/","title":{"rendered":"Wholesale Restaurant Tables and Chairs with Natural Wood and Rattan Backs"},"content":{"rendered":"<div class=\"wp-block-columns is-layout-flex wp-container-core-columns-is-layout-9d6595d7 wp-block-columns-is-layout-flex\">\n<div class=\"wp-block-column is-layout-flow wp-block-column-is-layout-flow\" style=\"flex-basis:25%\"><\/div>\n\n\n\n<div class=\"wp-block-column is-layout-flow wp-block-column-is-layout-flow\" style=\"flex-basis:50%\">\n<figure class=\"wp-block-image size-full\"><img decoding=\"async\" width=\"750\" height=\"2570\" src=\"https:\/\/www.youmushiguang.com\/wp-content\/uploads\/2025\/10\/restaurant-table-and-chair-set-details-1-1.webp\" alt=\"detalhes do conjunto de mesa e cadeira para restaurante (1)\" class=\"wp-image-2017\" srcset=\"https:\/\/www.youmushiguang.com\/wp-content\/uploads\/2025\/10\/restaurant-table-and-chair-set-details-1-1.webp 750w, https:\/\/www.youmushiguang.com\/wp-content\/uploads\/2025\/10\/restaurant-table-and-chair-set-details-1-1-600x2056.webp 600w\" sizes=\"(max-width: 750px) 100vw, 750px\" \/><\/figure>\n\n\n\n<figure class=\"wp-block-image size-full\"><img decoding=\"async\" width=\"750\" height=\"2429\" src=\"https:\/\/www.youmushiguang.com\/wp-content\/uploads\/2025\/10\/restaurant-table-and-chair-set-details-2-1.webp\" alt=\"pormenores do conjunto de mesa e cadeira de restaurante (2)\" class=\"wp-image-2018\" srcset=\"https:\/\/www.youmushiguang.com\/wp-content\/uploads\/2025\/10\/restaurant-table-and-chair-set-details-2-1.webp 750w, https:\/\/www.youmushiguang.com\/wp-content\/uploads\/2025\/10\/restaurant-table-and-chair-set-details-2-1-93x300.webp 93w, https:\/\/www.youmushiguang.com\/wp-content\/uploads\/2025\/10\/restaurant-table-and-chair-set-details-2-1-4x12.webp 4w, https:\/\/www.youmushiguang.com\/wp-content\/uploads\/2025\/10\/restaurant-table-and-chair-set-details-2-1-600x1943.webp 600w\" sizes=\"(max-width: 750px) 100vw, 750px\" \/><\/figure>\n\n\n\n<figure class=\"wp-block-image size-full\"><img decoding=\"async\" width=\"750\" height=\"2587\" src=\"https:\/\/www.youmushiguang.com\/wp-content\/uploads\/2025\/10\/restaurant-table-and-chair-set-details-3-1.webp\" alt=\"pormenores do conjunto de mesa e cadeira de restaurante (3)\" class=\"wp-image-2019\" srcset=\"https:\/\/www.youmushiguang.com\/wp-content\/uploads\/2025\/10\/restaurant-table-and-chair-set-details-3-1.webp 750w, https:\/\/www.youmushiguang.com\/wp-content\/uploads\/2025\/10\/restaurant-table-and-chair-set-details-3-1-87x300.webp 87w, https:\/\/www.youmushiguang.com\/wp-content\/uploads\/2025\/10\/restaurant-table-and-chair-set-details-3-1-600x2070.webp 600w\" sizes=\"(max-width: 750px) 100vw, 750px\" \/><\/figure>\n\n\n\n<figure class=\"wp-block-image size-full\"><img decoding=\"async\" width=\"750\" height=\"2762\" src=\"https:\/\/www.youmushiguang.com\/wp-content\/uploads\/2025\/10\/restaurant-table-and-chair-set-details-4-1.webp\" alt=\"pormenores do conjunto de mesa e cadeira de restaurante (4)\" class=\"wp-image-2020\" srcset=\"https:\/\/www.youmushiguang.com\/wp-content\/uploads\/2025\/10\/restaurant-table-and-chair-set-details-4-1.webp 750w, https:\/\/www.youmushiguang.com\/wp-content\/uploads\/2025\/10\/restaurant-table-and-chair-set-details-4-1-3x12.webp 3w, https:\/\/www.youmushiguang.com\/wp-content\/uploads\/2025\/10\/restaurant-table-and-chair-set-details-4-1-600x2210.webp 600w\" sizes=\"(max-width: 750px) 100vw, 750px\" \/><\/figure>\n\n\n\n<figure class=\"wp-block-image size-full\"><img decoding=\"async\" width=\"750\" height=\"1024\" src=\"https:\/\/www.youmushiguang.com\/wp-content\/uploads\/2025\/10\/restaurant-table-and-chair-set-details-5-1.webp\" alt=\"detalhes do conjunto de mesa e cadeira para restaurante (5)\" class=\"wp-image-2021\" srcset=\"https:\/\/www.youmushiguang.com\/wp-content\/uploads\/2025\/10\/restaurant-table-and-chair-set-details-5-1.webp 750w, https:\/\/www.youmushiguang.com\/wp-content\/uploads\/2025\/10\/restaurant-table-and-chair-set-details-5-1-220x300.webp 220w, https:\/\/www.youmushiguang.com\/wp-content\/uploads\/2025\/10\/restaurant-table-and-chair-set-details-5-1-9x12.webp 9w, https:\/\/www.youmushiguang.com\/wp-content\/uploads\/2025\/10\/restaurant-table-and-chair-set-details-5-1-600x819.webp 600w\" sizes=\"(max-width: 750px) 100vw, 750px\" \/><\/figure>\n<\/div>\n\n\n\n<div class=\"wp-block-column is-layout-flow wp-block-column-is-layout-flow\" style=\"flex-basis:25%\"><\/div>\n<\/div>","protected":false},"excerpt":{"rendered":"<p>Wholesale restaurant furniture combines natural textures, a visually light feel, and commercial-grade durability, making it ideal for upscale cafes, restaurants, bistros, and high-traffic commercial dining venues. Contact us for a quote.<\/p>\n<h2>Specifications of Restaurant Tables and Chairs<\/h2>\n<table style=\"border-collapse: collapse; width: 501.02pt;\" border=\"0\" width=\"668\" cellspacing=\"0\" cellpadding=\"0\">\n<tbody>\n<tr style=\"height: 13.50pt;\">\n<td class=\"et2\" style=\"height: 13.50pt; width: 107.25pt;\" width=\"143\" height=\"18\">Modelo<\/td>\n<td class=\"et3\" style=\"width: 393.75pt;\" width=\"525\">1485<\/td>\n<\/tr>\n<tr style=\"height: 13.50pt;\">\n<td class=\"et2\" style=\"height: 13.50pt; width: 107.25pt;\" width=\"143\" height=\"18\">Categoria<\/td>\n<td class=\"et3\" style=\"width: 393.75pt;\" width=\"525\">Mobili\u00e1rio de restaurante<\/td>\n<\/tr>\n<tr style=\"height: 13.50pt;\">\n<td class=\"et2\" style=\"height: 13.50pt; width: 107.25pt;\" width=\"143\" height=\"18\">Nome do produto<\/td>\n<td class=\"et3\" style=\"width: 393.75pt;\" width=\"525\">Mobili\u00e1rio de restaurante<\/td>\n<\/tr>\n<tr style=\"height: 27.00pt;\">\n<td class=\"et2\" style=\"height: 27.00pt; width: 107.25pt;\" width=\"143\" height=\"36\">Op\u00e7\u00f5es de personaliza\u00e7\u00e3o<\/td>\n<td class=\"et3\" style=\"width: 393.75pt;\" width=\"525\">Estilo\/Cor\/Tamanho\/Material<\/td>\n<\/tr>\n<tr style=\"height: 27.00pt;\">\n<td class=\"et2\" style=\"height: 27.00pt; width: 107.25pt;\" width=\"143\" height=\"36\">Tabela<\/td>\n<td class=\"et3\" style=\"width: 393.75pt;\" width=\"525\">Tampo da mesa em contraplacado de madeira maci\u00e7a multicamadas com acabamento folheado + estrutura met\u00e1lica de alta qualidade<\/td>\n<\/tr>\n<tr style=\"height: 27.00pt;\">\n<td class=\"et2\" style=\"height: 27.00pt; width: 107.25pt;\" width=\"143\" height=\"36\">Cadeira<\/td>\n<td class=\"et3\" style=\"width: 393.75pt;\" width=\"525\">Estrutura em madeira maci\u00e7a + couro napa ecol\u00f3gico + espuma resiliente de alta densidade<\/td>\n<\/tr>\n<tr style=\"height: 27.00pt;\">\n<td class=\"et2\" style=\"height: 27.00pt; width: 107.25pt;\" width=\"143\" height=\"36\">Cabina<\/td>\n<td class=\"et3\" style=\"width: 393.75pt;\" width=\"525\">Estrutura em madeira maci\u00e7a multicamadas + couro Nappa ecol\u00f3gico + espuma resiliente de alta densidade<\/td>\n<\/tr>\n<tr style=\"height: 27.00pt;\">\n<td class=\"et2\" style=\"height: 27.00pt; width: 107.25pt;\" width=\"143\" height=\"36\">Cena de aplica\u00e7\u00e3o<\/td>\n<td class=\"et3\" style=\"width: 393.75pt;\" width=\"525\">Restaurante de ch\u00e1 \/ Restaurante ocidental \/ Restaurante<\/td>\n<\/tr>\n<tr style=\"height: 13.50pt;\">\n<td class=\"et2\" style=\"height: 13.50pt; width: 107.25pt;\" width=\"143\" height=\"18\">Cor<\/td>\n<td class=\"et3\" style=\"width: 393.75pt;\" width=\"525\">Nogueira\/Branco sujo (personaliz\u00e1vel)<\/td>\n<\/tr>\n<tr style=\"height: 13.50pt;\">\n<td class=\"et2\" style=\"height: 13.50pt; width: 107.25pt;\" width=\"143\" height=\"18\">Material<\/td>\n<td class=\"et3\" style=\"width: 393.75pt;\" width=\"525\">Madeira maci\u00e7a\/contraplacado\/metal\/couro\/esponja<\/td>\n<\/tr>\n<tr style=\"height: 13.50pt;\">\n<td class=\"et2\" style=\"height: 13.50pt; width: 107.25pt;\" width=\"143\" height=\"18\">Estilo<\/td>\n<td class=\"et3\" style=\"width: 393.75pt;\" width=\"525\">Estilo do sudeste asi\u00e1tico<\/td>\n<\/tr>\n<\/tbody>\n<\/table>\n<p>&nbsp;<\/p>\n<p>\n<script src=\"chrome-extension:\/\/fpelahbljekknahkcaegamhcndkfpfnc\/iFrame.js\" type=\"text\/javascript\"><\/script><\/p>","protected":false},"featured_media":2004,"comment_status":"closed","ping_status":"closed","template":"","meta":{"_acf_changed":false},"product_brand":[],"product_cat":[24,37],"product_tag":[],"class_list":{"0":"post-1991","1":"product","2":"type-product","3":"status-publish","4":"has-post-thumbnail","6":"product_cat-wholesale-restaurant-furniture","7":"product_cat-wholesale-fast-food-restaurant-furniture","9":"first","10":"instock","11":"shipping-taxable","12":"product-type-simple"},"acf":[],"_links":{"self":[{"href":"https:\/\/www.youmushiguang.com\/pt\/wp-json\/wp\/v2\/product\/1991","targetHints":{"allow":["GET"]}}],"collection":[{"href":"https:\/\/www.youmushiguang.com\/pt\/wp-json\/wp\/v2\/product"}],"about":[{"href":"https:\/\/www.youmushiguang.com\/pt\/wp-json\/wp\/v2\/types\/product"}],"replies":[{"embeddable":true,"href":"https:\/\/www.youmushiguang.com\/pt\/wp-json\/wp\/v2\/comments?post=1991"}],"wp:featuredmedia":[{"embeddable":true,"href":"https:\/\/www.youmushiguang.com\/pt\/wp-json\/wp\/v2\/media\/2004"}],"wp:attachment":[{"href":"https:\/\/www.youmushiguang.com\/pt\/wp-json\/wp\/v2\/media?parent=1991"}],"wp:term":[{"taxonomy":"product_brand","embeddable":true,"href":"https:\/\/www.youmushiguang.com\/pt\/wp-json\/wp\/v2\/product_brand?post=1991"},{"taxonomy":"product_cat","embeddable":true,"href":"https:\/\/www.youmushiguang.com\/pt\/wp-json\/wp\/v2\/product_cat?post=1991"},{"taxonomy":"product_tag","embeddable":true,"href":"https:\/\/www.youmushiguang.com\/pt\/wp-json\/wp\/v2\/product_tag?post=1991"}],"curies":[{"name":"wp","href":"https:\/\/api.w.org\/{rel}","templated":true}]}}