{"id":2143,"date":"2025-11-18T08:30:26","date_gmt":"2025-11-18T08:30:26","guid":{"rendered":"https:\/\/www.youmushiguang.com\/?post_type=product&#038;p=2143"},"modified":"2025-11-25T06:49:26","modified_gmt":"2025-11-25T06:49:26","slug":"wholesale-hot-pot-restaurant-tables-and-chairs","status":"publish","type":"product","link":"https:\/\/www.youmushiguang.com\/pt\/product\/wholesale-hot-pot-restaurant-tables-and-chairs\/","title":{"rendered":"Mesas e cadeiras para restaurante de estilo do sudeste asi\u00e1tico por atacado"},"content":{"rendered":"<div class=\"wp-block-columns is-layout-flex wp-container-core-columns-is-layout-9d6595d7 wp-block-columns-is-layout-flex\">\n<div class=\"wp-block-column is-layout-flow wp-block-column-is-layout-flow\" style=\"flex-basis:25%\"><\/div>\n\n\n\n<div class=\"wp-block-column is-layout-flow wp-block-column-is-layout-flow\" style=\"flex-basis:50%\">\n<figure class=\"wp-block-image size-full\"><img decoding=\"async\" width=\"750\" height=\"2524\" src=\"https:\/\/www.youmushiguang.com\/wp-content\/uploads\/2025\/11\/1-1.png\" alt=\"\" class=\"wp-image-2157\" srcset=\"https:\/\/www.youmushiguang.com\/wp-content\/uploads\/2025\/11\/1-1.png 750w, https:\/\/www.youmushiguang.com\/wp-content\/uploads\/2025\/11\/1-1-89x300.png 89w, https:\/\/www.youmushiguang.com\/wp-content\/uploads\/2025\/11\/1-1-4x12.png 4w, https:\/\/www.youmushiguang.com\/wp-content\/uploads\/2025\/11\/1-1-600x2019.png 600w\" sizes=\"(max-width: 750px) 100vw, 750px\" \/><\/figure>\n\n\n\n<figure class=\"wp-block-image size-full\"><img decoding=\"async\" width=\"750\" height=\"2407\" src=\"https:\/\/www.youmushiguang.com\/wp-content\/uploads\/2025\/11\/2-3.png\" alt=\"\" class=\"wp-image-2160\" srcset=\"https:\/\/www.youmushiguang.com\/wp-content\/uploads\/2025\/11\/2-3.png 750w, https:\/\/www.youmushiguang.com\/wp-content\/uploads\/2025\/11\/2-3-4x12.png 4w, https:\/\/www.youmushiguang.com\/wp-content\/uploads\/2025\/11\/2-3-600x1926.png 600w\" sizes=\"(max-width: 750px) 100vw, 750px\" \/><\/figure>\n\n\n\n<figure class=\"wp-block-image size-full\"><img decoding=\"async\" width=\"750\" height=\"2520\" src=\"https:\/\/www.youmushiguang.com\/wp-content\/uploads\/2025\/11\/3-4.png\" alt=\"\" class=\"wp-image-2165\" srcset=\"https:\/\/www.youmushiguang.com\/wp-content\/uploads\/2025\/11\/3-4.png 750w, https:\/\/www.youmushiguang.com\/wp-content\/uploads\/2025\/11\/3-4-89x300.png 89w, https:\/\/www.youmushiguang.com\/wp-content\/uploads\/2025\/11\/3-4-4x12.png 4w, https:\/\/www.youmushiguang.com\/wp-content\/uploads\/2025\/11\/3-4-600x2016.png 600w\" sizes=\"(max-width: 750px) 100vw, 750px\" \/><\/figure>\n\n\n\n<figure class=\"wp-block-image size-full\"><img decoding=\"async\" width=\"750\" height=\"1441\" src=\"https:\/\/www.youmushiguang.com\/wp-content\/uploads\/2025\/11\/4-2.png\" alt=\"\" class=\"wp-image-2154\" srcset=\"https:\/\/www.youmushiguang.com\/wp-content\/uploads\/2025\/11\/4-2.png 750w, https:\/\/www.youmushiguang.com\/wp-content\/uploads\/2025\/11\/4-2-156x300.png 156w, https:\/\/www.youmushiguang.com\/wp-content\/uploads\/2025\/11\/4-2-6x12.png 6w, https:\/\/www.youmushiguang.com\/wp-content\/uploads\/2025\/11\/4-2-600x1153.png 600w\" sizes=\"(max-width: 750px) 100vw, 750px\" \/><\/figure>\n<\/div>\n\n\n\n<div class=\"wp-block-column is-layout-flow wp-block-column-is-layout-flow\" style=\"flex-basis:25%\"><\/div>\n<\/div>\n\n\n\n<pre class=\"wp-block-preformatted\"><br><\/pre>\n\n\n\n<p><\/p>","protected":false},"excerpt":{"rendered":"<p>Os conjuntos de mesa e cadeira para restaurantes combinam um design simples e moderno com uma estrutura de madeira s\u00f3lida resistente e dur\u00e1vel, tornando-os ideais para projectos comerciais. Com almofadas de tecido que n\u00e3o agridem a pele, assentos de espuma de alta densidade e uma constru\u00e7\u00e3o robusta, proporcionam uma experi\u00eancia gastron\u00f3mica duradoura e confort\u00e1vel para restaurantes movimentados.<\/p>\n<p>Somos uma das empresas mais profissionais <a href=\"https:\/\/www.youmushiguang.com\/pt\/product-category\/wholesale-restaurant-furniture\/wholesale-hot-pot-restaurant-furniture\/\" target=\"_blank\" rel=\"noopener\"><strong>fabricantes de mobili\u00e1rio para restaurantes hot pot<\/strong><\/a> em Guangdong, China, fornecendo servi\u00e7os abrangentes de OEM e ODM com um suporte p\u00f3s-venda de cinco anos. Contacte-nos agora!<\/p>\n<h2>Especifica\u00e7\u00f5es dos m\u00f3veis para restaurantes Hot Pot<\/h2>\n<table style=\"border-collapse: collapse; width: 501.02pt;\" border=\"0\" width=\"668\" cellspacing=\"0\" cellpadding=\"0\">\n<tbody>\n<tr style=\"height: 13.50pt;\">\n<td class=\"et2\" style=\"height: 13.50pt; width: 107.25pt;\" width=\"143\" height=\"18\">Modelo<\/td>\n<td class=\"et3\" style=\"width: 393.75pt;\" width=\"525\">1655<\/td>\n<\/tr>\n<tr style=\"height: 13.50pt;\">\n<td class=\"et2\" style=\"height: 13.50pt; width: 107.25pt;\" width=\"143\" height=\"18\">Categoria<\/td>\n<td class=\"et3\" style=\"width: 393.75pt;\" width=\"525\">Mobili\u00e1rio para restaurantes de hot pot<\/td>\n<\/tr>\n<tr style=\"height: 13.50pt;\">\n<td class=\"et2\" style=\"height: 13.50pt; width: 107.25pt;\" width=\"143\" height=\"18\">Nome do produto<\/td>\n<td class=\"et3\" style=\"width: 393.75pt;\" width=\"525\">Mesas e cadeiras para fondue<\/td>\n<\/tr>\n<tr style=\"height: 27.00pt;\">\n<td class=\"et2\" style=\"height: 27.00pt; width: 107.25pt;\" width=\"143\" height=\"36\">Op\u00e7\u00f5es de personaliza\u00e7\u00e3o<\/td>\n<td class=\"et3\" style=\"width: 393.75pt;\" width=\"525\">Estilo\/Cor\/Tamanho\/Material<\/td>\n<\/tr>\n<tr style=\"height: 13.50pt;\">\n<td class=\"et2\" style=\"height: 13.50pt; width: 107.25pt;\" width=\"143\" height=\"18\">Tabela<\/td>\n<td class=\"et3\" style=\"width: 393.75pt;\" width=\"525\">Tampo da mesa em folha de madeira maci\u00e7a + pernas com ferragens de alta qualidade<\/td>\n<\/tr>\n<tr style=\"height: 27.00pt;\">\n<td class=\"et2\" style=\"height: 27.00pt; width: 107.25pt;\" width=\"143\" height=\"36\">Cadeira<\/td>\n<td class=\"et3\" style=\"width: 393.75pt;\" width=\"525\">Estrutura em madeira maci\u00e7a + couro napa ecol\u00f3gico + espuma resiliente de alta densidade<\/td>\n<\/tr>\n<tr style=\"height: 27.00pt;\">\n<td class=\"et2\" style=\"height: 27.00pt; width: 107.25pt;\" width=\"143\" height=\"36\">Cabina<\/td>\n<td class=\"et3\" style=\"width: 393.75pt;\" width=\"525\">Estrutura em madeira maci\u00e7a multicamadas + couro Nappa ecol\u00f3gico + espuma resiliente de alta densidade<\/td>\n<\/tr>\n<tr style=\"height: 27.00pt;\">\n<td class=\"et2\" style=\"height: 27.00pt; width: 107.25pt;\" width=\"143\" height=\"36\">Cena de aplica\u00e7\u00e3o<\/td>\n<td class=\"et3\" style=\"width: 393.75pt;\" width=\"525\">Restaurantes\/restaurantes de fondue\/restaurantes de churrasco<\/td>\n<\/tr>\n<tr style=\"height: 13.50pt;\">\n<td class=\"et2\" style=\"height: 13.50pt; width: 107.25pt;\" width=\"143\" height=\"18\">Cor<\/td>\n<td class=\"et3\" style=\"width: 393.75pt;\" width=\"525\">Nogueira\/Branco sujo (personaliz\u00e1vel)<\/td>\n<\/tr>\n<tr style=\"height: 13.50pt;\">\n<td class=\"et2\" style=\"height: 13.50pt; width: 107.25pt;\" width=\"143\" height=\"18\">Material<\/td>\n<td class=\"et3\" style=\"width: 393.75pt;\" width=\"525\">Madeira maci\u00e7a\/contraplacado\/metal\/couro\/esponja<\/td>\n<\/tr>\n<tr style=\"height: 13.50pt;\">\n<td class=\"et2\" style=\"height: 13.50pt; width: 107.25pt;\" width=\"143\" height=\"18\">Estilo<\/td>\n<td class=\"et3\" style=\"width: 393.75pt;\" width=\"525\">Estilo do sudeste asi\u00e1tico<\/td>\n<\/tr>\n<\/tbody>\n<\/table>\n<p>&nbsp;<\/p>\n<p>&nbsp;<\/p>\n<p>&nbsp;<\/p>\n<p>\n<script src=\"chrome-extension:\/\/fpelahbljekknahkcaegamhcndkfpfnc\/iFrame.js\" type=\"text\/javascript\"><\/script><\/p>","protected":false},"featured_media":2149,"comment_status":"closed","ping_status":"closed","template":"","meta":{"_acf_changed":true},"product_brand":[],"product_cat":[35,24],"product_tag":[],"class_list":{"0":"post-2143","1":"product","2":"type-product","3":"status-publish","4":"has-post-thumbnail","6":"product_cat-wholesale-hot-pot-restaurant-furniture","7":"product_cat-wholesale-restaurant-furniture","9":"first","10":"instock","11":"shipping-taxable","12":"product-type-simple"},"acf":[],"_links":{"self":[{"href":"https:\/\/www.youmushiguang.com\/pt\/wp-json\/wp\/v2\/product\/2143","targetHints":{"allow":["GET"]}}],"collection":[{"href":"https:\/\/www.youmushiguang.com\/pt\/wp-json\/wp\/v2\/product"}],"about":[{"href":"https:\/\/www.youmushiguang.com\/pt\/wp-json\/wp\/v2\/types\/product"}],"replies":[{"embeddable":true,"href":"https:\/\/www.youmushiguang.com\/pt\/wp-json\/wp\/v2\/comments?post=2143"}],"wp:featuredmedia":[{"embeddable":true,"href":"https:\/\/www.youmushiguang.com\/pt\/wp-json\/wp\/v2\/media\/2149"}],"wp:attachment":[{"href":"https:\/\/www.youmushiguang.com\/pt\/wp-json\/wp\/v2\/media?parent=2143"}],"wp:term":[{"taxonomy":"product_brand","embeddable":true,"href":"https:\/\/www.youmushiguang.com\/pt\/wp-json\/wp\/v2\/product_brand?post=2143"},{"taxonomy":"product_cat","embeddable":true,"href":"https:\/\/www.youmushiguang.com\/pt\/wp-json\/wp\/v2\/product_cat?post=2143"},{"taxonomy":"product_tag","embeddable":true,"href":"https:\/\/www.youmushiguang.com\/pt\/wp-json\/wp\/v2\/product_tag?post=2143"}],"curies":[{"name":"wp","href":"https:\/\/api.w.org\/{rel}","templated":true}]}}