{"id":2424,"date":"2025-12-04T03:57:13","date_gmt":"2025-12-04T03:57:13","guid":{"rendered":"https:\/\/www.youmushiguang.com\/?post_type=product&#038;p=2424"},"modified":"2026-04-22T07:45:54","modified_gmt":"2026-04-22T07:45:54","slug":"wholesale-relaxed-style-restaurant-tables-and-chairs","status":"publish","type":"product","link":"https:\/\/www.youmushiguang.com\/pt\/product\/wholesale-relaxed-style-restaurant-tables-and-chairs\/","title":{"rendered":"Wholesale Simple and Relaxed Style Restaurant Tables and Chairs"},"content":{"rendered":"<div class=\"wp-block-columns is-layout-flex wp-container-core-columns-is-layout-9d6595d7 wp-block-columns-is-layout-flex\">\n<div class=\"wp-block-column is-layout-flow wp-block-column-is-layout-flow\" style=\"flex-basis:25%\"><\/div>\n\n\n\n<div class=\"wp-block-column is-layout-flow wp-block-column-is-layout-flow\" style=\"flex-basis:50%\">\n<figure class=\"wp-block-image size-full\"><img decoding=\"async\" width=\"750\" height=\"2416\" src=\"https:\/\/www.youmushiguang.com\/wp-content\/uploads\/2025\/12\/Details-of-restaurant-furniture-1-webp-1-2.png\" alt=\"\" class=\"wp-image-2436\" srcset=\"https:\/\/www.youmushiguang.com\/wp-content\/uploads\/2025\/12\/Details-of-restaurant-furniture-1-webp-1-2.png 750w, https:\/\/www.youmushiguang.com\/wp-content\/uploads\/2025\/12\/Details-of-restaurant-furniture-1-webp-1-2-93x300.png 93w, https:\/\/www.youmushiguang.com\/wp-content\/uploads\/2025\/12\/Details-of-restaurant-furniture-1-webp-1-2-4x12.png 4w, https:\/\/www.youmushiguang.com\/wp-content\/uploads\/2025\/12\/Details-of-restaurant-furniture-1-webp-1-2-600x1933.png 600w\" sizes=\"(max-width: 750px) 100vw, 750px\" \/><\/figure>\n\n\n\n<figure class=\"wp-block-image size-full\"><img decoding=\"async\" width=\"750\" height=\"2439\" src=\"https:\/\/www.youmushiguang.com\/wp-content\/uploads\/2025\/12\/Details-of-restaurant-furniture-1-webp-2.png\" alt=\"\" class=\"wp-image-2437\" srcset=\"https:\/\/www.youmushiguang.com\/wp-content\/uploads\/2025\/12\/Details-of-restaurant-furniture-1-webp-2.png 750w, https:\/\/www.youmushiguang.com\/wp-content\/uploads\/2025\/12\/Details-of-restaurant-furniture-1-webp-2-92x300.png 92w, https:\/\/www.youmushiguang.com\/wp-content\/uploads\/2025\/12\/Details-of-restaurant-furniture-1-webp-2-4x12.png 4w, https:\/\/www.youmushiguang.com\/wp-content\/uploads\/2025\/12\/Details-of-restaurant-furniture-1-webp-2-600x1951.png 600w\" sizes=\"(max-width: 750px) 100vw, 750px\" \/><\/figure>\n\n\n\n<figure class=\"wp-block-image size-full\"><img decoding=\"async\" width=\"750\" height=\"2586\" src=\"https:\/\/www.youmushiguang.com\/wp-content\/uploads\/2025\/12\/Details-of-restaurant-furniture-1-webp-3.png\" alt=\"\" class=\"wp-image-2438\" srcset=\"https:\/\/www.youmushiguang.com\/wp-content\/uploads\/2025\/12\/Details-of-restaurant-furniture-1-webp-3.png 750w, https:\/\/www.youmushiguang.com\/wp-content\/uploads\/2025\/12\/Details-of-restaurant-furniture-1-webp-3-87x300.png 87w, https:\/\/www.youmushiguang.com\/wp-content\/uploads\/2025\/12\/Details-of-restaurant-furniture-1-webp-3-600x2069.png 600w\" sizes=\"(max-width: 750px) 100vw, 750px\" \/><\/figure>\n\n\n\n<figure class=\"wp-block-image size-full\"><img decoding=\"async\" width=\"750\" height=\"1381\" src=\"https:\/\/www.youmushiguang.com\/wp-content\/uploads\/2025\/12\/Details-of-restaurant-furniture-1-webp-4.png\" alt=\"\" class=\"wp-image-2439\" srcset=\"https:\/\/www.youmushiguang.com\/wp-content\/uploads\/2025\/12\/Details-of-restaurant-furniture-1-webp-4.png 750w, https:\/\/www.youmushiguang.com\/wp-content\/uploads\/2025\/12\/Details-of-restaurant-furniture-1-webp-4-163x300.png 163w, https:\/\/www.youmushiguang.com\/wp-content\/uploads\/2025\/12\/Details-of-restaurant-furniture-1-webp-4-7x12.png 7w, https:\/\/www.youmushiguang.com\/wp-content\/uploads\/2025\/12\/Details-of-restaurant-furniture-1-webp-4-600x1105.png 600w\" sizes=\"(max-width: 750px) 100vw, 750px\" \/><\/figure>\n<\/div>\n\n\n\n<div class=\"wp-block-column is-layout-flow wp-block-column-is-layout-flow\" style=\"flex-basis:25%\"><\/div>\n<\/div>\n\n\n\n<p><\/p>","protected":false},"excerpt":{"rendered":"<p>Welcome to bulk purchase our wholesale minimalist-style restaurant furniture. Our designs cleverly blend natural and relaxed aesthetic concepts, adding a touch of sophistication to your commercial space. Perfect for high-end cafes, modern bistros, and boutique hotel restaurants.<\/p>\n<p>Somos profissionais <a href=\"https:\/\/www.youmushiguang.com\/pt\/product-category\/wholesale-restaurant-furniture\/\" target=\"_blank\" rel=\"noopener\"><strong>restaurant furniture manufacturer,<\/strong><\/a> offering a wide range of product styles and supporting OEM and ODM services. Contact us for a quote.<\/p>\n<h2>Especifica\u00e7\u00f5es do mobili\u00e1rio de restaurante<\/h2>\n<table style=\"border-collapse: collapse;width: 647px;height: 397px\" border=\"0\" width=\"668\" cellspacing=\"0\" cellpadding=\"0\">\n<tbody>\n<tr style=\"height: 13.50pt\">\n<td class=\"et2\" style=\"height: 13.50pt;width: 107.25pt\" width=\"143\" height=\"18\">Modelo<\/td>\n<td class=\"et3\" style=\"width: 393.75pt\" width=\"525\">1576<\/td>\n<\/tr>\n<tr style=\"height: 13.50pt\">\n<td class=\"et2\" style=\"height: 13.50pt;width: 107.25pt\" width=\"143\" height=\"18\">Categoria<\/td>\n<td class=\"et3\" style=\"width: 393.75pt\" width=\"525\">Mobili\u00e1rio de restaurante<\/td>\n<\/tr>\n<tr style=\"height: 13.50pt\">\n<td class=\"et2\" style=\"height: 13.50pt;width: 107.25pt\" width=\"143\" height=\"18\">Nome do produto<\/td>\n<td class=\"et3\" style=\"width: 393.75pt\" width=\"525\">Restaurant Furniture Set<\/td>\n<\/tr>\n<tr style=\"height: 27.00pt\">\n<td class=\"et2\" style=\"height: 27.00pt;width: 107.25pt\" width=\"143\" height=\"36\">Op\u00e7\u00f5es de personaliza\u00e7\u00e3o<\/td>\n<td class=\"et3\" style=\"width: 393.75pt\" width=\"525\">Estilo\/Cor\/Tamanho\/Material<\/td>\n<\/tr>\n<tr style=\"height: 27.00pt\">\n<td class=\"et2\" style=\"height: 27.00pt;width: 107.25pt\" width=\"143\" height=\"36\">Cadeira<\/td>\n<td class=\"et3\" style=\"width: 393.75pt\" width=\"525\">Wooden frame + skin-friendly Nappa leather + high-density resilient foam<\/td>\n<\/tr>\n<tr style=\"height: 13.50pt\">\n<td class=\"et2\" style=\"height: 13.50pt;width: 107.25pt\" width=\"143\" height=\"18\">Tabela<\/td>\n<td class=\"et3\" style=\"width: 393.75pt\" width=\"525\">Multi-layer plywood-clad stone tabletop + multi-layer plywood table legs<\/td>\n<\/tr>\n<tr style=\"height: 27.00pt\">\n<td class=\"et2\" style=\"height: 27.00pt;width: 107.25pt\" width=\"143\" height=\"36\">Cena de aplica\u00e7\u00e3o<\/td>\n<td class=\"et3\" style=\"width: 393.75pt\" width=\"525\">Theme restaurant\/tavern\/Western restaurant\/simple restaurant\/coffee shop<\/td>\n<\/tr>\n<tr style=\"height: 13.50pt\">\n<td class=\"et2\" style=\"height: 13.50pt;width: 107.25pt\" width=\"143\" height=\"18\">Cor<\/td>\n<td class=\"et3\" style=\"width: 393.75pt\" width=\"525\">Light Walnut\/Black (customizable)<\/td>\n<\/tr>\n<tr style=\"height: 13.50pt\">\n<td class=\"et2\" style=\"height: 13.50pt;width: 107.25pt\" width=\"143\" height=\"18\">Material<\/td>\n<td class=\"et3\" style=\"width: 393.75pt\" width=\"525\">Plywood\/Metal\/Leather\/Sponge<\/td>\n<\/tr>\n<tr style=\"height: 13.50pt\">\n<td class=\"et2\" style=\"height: 13.50pt;width: 107.25pt\" width=\"143\" height=\"18\">Estilo<\/td>\n<td class=\"et3\" style=\"width: 393.75pt\" width=\"525\">\n<p>Estilo do sudeste asi\u00e1tico<\/p>\n<\/td>\n<\/tr>\n<\/tbody>\n<\/table>\n<p>&nbsp;<\/p><\/p>","protected":false},"featured_media":2425,"comment_status":"closed","ping_status":"closed","template":"","meta":{"_acf_changed":false},"product_brand":[],"product_cat":[24,43,39,48,46],"product_tag":[],"class_list":{"0":"post-2424","1":"product","2":"type-product","3":"status-publish","4":"has-post-thumbnail","6":"product_cat-wholesale-restaurant-furniture","7":"product_cat-wholesale-hotel-restaurant-furniture","8":"product_cat-wholesale-western-restaurant-furniture","9":"product_cat-themed-restaurant-furniture","10":"product_cat-modern-restaurant-furniture","12":"first","13":"instock","14":"shipping-taxable","15":"product-type-simple"},"acf":[],"_links":{"self":[{"href":"https:\/\/www.youmushiguang.com\/pt\/wp-json\/wp\/v2\/product\/2424","targetHints":{"allow":["GET"]}}],"collection":[{"href":"https:\/\/www.youmushiguang.com\/pt\/wp-json\/wp\/v2\/product"}],"about":[{"href":"https:\/\/www.youmushiguang.com\/pt\/wp-json\/wp\/v2\/types\/product"}],"replies":[{"embeddable":true,"href":"https:\/\/www.youmushiguang.com\/pt\/wp-json\/wp\/v2\/comments?post=2424"}],"wp:featuredmedia":[{"embeddable":true,"href":"https:\/\/www.youmushiguang.com\/pt\/wp-json\/wp\/v2\/media\/2425"}],"wp:attachment":[{"href":"https:\/\/www.youmushiguang.com\/pt\/wp-json\/wp\/v2\/media?parent=2424"}],"wp:term":[{"taxonomy":"product_brand","embeddable":true,"href":"https:\/\/www.youmushiguang.com\/pt\/wp-json\/wp\/v2\/product_brand?post=2424"},{"taxonomy":"product_cat","embeddable":true,"href":"https:\/\/www.youmushiguang.com\/pt\/wp-json\/wp\/v2\/product_cat?post=2424"},{"taxonomy":"product_tag","embeddable":true,"href":"https:\/\/www.youmushiguang.com\/pt\/wp-json\/wp\/v2\/product_tag?post=2424"}],"curies":[{"name":"wp","href":"https:\/\/api.w.org\/{rel}","templated":true}]}}