{"id":3440,"date":"2025-12-13T00:51:03","date_gmt":"2025-12-13T00:51:03","guid":{"rendered":"https:\/\/www.youmushiguang.com\/?post_type=product&#038;p=3440"},"modified":"2026-04-22T07:23:27","modified_gmt":"2026-04-22T07:23:27","slug":"vintage-style-cafe-restaurant-table-and-chair-set","status":"publish","type":"product","link":"https:\/\/www.youmushiguang.com\/pt\/product\/vintage-style-cafe-restaurant-table-and-chair-set\/","title":{"rendered":"Custom-made Vintage Style Cafe\/Restaurant Table and Chair Set &#8211; Solid Wood Tabletop with Rock Slab Surface"},"content":{"rendered":"<div class=\"wp-block-columns is-layout-flex wp-container-core-columns-is-layout-9d6595d7 wp-block-columns-is-layout-flex\">\n<div class=\"wp-block-column is-layout-flow wp-block-column-is-layout-flow\" style=\"flex-basis:25%\"><\/div>\n\n\n\n<div class=\"wp-block-column is-layout-flow wp-block-column-is-layout-flow\" style=\"flex-basis:50%\">\n<figure class=\"wp-block-image size-full\"><img decoding=\"async\" width=\"790\" height=\"2120\" src=\"https:\/\/www.youmushiguang.com\/wp-content\/uploads\/2025\/12\/114-2-1-2.png\" alt=\"\" class=\"wp-image-3443\" srcset=\"https:\/\/www.youmushiguang.com\/wp-content\/uploads\/2025\/12\/114-2-1-2.png 790w, https:\/\/www.youmushiguang.com\/wp-content\/uploads\/2025\/12\/114-2-1-2-112x300.png 112w, https:\/\/www.youmushiguang.com\/wp-content\/uploads\/2025\/12\/114-2-1-2-768x2061.png 768w, https:\/\/www.youmushiguang.com\/wp-content\/uploads\/2025\/12\/114-2-1-2-4x12.png 4w, https:\/\/www.youmushiguang.com\/wp-content\/uploads\/2025\/12\/114-2-1-2-600x1610.png 600w\" sizes=\"(max-width: 790px) 100vw, 790px\" \/><\/figure>\n\n\n\n<figure class=\"wp-block-image size-full\"><img decoding=\"async\" width=\"790\" height=\"2199\" src=\"https:\/\/www.youmushiguang.com\/wp-content\/uploads\/2025\/12\/114-2-2.png\" alt=\"\" class=\"wp-image-3442\" srcset=\"https:\/\/www.youmushiguang.com\/wp-content\/uploads\/2025\/12\/114-2-2.png 790w, https:\/\/www.youmushiguang.com\/wp-content\/uploads\/2025\/12\/114-2-2-108x300.png 108w, https:\/\/www.youmushiguang.com\/wp-content\/uploads\/2025\/12\/114-2-2-768x2138.png 768w, https:\/\/www.youmushiguang.com\/wp-content\/uploads\/2025\/12\/114-2-2-4x12.png 4w, https:\/\/www.youmushiguang.com\/wp-content\/uploads\/2025\/12\/114-2-2-600x1670.png 600w\" sizes=\"(max-width: 790px) 100vw, 790px\" \/><\/figure>\n\n\n\n<figure class=\"wp-block-image size-full\"><img decoding=\"async\" width=\"790\" height=\"2199\" src=\"https:\/\/www.youmushiguang.com\/wp-content\/uploads\/2025\/12\/114-2-2-1.png\" alt=\"\" class=\"wp-image-3444\" srcset=\"https:\/\/www.youmushiguang.com\/wp-content\/uploads\/2025\/12\/114-2-2-1.png 790w, https:\/\/www.youmushiguang.com\/wp-content\/uploads\/2025\/12\/114-2-2-1-108x300.png 108w, https:\/\/www.youmushiguang.com\/wp-content\/uploads\/2025\/12\/114-2-2-1-768x2138.png 768w, https:\/\/www.youmushiguang.com\/wp-content\/uploads\/2025\/12\/114-2-2-1-4x12.png 4w, https:\/\/www.youmushiguang.com\/wp-content\/uploads\/2025\/12\/114-2-2-1-600x1670.png 600w\" sizes=\"(max-width: 790px) 100vw, 790px\" \/><\/figure>\n\n\n\n<figure class=\"wp-block-image size-full\"><img decoding=\"async\" width=\"790\" height=\"1344\" src=\"https:\/\/www.youmushiguang.com\/wp-content\/uploads\/2025\/12\/114-2-4.png\" alt=\"\" class=\"wp-image-3445\" srcset=\"https:\/\/www.youmushiguang.com\/wp-content\/uploads\/2025\/12\/114-2-4.png 790w, https:\/\/www.youmushiguang.com\/wp-content\/uploads\/2025\/12\/114-2-4-176x300.png 176w, https:\/\/www.youmushiguang.com\/wp-content\/uploads\/2025\/12\/114-2-4-768x1307.png 768w, https:\/\/www.youmushiguang.com\/wp-content\/uploads\/2025\/12\/114-2-4-7x12.png 7w, https:\/\/www.youmushiguang.com\/wp-content\/uploads\/2025\/12\/114-2-4-600x1021.png 600w\" sizes=\"(max-width: 790px) 100vw, 790px\" \/><\/figure>\n\n\n\n<figure class=\"wp-block-image size-full\"><img decoding=\"async\" width=\"790\" height=\"1953\" src=\"https:\/\/www.youmushiguang.com\/wp-content\/uploads\/2025\/12\/114-1-1-1.jpg\" alt=\"\" class=\"wp-image-3446\" srcset=\"https:\/\/www.youmushiguang.com\/wp-content\/uploads\/2025\/12\/114-1-1-1.jpg 790w, https:\/\/www.youmushiguang.com\/wp-content\/uploads\/2025\/12\/114-1-1-1-121x300.jpg 121w, https:\/\/www.youmushiguang.com\/wp-content\/uploads\/2025\/12\/114-1-1-1-768x1899.jpg 768w, https:\/\/www.youmushiguang.com\/wp-content\/uploads\/2025\/12\/114-1-1-1-5x12.jpg 5w, https:\/\/www.youmushiguang.com\/wp-content\/uploads\/2025\/12\/114-1-1-1-600x1483.jpg 600w\" sizes=\"(max-width: 790px) 100vw, 790px\" \/><\/figure>\n<\/div>\n\n\n\n<div class=\"wp-block-column is-layout-flow wp-block-column-is-layout-flow\" style=\"flex-basis:25%\"><\/div>\n<\/div>\n\n\n\n<p><\/p>","protected":false},"excerpt":{"rendered":"<div id=\"tw-container\" class=\"nev7se\" data-cp=\"1\" data-nnttsvi=\"1\" data-sletp=\"false\" data-sm=\"1\" data-ssbp=\"false\" data-sugg-time=\"500\" data-sugg-url=\"https:\/\/clients1.google.com\/complete\/search\" data-uilc=\"zh-CN\" data-vil=\",af,af-ZA,am,am-ET,ar-EG,ar-AE,ar-KW,ar-QA,ar,ar-IL,ar-JO,ar-LB,ar-PS,az,az-AZ,bg,bg-BG,bn,bn-BD,bn-IN,ca,ca-es,cs,cs-CZ,de,de-DE,de-CH,de-AT,de-LI,en,en-US,en-CA,en-AU,en-NZ,en-GB,en-IN,en-KE,en-TZ,en-NG,en-GH,en-PH,en-ZA,es,es-ES,es-AR,es-UY,es-419,es-BO,es-CL,es-CR,es-CO,es-DO,es-EC,es-GT,es-HN,es-NI,es-PA,es-PE,es-PR,es-PY,es-SV,es-VE,es-MX,es-US,eu,eu-ES,fi,fi-FI,fr,fr-FR,fr-CH,fr-BE,gl,gl-ES,gu,gu-IN,he,he-IL,iw,iw-IL,hu,hu-HU,hy,hy-AM,id,id-ID,is,is-IS,it,it-IT,it-CH,ja,ja-JP,jv,jv-ID,ka,ka-GE,km,km-KH,kn,kn-IN,ko,ko-KR,la,lo,lo-LA,lv,lv-LV,ml,ml-IN,mr,mr-IN,ms,ms-MY,nl,nl-NL,nb,nb-NO,ne,ne-NP,pl,pl-PL,pt,pt-BR,pt-PT,ro,ro-RO,ru,ru-RU,si-LK,sk,sk-SK,sr,sr-RS,su,su-ID,sv,sv-SE,sw,sw-TZ,sw-KE,ta,ta-IN,ta-SG,ta-LK,ta-MY,te,te-IN,tr,tr-TR,ur,ur-PK,ur-IN,yue,yue-HK,yue-Hant-HK,zh-HK,zh,zh-CN,zh-cmn,zh-cmn-CN,zh-Hans,zh-Hans-CN,zh-cmn-Hans,zh-cmn-Hans-CN,cmn-CN,cmn-Hans,cmn-Hans-CN,zh-TW,zh-Hant-TW,cmn-TW,cmn-Hant-TW,zh-cmn-TW,zh-cmn-Hant-TW,zu,zu-ZA,hi,hi-IN,tl,tl-PH,pa,pa-IN\">\n<div id=\"tw-ob\" class=\"tw-src-ltr\">\n<div class=\"oSioSc\">\n<div id=\"tw-target\">\n<div id=\"kAz1tf\" class=\"g9WsWb PZPZlf\" data-attrid=\"tw-targetArea\" data-entityname=\"Google Translate\">\n<div id=\"tw-target-text-container\" class=\"tw-ta-container tw-nfl\" role=\"text\">\n<div class=\"tw-ta-container tw-nfl\" role=\"text\">\n<p>Wholesale cafe tables and chairs. This cafe furniture features a classic, vintage European cafe style. This product series is designed to create an atmosphere where every cup of coffee is worth savoring and every conversation is memorable. Contact us for factory pricing.<\/p>\n<\/div>\n<\/div>\n<\/div>\n<\/div>\n<\/div>\n<\/div>\n<\/div>\n<h2>Especifica\u00e7\u00f5es do Conjunto de mesa e cadeira para caf\u00e9<\/h2>\n<table width=\"668\">\n<tbody>\n<tr>\n<td width=\"143\">Modelo<\/td>\n<td width=\"525\">114-2<\/td>\n<\/tr>\n<tr>\n<td width=\"143\">Categoria<\/td>\n<td width=\"525\">Mobili\u00e1rio para cafetaria<\/td>\n<\/tr>\n<tr>\n<td width=\"143\">Nome do produto<\/td>\n<td width=\"525\">Mesas e cadeiras para cafetaria<\/td>\n<\/tr>\n<tr>\n<td width=\"143\">Op\u00e7\u00f5es de personaliza\u00e7\u00e3o<\/td>\n<td width=\"525\">Estilo\/Cor\/Tamanho\/Material<\/td>\n<\/tr>\n<tr>\n<td width=\"143\">\n<p>Tabela<\/p>\n<\/td>\n<td width=\"525\">\n<p id=\"tw-target-text\" class=\"tw-data-text tw-text-large tw-ta\" dir=\"ltr\" role=\"text\" data-placeholder=\"\u7ffb\u8bd1\" data-ved=\"2ahUKEwienP6Yw7eRAxXwITQIHc-GAswQ3ewLegQIDBAW\" aria-label=\"\u8bd1\u6587\uff1aSolid wood tabletop with stone veneer surface + high-quality metal table legs\"><span class=\"Y2IQFc\" lang=\"en\">Solid wood tabletop with stone veneer surface + high-quality metal table legs<\/span><\/p>\n<\/td>\n<\/tr>\n<tr>\n<td width=\"143\">Cadeira<\/td>\n<td width=\"525\">\n<p id=\"tw-target-text\" class=\"tw-data-text tw-text-large tw-ta\" dir=\"ltr\" role=\"text\" data-placeholder=\"\u7ffb\u8bd1\" data-ved=\"2ahUKEwienP6Yw7eRAxXwITQIHc-GAswQ3ewLegQIDBAW\" aria-label=\"\u8bd1\u6587\uff1aMoldura de madeira s\u00f3lida + couro Nappa de alta qualidade + esponja de alta densidade\"><span class=\"Y2IQFc\" lang=\"en\">Estrutura em madeira maci\u00e7a + couro Nappa de alta qualidade + esponja de alta densidade<\/span><\/p>\n<\/td>\n<\/tr>\n<tr>\n<td width=\"143\">Cena de aplica\u00e7\u00e3o<\/td>\n<td width=\"525\">Caf\u00e9 \/ Cafetaria<\/td>\n<\/tr>\n<tr>\n<td width=\"143\">Cor<\/td>\n<td width=\"525\">Nogueira\/Branco sujo (personaliz\u00e1vel)<\/td>\n<\/tr>\n<tr>\n<td width=\"143\">Material<\/td>\n<td width=\"525\">Madeira maci\u00e7a\/contraplacado\/metal\/couro\/esponja<\/td>\n<\/tr>\n<tr>\n<td width=\"143\">estilo<\/td>\n<td width=\"525\">\n<pre id=\"tw-target-text\" class=\"tw-data-text tw-text-large tw-ta\" dir=\"ltr\" role=\"text\" data-placeholder=\"\u7ffb\u8bd1\" data-ved=\"2ahUKEwienP6Yw7eRAxXwITQIHc-GAswQ3ewLegQIDBAW\" aria-label=\"\u8bd1\u6587\uff1aRetro\"><span class=\"Y2IQFc\" lang=\"en\">Retro<\/span><\/pre>\n<\/td>\n<\/tr>\n<\/tbody>\n<\/table>\n<p>&nbsp;<\/p>\n<p>&nbsp;<\/p>\n<p>&nbsp;<\/p>\n<p><script src=\"chrome-extension:\/\/fpelahbljekknahkcaegamhcndkfpfnc\/iFrame.js\" type=\"text\/javascript\"><\/script><\/p>\n<p>\n<script src=\"chrome-extension:\/\/fpelahbljekknahkcaegamhcndkfpfnc\/iFrame.js\" type=\"text\/javascript\"><\/script><\/p>","protected":false},"featured_media":3441,"comment_status":"closed","ping_status":"closed","template":"","meta":{"_acf_changed":true},"product_brand":[],"product_cat":[20,24,36,48,42,44],"product_tag":[],"class_list":{"0":"post-3440","1":"product","2":"type-product","3":"status-publish","4":"has-post-thumbnail","6":"product_cat-wholesale-cafe-furniture","7":"product_cat-wholesale-restaurant-furniture","8":"product_cat-wholesale-coffee-shop-restaurant-furniture","9":"product_cat-themed-restaurant-furniture","10":"product_cat-wholesale-dessert-shop-furniture","11":"product_cat-vintage-style-restaurant-furniture","13":"first","14":"instock","15":"shipping-taxable","16":"product-type-simple"},"acf":[],"_links":{"self":[{"href":"https:\/\/www.youmushiguang.com\/pt\/wp-json\/wp\/v2\/product\/3440","targetHints":{"allow":["GET"]}}],"collection":[{"href":"https:\/\/www.youmushiguang.com\/pt\/wp-json\/wp\/v2\/product"}],"about":[{"href":"https:\/\/www.youmushiguang.com\/pt\/wp-json\/wp\/v2\/types\/product"}],"replies":[{"embeddable":true,"href":"https:\/\/www.youmushiguang.com\/pt\/wp-json\/wp\/v2\/comments?post=3440"}],"wp:featuredmedia":[{"embeddable":true,"href":"https:\/\/www.youmushiguang.com\/pt\/wp-json\/wp\/v2\/media\/3441"}],"wp:attachment":[{"href":"https:\/\/www.youmushiguang.com\/pt\/wp-json\/wp\/v2\/media?parent=3440"}],"wp:term":[{"taxonomy":"product_brand","embeddable":true,"href":"https:\/\/www.youmushiguang.com\/pt\/wp-json\/wp\/v2\/product_brand?post=3440"},{"taxonomy":"product_cat","embeddable":true,"href":"https:\/\/www.youmushiguang.com\/pt\/wp-json\/wp\/v2\/product_cat?post=3440"},{"taxonomy":"product_tag","embeddable":true,"href":"https:\/\/www.youmushiguang.com\/pt\/wp-json\/wp\/v2\/product_tag?post=3440"}],"curies":[{"name":"wp","href":"https:\/\/api.w.org\/{rel}","templated":true}]}}