{"id":3621,"date":"2026-02-24T00:49:32","date_gmt":"2026-02-24T00:49:32","guid":{"rendered":"https:\/\/www.youmushiguang.com\/?post_type=product&#038;p=3621"},"modified":"2026-02-24T04:13:03","modified_gmt":"2026-02-24T04:13:03","slug":"factory-supply-hotel-lobby-sofa-table-and-chair-set","status":"publish","type":"product","link":"https:\/\/www.youmushiguang.com\/pt\/product\/factory-supply-hotel-lobby-sofa-table-and-chair-set\/","title":{"rendered":"Fornecimento de f\u00e1brica de mobili\u00e1rio para \u00e1trios comerciais - sof\u00e1s semicirculares, cadeiras e mesas de centro"},"content":{"rendered":"<div class=\"wp-block-columns is-layout-flex wp-container-core-columns-is-layout-9d6595d7 wp-block-columns-is-layout-flex\">\n<div class=\"wp-block-column is-layout-flow wp-block-column-is-layout-flow\" style=\"flex-basis:25%\"><\/div>\n\n\n\n<div class=\"wp-block-column is-layout-flow wp-block-column-is-layout-flow\" style=\"flex-basis:50%\">\n<figure class=\"wp-block-image size-full\"><img decoding=\"async\" width=\"750\" height=\"2236\" src=\"https:\/\/www.youmushiguang.com\/wp-content\/uploads\/2025\/12\/72-1-1.webp\" alt=\"\" class=\"wp-image-3634\" srcset=\"https:\/\/www.youmushiguang.com\/wp-content\/uploads\/2025\/12\/72-1-1.webp 750w, https:\/\/www.youmushiguang.com\/wp-content\/uploads\/2025\/12\/72-1-1-101x300.webp 101w, https:\/\/www.youmushiguang.com\/wp-content\/uploads\/2025\/12\/72-1-1-4x12.webp 4w, https:\/\/www.youmushiguang.com\/wp-content\/uploads\/2025\/12\/72-1-1-600x1789.webp 600w\" sizes=\"(max-width: 750px) 100vw, 750px\" \/><\/figure>\n\n\n\n<figure class=\"wp-block-image size-full\"><img decoding=\"async\" width=\"750\" height=\"2433\" src=\"https:\/\/www.youmushiguang.com\/wp-content\/uploads\/2025\/12\/72-1-2.webp\" alt=\"\" class=\"wp-image-3635\" srcset=\"https:\/\/www.youmushiguang.com\/wp-content\/uploads\/2025\/12\/72-1-2.webp 750w, https:\/\/www.youmushiguang.com\/wp-content\/uploads\/2025\/12\/72-1-2-4x12.webp 4w, https:\/\/www.youmushiguang.com\/wp-content\/uploads\/2025\/12\/72-1-2-600x1946.webp 600w\" sizes=\"(max-width: 750px) 100vw, 750px\" \/><\/figure>\n\n\n\n<figure class=\"wp-block-image size-full\"><img decoding=\"async\" width=\"750\" height=\"2273\" src=\"https:\/\/www.youmushiguang.com\/wp-content\/uploads\/2025\/12\/72-1-3.webp\" alt=\"\" class=\"wp-image-3636\" srcset=\"https:\/\/www.youmushiguang.com\/wp-content\/uploads\/2025\/12\/72-1-3.webp 750w, https:\/\/www.youmushiguang.com\/wp-content\/uploads\/2025\/12\/72-1-3-99x300.webp 99w, https:\/\/www.youmushiguang.com\/wp-content\/uploads\/2025\/12\/72-1-3-4x12.webp 4w, https:\/\/www.youmushiguang.com\/wp-content\/uploads\/2025\/12\/72-1-3-600x1818.webp 600w\" sizes=\"(max-width: 750px) 100vw, 750px\" \/><\/figure>\n\n\n\n<figure class=\"wp-block-image size-full\"><img decoding=\"async\" width=\"750\" height=\"1418\" src=\"https:\/\/www.youmushiguang.com\/wp-content\/uploads\/2025\/12\/72-1-4.webp\" alt=\"\" class=\"wp-image-3637\" srcset=\"https:\/\/www.youmushiguang.com\/wp-content\/uploads\/2025\/12\/72-1-4.webp 750w, https:\/\/www.youmushiguang.com\/wp-content\/uploads\/2025\/12\/72-1-4-159x300.webp 159w, https:\/\/www.youmushiguang.com\/wp-content\/uploads\/2025\/12\/72-1-4-6x12.webp 6w, https:\/\/www.youmushiguang.com\/wp-content\/uploads\/2025\/12\/72-1-4-600x1134.webp 600w\" sizes=\"(max-width: 750px) 100vw, 750px\" \/><\/figure>\n\n\n\n<figure class=\"wp-block-image size-full\"><img decoding=\"async\" width=\"750\" height=\"1420\" src=\"https:\/\/www.youmushiguang.com\/wp-content\/uploads\/2025\/12\/72-1-5.webp\" alt=\"\" class=\"wp-image-3638\" srcset=\"https:\/\/www.youmushiguang.com\/wp-content\/uploads\/2025\/12\/72-1-5.webp 750w, https:\/\/www.youmushiguang.com\/wp-content\/uploads\/2025\/12\/72-1-5-158x300.webp 158w, https:\/\/www.youmushiguang.com\/wp-content\/uploads\/2025\/12\/72-1-5-6x12.webp 6w, https:\/\/www.youmushiguang.com\/wp-content\/uploads\/2025\/12\/72-1-5-600x1136.webp 600w\" sizes=\"(max-width: 750px) 100vw, 750px\" \/><\/figure>\n\n\n\n<figure class=\"wp-block-image size-full\"><img decoding=\"async\" width=\"750\" height=\"1444\" src=\"https:\/\/www.youmushiguang.com\/wp-content\/uploads\/2025\/12\/72-1-6.webp\" alt=\"\" class=\"wp-image-3639\" srcset=\"https:\/\/www.youmushiguang.com\/wp-content\/uploads\/2025\/12\/72-1-6.webp 750w, https:\/\/www.youmushiguang.com\/wp-content\/uploads\/2025\/12\/72-1-6-156x300.webp 156w, https:\/\/www.youmushiguang.com\/wp-content\/uploads\/2025\/12\/72-1-6-6x12.webp 6w, https:\/\/www.youmushiguang.com\/wp-content\/uploads\/2025\/12\/72-1-6-600x1155.webp 600w\" sizes=\"(max-width: 750px) 100vw, 750px\" \/><\/figure>\n<\/div>\n\n\n\n<div class=\"wp-block-column is-layout-flow wp-block-column-is-layout-flow\" style=\"flex-basis:25%\"><\/div>\n<\/div>\n\n\n\n<p><\/p>","protected":false},"excerpt":{"rendered":"<p>This modern lobby furniture set will transform your hall, lobby, and reception area into a stylish and inviting space. It includes a semi-circular sectional sofa, comfortable sofa chairs, and stylish coffee tables. Bulk supply supported. Welcome to contact us for a quote.<\/p>\n<h2>Especifica\u00e7\u00f5es do Conjunto de mobili\u00e1rio para \u00e1trio de hotel<\/h2>\n<table style=\"border-collapse: collapse; width: 501.02pt;\" border=\"0\" width=\"668\" cellspacing=\"0\" cellpadding=\"0\">\n<tbody>\n<tr style=\"height: 13.50pt;\">\n<td class=\"et2\" style=\"height: 13.50pt; width: 107.25pt;\" width=\"143\" height=\"18\">Modelo<\/td>\n<td class=\"et3\" style=\"width: 393.75pt;\" width=\"525\">72<\/td>\n<\/tr>\n<tr style=\"height: 13.50pt;\">\n<td class=\"et2\" style=\"height: 13.50pt; width: 107.25pt;\" width=\"143\" height=\"18\">Categoria<\/td>\n<td class=\"et3\" style=\"width: 393.75pt;\" width=\"525\">Mobili\u00e1rio do \u00e1trio<\/td>\n<\/tr>\n<tr style=\"height: 13.50pt;\">\n<td class=\"et2\" style=\"height: 13.50pt; width: 107.25pt;\" width=\"143\" height=\"18\">Nome do produto<\/td>\n<td class=\"et3\" style=\"width: 393.75pt;\" width=\"525\">Mesas e cadeiras de negocia\u00e7\u00e3o no \u00e1trio<\/td>\n<\/tr>\n<tr style=\"height: 27.00pt;\">\n<td class=\"et2\" style=\"height: 27.00pt; width: 107.25pt;\" width=\"143\" height=\"36\">Op\u00e7\u00f5es de personaliza\u00e7\u00e3o<\/td>\n<td class=\"et3\" style=\"width: 393.75pt;\" width=\"525\">Estilo\/Cor\/Tamanho\/Material<\/td>\n<\/tr>\n<tr style=\"height: 27.00pt;\">\n<td class=\"et2\" style=\"height: 27.00pt; width: 107.25pt;\" width=\"143\" height=\"36\">Cadeira<\/td>\n<td class=\"et3\" style=\"width: 393.75pt;\" width=\"525\">Estrutura met\u00e1lica + revestimento em pele de napa amiga do ambiente + esponja de ressalto de alta densidade<\/td>\n<\/tr>\n<tr style=\"height: 13.50pt;\">\n<td class=\"et2\" style=\"height: 13.50pt; width: 107.25pt;\" width=\"143\" height=\"18\">Tabela<\/td>\n<td class=\"et3\" style=\"width: 393.75pt;\" width=\"525\">Placa de rocha de alta dureza + base met\u00e1lica de alta qualidade<\/td>\n<\/tr>\n<tr style=\"height: 27.00pt;\">\n<td class=\"et2\" style=\"height: 27.00pt; width: 107.25pt;\" width=\"143\" height=\"36\">Cena de aplica\u00e7\u00e3o<\/td>\n<td class=\"et3\" style=\"width: 393.75pt;\" width=\"525\">\u00c1trio\/sala de rece\u00e7\u00e3o do hotel\/loja 4S\/\u00e1rea de rece\u00e7\u00e3o\/\u00e1rea de estar do escrit\u00f3rio de vendas<\/td>\n<\/tr>\n<tr style=\"height: 13.50pt;\">\n<td class=\"et2\" style=\"height: 13.50pt; width: 107.25pt;\" width=\"143\" height=\"18\">Cor<\/td>\n<td class=\"et3\" style=\"width: 393.75pt;\" width=\"525\">Laranja\/branco apagado\/cinzento claro (personaliz\u00e1vel)<\/td>\n<\/tr>\n<tr style=\"height: 13.50pt;\">\n<td class=\"et2\" style=\"height: 13.50pt; width: 107.25pt;\" width=\"143\" height=\"18\">Material<\/td>\n<td class=\"et3\" style=\"width: 393.75pt;\" width=\"525\">Contraplacado\/placa de rocha\/metal\/couro\/esponja<\/td>\n<\/tr>\n<tr style=\"height: 13.50pt;\">\n<td class=\"et2\" style=\"height: 13.50pt; width: 107.25pt;\" width=\"143\" height=\"18\">Estilo<\/td>\n<td class=\"et3\" style=\"width: 393.75pt;\" width=\"525\">Simples e moderno<\/td>\n<\/tr>\n<\/tbody>\n<\/table>\n<p>\n<script src=\"chrome-extension:\/\/fpelahbljekknahkcaegamhcndkfpfnc\/iFrame.js\" type=\"text\/javascript\"><\/script><\/p>","protected":false},"featured_media":3623,"comment_status":"closed","ping_status":"closed","template":"","meta":{"_acf_changed":false},"product_brand":[],"product_cat":[23],"product_tag":[],"class_list":{"0":"post-3621","1":"product","2":"type-product","3":"status-publish","4":"has-post-thumbnail","6":"product_cat-wholesale-lobby-furniture","8":"first","9":"instock","10":"shipping-taxable","11":"product-type-simple"},"acf":[],"_links":{"self":[{"href":"https:\/\/www.youmushiguang.com\/pt\/wp-json\/wp\/v2\/product\/3621","targetHints":{"allow":["GET"]}}],"collection":[{"href":"https:\/\/www.youmushiguang.com\/pt\/wp-json\/wp\/v2\/product"}],"about":[{"href":"https:\/\/www.youmushiguang.com\/pt\/wp-json\/wp\/v2\/types\/product"}],"replies":[{"embeddable":true,"href":"https:\/\/www.youmushiguang.com\/pt\/wp-json\/wp\/v2\/comments?post=3621"}],"wp:featuredmedia":[{"embeddable":true,"href":"https:\/\/www.youmushiguang.com\/pt\/wp-json\/wp\/v2\/media\/3623"}],"wp:attachment":[{"href":"https:\/\/www.youmushiguang.com\/pt\/wp-json\/wp\/v2\/media?parent=3621"}],"wp:term":[{"taxonomy":"product_brand","embeddable":true,"href":"https:\/\/www.youmushiguang.com\/pt\/wp-json\/wp\/v2\/product_brand?post=3621"},{"taxonomy":"product_cat","embeddable":true,"href":"https:\/\/www.youmushiguang.com\/pt\/wp-json\/wp\/v2\/product_cat?post=3621"},{"taxonomy":"product_tag","embeddable":true,"href":"https:\/\/www.youmushiguang.com\/pt\/wp-json\/wp\/v2\/product_tag?post=3621"}],"curies":[{"name":"wp","href":"https:\/\/api.w.org\/{rel}","templated":true}]}}