{"id":3641,"date":"2026-02-24T00:56:10","date_gmt":"2026-02-24T00:56:10","guid":{"rendered":"https:\/\/www.youmushiguang.com\/?post_type=product&#038;p=3641"},"modified":"2026-02-24T00:56:13","modified_gmt":"2026-02-24T00:56:13","slug":"wholesale-hotel-lobby-luxury-table-and-chair-sets","status":"publish","type":"product","link":"https:\/\/www.youmushiguang.com\/pt\/product\/wholesale-hotel-lobby-luxury-table-and-chair-sets\/","title":{"rendered":"Wholesale Lobby Furniture \u2013 Hotel Lobby Luxury Table and Chair Sets, Sintered Stone Dining Tables"},"content":{"rendered":"<div class=\"wp-block-columns is-layout-flex wp-container-core-columns-is-layout-9d6595d7 wp-block-columns-is-layout-flex\">\n<div class=\"wp-block-column is-layout-flow wp-block-column-is-layout-flow\" style=\"flex-basis:25%\"><\/div>\n\n\n\n<div class=\"wp-block-column is-layout-flow wp-block-column-is-layout-flow\" style=\"flex-basis:50%\">\n<figure class=\"wp-block-image size-full\"><img decoding=\"async\" width=\"750\" height=\"2236\" src=\"https:\/\/www.youmushiguang.com\/wp-content\/uploads\/2025\/12\/73-1-1.webp\" alt=\"\" class=\"wp-image-3650\" srcset=\"https:\/\/www.youmushiguang.com\/wp-content\/uploads\/2025\/12\/73-1-1.webp 750w, https:\/\/www.youmushiguang.com\/wp-content\/uploads\/2025\/12\/73-1-1-101x300.webp 101w, https:\/\/www.youmushiguang.com\/wp-content\/uploads\/2025\/12\/73-1-1-4x12.webp 4w, https:\/\/www.youmushiguang.com\/wp-content\/uploads\/2025\/12\/73-1-1-600x1789.webp 600w\" sizes=\"(max-width: 750px) 100vw, 750px\" \/><\/figure>\n\n\n\n<figure class=\"wp-block-image size-full\"><img decoding=\"async\" width=\"750\" height=\"2433\" src=\"https:\/\/www.youmushiguang.com\/wp-content\/uploads\/2025\/12\/73-1-2.webp\" alt=\"\" class=\"wp-image-3651\" srcset=\"https:\/\/www.youmushiguang.com\/wp-content\/uploads\/2025\/12\/73-1-2.webp 750w, https:\/\/www.youmushiguang.com\/wp-content\/uploads\/2025\/12\/73-1-2-4x12.webp 4w, https:\/\/www.youmushiguang.com\/wp-content\/uploads\/2025\/12\/73-1-2-600x1946.webp 600w\" sizes=\"(max-width: 750px) 100vw, 750px\" \/><\/figure>\n\n\n\n<figure class=\"wp-block-image size-full\"><img decoding=\"async\" width=\"750\" height=\"2273\" src=\"https:\/\/www.youmushiguang.com\/wp-content\/uploads\/2025\/12\/73-1-3.webp\" alt=\"\" class=\"wp-image-3652\" srcset=\"https:\/\/www.youmushiguang.com\/wp-content\/uploads\/2025\/12\/73-1-3.webp 750w, https:\/\/www.youmushiguang.com\/wp-content\/uploads\/2025\/12\/73-1-3-99x300.webp 99w, https:\/\/www.youmushiguang.com\/wp-content\/uploads\/2025\/12\/73-1-3-4x12.webp 4w, https:\/\/www.youmushiguang.com\/wp-content\/uploads\/2025\/12\/73-1-3-600x1818.webp 600w\" sizes=\"(max-width: 750px) 100vw, 750px\" \/><\/figure>\n\n\n\n<figure class=\"wp-block-image size-full\"><img decoding=\"async\" width=\"750\" height=\"1423\" src=\"https:\/\/www.youmushiguang.com\/wp-content\/uploads\/2025\/12\/73-1-4.webp\" alt=\"\" class=\"wp-image-3653\" srcset=\"https:\/\/www.youmushiguang.com\/wp-content\/uploads\/2025\/12\/73-1-4.webp 750w, https:\/\/www.youmushiguang.com\/wp-content\/uploads\/2025\/12\/73-1-4-158x300.webp 158w, https:\/\/www.youmushiguang.com\/wp-content\/uploads\/2025\/12\/73-1-4-6x12.webp 6w, https:\/\/www.youmushiguang.com\/wp-content\/uploads\/2025\/12\/73-1-4-600x1138.webp 600w\" sizes=\"(max-width: 750px) 100vw, 750px\" \/><\/figure>\n\n\n\n<figure class=\"wp-block-image size-full\"><img decoding=\"async\" width=\"750\" height=\"1478\" src=\"https:\/\/www.youmushiguang.com\/wp-content\/uploads\/2025\/12\/73-1-5.webp\" alt=\"\" class=\"wp-image-3654\" srcset=\"https:\/\/www.youmushiguang.com\/wp-content\/uploads\/2025\/12\/73-1-5.webp 750w, https:\/\/www.youmushiguang.com\/wp-content\/uploads\/2025\/12\/73-1-5-152x300.webp 152w, https:\/\/www.youmushiguang.com\/wp-content\/uploads\/2025\/12\/73-1-5-6x12.webp 6w, https:\/\/www.youmushiguang.com\/wp-content\/uploads\/2025\/12\/73-1-5-600x1182.webp 600w\" sizes=\"(max-width: 750px) 100vw, 750px\" \/><\/figure>\n\n\n\n<figure class=\"wp-block-image size-full\"><img decoding=\"async\" width=\"750\" height=\"1784\" src=\"https:\/\/www.youmushiguang.com\/wp-content\/uploads\/2025\/12\/73-1-6.webp\" alt=\"\" class=\"wp-image-3655\" srcset=\"https:\/\/www.youmushiguang.com\/wp-content\/uploads\/2025\/12\/73-1-6.webp 750w, https:\/\/www.youmushiguang.com\/wp-content\/uploads\/2025\/12\/73-1-6-126x300.webp 126w, https:\/\/www.youmushiguang.com\/wp-content\/uploads\/2025\/12\/73-1-6-5x12.webp 5w, https:\/\/www.youmushiguang.com\/wp-content\/uploads\/2025\/12\/73-1-6-600x1427.webp 600w\" sizes=\"(max-width: 750px) 100vw, 750px\" \/><\/figure>\n<\/div>\n\n\n\n<div class=\"wp-block-column is-layout-flow wp-block-column-is-layout-flow\" style=\"flex-basis:25%\"><\/div>\n<\/div>","protected":false},"excerpt":{"rendered":"<p>Wholesale commercial hall furniture. Crafted for offices, caf\u00e9s, and lounge spaces, this commercial hall furniture collection blends premium Napa leather, solid wood, and iron frameworks. With minimalist curves, warm tones, and ergonomic comfort, it creates a refined yet inviting atmosphere for commercial interiors. Contact us to get a competitive price.<\/p>\n<h2>Especifica\u00e7\u00f5es do mobili\u00e1rio para salas comerciais<\/h2>\n<table style=\"border-collapse: collapse; width: 700px; height: 417px;\" border=\"0\" width=\"751\" cellspacing=\"0\" cellpadding=\"0\">\n<tbody>\n<tr style=\"height: 14.40pt;\">\n<td class=\"et2\" style=\"height: 14.40pt; width: 96.55pt;\" width=\"160\" height=\"24\">Modelo<\/td>\n<td class=\"et3\" style=\"width: 354.40pt;\" width=\"590\">73<\/td>\n<\/tr>\n<tr style=\"height: 14.40pt;\">\n<td class=\"et2\" style=\"height: 14.40pt; width: 96.55pt;\" width=\"160\" height=\"24\">Categoria<\/td>\n<td class=\"et3\" style=\"width: 354.40pt;\" width=\"590\">Mobili\u00e1rio do \u00e1trio<\/td>\n<\/tr>\n<tr style=\"height: 14.40pt;\">\n<td class=\"et2\" style=\"height: 14.40pt; width: 96.55pt;\" width=\"160\" height=\"24\">Nome do produto<\/td>\n<td class=\"et3\" style=\"width: 354.40pt;\" width=\"590\">Mobili\u00e1rio para salas comerciais<\/td>\n<\/tr>\n<tr style=\"height: 28.80pt;\">\n<td class=\"et2\" style=\"height: 28.80pt; width: 96.55pt;\" width=\"160\" height=\"48\">Op\u00e7\u00f5es de personaliza\u00e7\u00e3o<\/td>\n<td class=\"et3\" style=\"width: 354.40pt;\" width=\"590\">Estilo\/Cor\/Tamanho\/Material<\/td>\n<\/tr>\n<tr style=\"height: 28.80pt;\">\n<td class=\"et2\" style=\"height: 28.80pt; width: 96.55pt;\" width=\"160\" height=\"48\">Tabela<\/td>\n<td class=\"et3\" style=\"width: 354.40pt;\" width=\"590\">Tampo de mesa folheado a madeira maci\u00e7a com v\u00e1rias camadas + base de ferro de alta qualidade<\/td>\n<\/tr>\n<tr style=\"height: 14.40pt;\">\n<td class=\"et2\" style=\"height: 14.40pt; width: 96.55pt;\" width=\"160\" height=\"24\">Cadeira<\/td>\n<td>Estrutura em ferro + revestimento em couro Nappa amigo do ambiente + esponja de ressalto de alta densidade<\/td>\n<\/tr>\n<tr style=\"height: 43.20pt;\">\n<td class=\"et2\" style=\"height: 43.20pt; width: 96.55pt;\" width=\"160\" height=\"72\">Sof\u00e1<\/td>\n<td class=\"et3\" style=\"width: 354.40pt;\" width=\"590\">Estrutura de madeira maci\u00e7a com v\u00e1rias camadas + estofo\/encaixe em couro Nappa ecol\u00f3gico + espuma\/esponja de alta densidade para resili\u00eancia\/ressalto<\/td>\n<\/tr>\n<tr style=\"height: 28.80pt;\">\n<td class=\"et2\" style=\"height: 28.80pt; width: 96.55pt;\" width=\"160\" height=\"48\">Cena de aplica\u00e7\u00e3o<\/td>\n<td class=\"et3\" style=\"width: 354.40pt;\" width=\"590\">\u00c1trio\/sala de rece\u00e7\u00e3o do hotel\/loja 4S\/\u00e1rea de rece\u00e7\u00e3o\/\u00e1rea de estar do escrit\u00f3rio de vendas<\/td>\n<\/tr>\n<tr style=\"height: 14.40pt;\">\n<td class=\"et2\" style=\"height: 14.40pt; width: 96.55pt;\" width=\"160\" height=\"24\">Cor<\/td>\n<td class=\"et3\" style=\"width: 354.40pt;\" width=\"590\">laranja + cinzento claro (personaliz\u00e1vel)<\/td>\n<\/tr>\n<tr style=\"height: 14.40pt;\">\n<td class=\"et2\" style=\"height: 14.40pt; width: 96.55pt;\" width=\"160\" height=\"24\">Material<\/td>\n<td class=\"et3\" style=\"width: 354.40pt;\" width=\"590\">Contraplacado\/placa de rocha\/metal\/couro\/esponja<\/td>\n<\/tr>\n<tr style=\"height: 14.40pt;\">\n<td class=\"et2\" style=\"height: 14.40pt; width: 96.55pt;\" width=\"160\" height=\"24\">Estilo<\/td>\n<td class=\"et3\" style=\"width: 354.40pt;\" width=\"590\">Estilo simples contempor\u00e2neo<\/td>\n<\/tr>\n<\/tbody>\n<\/table>\n<p>&nbsp;<\/p>\n<p>&nbsp;<\/p>\n<p>&nbsp;<\/p>","protected":false},"featured_media":3642,"comment_status":"closed","ping_status":"closed","template":"","meta":{"_acf_changed":true},"product_brand":[],"product_cat":[23],"product_tag":[],"class_list":{"0":"post-3641","1":"product","2":"type-product","3":"status-publish","4":"has-post-thumbnail","6":"product_cat-wholesale-lobby-furniture","8":"first","9":"instock","10":"shipping-taxable","11":"product-type-simple"},"acf":[],"_links":{"self":[{"href":"https:\/\/www.youmushiguang.com\/pt\/wp-json\/wp\/v2\/product\/3641","targetHints":{"allow":["GET"]}}],"collection":[{"href":"https:\/\/www.youmushiguang.com\/pt\/wp-json\/wp\/v2\/product"}],"about":[{"href":"https:\/\/www.youmushiguang.com\/pt\/wp-json\/wp\/v2\/types\/product"}],"replies":[{"embeddable":true,"href":"https:\/\/www.youmushiguang.com\/pt\/wp-json\/wp\/v2\/comments?post=3641"}],"wp:featuredmedia":[{"embeddable":true,"href":"https:\/\/www.youmushiguang.com\/pt\/wp-json\/wp\/v2\/media\/3642"}],"wp:attachment":[{"href":"https:\/\/www.youmushiguang.com\/pt\/wp-json\/wp\/v2\/media?parent=3641"}],"wp:term":[{"taxonomy":"product_brand","embeddable":true,"href":"https:\/\/www.youmushiguang.com\/pt\/wp-json\/wp\/v2\/product_brand?post=3641"},{"taxonomy":"product_cat","embeddable":true,"href":"https:\/\/www.youmushiguang.com\/pt\/wp-json\/wp\/v2\/product_cat?post=3641"},{"taxonomy":"product_tag","embeddable":true,"href":"https:\/\/www.youmushiguang.com\/pt\/wp-json\/wp\/v2\/product_tag?post=3641"}],"curies":[{"name":"wp","href":"https:\/\/api.w.org\/{rel}","templated":true}]}}