{"id":3766,"date":"2025-12-15T03:45:37","date_gmt":"2025-12-15T03:45:37","guid":{"rendered":"https:\/\/www.youmushiguang.com\/?post_type=product&#038;p=3766"},"modified":"2025-12-15T03:45:39","modified_gmt":"2025-12-15T03:45:39","slug":"wholesale-modular-hot-pot-restaurant-tables-and-chairs","status":"publish","type":"product","link":"https:\/\/www.youmushiguang.com\/pt\/product\/wholesale-modular-hot-pot-restaurant-tables-and-chairs\/","title":{"rendered":"Wholesale Modular Hot Pot Restaurant Tables and Chairs"},"content":{"rendered":"<div class=\"wp-block-columns is-layout-flex wp-container-core-columns-is-layout-9d6595d7 wp-block-columns-is-layout-flex\">\n<div class=\"wp-block-column is-layout-flow wp-block-column-is-layout-flow\" style=\"flex-basis:25%\"><\/div>\n\n\n\n<div class=\"wp-block-column is-layout-flow wp-block-column-is-layout-flow\" style=\"flex-basis:50%\">\n<figure class=\"wp-block-image size-full\"><img decoding=\"async\" width=\"750\" height=\"1751\" src=\"https:\/\/www.youmushiguang.com\/wp-content\/uploads\/2025\/12\/376-1_1.webp\" alt=\"\" class=\"wp-image-3790\" srcset=\"https:\/\/www.youmushiguang.com\/wp-content\/uploads\/2025\/12\/376-1_1.webp 750w, https:\/\/www.youmushiguang.com\/wp-content\/uploads\/2025\/12\/376-1_1-128x300.webp 128w, https:\/\/www.youmushiguang.com\/wp-content\/uploads\/2025\/12\/376-1_1-5x12.webp 5w, https:\/\/www.youmushiguang.com\/wp-content\/uploads\/2025\/12\/376-1_1-600x1401.webp 600w\" sizes=\"(max-width: 750px) 100vw, 750px\" \/><\/figure>\n\n\n\n<figure class=\"wp-block-image size-full\"><img decoding=\"async\" width=\"750\" height=\"2455\" src=\"https:\/\/www.youmushiguang.com\/wp-content\/uploads\/2025\/12\/376-2.webp\" alt=\"\" class=\"wp-image-3791\" srcset=\"https:\/\/www.youmushiguang.com\/wp-content\/uploads\/2025\/12\/376-2.webp 750w, https:\/\/www.youmushiguang.com\/wp-content\/uploads\/2025\/12\/376-2-92x300.webp 92w, https:\/\/www.youmushiguang.com\/wp-content\/uploads\/2025\/12\/376-2-4x12.webp 4w, https:\/\/www.youmushiguang.com\/wp-content\/uploads\/2025\/12\/376-2-600x1964.webp 600w\" sizes=\"(max-width: 750px) 100vw, 750px\" \/><\/figure>\n\n\n\n<figure class=\"wp-block-image size-full\"><img decoding=\"async\" width=\"750\" height=\"1849\" src=\"https:\/\/www.youmushiguang.com\/wp-content\/uploads\/2025\/12\/376-3.webp\" alt=\"\" class=\"wp-image-3792\" srcset=\"https:\/\/www.youmushiguang.com\/wp-content\/uploads\/2025\/12\/376-3.webp 750w, https:\/\/www.youmushiguang.com\/wp-content\/uploads\/2025\/12\/376-3-122x300.webp 122w, https:\/\/www.youmushiguang.com\/wp-content\/uploads\/2025\/12\/376-3-5x12.webp 5w, https:\/\/www.youmushiguang.com\/wp-content\/uploads\/2025\/12\/376-3-600x1479.webp 600w\" sizes=\"(max-width: 750px) 100vw, 750px\" \/><\/figure>\n\n\n\n<figure class=\"wp-block-image size-full\"><img decoding=\"async\" width=\"750\" height=\"1582\" src=\"https:\/\/www.youmushiguang.com\/wp-content\/uploads\/2025\/12\/376-4.webp\" alt=\"\" class=\"wp-image-3793\" srcset=\"https:\/\/www.youmushiguang.com\/wp-content\/uploads\/2025\/12\/376-4.webp 750w, https:\/\/www.youmushiguang.com\/wp-content\/uploads\/2025\/12\/376-4-142x300.webp 142w, https:\/\/www.youmushiguang.com\/wp-content\/uploads\/2025\/12\/376-4-6x12.webp 6w, https:\/\/www.youmushiguang.com\/wp-content\/uploads\/2025\/12\/376-4-600x1266.webp 600w\" sizes=\"(max-width: 750px) 100vw, 750px\" \/><\/figure>\n\n\n\n<figure class=\"wp-block-image size-full\"><img decoding=\"async\" width=\"750\" height=\"1563\" src=\"https:\/\/www.youmushiguang.com\/wp-content\/uploads\/2025\/12\/376-5.webp\" alt=\"\" class=\"wp-image-3794\" srcset=\"https:\/\/www.youmushiguang.com\/wp-content\/uploads\/2025\/12\/376-5.webp 750w, https:\/\/www.youmushiguang.com\/wp-content\/uploads\/2025\/12\/376-5-144x300.webp 144w, https:\/\/www.youmushiguang.com\/wp-content\/uploads\/2025\/12\/376-5-6x12.webp 6w, https:\/\/www.youmushiguang.com\/wp-content\/uploads\/2025\/12\/376-5-600x1250.webp 600w\" sizes=\"(max-width: 750px) 100vw, 750px\" \/><\/figure>\n\n\n\n<figure class=\"wp-block-image size-full\"><img decoding=\"async\" width=\"750\" height=\"1156\" src=\"https:\/\/www.youmushiguang.com\/wp-content\/uploads\/2025\/12\/376-1.webp\" alt=\"\" class=\"wp-image-3795\" srcset=\"https:\/\/www.youmushiguang.com\/wp-content\/uploads\/2025\/12\/376-1.webp 750w, https:\/\/www.youmushiguang.com\/wp-content\/uploads\/2025\/12\/376-1-195x300.webp 195w, https:\/\/www.youmushiguang.com\/wp-content\/uploads\/2025\/12\/376-1-8x12.webp 8w, https:\/\/www.youmushiguang.com\/wp-content\/uploads\/2025\/12\/376-1-600x925.webp 600w\" sizes=\"(max-width: 750px) 100vw, 750px\" \/><\/figure>\n<\/div>\n\n\n\n<div class=\"wp-block-column is-layout-flow wp-block-column-is-layout-flow\" style=\"flex-basis:25%\"><\/div>\n<\/div>\n\n\n\n<p><\/p>","protected":false},"excerpt":{"rendered":"<p data-pm-slice=\"0 0 []\">Wholesale Modular Hot Pot Restaurant Tables &amp; Chairs. Heat-resistant, spill-proof, and durable. Flexible modular design, ergonomic seating, and customizable finishes for hot pot restaurants. Contact us for a quote.<\/p>\n<h2>Specifications of Hot Pot Table and Chair Set<\/h2>\n<table style=\"border-collapse: collapse; width: 616px; height: 416px;\" border=\"0\" width=\"740\" cellspacing=\"0\" cellpadding=\"0\">\n<tbody>\n<tr style=\"height: 13.50pt;\">\n<td class=\"et2\" style=\"height: 13.50pt; width: 132.75pt;\" width=\"177\" height=\"18\">Item<\/td>\n<td class=\"et2\" style=\"width: 422.25pt;\" width=\"563\">Detalhes<\/td>\n<\/tr>\n<tr style=\"height: 13.50pt;\">\n<td class=\"et2\" style=\"height: 13.50pt; width: 132.75pt;\" width=\"177\" height=\"18\">Modelo<\/td>\n<td class=\"et3\" style=\"width: 422.25pt;\" width=\"563\">376<\/td>\n<\/tr>\n<tr style=\"height: 13.50pt;\">\n<td class=\"et2\" style=\"height: 13.50pt; width: 132.75pt;\" width=\"177\" height=\"18\">Categoria<\/td>\n<td class=\"et3\" style=\"width: 422.25pt;\" width=\"563\">Mobili\u00e1rio para restaurantes de hot pot<\/td>\n<\/tr>\n<tr style=\"height: 13.50pt;\">\n<td class=\"et2\" style=\"height: 13.50pt; width: 132.75pt;\" width=\"177\" height=\"18\">Nome do produto<\/td>\n<td class=\"et3\" style=\"width: 422.25pt;\" width=\"563\">Mesas e cadeiras para fondue<\/td>\n<\/tr>\n<tr style=\"height: 27.00pt;\">\n<td class=\"et2\" style=\"height: 27.00pt; width: 132.75pt;\" width=\"177\" height=\"36\">Op\u00e7\u00f5es de personaliza\u00e7\u00e3o<\/td>\n<td class=\"et3\" style=\"width: 422.25pt;\" width=\"563\">Style \/ Color \/ Size \/ Material<\/td>\n<\/tr>\n<tr style=\"height: 13.50pt;\">\n<td class=\"et2\" style=\"height: 13.50pt; width: 132.75pt;\" width=\"177\" height=\"18\">Tabela<\/td>\n<td class=\"et3\" style=\"width: 422.25pt;\" width=\"563\">\n<p id=\"tw-target-text\" class=\"tw-data-text tw-text-large tw-ta\" dir=\"ltr\" role=\"text\" data-placeholder=\"\u7ffb\u8bd1\" data-ved=\"2ahUKEwigrKS076-RAxXyFjQIHaQVC4oQ3ewLegQIDBAW\" aria-label=\"\u8bd1\u6587\uff1aSolid wood tabletop with stone veneer + high-quality metal table legs\">Tampo de mesa em contraplacado com v\u00e1rias camadas + p\u00e9s de mesa em metal de alta qualidade<\/p>\n<\/td>\n<\/tr>\n<tr style=\"height: 27.00pt;\">\n<td class=\"et2\" style=\"height: 27.00pt; width: 132.75pt;\" width=\"177\" height=\"36\">Cadeira<\/td>\n<td class=\"et3\" style=\"width: 422.25pt;\" width=\"563\">Solid wood frame\u00a0+ Eco-friendly Nappa Leather + High-density Resilient Foam<\/td>\n<\/tr>\n<tr style=\"height: 27.00pt;\">\n<td class=\"et2\" style=\"height: 27.00pt; width: 132.75pt;\" width=\"177\" height=\"36\">Cabina<\/td>\n<td class=\"et3\" style=\"width: 422.25pt;\" width=\"563\">Solid wood\u00a0 frame + Eco-friendly Nappa Leather + High-density Resilient Foam<\/td>\n<\/tr>\n<tr style=\"height: 13.50pt;\">\n<td class=\"et2\" style=\"height: 13.50pt; width: 132.75pt;\" width=\"177\" height=\"18\">Application<\/td>\n<td class=\"et3\" style=\"width: 422.25pt;\" width=\"563\">Restaurants \/ Hot pot restaurants \/ Barbecue restaurants<\/td>\n<\/tr>\n<tr style=\"height: 13.50pt;\">\n<td class=\"et2\" style=\"height: 13.50pt; width: 132.75pt;\" width=\"177\" height=\"18\">Scene<\/td>\n<td class=\"et3\" style=\"width: 422.25pt;\" width=\"563\">Restaurants \/ Hot pot restaurants \/ Barbecue restaurants<\/td>\n<\/tr>\n<tr style=\"height: 13.50pt;\">\n<td class=\"et2\" style=\"height: 13.50pt; width: 132.75pt;\" width=\"177\" height=\"18\">Cor<\/td>\n<td class=\"et3\" style=\"width: 422.25pt;\" width=\"563\">Walnut \/ Off-white (customizable)<\/td>\n<\/tr>\n<tr style=\"height: 13.50pt;\">\n<td class=\"et2\" style=\"height: 13.50pt; width: 132.75pt;\" width=\"177\" height=\"18\">Material<\/td>\n<td class=\"et3\" style=\"width: 422.25pt;\" width=\"563\">Solid wood \/ Plywood \/ Metal \/ Leather \/ Sponge<\/td>\n<\/tr>\n<tr style=\"height: 13.50pt;\">\n<td class=\"et2\" style=\"height: 13.50pt; width: 132.75pt;\" width=\"177\" height=\"18\">estilo<\/td>\n<td class=\"et3\" style=\"width: 422.25pt;\" width=\"563\">moderno<\/td>\n<\/tr>\n<\/tbody>\n<\/table>\n<p>&nbsp;<\/p>\n<p>&nbsp;<\/p>\n<p>&nbsp;<\/p>\n<p>\n<script src=\"chrome-extension:\/\/fpelahbljekknahkcaegamhcndkfpfnc\/iFrame.js\" type=\"text\/javascript\"><\/script><\/p>","protected":false},"featured_media":3786,"comment_status":"closed","ping_status":"closed","template":"","meta":{"_acf_changed":true},"product_brand":[],"product_cat":[35,24],"product_tag":[],"class_list":{"0":"post-3766","1":"product","2":"type-product","3":"status-publish","4":"has-post-thumbnail","6":"product_cat-wholesale-hot-pot-restaurant-furniture","7":"product_cat-wholesale-restaurant-furniture","9":"first","10":"instock","11":"shipping-taxable","12":"product-type-simple"},"acf":[],"_links":{"self":[{"href":"https:\/\/www.youmushiguang.com\/pt\/wp-json\/wp\/v2\/product\/3766","targetHints":{"allow":["GET"]}}],"collection":[{"href":"https:\/\/www.youmushiguang.com\/pt\/wp-json\/wp\/v2\/product"}],"about":[{"href":"https:\/\/www.youmushiguang.com\/pt\/wp-json\/wp\/v2\/types\/product"}],"replies":[{"embeddable":true,"href":"https:\/\/www.youmushiguang.com\/pt\/wp-json\/wp\/v2\/comments?post=3766"}],"wp:featuredmedia":[{"embeddable":true,"href":"https:\/\/www.youmushiguang.com\/pt\/wp-json\/wp\/v2\/media\/3786"}],"wp:attachment":[{"href":"https:\/\/www.youmushiguang.com\/pt\/wp-json\/wp\/v2\/media?parent=3766"}],"wp:term":[{"taxonomy":"product_brand","embeddable":true,"href":"https:\/\/www.youmushiguang.com\/pt\/wp-json\/wp\/v2\/product_brand?post=3766"},{"taxonomy":"product_cat","embeddable":true,"href":"https:\/\/www.youmushiguang.com\/pt\/wp-json\/wp\/v2\/product_cat?post=3766"},{"taxonomy":"product_tag","embeddable":true,"href":"https:\/\/www.youmushiguang.com\/pt\/wp-json\/wp\/v2\/product_tag?post=3766"}],"curies":[{"name":"wp","href":"https:\/\/api.w.org\/{rel}","templated":true}]}}