{"id":3835,"date":"2026-02-24T07:00:04","date_gmt":"2026-02-24T07:00:04","guid":{"rendered":"https:\/\/www.youmushiguang.com\/?post_type=product&#038;p=3835"},"modified":"2026-02-24T07:03:42","modified_gmt":"2026-02-24T07:03:42","slug":"industrial-style-restaurant-and-cafe-furniture-sets","status":"publish","type":"product","link":"https:\/\/www.youmushiguang.com\/pt\/product\/industrial-style-restaurant-and-cafe-furniture-sets\/","title":{"rendered":"Conjuntos de mobili\u00e1rio para caf\u00e9s e restaurantes em madeira de qualidade comercial de estilo industrial"},"content":{"rendered":"<div class=\"wp-block-columns is-layout-flex wp-container-core-columns-is-layout-9d6595d7 wp-block-columns-is-layout-flex\">\n<div class=\"wp-block-column is-layout-flow wp-block-column-is-layout-flow\" style=\"flex-basis:25%\"><\/div>\n\n\n\n<div class=\"wp-block-column is-layout-flow wp-block-column-is-layout-flow\" style=\"flex-basis:50%\">\n<figure class=\"wp-block-image size-full\"><img decoding=\"async\" width=\"750\" height=\"336\" src=\"https:\/\/www.youmushiguang.com\/wp-content\/uploads\/2025\/12\/438-1-1_1.webp\" alt=\"\" class=\"wp-image-3849\" srcset=\"https:\/\/www.youmushiguang.com\/wp-content\/uploads\/2025\/12\/438-1-1_1.webp 750w, https:\/\/www.youmushiguang.com\/wp-content\/uploads\/2025\/12\/438-1-1_1-300x134.webp 300w, https:\/\/www.youmushiguang.com\/wp-content\/uploads\/2025\/12\/438-1-1_1-18x8.webp 18w, https:\/\/www.youmushiguang.com\/wp-content\/uploads\/2025\/12\/438-1-1_1-600x269.webp 600w\" sizes=\"(max-width: 750px) 100vw, 750px\" \/><\/figure>\n\n\n\n<figure class=\"wp-block-image size-full\"><img decoding=\"async\" width=\"800\" height=\"800\" src=\"https:\/\/www.youmushiguang.com\/wp-content\/uploads\/2025\/12\/438-1-2.webp\" alt=\"\" class=\"wp-image-3850\" srcset=\"https:\/\/www.youmushiguang.com\/wp-content\/uploads\/2025\/12\/438-1-2.webp 800w, https:\/\/www.youmushiguang.com\/wp-content\/uploads\/2025\/12\/438-1-2-300x300.webp 300w, https:\/\/www.youmushiguang.com\/wp-content\/uploads\/2025\/12\/438-1-2-150x150.webp 150w, https:\/\/www.youmushiguang.com\/wp-content\/uploads\/2025\/12\/438-1-2-768x768.webp 768w, https:\/\/www.youmushiguang.com\/wp-content\/uploads\/2025\/12\/438-1-2-12x12.webp 12w, https:\/\/www.youmushiguang.com\/wp-content\/uploads\/2025\/12\/438-1-2-600x600.webp 600w, https:\/\/www.youmushiguang.com\/wp-content\/uploads\/2025\/12\/438-1-2-100x100.webp 100w\" sizes=\"(max-width: 800px) 100vw, 800px\" \/><\/figure>\n\n\n\n<figure class=\"wp-block-image size-full\"><img decoding=\"async\" width=\"750\" height=\"1385\" src=\"https:\/\/www.youmushiguang.com\/wp-content\/uploads\/2025\/12\/438-1-2_1.webp\" alt=\"\" class=\"wp-image-3851\" srcset=\"https:\/\/www.youmushiguang.com\/wp-content\/uploads\/2025\/12\/438-1-2_1.webp 750w, https:\/\/www.youmushiguang.com\/wp-content\/uploads\/2025\/12\/438-1-2_1-162x300.webp 162w, https:\/\/www.youmushiguang.com\/wp-content\/uploads\/2025\/12\/438-1-2_1-6x12.webp 6w, https:\/\/www.youmushiguang.com\/wp-content\/uploads\/2025\/12\/438-1-2_1-600x1108.webp 600w\" sizes=\"(max-width: 750px) 100vw, 750px\" \/><\/figure>\n\n\n\n<figure class=\"wp-block-image size-full\"><img decoding=\"async\" width=\"800\" height=\"800\" src=\"https:\/\/www.youmushiguang.com\/wp-content\/uploads\/2025\/12\/438-1-3.webp\" alt=\"\" class=\"wp-image-3852\" srcset=\"https:\/\/www.youmushiguang.com\/wp-content\/uploads\/2025\/12\/438-1-3.webp 800w, https:\/\/www.youmushiguang.com\/wp-content\/uploads\/2025\/12\/438-1-3-300x300.webp 300w, https:\/\/www.youmushiguang.com\/wp-content\/uploads\/2025\/12\/438-1-3-150x150.webp 150w, https:\/\/www.youmushiguang.com\/wp-content\/uploads\/2025\/12\/438-1-3-768x768.webp 768w, https:\/\/www.youmushiguang.com\/wp-content\/uploads\/2025\/12\/438-1-3-12x12.webp 12w, https:\/\/www.youmushiguang.com\/wp-content\/uploads\/2025\/12\/438-1-3-600x600.webp 600w, https:\/\/www.youmushiguang.com\/wp-content\/uploads\/2025\/12\/438-1-3-100x100.webp 100w\" sizes=\"(max-width: 800px) 100vw, 800px\" \/><\/figure>\n\n\n\n<figure class=\"wp-block-image size-full\"><img decoding=\"async\" width=\"750\" height=\"380\" src=\"https:\/\/www.youmushiguang.com\/wp-content\/uploads\/2025\/12\/438-1-3_1.webp\" alt=\"\" class=\"wp-image-3853\" srcset=\"https:\/\/www.youmushiguang.com\/wp-content\/uploads\/2025\/12\/438-1-3_1.webp 750w, https:\/\/www.youmushiguang.com\/wp-content\/uploads\/2025\/12\/438-1-3_1-300x152.webp 300w, https:\/\/www.youmushiguang.com\/wp-content\/uploads\/2025\/12\/438-1-3_1-18x9.webp 18w, https:\/\/www.youmushiguang.com\/wp-content\/uploads\/2025\/12\/438-1-3_1-600x304.webp 600w\" sizes=\"(max-width: 750px) 100vw, 750px\" \/><\/figure>\n\n\n\n<figure class=\"wp-block-image size-full\"><img decoding=\"async\" width=\"800\" height=\"800\" src=\"https:\/\/www.youmushiguang.com\/wp-content\/uploads\/2025\/12\/438-1-4.webp\" alt=\"\" class=\"wp-image-3854\" srcset=\"https:\/\/www.youmushiguang.com\/wp-content\/uploads\/2025\/12\/438-1-4.webp 800w, https:\/\/www.youmushiguang.com\/wp-content\/uploads\/2025\/12\/438-1-4-300x300.webp 300w, https:\/\/www.youmushiguang.com\/wp-content\/uploads\/2025\/12\/438-1-4-150x150.webp 150w, https:\/\/www.youmushiguang.com\/wp-content\/uploads\/2025\/12\/438-1-4-768x768.webp 768w, https:\/\/www.youmushiguang.com\/wp-content\/uploads\/2025\/12\/438-1-4-12x12.webp 12w, https:\/\/www.youmushiguang.com\/wp-content\/uploads\/2025\/12\/438-1-4-600x600.webp 600w, https:\/\/www.youmushiguang.com\/wp-content\/uploads\/2025\/12\/438-1-4-100x100.webp 100w\" sizes=\"(max-width: 800px) 100vw, 800px\" \/><\/figure>\n\n\n\n<figure class=\"wp-block-image size-full\"><img decoding=\"async\" width=\"750\" height=\"708\" src=\"https:\/\/www.youmushiguang.com\/wp-content\/uploads\/2025\/12\/438-1-4_1.webp\" alt=\"\" class=\"wp-image-3855\" srcset=\"https:\/\/www.youmushiguang.com\/wp-content\/uploads\/2025\/12\/438-1-4_1.webp 750w, https:\/\/www.youmushiguang.com\/wp-content\/uploads\/2025\/12\/438-1-4_1-300x283.webp 300w, https:\/\/www.youmushiguang.com\/wp-content\/uploads\/2025\/12\/438-1-4_1-13x12.webp 13w, https:\/\/www.youmushiguang.com\/wp-content\/uploads\/2025\/12\/438-1-4_1-600x566.webp 600w\" sizes=\"(max-width: 750px) 100vw, 750px\" \/><\/figure>\n\n\n\n<figure class=\"wp-block-image size-full\"><img decoding=\"async\" width=\"750\" height=\"1989\" src=\"https:\/\/www.youmushiguang.com\/wp-content\/uploads\/2025\/12\/438-1-5_1.webp\" alt=\"\" class=\"wp-image-3856\" srcset=\"https:\/\/www.youmushiguang.com\/wp-content\/uploads\/2025\/12\/438-1-5_1.webp 750w, https:\/\/www.youmushiguang.com\/wp-content\/uploads\/2025\/12\/438-1-5_1-113x300.webp 113w, https:\/\/www.youmushiguang.com\/wp-content\/uploads\/2025\/12\/438-1-5_1-5x12.webp 5w, https:\/\/www.youmushiguang.com\/wp-content\/uploads\/2025\/12\/438-1-5_1-600x1591.webp 600w\" sizes=\"(max-width: 750px) 100vw, 750px\" \/><\/figure>\n\n\n\n<figure class=\"wp-block-image size-full\"><img decoding=\"async\" width=\"750\" height=\"2036\" src=\"https:\/\/www.youmushiguang.com\/wp-content\/uploads\/2025\/12\/438-1-6_1.webp\" alt=\"\" class=\"wp-image-3857\" srcset=\"https:\/\/www.youmushiguang.com\/wp-content\/uploads\/2025\/12\/438-1-6_1.webp 750w, https:\/\/www.youmushiguang.com\/wp-content\/uploads\/2025\/12\/438-1-6_1-111x300.webp 111w, https:\/\/www.youmushiguang.com\/wp-content\/uploads\/2025\/12\/438-1-6_1-4x12.webp 4w, https:\/\/www.youmushiguang.com\/wp-content\/uploads\/2025\/12\/438-1-6_1-600x1629.webp 600w\" sizes=\"(max-width: 750px) 100vw, 750px\" \/><\/figure>\n\n\n\n<figure class=\"wp-block-image size-full\"><img decoding=\"async\" width=\"750\" height=\"1402\" src=\"https:\/\/www.youmushiguang.com\/wp-content\/uploads\/2025\/12\/438-1-7_1.webp\" alt=\"\" class=\"wp-image-3858\" srcset=\"https:\/\/www.youmushiguang.com\/wp-content\/uploads\/2025\/12\/438-1-7_1.webp 750w, https:\/\/www.youmushiguang.com\/wp-content\/uploads\/2025\/12\/438-1-7_1-160x300.webp 160w, https:\/\/www.youmushiguang.com\/wp-content\/uploads\/2025\/12\/438-1-7_1-6x12.webp 6w, https:\/\/www.youmushiguang.com\/wp-content\/uploads\/2025\/12\/438-1-7_1-600x1122.webp 600w\" sizes=\"(max-width: 750px) 100vw, 750px\" \/><\/figure>\n<\/div>\n\n\n\n<div class=\"wp-block-column is-layout-flow wp-block-column-is-layout-flow\" style=\"flex-basis:25%\"><\/div>\n<\/div>\n\n\n\n<p><\/p>","protected":false},"excerpt":{"rendered":"<div id=\"tw-container\" class=\"nev7se\" data-cp=\"1\" data-nnttsvi=\"1\" data-sletp=\"false\" data-sm=\"1\" data-ssbp=\"false\" data-sugg-time=\"500\" data-sugg-url=\"https:\/\/clients1.google.com\/complete\/search\" data-uilc=\"zh-CN\" data-vil=\",af,af-ZA,am,am-ET,ar-EG,ar-AE,ar-KW,ar-QA,ar,ar-IL,ar-JO,ar-LB,ar-PS,az,az-AZ,bg,bg-BG,bn,bn-BD,bn-IN,ca,ca-es,cs,cs-CZ,de,de-DE,de-CH,de-AT,de-LI,en,en-US,en-CA,en-AU,en-NZ,en-GB,en-IN,en-KE,en-TZ,en-NG,en-GH,en-PH,en-ZA,es,es-ES,es-AR,es-UY,es-419,es-BO,es-CL,es-CR,es-CO,es-DO,es-EC,es-GT,es-HN,es-NI,es-PA,es-PE,es-PR,es-PY,es-SV,es-VE,es-MX,es-US,eu,eu-ES,fi,fi-FI,fr,fr-FR,fr-CH,fr-BE,gl,gl-ES,gu,gu-IN,he,he-IL,iw,iw-IL,hu,hu-HU,hy,hy-AM,id,id-ID,is,is-IS,it,it-IT,it-CH,ja,ja-JP,jv,jv-ID,ka,ka-GE,km,km-KH,kn,kn-IN,ko,ko-KR,la,lo,lo-LA,lv,lv-LV,ml,ml-IN,mr,mr-IN,ms,ms-MY,nl,nl-NL,nb,nb-NO,ne,ne-NP,pl,pl-PL,pt,pt-BR,pt-PT,ro,ro-RO,ru,ru-RU,si-LK,sk,sk-SK,sr,sr-RS,su,su-ID,sv,sv-SE,sw,sw-TZ,sw-KE,ta,ta-IN,ta-SG,ta-LK,ta-MY,te,te-IN,tr,tr-TR,ur,ur-PK,ur-IN,yue,yue-HK,yue-Hant-HK,zh-HK,zh,zh-CN,zh-cmn,zh-cmn-CN,zh-Hans,zh-Hans-CN,zh-cmn-Hans,zh-cmn-Hans-CN,cmn-CN,cmn-Hans,cmn-Hans-CN,zh-TW,zh-Hant-TW,cmn-TW,cmn-Hant-TW,zh-cmn-TW,zh-cmn-Hant-TW,zu,zu-ZA,hi,hi-IN,tl,tl-PH,pa,pa-IN\">\n<div id=\"tw-ob\" class=\"tw-src-ltr\">\n<div class=\"oSioSc\">\n<div id=\"tw-target\">\n<div id=\"kAz1tf\" class=\"g9WsWb PZPZlf\" data-attrid=\"tw-targetArea\" data-entityname=\"Google Translate\">\n<div id=\"tw-target-text-container\" class=\"tw-ta-container tw-nfl\" role=\"text\">\n<div class=\"tw-ta-container tw-nfl\" role=\"text\">\n<p>Elevate your dining space with our industrial style chair and table set, perfect for fast food restaurants, cafes, bistros, bubble tea shops, and dessert shops. We offer OEM and ODM customization services and solutions to optimize your restaurant&#8217;s space layout. Bulk supply available. Contact us for a quote.<\/p>\n<\/div>\n<\/div>\n<\/div>\n<\/div>\n<\/div>\n<\/div>\n<\/div>\n<h2>Specifications of\u00a0 Industrial Style Chair and Table Set<\/h2>\n<table width=\"668\">\n<tbody>\n<tr>\n<td width=\"143\">Modelo<\/td>\n<td width=\"525\">438-1<\/td>\n<\/tr>\n<tr>\n<td width=\"143\">Categoria<\/td>\n<td width=\"525\">mobili\u00e1rio de restaurante<\/td>\n<\/tr>\n<tr>\n<td width=\"143\">Nome do produto<\/td>\n<td width=\"525\">mesas e cadeiras para restaurantes<\/td>\n<\/tr>\n<tr>\n<td width=\"143\">Op\u00e7\u00f5es de personaliza\u00e7\u00e3o<\/td>\n<td width=\"525\">Estilo\/Cor\/Tamanho\/Material<\/td>\n<\/tr>\n<tr>\n<td width=\"143\">Tabela<\/td>\n<td width=\"525\">Tampo de mesa em contraplacado com v\u00e1rias camadas + p\u00e9s de mesa em metal de alta qualidade<\/td>\n<\/tr>\n<tr>\n<td width=\"143\">Cadeira<\/td>\n<td width=\"525\">Estrutura met\u00e1lica + couro Nappa de primeira qualidade + espuma de alta densidade<\/td>\n<\/tr>\n<tr>\n<td width=\"143\">Cabina<\/td>\n<td width=\"525\">Estrutura em contraplacado com v\u00e1rias camadas + estofos em pele de primeira qualidade\u00a0<\/td>\n<\/tr>\n<tr>\n<td width=\"143\">Cena de aplica\u00e7\u00e3o<\/td>\n<td width=\"525\">Restaurante\/Restaurante tem\u00e1tico\u00a0<\/td>\n<\/tr>\n<tr>\n<td width=\"143\">Cor<\/td>\n<td width=\"525\">Nogueira\/Branco sujo (personaliz\u00e1vel)<\/td>\n<\/tr>\n<tr>\n<td width=\"143\">Material<\/td>\n<td width=\"525\">Madeira maci\u00e7a\/contraplacado\/metal\/couro\/esponja<\/td>\n<\/tr>\n<tr>\n<td width=\"143\">Estilo<\/td>\n<td width=\"525\">Retro<\/td>\n<\/tr>\n<\/tbody>\n<\/table>\n<p>&nbsp;<\/p>\n<p>&nbsp;<\/p>\n<p>&nbsp;<\/p>\n<p>&nbsp;<\/p>\n<p>&nbsp;<\/p>\n<p>&nbsp;<\/p>\n<p>\n<script src=\"chrome-extension:\/\/fpelahbljekknahkcaegamhcndkfpfnc\/iFrame.js\" type=\"text\/javascript\"><\/script><\/p>","protected":false},"featured_media":3836,"comment_status":"closed","ping_status":"closed","template":"","meta":{"_acf_changed":true},"product_brand":[],"product_cat":[20,24,36,47],"product_tag":[],"class_list":{"0":"post-3835","1":"product","2":"type-product","3":"status-publish","4":"has-post-thumbnail","6":"product_cat-wholesale-cafe-furniture","7":"product_cat-wholesale-restaurant-furniture","8":"product_cat-wholesale-coffee-shop-restaurant-furniture","9":"product_cat-industrial-style-restaurant-furniture","11":"first","12":"instock","13":"shipping-taxable","14":"product-type-simple"},"acf":[],"_links":{"self":[{"href":"https:\/\/www.youmushiguang.com\/pt\/wp-json\/wp\/v2\/product\/3835","targetHints":{"allow":["GET"]}}],"collection":[{"href":"https:\/\/www.youmushiguang.com\/pt\/wp-json\/wp\/v2\/product"}],"about":[{"href":"https:\/\/www.youmushiguang.com\/pt\/wp-json\/wp\/v2\/types\/product"}],"replies":[{"embeddable":true,"href":"https:\/\/www.youmushiguang.com\/pt\/wp-json\/wp\/v2\/comments?post=3835"}],"wp:featuredmedia":[{"embeddable":true,"href":"https:\/\/www.youmushiguang.com\/pt\/wp-json\/wp\/v2\/media\/3836"}],"wp:attachment":[{"href":"https:\/\/www.youmushiguang.com\/pt\/wp-json\/wp\/v2\/media?parent=3835"}],"wp:term":[{"taxonomy":"product_brand","embeddable":true,"href":"https:\/\/www.youmushiguang.com\/pt\/wp-json\/wp\/v2\/product_brand?post=3835"},{"taxonomy":"product_cat","embeddable":true,"href":"https:\/\/www.youmushiguang.com\/pt\/wp-json\/wp\/v2\/product_cat?post=3835"},{"taxonomy":"product_tag","embeddable":true,"href":"https:\/\/www.youmushiguang.com\/pt\/wp-json\/wp\/v2\/product_tag?post=3835"}],"curies":[{"name":"wp","href":"https:\/\/api.w.org\/{rel}","templated":true}]}}