{"id":4453,"date":"2026-01-09T01:57:57","date_gmt":"2026-01-09T01:57:57","guid":{"rendered":"https:\/\/www.youmushiguang.com\/?post_type=product&#038;p=4453"},"modified":"2026-01-23T02:11:39","modified_gmt":"2026-01-23T02:11:39","slug":"wholesale-southeast-asian-style-restaurant-cafe-furniture","status":"publish","type":"product","link":"https:\/\/www.youmushiguang.com\/pt\/product\/wholesale-southeast-asian-style-restaurant-cafe-furniture\/","title":{"rendered":"Conjuntos de mesas e cadeiras de madeira para caf\u00e9s e restaurantes de estilo do sudeste asi\u00e1tico por atacado"},"content":{"rendered":"<div class=\"wp-block-columns is-layout-flex wp-container-core-columns-is-layout-9d6595d7 wp-block-columns-is-layout-flex\">\n<div class=\"wp-block-column is-layout-flow wp-block-column-is-layout-flow\" style=\"flex-basis:25%\"><\/div>\n\n\n\n<div class=\"wp-block-column is-layout-flow wp-block-column-is-layout-flow\" style=\"flex-basis:50%\">\n<figure class=\"wp-block-image size-full\"><img decoding=\"async\" width=\"790\" height=\"2556\" src=\"https:\/\/www.youmushiguang.com\/wp-content\/uploads\/2025\/12\/1-61.webp\" alt=\"\" class=\"wp-image-4458\" srcset=\"https:\/\/www.youmushiguang.com\/wp-content\/uploads\/2025\/12\/1-61.webp 790w, https:\/\/www.youmushiguang.com\/wp-content\/uploads\/2025\/12\/1-61-93x300.webp 93w, https:\/\/www.youmushiguang.com\/wp-content\/uploads\/2025\/12\/1-61-768x2485.webp 768w, https:\/\/www.youmushiguang.com\/wp-content\/uploads\/2025\/12\/1-61-4x12.webp 4w, https:\/\/www.youmushiguang.com\/wp-content\/uploads\/2025\/12\/1-61-600x1941.webp 600w\" sizes=\"(max-width: 790px) 100vw, 790px\" \/><\/figure>\n\n\n\n<figure class=\"wp-block-image size-full\"><img decoding=\"async\" width=\"790\" height=\"2774\" src=\"https:\/\/www.youmushiguang.com\/wp-content\/uploads\/2025\/12\/2-66.webp\" alt=\"\" class=\"wp-image-4461\" srcset=\"https:\/\/www.youmushiguang.com\/wp-content\/uploads\/2025\/12\/2-66.webp 790w, https:\/\/www.youmushiguang.com\/wp-content\/uploads\/2025\/12\/2-66-768x2697.webp 768w, https:\/\/www.youmushiguang.com\/wp-content\/uploads\/2025\/12\/2-66-3x12.webp 3w, https:\/\/www.youmushiguang.com\/wp-content\/uploads\/2025\/12\/2-66-600x2107.webp 600w\" sizes=\"(max-width: 790px) 100vw, 790px\" \/><\/figure>\n\n\n\n<figure class=\"wp-block-image size-full\"><img decoding=\"async\" width=\"790\" height=\"2618\" src=\"https:\/\/www.youmushiguang.com\/wp-content\/uploads\/2025\/12\/3-60.webp\" alt=\"\" class=\"wp-image-4459\" srcset=\"https:\/\/www.youmushiguang.com\/wp-content\/uploads\/2025\/12\/3-60.webp 790w, https:\/\/www.youmushiguang.com\/wp-content\/uploads\/2025\/12\/3-60-768x2545.webp 768w, https:\/\/www.youmushiguang.com\/wp-content\/uploads\/2025\/12\/3-60-4x12.webp 4w, https:\/\/www.youmushiguang.com\/wp-content\/uploads\/2025\/12\/3-60-600x1988.webp 600w\" sizes=\"(max-width: 790px) 100vw, 790px\" \/><\/figure>\n\n\n\n<figure class=\"wp-block-image size-full\"><img decoding=\"async\" width=\"790\" height=\"2578\" src=\"https:\/\/www.youmushiguang.com\/wp-content\/uploads\/2025\/12\/4-58.webp\" alt=\"\" class=\"wp-image-4460\" srcset=\"https:\/\/www.youmushiguang.com\/wp-content\/uploads\/2025\/12\/4-58.webp 790w, https:\/\/www.youmushiguang.com\/wp-content\/uploads\/2025\/12\/4-58-92x300.webp 92w, https:\/\/www.youmushiguang.com\/wp-content\/uploads\/2025\/12\/4-58-768x2506.webp 768w, https:\/\/www.youmushiguang.com\/wp-content\/uploads\/2025\/12\/4-58-4x12.webp 4w, https:\/\/www.youmushiguang.com\/wp-content\/uploads\/2025\/12\/4-58-600x1958.webp 600w\" sizes=\"(max-width: 790px) 100vw, 790px\" \/><\/figure>\n<\/div>\n\n\n\n<div class=\"wp-block-column is-layout-flow wp-block-column-is-layout-flow\" style=\"flex-basis:25%\"><\/div>\n<\/div>\n\n\n\n<p><\/p>","protected":false},"excerpt":{"rendered":"<div id=\"tw-container\" class=\"nev7se\" data-cp=\"1\" data-nnttsvi=\"1\" data-sletp=\"false\" data-sm=\"1\" data-ssbp=\"false\" data-sugg-time=\"500\" data-sugg-url=\"https:\/\/clients1.google.com\/complete\/search\" data-uilc=\"zh-CN\" data-vil=\",af,af-ZA,am,am-ET,ar-EG,ar-AE,ar-KW,ar-QA,ar,ar-IL,ar-JO,ar-LB,ar-PS,az,az-AZ,bg,bg-BG,bn,bn-BD,bn-IN,ca,ca-es,cs,cs-CZ,de,de-DE,de-CH,de-AT,de-LI,en,en-US,en-CA,en-AU,en-NZ,en-GB,en-IN,en-KE,en-TZ,en-NG,en-GH,en-PH,en-ZA,es,es-ES,es-AR,es-UY,es-419,es-BO,es-CL,es-CR,es-CO,es-DO,es-EC,es-GT,es-HN,es-NI,es-PA,es-PE,es-PR,es-PY,es-SV,es-VE,es-MX,es-US,eu,eu-ES,fi,fi-FI,fr,fr-FR,fr-CH,fr-BE,gl,gl-ES,gu,gu-IN,he,he-IL,iw,iw-IL,hu,hu-HU,hy,hy-AM,id,id-ID,is,is-IS,it,it-IT,it-CH,ja,ja-JP,jv,jv-ID,ka,ka-GE,km,km-KH,kn,kn-IN,ko,ko-KR,la,lo,lo-LA,lv,lv-LV,ml,ml-IN,mr,mr-IN,ms,ms-MY,nl,nl-NL,nb,nb-NO,ne,ne-NP,pl,pl-PL,pt,pt-BR,pt-PT,ro,ro-RO,ru,ru-RU,si-LK,sk,sk-SK,sr,sr-RS,su,su-ID,sv,sv-SE,sw,sw-TZ,sw-KE,ta,ta-IN,ta-SG,ta-LK,ta-MY,te,te-IN,tr,tr-TR,ur,ur-PK,ur-IN,yue,yue-HK,yue-Hant-HK,zh-HK,zh,zh-CN,zh-cmn,zh-cmn-CN,zh-Hans,zh-Hans-CN,zh-cmn-Hans,zh-cmn-Hans-CN,cmn-CN,cmn-Hans,cmn-Hans-CN,zh-TW,zh-Hant-TW,cmn-TW,cmn-Hant-TW,zh-cmn-TW,zh-cmn-Hant-TW,zu,zu-ZA,hi,hi-IN,tl,tl-PH,pa,pa-IN\">\n<div id=\"tw-ob\" class=\"tw-src-ltr\">\n<div class=\"oSioSc\">\n<div id=\"tw-target\">\n<div id=\"kAz1tf\" class=\"g9WsWb PZPZlf\" data-attrid=\"tw-targetArea\" data-entityname=\"Google Translate\">\n<div id=\"tw-target-text-container\" class=\"tw-ta-container tw-nfl\" role=\"text\">\n<p>Our Southeast Asian-style solid wood dining table and chair set brings warmth, natural beauty, and cultural elegance to your dining space. This furniture set is designed with commercial use in mind, ensuring an excellent customer experience while also supporting efficient restaurant operations. Contact us for a quote.<\/p>\n<\/div>\n<\/div>\n<\/div>\n<\/div>\n<\/div>\n<\/div>\n<h2>Especifica\u00e7\u00f5es do mobili\u00e1rio de restaurante<\/h2>\n<table width=\"668\">\n<tbody>\n<tr>\n<td width=\"143\">Modelo<\/td>\n<td width=\"525\">1038<\/td>\n<\/tr>\n<tr>\n<td width=\"143\">Categoria<\/td>\n<td width=\"525\">Mobili\u00e1rio de restaurante<\/td>\n<\/tr>\n<tr>\n<td width=\"143\">Nome do produto<\/td>\n<td width=\"525\">Mesas e cadeiras para restaurantes<\/td>\n<\/tr>\n<tr>\n<td width=\"143\">Op\u00e7\u00f5es de personaliza\u00e7\u00e3o<\/td>\n<td width=\"525\">Estilo\/Cor\/Tamanho\/Material<\/td>\n<\/tr>\n<tr>\n<td width=\"143\">Tabela<\/td>\n<td width=\"525\">Multi-layered plywood tabletop+ High Quality Metal Frame<\/td>\n<\/tr>\n<tr>\n<td width=\"143\">\n<p>Cadeira<\/p>\n<\/td>\n<td width=\"525\">\n<p id=\"tw-target-text\" class=\"tw-data-text tw-text-large tw-ta\" dir=\"ltr\" role=\"text\" data-placeholder=\"\u7ffb\u8bd1\" data-ved=\"2ahUKEwigrKS076-RAxXyFjQIHaQVC4oQ3ewLegQIDBAW\" aria-label=\"\u8bd1\u6587\uff1aMoldura de madeira maci\u00e7a + couro Nappa de alta qualidade + enchimento de espuma de alta densidade\">Solid wood frame + premium Nappa leather + high-density foam<\/p>\n<\/td>\n<\/tr>\n<tr>\n<td width=\"143\">Cabina<\/td>\n<td width=\"525\">Estrutura em contraplacado com v\u00e1rias camadas + estofos em pele de primeira qualidade\u00a0<\/td>\n<\/tr>\n<tr>\n<td width=\"143\">Cena de aplica\u00e7\u00e3o<\/td>\n<td width=\"525\">Restaurante\/Restaurante tem\u00e1tico\u00a0<\/td>\n<\/tr>\n<tr>\n<td width=\"143\">Cor<\/td>\n<td width=\"525\">Nogueira\/Branco sujo (personaliz\u00e1vel)<\/td>\n<\/tr>\n<tr>\n<td width=\"143\">Material<\/td>\n<td width=\"525\">Madeira maci\u00e7a\/contraplacado\/metal\/couro\/esponja<\/td>\n<\/tr>\n<tr>\n<td width=\"143\">\n<p>Estilo<\/p>\n<\/td>\n<td width=\"525\">Thai style<\/td>\n<\/tr>\n<\/tbody>\n<\/table>\n<p>&nbsp;<\/p>\n<p>&nbsp;<\/p>\n<p>\n<script src=\"chrome-extension:\/\/fpelahbljekknahkcaegamhcndkfpfnc\/iFrame.js\" type=\"text\/javascript\"><\/script><\/p>","protected":false},"featured_media":4385,"comment_status":"closed","ping_status":"closed","template":"","meta":{"_acf_changed":true},"product_brand":[],"product_cat":[24,40],"product_tag":[],"class_list":{"0":"post-4453","1":"product","2":"type-product","3":"status-publish","4":"has-post-thumbnail","6":"product_cat-wholesale-restaurant-furniture","7":"product_cat-wholesale-southeast-asian-style-restaurant-furniture","9":"first","10":"instock","11":"shipping-taxable","12":"product-type-simple"},"acf":[],"_links":{"self":[{"href":"https:\/\/www.youmushiguang.com\/pt\/wp-json\/wp\/v2\/product\/4453","targetHints":{"allow":["GET"]}}],"collection":[{"href":"https:\/\/www.youmushiguang.com\/pt\/wp-json\/wp\/v2\/product"}],"about":[{"href":"https:\/\/www.youmushiguang.com\/pt\/wp-json\/wp\/v2\/types\/product"}],"replies":[{"embeddable":true,"href":"https:\/\/www.youmushiguang.com\/pt\/wp-json\/wp\/v2\/comments?post=4453"}],"wp:featuredmedia":[{"embeddable":true,"href":"https:\/\/www.youmushiguang.com\/pt\/wp-json\/wp\/v2\/media\/4385"}],"wp:attachment":[{"href":"https:\/\/www.youmushiguang.com\/pt\/wp-json\/wp\/v2\/media?parent=4453"}],"wp:term":[{"taxonomy":"product_brand","embeddable":true,"href":"https:\/\/www.youmushiguang.com\/pt\/wp-json\/wp\/v2\/product_brand?post=4453"},{"taxonomy":"product_cat","embeddable":true,"href":"https:\/\/www.youmushiguang.com\/pt\/wp-json\/wp\/v2\/product_cat?post=4453"},{"taxonomy":"product_tag","embeddable":true,"href":"https:\/\/www.youmushiguang.com\/pt\/wp-json\/wp\/v2\/product_tag?post=4453"}],"curies":[{"name":"wp","href":"https:\/\/api.w.org\/{rel}","templated":true}]}}