{"id":4488,"date":"2026-01-02T10:52:21","date_gmt":"2026-01-02T10:52:21","guid":{"rendered":"https:\/\/www.youmushiguang.com\/?post_type=product&#038;p=4488"},"modified":"2026-01-02T10:52:24","modified_gmt":"2026-01-02T10:52:24","slug":"wholesale-hot-pot-and-bbq-restaurant-table-and-chair-set","status":"publish","type":"product","link":"https:\/\/www.youmushiguang.com\/pt\/product\/wholesale-hot-pot-and-bbq-restaurant-table-and-chair-set\/","title":{"rendered":"Wholesale Solid Wood Table and Chair Sets for Hot Pot Restaurants and Buffet Restaurants"},"content":{"rendered":"<div class=\"wp-block-columns is-layout-flex wp-container-core-columns-is-layout-9d6595d7 wp-block-columns-is-layout-flex\">\n<div class=\"wp-block-column is-layout-flow wp-block-column-is-layout-flow\" style=\"flex-basis:25%\"><\/div>\n\n\n\n<div class=\"wp-block-column is-layout-flow wp-block-column-is-layout-flow\" style=\"flex-basis:50%\">\n<figure class=\"wp-block-image size-full\"><img decoding=\"async\" width=\"790\" height=\"2677\" src=\"https:\/\/www.youmushiguang.com\/wp-content\/uploads\/2025\/12\/1-63.webp\" alt=\"\" class=\"wp-image-4500\" srcset=\"https:\/\/www.youmushiguang.com\/wp-content\/uploads\/2025\/12\/1-63.webp 790w, https:\/\/www.youmushiguang.com\/wp-content\/uploads\/2025\/12\/1-63-768x2602.webp 768w, https:\/\/www.youmushiguang.com\/wp-content\/uploads\/2025\/12\/1-63-600x2033.webp 600w\" sizes=\"(max-width: 790px) 100vw, 790px\" \/><\/figure>\n\n\n\n<figure class=\"wp-block-image size-full\"><img decoding=\"async\" width=\"790\" height=\"2946\" src=\"https:\/\/www.youmushiguang.com\/wp-content\/uploads\/2025\/12\/2-69.webp\" alt=\"\" class=\"wp-image-4503\" srcset=\"https:\/\/www.youmushiguang.com\/wp-content\/uploads\/2025\/12\/2-69.webp 790w, https:\/\/www.youmushiguang.com\/wp-content\/uploads\/2025\/12\/2-69-768x2864.webp 768w, https:\/\/www.youmushiguang.com\/wp-content\/uploads\/2025\/12\/2-69-3x12.webp 3w, https:\/\/www.youmushiguang.com\/wp-content\/uploads\/2025\/12\/2-69-600x2237.webp 600w\" sizes=\"(max-width: 790px) 100vw, 790px\" \/><\/figure>\n\n\n\n<figure class=\"wp-block-image size-full\"><img decoding=\"async\" width=\"790\" height=\"2878\" src=\"https:\/\/www.youmushiguang.com\/wp-content\/uploads\/2025\/12\/3-63.webp\" alt=\"\" class=\"wp-image-4504\" srcset=\"https:\/\/www.youmushiguang.com\/wp-content\/uploads\/2025\/12\/3-63.webp 790w, https:\/\/www.youmushiguang.com\/wp-content\/uploads\/2025\/12\/3-63-82x300.webp 82w, https:\/\/www.youmushiguang.com\/wp-content\/uploads\/2025\/12\/3-63-768x2798.webp 768w, https:\/\/www.youmushiguang.com\/wp-content\/uploads\/2025\/12\/3-63-3x12.webp 3w, https:\/\/www.youmushiguang.com\/wp-content\/uploads\/2025\/12\/3-63-600x2186.webp 600w\" sizes=\"(max-width: 790px) 100vw, 790px\" \/><\/figure>\n\n\n\n<figure class=\"wp-block-image size-full\"><img decoding=\"async\" width=\"790\" height=\"2004\" src=\"https:\/\/www.youmushiguang.com\/wp-content\/uploads\/2025\/12\/4-60.webp\" alt=\"\" class=\"wp-image-4505\" srcset=\"https:\/\/www.youmushiguang.com\/wp-content\/uploads\/2025\/12\/4-60.webp 790w, https:\/\/www.youmushiguang.com\/wp-content\/uploads\/2025\/12\/4-60-118x300.webp 118w, https:\/\/www.youmushiguang.com\/wp-content\/uploads\/2025\/12\/4-60-768x1948.webp 768w, https:\/\/www.youmushiguang.com\/wp-content\/uploads\/2025\/12\/4-60-5x12.webp 5w, https:\/\/www.youmushiguang.com\/wp-content\/uploads\/2025\/12\/4-60-600x1522.webp 600w\" sizes=\"(max-width: 790px) 100vw, 790px\" \/><\/figure>\n<\/div>\n\n\n\n<div class=\"wp-block-column is-layout-flow wp-block-column-is-layout-flow\" style=\"flex-basis:25%\"><\/div>\n<\/div>\n\n\n\n<p><\/p>","protected":false},"excerpt":{"rendered":"<p data-pm-slice=\"0 0 []\">This hot pot and barbecue restaurant furniture set blends modern aesthetics with commercial-grade functionality. The built-in tabletop openings facilitate the installation of hot pot or barbecue grills, allowing the restaurant to easily accommodate both hot pot and barbecue dining modes. OEM and ODM Support. Contact us for a quote.<\/p>\n<h2>Specifications of Hot Pot and Buffet Restaurant Furniture Set<\/h2>\n<table style=\"border-collapse: collapse; width: 616px; height: 416px;\" border=\"0\" width=\"740\" cellspacing=\"0\" cellpadding=\"0\">\n<tbody>\n<tr style=\"height: 13.50pt;\">\n<td class=\"et2\" style=\"height: 13.50pt; width: 132.75pt;\" width=\"177\" height=\"18\">Item<\/td>\n<td class=\"et2\" style=\"width: 422.25pt;\" width=\"563\">Detalhes<\/td>\n<\/tr>\n<tr style=\"height: 13.50pt;\">\n<td class=\"et2\" style=\"height: 13.50pt; width: 132.75pt;\" width=\"177\" height=\"18\">Modelo<\/td>\n<td class=\"et3\" style=\"width: 422.25pt;\" width=\"563\">1067<\/td>\n<\/tr>\n<tr style=\"height: 13.50pt;\">\n<td class=\"et2\" style=\"height: 13.50pt; width: 132.75pt;\" width=\"177\" height=\"18\">Categoria<\/td>\n<td class=\"et3\" style=\"width: 422.25pt;\" width=\"563\">Mobili\u00e1rio para restaurantes de hot pot<\/td>\n<\/tr>\n<tr style=\"height: 13.50pt;\">\n<td class=\"et2\" style=\"height: 13.50pt; width: 132.75pt;\" width=\"177\" height=\"18\">Nome do produto<\/td>\n<td class=\"et3\" style=\"width: 422.25pt;\" width=\"563\">Mesas e cadeiras para fondue<\/td>\n<\/tr>\n<tr style=\"height: 27.00pt;\">\n<td class=\"et2\" style=\"height: 27.00pt; width: 132.75pt;\" width=\"177\" height=\"36\">Op\u00e7\u00f5es de personaliza\u00e7\u00e3o<\/td>\n<td class=\"et3\" style=\"width: 422.25pt;\" width=\"563\">Style \/ Color \/ Size \/ Material<\/td>\n<\/tr>\n<tr style=\"height: 13.50pt;\">\n<td class=\"et2\" style=\"height: 13.50pt; width: 132.75pt;\" width=\"177\" height=\"18\">Tabela<\/td>\n<td class=\"et3\" style=\"width: 422.25pt;\" width=\"563\">\n<p id=\"tw-target-text\" class=\"tw-data-text tw-text-large tw-ta\" dir=\"ltr\" role=\"text\" data-placeholder=\"\u7ffb\u8bd1\" data-ved=\"2ahUKEwigrKS076-RAxXyFjQIHaQVC4oQ3ewLegQIDBAW\" aria-label=\"\u8bd1\u6587\uff1aSolid wood tabletop with stone veneer + high-quality metal table legs\">Tampo de mesa em contraplacado com v\u00e1rias camadas + p\u00e9s de mesa em metal de alta qualidade<\/p>\n<\/td>\n<\/tr>\n<tr style=\"height: 27.00pt;\">\n<td class=\"et2\" style=\"height: 27.00pt; width: 132.75pt;\" width=\"177\" height=\"36\">Cadeira<\/td>\n<td class=\"et3\" style=\"width: 422.25pt;\" width=\"563\">Solid wood frame\u00a0+ Eco-friendly Nappa Leather + High-density Resilient Foam<\/td>\n<\/tr>\n<tr style=\"height: 27.00pt;\">\n<td class=\"et2\" style=\"height: 27.00pt; width: 132.75pt;\" width=\"177\" height=\"36\">Cabina<\/td>\n<td class=\"et3\" style=\"width: 422.25pt;\" width=\"563\">Solid wood\u00a0 frame + Eco-friendly Nappa Leather + High-density Resilient Foam<\/td>\n<\/tr>\n<tr style=\"height: 13.50pt;\">\n<td class=\"et2\" style=\"height: 13.50pt; width: 132.75pt;\" width=\"177\" height=\"18\">Application<\/td>\n<td class=\"et3\" style=\"width: 422.25pt;\" width=\"563\">Restaurants \/ Hot pot restaurants \/ Barbecue restaurants<\/td>\n<\/tr>\n<tr style=\"height: 13.50pt;\">\n<td class=\"et2\" style=\"height: 13.50pt; width: 132.75pt;\" width=\"177\" height=\"18\">Scene<\/td>\n<td class=\"et3\" style=\"width: 422.25pt;\" width=\"563\">Restaurants \/ Hot pot restaurants \/ Barbecue restaurants<\/td>\n<\/tr>\n<tr style=\"height: 13.50pt;\">\n<td class=\"et2\" style=\"height: 13.50pt; width: 132.75pt;\" width=\"177\" height=\"18\">Cor<\/td>\n<td class=\"et3\" style=\"width: 422.25pt;\" width=\"563\">Walnut \/ Off-white (customizable)<\/td>\n<\/tr>\n<tr style=\"height: 13.50pt;\">\n<td class=\"et2\" style=\"height: 13.50pt; width: 132.75pt;\" width=\"177\" height=\"18\">Material<\/td>\n<td class=\"et3\" style=\"width: 422.25pt;\" width=\"563\">Solid wood \/ Plywood \/ Metal \/ Leather \/ Sponge<\/td>\n<\/tr>\n<tr style=\"height: 13.50pt;\">\n<td class=\"et2\" style=\"height: 13.50pt; width: 132.75pt;\" width=\"177\" height=\"18\">estilo<\/td>\n<td class=\"et3\" style=\"width: 422.25pt;\" width=\"563\">moderno<\/td>\n<\/tr>\n<\/tbody>\n<\/table>\n<p>&nbsp;<\/p>\n<p>&nbsp;<\/p>\n<p>&nbsp;<\/p>\n<p>&nbsp;<\/p>\n<p>\n<script src=\"chrome-extension:\/\/fpelahbljekknahkcaegamhcndkfpfnc\/iFrame.js\" type=\"text\/javascript\"><\/script><\/p>","protected":false},"featured_media":4484,"comment_status":"closed","ping_status":"closed","template":"","meta":{"_acf_changed":true},"product_brand":[],"product_cat":[35,24],"product_tag":[],"class_list":{"0":"post-4488","1":"product","2":"type-product","3":"status-publish","4":"has-post-thumbnail","6":"product_cat-wholesale-hot-pot-restaurant-furniture","7":"product_cat-wholesale-restaurant-furniture","9":"first","10":"instock","11":"shipping-taxable","12":"product-type-simple"},"acf":[],"_links":{"self":[{"href":"https:\/\/www.youmushiguang.com\/pt\/wp-json\/wp\/v2\/product\/4488","targetHints":{"allow":["GET"]}}],"collection":[{"href":"https:\/\/www.youmushiguang.com\/pt\/wp-json\/wp\/v2\/product"}],"about":[{"href":"https:\/\/www.youmushiguang.com\/pt\/wp-json\/wp\/v2\/types\/product"}],"replies":[{"embeddable":true,"href":"https:\/\/www.youmushiguang.com\/pt\/wp-json\/wp\/v2\/comments?post=4488"}],"wp:featuredmedia":[{"embeddable":true,"href":"https:\/\/www.youmushiguang.com\/pt\/wp-json\/wp\/v2\/media\/4484"}],"wp:attachment":[{"href":"https:\/\/www.youmushiguang.com\/pt\/wp-json\/wp\/v2\/media?parent=4488"}],"wp:term":[{"taxonomy":"product_brand","embeddable":true,"href":"https:\/\/www.youmushiguang.com\/pt\/wp-json\/wp\/v2\/product_brand?post=4488"},{"taxonomy":"product_cat","embeddable":true,"href":"https:\/\/www.youmushiguang.com\/pt\/wp-json\/wp\/v2\/product_cat?post=4488"},{"taxonomy":"product_tag","embeddable":true,"href":"https:\/\/www.youmushiguang.com\/pt\/wp-json\/wp\/v2\/product_tag?post=4488"}],"curies":[{"name":"wp","href":"https:\/\/api.w.org\/{rel}","templated":true}]}}