{"id":4668,"date":"2026-03-26T01:36:10","date_gmt":"2026-03-26T01:36:10","guid":{"rendered":"https:\/\/www.youmushiguang.com\/?post_type=product&#038;p=4668"},"modified":"2026-03-26T02:10:12","modified_gmt":"2026-03-26T02:10:12","slug":"wholesale-chinese-japanese-and-korean-restaurant-furniture","status":"publish","type":"product","link":"https:\/\/www.youmushiguang.com\/pt\/product\/wholesale-chinese-japanese-and-korean-restaurant-furniture\/","title":{"rendered":"Mobili\u00e1rio de restaurante por grosso 1174 - Tea Caf\u00e9, restaurantes chineses, restaurantes japoneses e coreanos"},"content":{"rendered":"<div class=\"wp-block-columns is-layout-flex wp-container-core-columns-is-layout-9d6595d7 wp-block-columns-is-layout-flex\">\n<div class=\"wp-block-column is-layout-flow wp-block-column-is-layout-flow\" style=\"flex-basis:25%\"><\/div>\n\n\n\n<div class=\"wp-block-column is-layout-flow wp-block-column-is-layout-flow\" style=\"flex-basis:50%\">\n<figure class=\"wp-block-image size-full\"><img decoding=\"async\" width=\"790\" height=\"354\" src=\"https:\/\/www.youmushiguang.com\/wp-content\/uploads\/2025\/12\/1174-1_1.webp\" alt=\"\" class=\"wp-image-4682\" srcset=\"https:\/\/www.youmushiguang.com\/wp-content\/uploads\/2025\/12\/1174-1_1.webp 790w, https:\/\/www.youmushiguang.com\/wp-content\/uploads\/2025\/12\/1174-1_1-300x134.webp 300w, https:\/\/www.youmushiguang.com\/wp-content\/uploads\/2025\/12\/1174-1_1-768x344.webp 768w, https:\/\/www.youmushiguang.com\/wp-content\/uploads\/2025\/12\/1174-1_1-18x8.webp 18w, https:\/\/www.youmushiguang.com\/wp-content\/uploads\/2025\/12\/1174-1_1-600x269.webp 600w\" sizes=\"(max-width: 790px) 100vw, 790px\" \/><\/figure>\n\n\n\n<figure class=\"wp-block-image size-full\"><img decoding=\"async\" width=\"790\" height=\"1024\" src=\"https:\/\/www.youmushiguang.com\/wp-content\/uploads\/2025\/12\/1174-2.webp\" alt=\"\" class=\"wp-image-4683\" srcset=\"https:\/\/www.youmushiguang.com\/wp-content\/uploads\/2025\/12\/1174-2.webp 790w, https:\/\/www.youmushiguang.com\/wp-content\/uploads\/2025\/12\/1174-2-231x300.webp 231w, https:\/\/www.youmushiguang.com\/wp-content\/uploads\/2025\/12\/1174-2-768x995.webp 768w, https:\/\/www.youmushiguang.com\/wp-content\/uploads\/2025\/12\/1174-2-9x12.webp 9w, https:\/\/www.youmushiguang.com\/wp-content\/uploads\/2025\/12\/1174-2-600x778.webp 600w\" sizes=\"(max-width: 790px) 100vw, 790px\" \/><\/figure>\n\n\n\n<figure class=\"wp-block-image size-full\"><img decoding=\"async\" width=\"790\" height=\"1675\" src=\"https:\/\/www.youmushiguang.com\/wp-content\/uploads\/2025\/12\/1174-2_1.webp\" alt=\"\" class=\"wp-image-4684\" srcset=\"https:\/\/www.youmushiguang.com\/wp-content\/uploads\/2025\/12\/1174-2_1.webp 790w, https:\/\/www.youmushiguang.com\/wp-content\/uploads\/2025\/12\/1174-2_1-141x300.webp 141w, https:\/\/www.youmushiguang.com\/wp-content\/uploads\/2025\/12\/1174-2_1-768x1628.webp 768w, https:\/\/www.youmushiguang.com\/wp-content\/uploads\/2025\/12\/1174-2_1-6x12.webp 6w, https:\/\/www.youmushiguang.com\/wp-content\/uploads\/2025\/12\/1174-2_1-600x1272.webp 600w\" sizes=\"(max-width: 790px) 100vw, 790px\" \/><\/figure>\n\n\n\n<figure class=\"wp-block-image size-full\"><img decoding=\"async\" width=\"790\" height=\"1020\" src=\"https:\/\/www.youmushiguang.com\/wp-content\/uploads\/2025\/12\/1174-3.webp\" alt=\"\" class=\"wp-image-4685\" srcset=\"https:\/\/www.youmushiguang.com\/wp-content\/uploads\/2025\/12\/1174-3.webp 790w, https:\/\/www.youmushiguang.com\/wp-content\/uploads\/2025\/12\/1174-3-232x300.webp 232w, https:\/\/www.youmushiguang.com\/wp-content\/uploads\/2025\/12\/1174-3-768x992.webp 768w, https:\/\/www.youmushiguang.com\/wp-content\/uploads\/2025\/12\/1174-3-9x12.webp 9w, https:\/\/www.youmushiguang.com\/wp-content\/uploads\/2025\/12\/1174-3-600x775.webp 600w\" sizes=\"(max-width: 790px) 100vw, 790px\" \/><\/figure>\n\n\n\n<figure class=\"wp-block-image size-full\"><img decoding=\"async\" width=\"790\" height=\"2728\" src=\"https:\/\/www.youmushiguang.com\/wp-content\/uploads\/2025\/12\/1174-3_1.webp\" alt=\"\" class=\"wp-image-4686\" srcset=\"https:\/\/www.youmushiguang.com\/wp-content\/uploads\/2025\/12\/1174-3_1.webp 790w, https:\/\/www.youmushiguang.com\/wp-content\/uploads\/2025\/12\/1174-3_1-87x300.webp 87w, https:\/\/www.youmushiguang.com\/wp-content\/uploads\/2025\/12\/1174-3_1-768x2652.webp 768w, https:\/\/www.youmushiguang.com\/wp-content\/uploads\/2025\/12\/1174-3_1-600x2072.webp 600w\" sizes=\"(max-width: 790px) 100vw, 790px\" \/><\/figure>\n\n\n\n<figure class=\"wp-block-image size-full\"><img decoding=\"async\" width=\"790\" height=\"1059\" src=\"https:\/\/www.youmushiguang.com\/wp-content\/uploads\/2025\/12\/1174-4.webp\" alt=\"\" class=\"wp-image-4687\" srcset=\"https:\/\/www.youmushiguang.com\/wp-content\/uploads\/2025\/12\/1174-4.webp 790w, https:\/\/www.youmushiguang.com\/wp-content\/uploads\/2025\/12\/1174-4-224x300.webp 224w, https:\/\/www.youmushiguang.com\/wp-content\/uploads\/2025\/12\/1174-4-768x1030.webp 768w, https:\/\/www.youmushiguang.com\/wp-content\/uploads\/2025\/12\/1174-4-9x12.webp 9w, https:\/\/www.youmushiguang.com\/wp-content\/uploads\/2025\/12\/1174-4-600x804.webp 600w\" sizes=\"(max-width: 790px) 100vw, 790px\" \/><\/figure>\n\n\n\n<figure class=\"wp-block-image size-full\"><img decoding=\"async\" width=\"790\" height=\"439\" src=\"https:\/\/www.youmushiguang.com\/wp-content\/uploads\/2025\/12\/1174-4_1.webp\" alt=\"\" class=\"wp-image-4688\" srcset=\"https:\/\/www.youmushiguang.com\/wp-content\/uploads\/2025\/12\/1174-4_1.webp 790w, https:\/\/www.youmushiguang.com\/wp-content\/uploads\/2025\/12\/1174-4_1-300x167.webp 300w, https:\/\/www.youmushiguang.com\/wp-content\/uploads\/2025\/12\/1174-4_1-768x427.webp 768w, https:\/\/www.youmushiguang.com\/wp-content\/uploads\/2025\/12\/1174-4_1-18x10.webp 18w, https:\/\/www.youmushiguang.com\/wp-content\/uploads\/2025\/12\/1174-4_1-600x333.webp 600w\" sizes=\"(max-width: 790px) 100vw, 790px\" \/><\/figure>\n\n\n\n<figure class=\"wp-block-image size-full\"><img decoding=\"async\" width=\"790\" height=\"1421\" src=\"https:\/\/www.youmushiguang.com\/wp-content\/uploads\/2025\/12\/1174-5.webp\" alt=\"\" class=\"wp-image-4689\" srcset=\"https:\/\/www.youmushiguang.com\/wp-content\/uploads\/2025\/12\/1174-5.webp 790w, https:\/\/www.youmushiguang.com\/wp-content\/uploads\/2025\/12\/1174-5-167x300.webp 167w, https:\/\/www.youmushiguang.com\/wp-content\/uploads\/2025\/12\/1174-5-768x1381.webp 768w, https:\/\/www.youmushiguang.com\/wp-content\/uploads\/2025\/12\/1174-5-7x12.webp 7w, https:\/\/www.youmushiguang.com\/wp-content\/uploads\/2025\/12\/1174-5-600x1079.webp 600w\" sizes=\"(max-width: 790px) 100vw, 790px\" \/><\/figure>\n<\/div>\n\n\n\n<div class=\"wp-block-column is-layout-flow wp-block-column-is-layout-flow\" style=\"flex-basis:25%\"><\/div>\n<\/div>\n\n\n\n<p><\/p>","protected":false},"excerpt":{"rendered":"<div id=\"tw-container\" class=\"nev7se\" data-cp=\"1\" data-nnttsvi=\"1\" data-sletp=\"false\" data-sm=\"1\" data-ssbp=\"false\" data-sugg-time=\"500\" data-sugg-url=\"https:\/\/clients1.google.com\/complete\/search\" data-uilc=\"zh-CN\" data-vil=\",af,af-ZA,am,am-ET,ar-EG,ar-AE,ar-KW,ar-QA,ar,ar-IL,ar-JO,ar-LB,ar-PS,az,az-AZ,bg,bg-BG,bn,bn-BD,bn-IN,ca,ca-es,cs,cs-CZ,de,de-DE,de-CH,de-AT,de-LI,en,en-US,en-CA,en-AU,en-NZ,en-GB,en-IN,en-KE,en-TZ,en-NG,en-GH,en-PH,en-ZA,es,es-ES,es-AR,es-UY,es-419,es-BO,es-CL,es-CR,es-CO,es-DO,es-EC,es-GT,es-HN,es-NI,es-PA,es-PE,es-PR,es-PY,es-SV,es-VE,es-MX,es-US,eu,eu-ES,fi,fi-FI,fr,fr-FR,fr-CH,fr-BE,gl,gl-ES,gu,gu-IN,he,he-IL,iw,iw-IL,hu,hu-HU,hy,hy-AM,id,id-ID,is,is-IS,it,it-IT,it-CH,ja,ja-JP,jv,jv-ID,ka,ka-GE,km,km-KH,kn,kn-IN,ko,ko-KR,la,lo,lo-LA,lv,lv-LV,ml,ml-IN,mr,mr-IN,ms,ms-MY,nl,nl-NL,nb,nb-NO,ne,ne-NP,pl,pl-PL,pt,pt-BR,pt-PT,ro,ro-RO,ru,ru-RU,si-LK,sk,sk-SK,sr,sr-RS,su,su-ID,sv,sv-SE,sw,sw-TZ,sw-KE,ta,ta-IN,ta-SG,ta-LK,ta-MY,te,te-IN,tr,tr-TR,ur,ur-PK,ur-IN,yue,yue-HK,yue-Hant-HK,zh-HK,zh,zh-CN,zh-cmn,zh-cmn-CN,zh-Hans,zh-Hans-CN,zh-cmn-Hans,zh-cmn-Hans-CN,cmn-CN,cmn-Hans,cmn-Hans-CN,zh-TW,zh-Hant-TW,cmn-TW,cmn-Hant-TW,zh-cmn-TW,zh-cmn-Hant-TW,zu,zu-ZA,hi,hi-IN,tl,tl-PH,pa,pa-IN\">\n<div id=\"tw-ob\" class=\"tw-src-ltr\">\n<div class=\"oSioSc\">\n<div id=\"tw-target\">\n<div id=\"kAz1tf\" class=\"g9WsWb PZPZlf\" data-attrid=\"tw-targetArea\" data-entityname=\"Google Translate\">\n<div id=\"tw-target-text-container\" class=\"tw-ta-container tw-nfl\" role=\"text\">\n<div class=\"tw-ta-container tw-nfl\" role=\"text\">\n<p>This dining furniture set seamlessly blends natural wood grain with clean, minimalist lines, making it perfectly suited for Chinese, Japanese, and Korean restaurants. It is ideal for use in Chinese noodle shops, teahouses, Korean BBQ restaurants, Japanese sushi bars, and modern light-fare cafes. It balances aesthetics with functionality, offering flexible layouts while possessing the durability required for high-traffic commercial use. Please contact us for a quote.<\/p>\n<\/div>\n<\/div>\n<\/div>\n<\/div>\n<\/div>\n<\/div>\n<\/div>\n<h2>Especifica\u00e7\u00f5es do mobili\u00e1rio de restaurante<\/h2>\n<table width=\"668\">\n<tbody>\n<tr>\n<td width=\"143\">Modelo<\/td>\n<td width=\"525\">1174<\/td>\n<\/tr>\n<tr>\n<td width=\"143\">\n<p>Categoria<\/p>\n<\/td>\n<td width=\"525\">\n<p><span style=\"font-family: inherit; font-size: inherit;\">Mobili\u00e1rio de restaurante<\/span><\/p>\n<\/td>\n<\/tr>\n<tr>\n<td width=\"143\">Nome do produto<\/td>\n<td width=\"525\">Restaurant tables and chairs<\/td>\n<\/tr>\n<tr>\n<td width=\"143\">Op\u00e7\u00f5es de personaliza\u00e7\u00e3o<\/td>\n<td width=\"525\">Estilo\/Cor\/Tamanho\/Material<\/td>\n<\/tr>\n<tr>\n<td width=\"143\">Tabela<\/td>\n<td width=\"525\">MCafeulti-layered plywood tabletop + solid wood table legs<\/td>\n<\/tr>\n<tr>\n<td width=\"143\">\n<p>Cadeira<\/p>\n<\/td>\n<td width=\"525\">\n<p id=\"tw-target-text\" class=\"tw-data-text tw-text-large tw-ta\" dir=\"ltr\" role=\"text\" data-placeholder=\"\u7ffb\u8bd1\" data-ved=\"2ahUKEwiny42x3KyRAxUyFzQIHU5LCvcQ3ewLegQIDBAV\" aria-label=\"\u8bd1\u6587\uff1aMoldura met\u00e1lica + contraplacado de v\u00e1rias camadas\">Estrutura em madeira maci\u00e7a + vime tecido<\/p>\n<\/td>\n<\/tr>\n<tr>\n<td width=\"143\">Cena de aplica\u00e7\u00e3o<\/td>\n<td width=\"525\">Restaurante<\/td>\n<\/tr>\n<tr>\n<td width=\"143\">Cor<\/td>\n<td width=\"525\">Nogueira\/Branco sujo (personaliz\u00e1vel)<\/td>\n<\/tr>\n<tr>\n<td width=\"143\">Material<\/td>\n<td width=\"525\">Madeira maci\u00e7a\/contraplacado\/metal\/couro\/esponja<\/td>\n<\/tr>\n<tr>\n<td width=\"143\">\n<p>estilo<\/p>\n<\/td>\n<td width=\"525\">\n<p id=\"tw-target-text\" class=\"tw-data-text tw-text-large tw-ta\" dir=\"ltr\" role=\"text\" data-placeholder=\"\u7ffb\u8bd1\" data-ved=\"2ahUKEwiny42x3KyRAxUyFzQIHU5LCvcQ3ewLegQIDBAV\" aria-label=\"\u8bd1\u6587\uff1amoderno\">Wabi-Sabi<\/p>\n<\/td>\n<\/tr>\n<\/tbody>\n<\/table>\n<p>&nbsp;<\/p>\n<p>&nbsp;<\/p>\n<p>&nbsp;<\/p>\n<p>&nbsp;<\/p>\n<p><script src=\"chrome-extension:\/\/fpelahbljekknahkcaegamhcndkfpfnc\/iFrame.js\" type=\"text\/javascript\"><\/script><\/p>\n<p>\n<script src=\"chrome-extension:\/\/fpelahbljekknahkcaegamhcndkfpfnc\/iFrame.js\" type=\"text\/javascript\"><\/script><\/p>","protected":false},"featured_media":4669,"comment_status":"closed","ping_status":"closed","template":"","meta":{"_acf_changed":true},"product_brand":[],"product_cat":[24,45,38,41],"product_tag":[],"class_list":{"0":"post-4668","1":"product","2":"type-product","3":"status-publish","4":"has-post-thumbnail","6":"product_cat-wholesale-restaurant-furniture","7":"product_cat-chinese-restaurant-furniture","8":"product_cat-wholesale-japanese-style-restaurant-furniture","9":"product_cat-wholesale-korean-style-restaurant-furniture","11":"first","12":"instock","13":"shipping-taxable","14":"product-type-simple"},"acf":[],"_links":{"self":[{"href":"https:\/\/www.youmushiguang.com\/pt\/wp-json\/wp\/v2\/product\/4668","targetHints":{"allow":["GET"]}}],"collection":[{"href":"https:\/\/www.youmushiguang.com\/pt\/wp-json\/wp\/v2\/product"}],"about":[{"href":"https:\/\/www.youmushiguang.com\/pt\/wp-json\/wp\/v2\/types\/product"}],"replies":[{"embeddable":true,"href":"https:\/\/www.youmushiguang.com\/pt\/wp-json\/wp\/v2\/comments?post=4668"}],"wp:featuredmedia":[{"embeddable":true,"href":"https:\/\/www.youmushiguang.com\/pt\/wp-json\/wp\/v2\/media\/4669"}],"wp:attachment":[{"href":"https:\/\/www.youmushiguang.com\/pt\/wp-json\/wp\/v2\/media?parent=4668"}],"wp:term":[{"taxonomy":"product_brand","embeddable":true,"href":"https:\/\/www.youmushiguang.com\/pt\/wp-json\/wp\/v2\/product_brand?post=4668"},{"taxonomy":"product_cat","embeddable":true,"href":"https:\/\/www.youmushiguang.com\/pt\/wp-json\/wp\/v2\/product_cat?post=4668"},{"taxonomy":"product_tag","embeddable":true,"href":"https:\/\/www.youmushiguang.com\/pt\/wp-json\/wp\/v2\/product_tag?post=4668"}],"curies":[{"name":"wp","href":"https:\/\/api.w.org\/{rel}","templated":true}]}}