{"id":4767,"date":"2025-12-25T01:04:41","date_gmt":"2025-12-25T01:04:41","guid":{"rendered":"https:\/\/www.youmushiguang.com\/?post_type=product&#038;p=4767"},"modified":"2026-01-23T03:03:03","modified_gmt":"2026-01-23T03:03:03","slug":"wholesale-eastern-european-style-restaurant-table-chair-set","status":"publish","type":"product","link":"https:\/\/www.youmushiguang.com\/pt\/product\/wholesale-eastern-european-style-restaurant-table-chair-set\/","title":{"rendered":"Conjunto de mesa e cadeira de restaurante de estilo vintage da Europa de Leste por atacado"},"content":{"rendered":"<div class=\"wp-block-columns is-layout-flex wp-container-core-columns-is-layout-9d6595d7 wp-block-columns-is-layout-flex\">\n<div class=\"wp-block-column is-layout-flow wp-block-column-is-layout-flow\" style=\"flex-basis:25%\"><\/div>\n\n\n\n<div class=\"wp-block-column is-layout-flow wp-block-column-is-layout-flow\" style=\"flex-basis:50%\">\n<figure class=\"wp-block-image size-full\"><img decoding=\"async\" width=\"790\" height=\"2697\" src=\"https:\/\/www.youmushiguang.com\/wp-content\/uploads\/2025\/12\/1-77.webp\" alt=\"\" class=\"wp-image-4779\" srcset=\"https:\/\/www.youmushiguang.com\/wp-content\/uploads\/2025\/12\/1-77.webp 790w, https:\/\/www.youmushiguang.com\/wp-content\/uploads\/2025\/12\/1-77-88x300.webp 88w, https:\/\/www.youmushiguang.com\/wp-content\/uploads\/2025\/12\/1-77-768x2622.webp 768w, https:\/\/www.youmushiguang.com\/wp-content\/uploads\/2025\/12\/1-77-600x2048.webp 600w\" sizes=\"(max-width: 790px) 100vw, 790px\" \/><\/figure>\n\n\n\n<figure class=\"wp-block-image size-full\"><img decoding=\"async\" width=\"790\" height=\"2545\" src=\"https:\/\/www.youmushiguang.com\/wp-content\/uploads\/2025\/12\/2-84.webp\" alt=\"\" class=\"wp-image-4780\" srcset=\"https:\/\/www.youmushiguang.com\/wp-content\/uploads\/2025\/12\/2-84.webp 790w, https:\/\/www.youmushiguang.com\/wp-content\/uploads\/2025\/12\/2-84-93x300.webp 93w, https:\/\/www.youmushiguang.com\/wp-content\/uploads\/2025\/12\/2-84-768x2474.webp 768w, https:\/\/www.youmushiguang.com\/wp-content\/uploads\/2025\/12\/2-84-4x12.webp 4w, https:\/\/www.youmushiguang.com\/wp-content\/uploads\/2025\/12\/2-84-600x1933.webp 600w\" sizes=\"(max-width: 790px) 100vw, 790px\" \/><\/figure>\n\n\n\n<figure class=\"wp-block-image size-full\"><img decoding=\"async\" width=\"790\" height=\"1760\" src=\"https:\/\/www.youmushiguang.com\/wp-content\/uploads\/2025\/12\/3-79.webp\" alt=\"\" class=\"wp-image-4781\" srcset=\"https:\/\/www.youmushiguang.com\/wp-content\/uploads\/2025\/12\/3-79.webp 790w, https:\/\/www.youmushiguang.com\/wp-content\/uploads\/2025\/12\/3-79-135x300.webp 135w, https:\/\/www.youmushiguang.com\/wp-content\/uploads\/2025\/12\/3-79-768x1711.webp 768w, https:\/\/www.youmushiguang.com\/wp-content\/uploads\/2025\/12\/3-79-5x12.webp 5w, https:\/\/www.youmushiguang.com\/wp-content\/uploads\/2025\/12\/3-79-600x1337.webp 600w\" sizes=\"(max-width: 790px) 100vw, 790px\" \/><\/figure>\n\n\n\n<figure class=\"wp-block-image size-full\"><img decoding=\"async\" width=\"790\" height=\"2491\" src=\"https:\/\/www.youmushiguang.com\/wp-content\/uploads\/2025\/12\/4-73.webp\" alt=\"\" class=\"wp-image-4782\" srcset=\"https:\/\/www.youmushiguang.com\/wp-content\/uploads\/2025\/12\/4-73.webp 790w, https:\/\/www.youmushiguang.com\/wp-content\/uploads\/2025\/12\/4-73-95x300.webp 95w, https:\/\/www.youmushiguang.com\/wp-content\/uploads\/2025\/12\/4-73-768x2422.webp 768w, https:\/\/www.youmushiguang.com\/wp-content\/uploads\/2025\/12\/4-73-4x12.webp 4w, https:\/\/www.youmushiguang.com\/wp-content\/uploads\/2025\/12\/4-73-600x1892.webp 600w\" sizes=\"(max-width: 790px) 100vw, 790px\" \/><\/figure>\n\n\n\n<figure class=\"wp-block-image size-full\"><img decoding=\"async\" width=\"790\" height=\"1414\" src=\"https:\/\/www.youmushiguang.com\/wp-content\/uploads\/2025\/12\/5-44.webp\" alt=\"\" class=\"wp-image-4783\" srcset=\"https:\/\/www.youmushiguang.com\/wp-content\/uploads\/2025\/12\/5-44.webp 790w, https:\/\/www.youmushiguang.com\/wp-content\/uploads\/2025\/12\/5-44-168x300.webp 168w, https:\/\/www.youmushiguang.com\/wp-content\/uploads\/2025\/12\/5-44-768x1375.webp 768w, https:\/\/www.youmushiguang.com\/wp-content\/uploads\/2025\/12\/5-44-7x12.webp 7w, https:\/\/www.youmushiguang.com\/wp-content\/uploads\/2025\/12\/5-44-600x1074.webp 600w\" sizes=\"(max-width: 790px) 100vw, 790px\" \/><\/figure>\n\n\n\n<figure class=\"wp-block-image size-full\"><img decoding=\"async\" width=\"790\" height=\"1458\" src=\"https:\/\/www.youmushiguang.com\/wp-content\/uploads\/2025\/12\/6-26.webp\" alt=\"\" class=\"wp-image-4784\" srcset=\"https:\/\/www.youmushiguang.com\/wp-content\/uploads\/2025\/12\/6-26.webp 790w, https:\/\/www.youmushiguang.com\/wp-content\/uploads\/2025\/12\/6-26-163x300.webp 163w, https:\/\/www.youmushiguang.com\/wp-content\/uploads\/2025\/12\/6-26-768x1417.webp 768w, https:\/\/www.youmushiguang.com\/wp-content\/uploads\/2025\/12\/6-26-7x12.webp 7w, https:\/\/www.youmushiguang.com\/wp-content\/uploads\/2025\/12\/6-26-600x1107.webp 600w\" sizes=\"(max-width: 790px) 100vw, 790px\" \/><\/figure>\n<\/div>\n\n\n\n<div class=\"wp-block-column is-layout-flow wp-block-column-is-layout-flow\" style=\"flex-basis:25%\"><\/div>\n<\/div>\n\n\n\n<p><\/p>","protected":false},"excerpt":{"rendered":"<p>Wholesale Eastern European-style restaurant table and chair sets. This furniture set features warm wood finishes, classic styling, and sturdy construction, creating a warm and authentic atmosphere. The set includes booth seating, chairs, and tables. Contact us for a quote.<\/p>\n<h2>Especifica\u00e7\u00f5es do mobili\u00e1rio de restaurante<\/h2>\n<table style=\"border-collapse: collapse; width: 501.02pt;\" border=\"0\" width=\"668\" cellspacing=\"0\" cellpadding=\"0\">\n<tbody>\n<tr style=\"height: 13.50pt;\">\n<td class=\"et2\" style=\"height: 13.50pt; width: 107.25pt;\" width=\"143\" height=\"18\">Modelo<\/td>\n<td class=\"et3\" style=\"width: 393.75pt;\" width=\"525\">1159<\/td>\n<\/tr>\n<tr style=\"height: 13.50pt;\">\n<td class=\"et2\" style=\"height: 13.50pt; width: 107.25pt;\" width=\"143\" height=\"18\">Categoria<\/td>\n<td class=\"et3\" style=\"width: 393.75pt;\" width=\"525\">Mobili\u00e1rio de restaurante<\/td>\n<\/tr>\n<tr style=\"height: 13.50pt;\">\n<td class=\"et2\" style=\"height: 13.50pt; width: 107.25pt;\" width=\"143\" height=\"18\">Nome do produto<\/td>\n<td class=\"et3\" style=\"width: 393.75pt;\" width=\"525\">Novas mesas e cadeiras para restaurantes chineses<\/td>\n<\/tr>\n<tr style=\"height: 27.00pt;\">\n<td class=\"et2\" style=\"height: 27.00pt; width: 107.25pt;\" width=\"143\" height=\"36\">Op\u00e7\u00f5es de personaliza\u00e7\u00e3o<\/td>\n<td class=\"et3\" style=\"width: 393.75pt;\" width=\"525\">Estilo\/Cor\/Tamanho\/Material<\/td>\n<\/tr>\n<tr style=\"height: 27.00pt;\">\n<td class=\"et2\" style=\"height: 27.00pt; width: 107.25pt;\" width=\"143\" height=\"36\">Cabina<\/td>\n<td class=\"et3\" style=\"width: 393.75pt;\" width=\"525\">Estrutura de madeira maci\u00e7a de v\u00e1rias camadas + revestimento de couro Nappa n\u00e3o agressivo para a pele + esponja de ressalto de alta densidade<\/td>\n<\/tr>\n<tr style=\"height: 27.00pt;\">\n<td class=\"et2\" style=\"height: 27.00pt; width: 107.25pt;\" width=\"143\" height=\"36\">Cadeira<\/td>\n<td class=\"et3\" style=\"width: 393.75pt;\" width=\"525\">estrutura em madeira maci\u00e7a + revestimento em couro Nappa n\u00e3o agressivo para a pele + esponja de ressalto de alta densidade + vime tecido<\/td>\n<\/tr>\n<tr style=\"height: 27.00pt;\">\n<td class=\"et2\" style=\"height: 27.00pt; width: 107.25pt;\" width=\"143\" height=\"36\">Tabela<\/td>\n<td class=\"et3\" style=\"width: 393.75pt;\" width=\"525\">Solid wood frame with sintered stone panel + high-quality hardware table legs<\/td>\n<\/tr>\n<tr style=\"height: 27.00pt;\">\n<td class=\"et2\" style=\"height: 27.00pt; width: 107.25pt;\" width=\"143\" height=\"36\">Cena de aplica\u00e7\u00e3o<\/td>\n<td class=\"et3\" style=\"width: 393.75pt;\" width=\"525\">Restaurante de hot pot\/restaurante de churrasco\/restaurante\/restaurante tem\u00e1tico\/restaurante de ch\u00e1\/restaurante Hunan<\/td>\n<\/tr>\n<tr style=\"height: 13.50pt;\">\n<td class=\"et2\" style=\"height: 13.50pt; width: 107.25pt;\" width=\"143\" height=\"18\">Cor<\/td>\n<td class=\"et3\" style=\"width: 393.75pt;\" width=\"525\">Nogueira\/verde (personaliz\u00e1vel)<\/td>\n<\/tr>\n<tr style=\"height: 13.50pt;\">\n<td class=\"et2\" style=\"height: 13.50pt; width: 107.25pt;\" width=\"143\" height=\"18\">Material<\/td>\n<td class=\"et3\" style=\"width: 393.75pt;\" width=\"525\">Contraplacado\/Madeira maci\u00e7a\/Metal\/Couro\/Esponja<\/td>\n<\/tr>\n<tr style=\"height: 13.50pt;\">\n<td class=\"et2\" style=\"height: 13.50pt; width: 107.25pt;\" width=\"143\" height=\"18\">Estilo<\/td>\n<td class=\"et3\" style=\"width: 393.75pt;\" width=\"525\">Novo estilo chin\u00eas<\/td>\n<\/tr>\n<\/tbody>\n<\/table>\n<p>&nbsp;<\/p>\n<p>&nbsp;<\/p>\n<p>\n<script src=\"chrome-extension:\/\/fpelahbljekknahkcaegamhcndkfpfnc\/iFrame.js\" type=\"text\/javascript\"><\/script><\/p>","protected":false},"featured_media":4768,"comment_status":"closed","ping_status":"closed","template":"","meta":{"_acf_changed":true},"product_brand":[],"product_cat":[24,44],"product_tag":[],"class_list":{"0":"post-4767","1":"product","2":"type-product","3":"status-publish","4":"has-post-thumbnail","6":"product_cat-wholesale-restaurant-furniture","7":"product_cat-vintage-style-restaurant-furniture","9":"first","10":"instock","11":"shipping-taxable","12":"product-type-simple"},"acf":[],"_links":{"self":[{"href":"https:\/\/www.youmushiguang.com\/pt\/wp-json\/wp\/v2\/product\/4767","targetHints":{"allow":["GET"]}}],"collection":[{"href":"https:\/\/www.youmushiguang.com\/pt\/wp-json\/wp\/v2\/product"}],"about":[{"href":"https:\/\/www.youmushiguang.com\/pt\/wp-json\/wp\/v2\/types\/product"}],"replies":[{"embeddable":true,"href":"https:\/\/www.youmushiguang.com\/pt\/wp-json\/wp\/v2\/comments?post=4767"}],"wp:featuredmedia":[{"embeddable":true,"href":"https:\/\/www.youmushiguang.com\/pt\/wp-json\/wp\/v2\/media\/4768"}],"wp:attachment":[{"href":"https:\/\/www.youmushiguang.com\/pt\/wp-json\/wp\/v2\/media?parent=4767"}],"wp:term":[{"taxonomy":"product_brand","embeddable":true,"href":"https:\/\/www.youmushiguang.com\/pt\/wp-json\/wp\/v2\/product_brand?post=4767"},{"taxonomy":"product_cat","embeddable":true,"href":"https:\/\/www.youmushiguang.com\/pt\/wp-json\/wp\/v2\/product_cat?post=4767"},{"taxonomy":"product_tag","embeddable":true,"href":"https:\/\/www.youmushiguang.com\/pt\/wp-json\/wp\/v2\/product_tag?post=4767"}],"curies":[{"name":"wp","href":"https:\/\/api.w.org\/{rel}","templated":true}]}}