{"id":4912,"date":"2025-12-25T01:18:40","date_gmt":"2025-12-25T01:18:40","guid":{"rendered":"https:\/\/www.youmushiguang.com\/?post_type=product&#038;p=4912"},"modified":"2026-01-23T02:58:36","modified_gmt":"2026-01-23T02:58:36","slug":"bulk-chinese-restaurant-table-and-chair-set","status":"publish","type":"product","link":"https:\/\/www.youmushiguang.com\/pt\/product\/bulk-chinese-restaurant-table-and-chair-set\/","title":{"rendered":"Bulk Chinese Restaurant, Fast Food Restaurant Dining Table and Chair Set"},"content":{"rendered":"<div class=\"wp-block-columns is-layout-flex wp-container-core-columns-is-layout-9d6595d7 wp-block-columns-is-layout-flex\">\n<div class=\"wp-block-column is-layout-flow wp-block-column-is-layout-flow\" style=\"flex-basis:25%\"><\/div>\n\n\n\n<div class=\"wp-block-column is-layout-flow wp-block-column-is-layout-flow\" style=\"flex-basis:50%\">\n<figure class=\"wp-block-image size-full\"><img decoding=\"async\" width=\"750\" height=\"325\" src=\"https:\/\/www.youmushiguang.com\/wp-content\/uploads\/2025\/12\/306-1-1.png\" alt=\"\" class=\"wp-image-4937\" srcset=\"https:\/\/www.youmushiguang.com\/wp-content\/uploads\/2025\/12\/306-1-1.png 750w, https:\/\/www.youmushiguang.com\/wp-content\/uploads\/2025\/12\/306-1-1-300x130.png 300w, https:\/\/www.youmushiguang.com\/wp-content\/uploads\/2025\/12\/306-1-1-18x8.png 18w, https:\/\/www.youmushiguang.com\/wp-content\/uploads\/2025\/12\/306-1-1-600x260.png 600w\" sizes=\"(max-width: 750px) 100vw, 750px\" \/><\/figure>\n\n\n\n<figure class=\"wp-block-image size-full\"><img decoding=\"async\" width=\"750\" height=\"647\" src=\"https:\/\/www.youmushiguang.com\/wp-content\/uploads\/2025\/12\/306-1-1.jpg\" alt=\"\" class=\"wp-image-4938\" srcset=\"https:\/\/www.youmushiguang.com\/wp-content\/uploads\/2025\/12\/306-1-1.jpg 750w, https:\/\/www.youmushiguang.com\/wp-content\/uploads\/2025\/12\/306-1-1-300x259.jpg 300w, https:\/\/www.youmushiguang.com\/wp-content\/uploads\/2025\/12\/306-1-1-14x12.jpg 14w, https:\/\/www.youmushiguang.com\/wp-content\/uploads\/2025\/12\/306-1-1-600x518.jpg 600w\" sizes=\"(max-width: 750px) 100vw, 750px\" \/><\/figure>\n\n\n\n<figure class=\"wp-block-image size-full\"><img decoding=\"async\" width=\"750\" height=\"1173\" src=\"https:\/\/www.youmushiguang.com\/wp-content\/uploads\/2025\/12\/306-1-2.png\" alt=\"\" class=\"wp-image-4939\" srcset=\"https:\/\/www.youmushiguang.com\/wp-content\/uploads\/2025\/12\/306-1-2.png 750w, https:\/\/www.youmushiguang.com\/wp-content\/uploads\/2025\/12\/306-1-2-192x300.png 192w, https:\/\/www.youmushiguang.com\/wp-content\/uploads\/2025\/12\/306-1-2-8x12.png 8w, https:\/\/www.youmushiguang.com\/wp-content\/uploads\/2025\/12\/306-1-2-600x938.png 600w\" sizes=\"(max-width: 750px) 100vw, 750px\" \/><\/figure>\n\n\n\n<figure class=\"wp-block-image size-full\"><img decoding=\"async\" width=\"750\" height=\"1621\" src=\"https:\/\/www.youmushiguang.com\/wp-content\/uploads\/2025\/12\/306-1-2.jpg\" alt=\"\" class=\"wp-image-4940\" srcset=\"https:\/\/www.youmushiguang.com\/wp-content\/uploads\/2025\/12\/306-1-2.jpg 750w, https:\/\/www.youmushiguang.com\/wp-content\/uploads\/2025\/12\/306-1-2-139x300.jpg 139w, https:\/\/www.youmushiguang.com\/wp-content\/uploads\/2025\/12\/306-1-2-6x12.jpg 6w, https:\/\/www.youmushiguang.com\/wp-content\/uploads\/2025\/12\/306-1-2-600x1297.jpg 600w\" sizes=\"(max-width: 750px) 100vw, 750px\" \/><\/figure>\n\n\n\n<figure class=\"wp-block-image size-full\"><img decoding=\"async\" width=\"750\" height=\"1924\" src=\"https:\/\/www.youmushiguang.com\/wp-content\/uploads\/2025\/12\/306-1-3.png\" alt=\"\" class=\"wp-image-4941\" srcset=\"https:\/\/www.youmushiguang.com\/wp-content\/uploads\/2025\/12\/306-1-3.png 750w, https:\/\/www.youmushiguang.com\/wp-content\/uploads\/2025\/12\/306-1-3-117x300.png 117w, https:\/\/www.youmushiguang.com\/wp-content\/uploads\/2025\/12\/306-1-3-5x12.png 5w, https:\/\/www.youmushiguang.com\/wp-content\/uploads\/2025\/12\/306-1-3-600x1539.png 600w\" sizes=\"(max-width: 750px) 100vw, 750px\" \/><\/figure>\n\n\n\n<figure class=\"wp-block-image size-full\"><img decoding=\"async\" width=\"750\" height=\"1129\" src=\"https:\/\/www.youmushiguang.com\/wp-content\/uploads\/2025\/12\/306-1-4.png\" alt=\"\" class=\"wp-image-4942\" srcset=\"https:\/\/www.youmushiguang.com\/wp-content\/uploads\/2025\/12\/306-1-4.png 750w, https:\/\/www.youmushiguang.com\/wp-content\/uploads\/2025\/12\/306-1-4-199x300.png 199w, https:\/\/www.youmushiguang.com\/wp-content\/uploads\/2025\/12\/306-1-4-8x12.png 8w, https:\/\/www.youmushiguang.com\/wp-content\/uploads\/2025\/12\/306-1-4-600x903.png 600w\" sizes=\"(max-width: 750px) 100vw, 750px\" \/><\/figure>\n\n\n\n<figure class=\"wp-block-image size-full\"><img decoding=\"async\" width=\"750\" height=\"1003\" src=\"https:\/\/www.youmushiguang.com\/wp-content\/uploads\/2025\/12\/306-1-3.jpg\" alt=\"\" class=\"wp-image-4943\" srcset=\"https:\/\/www.youmushiguang.com\/wp-content\/uploads\/2025\/12\/306-1-3.jpg 750w, https:\/\/www.youmushiguang.com\/wp-content\/uploads\/2025\/12\/306-1-3-224x300.jpg 224w, https:\/\/www.youmushiguang.com\/wp-content\/uploads\/2025\/12\/306-1-3-9x12.jpg 9w, https:\/\/www.youmushiguang.com\/wp-content\/uploads\/2025\/12\/306-1-3-600x802.jpg 600w\" sizes=\"(max-width: 750px) 100vw, 750px\" \/><\/figure>\n\n\n\n<figure class=\"wp-block-image size-full\"><img decoding=\"async\" width=\"750\" height=\"1596\" src=\"https:\/\/www.youmushiguang.com\/wp-content\/uploads\/2025\/12\/306-1-5.png\" alt=\"\" class=\"wp-image-4944\" srcset=\"https:\/\/www.youmushiguang.com\/wp-content\/uploads\/2025\/12\/306-1-5.png 750w, https:\/\/www.youmushiguang.com\/wp-content\/uploads\/2025\/12\/306-1-5-141x300.png 141w, https:\/\/www.youmushiguang.com\/wp-content\/uploads\/2025\/12\/306-1-5-6x12.png 6w, https:\/\/www.youmushiguang.com\/wp-content\/uploads\/2025\/12\/306-1-5-600x1277.png 600w\" sizes=\"(max-width: 750px) 100vw, 750px\" \/><\/figure>\n\n\n\n<figure class=\"wp-block-image size-full\"><img decoding=\"async\" width=\"750\" height=\"869\" src=\"https:\/\/www.youmushiguang.com\/wp-content\/uploads\/2025\/12\/306-1-6.png\" alt=\"\" class=\"wp-image-4946\" srcset=\"https:\/\/www.youmushiguang.com\/wp-content\/uploads\/2025\/12\/306-1-6.png 750w, https:\/\/www.youmushiguang.com\/wp-content\/uploads\/2025\/12\/306-1-6-259x300.png 259w, https:\/\/www.youmushiguang.com\/wp-content\/uploads\/2025\/12\/306-1-6-10x12.png 10w, https:\/\/www.youmushiguang.com\/wp-content\/uploads\/2025\/12\/306-1-6-600x695.png 600w\" sizes=\"(max-width: 750px) 100vw, 750px\" \/><\/figure>\n\n\n\n<figure class=\"wp-block-image size-full\"><img decoding=\"async\" width=\"750\" height=\"1797\" src=\"https:\/\/www.youmushiguang.com\/wp-content\/uploads\/2025\/12\/306-1-7.png\" alt=\"\" class=\"wp-image-4945\" srcset=\"https:\/\/www.youmushiguang.com\/wp-content\/uploads\/2025\/12\/306-1-7.png 750w, https:\/\/www.youmushiguang.com\/wp-content\/uploads\/2025\/12\/306-1-7-125x300.png 125w, https:\/\/www.youmushiguang.com\/wp-content\/uploads\/2025\/12\/306-1-7-5x12.png 5w, https:\/\/www.youmushiguang.com\/wp-content\/uploads\/2025\/12\/306-1-7-600x1438.png 600w\" sizes=\"(max-width: 750px) 100vw, 750px\" \/><\/figure>\n<\/div>\n\n\n\n<div class=\"wp-block-column is-layout-flow wp-block-column-is-layout-flow\" style=\"flex-basis:25%\"><\/div>\n<\/div>\n\n\n\n<p><\/p>","protected":false},"excerpt":{"rendered":"<p>Wholesale restaurant table and chair sets for fast food and Chinese restaurants. This furniture set is designed specifically for high-traffic Chinese restaurants and fast food establishments, combining durability, comfort, and efficient space utilization. As a <a href=\"https:\/\/www.youmushiguang.com\/pt\/product-category\/wholesale-restaurant-furniture\/\" target=\"_blank\" rel=\"noopener\"><strong>fabricante de mobili\u00e1rio para restaurantes<\/strong><\/a>, we offer a wide range of sizes, colors, and finishes for wholesale restaurant furniture.<\/p>\n<h2>Especifica\u00e7\u00f5es do mobili\u00e1rio de restaurante<\/h2>\n<table style=\"border-collapse: collapse; width: 501.02pt;\" border=\"0\" width=\"668\" cellspacing=\"0\" cellpadding=\"0\">\n<tbody>\n<tr style=\"height: 13.50pt;\">\n<td class=\"et2\" style=\"height: 13.50pt; width: 107.25pt;\" width=\"143\" height=\"18\">Modelo<\/td>\n<td class=\"et3\" style=\"width: 393.75pt;\" width=\"525\">306-2<\/td>\n<\/tr>\n<tr style=\"height: 13.50pt;\">\n<td class=\"et2\" style=\"height: 13.50pt; width: 107.25pt;\" width=\"143\" height=\"18\">Categoria<\/td>\n<td class=\"et3\" style=\"width: 393.75pt;\" width=\"525\">Mobili\u00e1rio de restaurante<\/td>\n<\/tr>\n<tr style=\"height: 13.50pt;\">\n<td class=\"et2\" style=\"height: 13.50pt; width: 107.25pt;\" width=\"143\" height=\"18\">Nome do produto<\/td>\n<td class=\"et3\" style=\"width: 393.75pt;\" width=\"525\">Novas mesas e cadeiras para restaurantes chineses<\/td>\n<\/tr>\n<tr style=\"height: 27.00pt;\">\n<td class=\"et2\" style=\"height: 27.00pt; width: 107.25pt;\" width=\"143\" height=\"36\">Op\u00e7\u00f5es de personaliza\u00e7\u00e3o<\/td>\n<td class=\"et3\" style=\"width: 393.75pt;\" width=\"525\">Estilo\/Cor\/Tamanho\/Material<\/td>\n<\/tr>\n<tr style=\"height: 27.00pt;\">\n<td class=\"et2\" style=\"height: 27.00pt; width: 107.25pt;\" width=\"143\" height=\"36\">Cabina<\/td>\n<td class=\"et3\" style=\"width: 393.75pt;\" width=\"525\">Estrutura de madeira maci\u00e7a de v\u00e1rias camadas + revestimento de couro Nappa n\u00e3o agressivo para a pele + esponja de ressalto de alta densidade<\/td>\n<\/tr>\n<tr style=\"height: 27.00pt;\">\n<td class=\"et2\" style=\"height: 27.00pt; width: 107.25pt;\" width=\"143\" height=\"36\">Cadeira<\/td>\n<td class=\"et3\" style=\"width: 393.75pt;\" width=\"525\">estrutura em madeira maci\u00e7a + revestimento em couro Nappa n\u00e3o agressivo para a pele + esponja de ressalto de alta densidade + vime tecido<\/td>\n<\/tr>\n<tr style=\"height: 27.00pt;\">\n<td class=\"et2\" style=\"height: 27.00pt; width: 107.25pt;\" width=\"143\" height=\"36\">Tabela<\/td>\n<td class=\"et3\" style=\"width: 393.75pt;\" width=\"525\">Tampo de mesa em contraplacado com v\u00e1rias camadas + p\u00e9s de mesa com ferragens de alta qualidade<\/td>\n<\/tr>\n<tr style=\"height: 27.00pt;\">\n<td class=\"et2\" style=\"height: 27.00pt; width: 107.25pt;\" width=\"143\" height=\"36\">Cena de aplica\u00e7\u00e3o<\/td>\n<td class=\"et3\" style=\"width: 393.75pt;\" width=\"525\">restaurante\/restaurante tem\u00e1tico\/restaurante de ch\u00e1\/restaurante Hunan<\/td>\n<\/tr>\n<tr style=\"height: 13.50pt;\">\n<td class=\"et2\" style=\"height: 13.50pt; width: 107.25pt;\" width=\"143\" height=\"18\">Cor<\/td>\n<td class=\"et3\" style=\"width: 393.75pt;\" width=\"525\">Nogueira\/verde (personaliz\u00e1vel)<\/td>\n<\/tr>\n<tr style=\"height: 13.50pt;\">\n<td class=\"et2\" style=\"height: 13.50pt; width: 107.25pt;\" width=\"143\" height=\"18\">Material<\/td>\n<td class=\"et3\" style=\"width: 393.75pt;\" width=\"525\">Contraplacado\/Madeira maci\u00e7a\/Metal\/Couro\/Esponja<\/td>\n<\/tr>\n<tr style=\"height: 13.50pt;\">\n<td class=\"et2\" style=\"height: 13.50pt; width: 107.25pt;\" width=\"143\" height=\"18\">Estilo<\/td>\n<td class=\"et3\" style=\"width: 393.75pt;\" width=\"525\">Novo estilo chin\u00eas<\/td>\n<\/tr>\n<\/tbody>\n<\/table>\n<p>&nbsp;<\/p>\n<p>&nbsp;<\/p>\n<p>\n<script src=\"chrome-extension:\/\/fpelahbljekknahkcaegamhcndkfpfnc\/iFrame.js\" type=\"text\/javascript\"><\/script><\/p>","protected":false},"featured_media":4951,"comment_status":"closed","ping_status":"closed","template":"","meta":{"_acf_changed":true},"product_brand":[],"product_cat":[24,37,45],"product_tag":[],"class_list":{"0":"post-4912","1":"product","2":"type-product","3":"status-publish","4":"has-post-thumbnail","6":"product_cat-wholesale-restaurant-furniture","7":"product_cat-wholesale-fast-food-restaurant-furniture","8":"product_cat-chinese-restaurant-furniture","10":"first","11":"instock","12":"shipping-taxable","13":"product-type-simple"},"acf":[],"_links":{"self":[{"href":"https:\/\/www.youmushiguang.com\/pt\/wp-json\/wp\/v2\/product\/4912","targetHints":{"allow":["GET"]}}],"collection":[{"href":"https:\/\/www.youmushiguang.com\/pt\/wp-json\/wp\/v2\/product"}],"about":[{"href":"https:\/\/www.youmushiguang.com\/pt\/wp-json\/wp\/v2\/types\/product"}],"replies":[{"embeddable":true,"href":"https:\/\/www.youmushiguang.com\/pt\/wp-json\/wp\/v2\/comments?post=4912"}],"wp:featuredmedia":[{"embeddable":true,"href":"https:\/\/www.youmushiguang.com\/pt\/wp-json\/wp\/v2\/media\/4951"}],"wp:attachment":[{"href":"https:\/\/www.youmushiguang.com\/pt\/wp-json\/wp\/v2\/media?parent=4912"}],"wp:term":[{"taxonomy":"product_brand","embeddable":true,"href":"https:\/\/www.youmushiguang.com\/pt\/wp-json\/wp\/v2\/product_brand?post=4912"},{"taxonomy":"product_cat","embeddable":true,"href":"https:\/\/www.youmushiguang.com\/pt\/wp-json\/wp\/v2\/product_cat?post=4912"},{"taxonomy":"product_tag","embeddable":true,"href":"https:\/\/www.youmushiguang.com\/pt\/wp-json\/wp\/v2\/product_tag?post=4912"}],"curies":[{"name":"wp","href":"https:\/\/api.w.org\/{rel}","templated":true}]}}